{"id":3627,"date":"2024-01-18T10:16:40","date_gmt":"2024-01-18T10:16:40","guid":{"rendered":"https:\/\/filtreau.nl\/?page_id=3627"},"modified":"2024-12-05T11:10:25","modified_gmt":"2024-12-05T11:10:25","slug":"eigenmarke","status":"publish","type":"page","link":"https:\/\/filtreau.nl\/de\/eigenmarke\/","title":{"rendered":"Private Label"},"content":{"rendered":"<div data-elementor-type=\"wp-page\" data-elementor-id=\"3627\" class=\"elementor elementor-3627\" data-elementor-post-type=\"page\">\n\t\t\t\t<div class=\"elementor-element elementor-element-b4bff15 e-flex e-con-boxed e-con e-parent\" data-id=\"b4bff15\" data-element_type=\"container\">\n\t\t\t\t\t<div class=\"e-con-inner\">\n\t\t<div class=\"elementor-element elementor-element-43d00ab e-con-full e-flex e-con e-child\" data-id=\"43d00ab\" data-element_type=\"container\" data-settings=\"{&quot;background_background&quot;:&quot;classic&quot;}\">\n\t\t\t\t<div class=\"elementor-element elementor-element-47e7fdb elementor-widget elementor-widget-hub_fancy_heading\" data-id=\"47e7fdb\" data-element_type=\"widget\" data-widget_type=\"hub_fancy_heading.default\">\n\t\t\t\t<div class=\"elementor-widget-container\">\n\t\t\t\t\t\n\t\t<div id=\"ld-fancy-heading-69deeaa4a3eba\" class=\"ld-fancy-heading pos-rel\">\n\t\t\t<h3 class=\"ld-fh-element d-inline-block pos-rel  elementor-heading-title lqd-highlight-classic lqd-highlight-grow-left h3\"  > Ihre eigene Marke<\/h3>\t\t<\/div>\n\n\t\t\t\t\t\t<\/div>\n\t\t\t\t<\/div>\n\t\t\t\t<div class=\"elementor-element elementor-element-cf6bfcb elementor-widget elementor-widget-hub_fancy_heading\" data-id=\"cf6bfcb\" data-element_type=\"widget\" data-widget_type=\"hub_fancy_heading.default\">\n\t\t\t\t<div class=\"elementor-widget-container\">\n\t\t\t\t\t\n\t\t<div id=\"ld-fancy-heading-69deeaa4a41e4\" class=\"ld-fancy-heading pos-rel\">\n\t\t\t<h1 class=\"ld-fh-element d-inline-block pos-rel  elementor-heading-title lqd-highlight-classic lqd-highlight-grow-left h1\"  > Private Label<\/h1>\t\t<\/div>\n\n\t\t\t\t\t\t<\/div>\n\t\t\t\t<\/div>\n\t\t\t\t<div class=\"elementor-element elementor-element-0c2e5b1 elementor-widget elementor-widget-text-editor\" data-id=\"0c2e5b1\" data-element_type=\"widget\" data-widget_type=\"text-editor.default\">\n\t\t\t\t<div class=\"elementor-widget-container\">\n\t\t\t\t\t\t\t\t\t<p>Unsere Produkte unter Ihrer eigenen Handelsmarke auf den Markt bringen? Bei Wim\u00e4ca ist das m\u00f6glich! Gemeinsam schauen wir nach Ihren Anforderungen und passen unsere Produkte Ihrem Erscheinungsbild an. Von Ihrer eigenen Verpackung und Bedienungsanleitungen \u00fcber verschiedene Werbemittel f\u00fcr Messen bis hin zu einer Website in Ihrem eigenen Stil. Wim\u00e4ca bietet zahlreiche M\u00f6glichkeiten, Ihr Produkt unter Ihrem eigenen Namen auf den Markt zu bringen.<\/p>\t\t\t\t\t\t\t\t<\/div>\n\t\t\t\t<\/div>\n\t\t\t\t<\/div>\n\t\t<div class=\"elementor-element elementor-element-ae781cb e-con-full e-flex e-con e-child\" data-id=\"ae781cb\" data-element_type=\"container\" data-settings=\"{&quot;background_background&quot;:&quot;classic&quot;}\">\n\t\t\t\t<div class=\"elementor-element elementor-element-1e27c93 elementor-widget elementor-widget-spacer\" data-id=\"1e27c93\" data-element_type=\"widget\" data-widget_type=\"spacer.default\">\n\t\t\t\t<div class=\"elementor-widget-container\">\n\t\t\t\t\t\t\t<div class=\"elementor-spacer\">\n\t\t\t<div class=\"elementor-spacer-inner\"><\/div>\n\t\t<\/div>\n\t\t\t\t\t\t<\/div>\n\t\t\t\t<\/div>\n\t\t\t\t<\/div>\n\t\t\t\t\t<\/div>\n\t\t\t\t<\/div>\n\t\t<div class=\"elementor-element elementor-element-b85983c e-flex e-con-boxed e-con e-parent\" data-id=\"b85983c\" data-element_type=\"container\">\n\t\t\t\t\t<div class=\"e-con-inner\">\n\t\t<div class=\"elementor-element elementor-element-f428062 e-con-full e-flex e-con e-child\" data-id=\"f428062\" data-element_type=\"container\" data-settings=\"{&quot;background_background&quot;:&quot;classic&quot;}\">\n\t\t\t\t<div class=\"elementor-element elementor-element-5be882c elementor-widget elementor-widget-spacer\" data-id=\"5be882c\" data-element_type=\"widget\" data-widget_type=\"spacer.default\">\n\t\t\t\t<div class=\"elementor-widget-container\">\n\t\t\t\t\t\t\t<div class=\"elementor-spacer\">\n\t\t\t<div class=\"elementor-spacer-inner\"><\/div>\n\t\t<\/div>\n\t\t\t\t\t\t<\/div>\n\t\t\t\t<\/div>\n\t\t\t\t<\/div>\n\t\t<div class=\"elementor-element elementor-element-9bd0576 e-con-full e-flex e-con e-child\" data-id=\"9bd0576\" data-element_type=\"container\" data-settings=\"{&quot;background_background&quot;:&quot;classic&quot;}\">\n\t\t\t\t<div class=\"elementor-element elementor-element-dede59f elementor-widget elementor-widget-hub_fancy_heading\" data-id=\"dede59f\" data-element_type=\"widget\" data-widget_type=\"hub_fancy_heading.default\">\n\t\t\t\t<div class=\"elementor-widget-container\">\n\t\t\t\t\t\n\t\t<div id=\"ld-fancy-heading-69deeaa4a48f3\" class=\"ld-fancy-heading pos-rel\">\n\t\t\t<h3 class=\"ld-fh-element d-inline-block pos-rel  elementor-heading-title lqd-highlight-classic lqd-highlight-grow-left h3\"  > Ihr eigener Markenname<\/h3>\t\t<\/div>\n\n\t\t\t\t\t\t<\/div>\n\t\t\t\t<\/div>\n\t\t\t\t<div class=\"elementor-element elementor-element-41c8e40 elementor-widget elementor-widget-hub_fancy_heading\" data-id=\"41c8e40\" data-element_type=\"widget\" data-widget_type=\"hub_fancy_heading.default\">\n\t\t\t\t<div class=\"elementor-widget-container\">\n\t\t\t\t\t\n\t\t<div id=\"ld-fancy-heading-69deeaa4a4b87\" class=\"ld-fancy-heading pos-rel\">\n\t\t\t<h2 class=\"ld-fh-element d-inline-block pos-rel  elementor-heading-title lqd-highlight-classic lqd-highlight-grow-left h2\"  > M\u00f6glichkeiten<\/h2>\t\t<\/div>\n\n\t\t\t\t\t\t<\/div>\n\t\t\t\t<\/div>\n\t\t\t\t<div class=\"elementor-element elementor-element-a711207 elementor-widget elementor-widget-text-editor\" data-id=\"a711207\" data-element_type=\"widget\" data-widget_type=\"text-editor.default\">\n\t\t\t\t<div class=\"elementor-widget-container\">\n\t\t\t\t\t\t\t\t\t<p>Mit einem Private Label geben wir Ihnen die M\u00f6glichkeit, die Produkte unter Ihrer eigenen Marke zu verkaufen. Sie bieten dadurch nicht nur erstklassige Produkte an, sondern unterstreichen auch Ihre eigene Markenbekanntheit. Binden Sie Ihre Kunden an Ihre Marke - mit Qualit\u00e4tsprodukten, auf die Sie sich verlassen k\u00f6nnen!<\/p>\t\t\t\t\t\t\t\t<\/div>\n\t\t\t\t<\/div>\n\t\t\t\t<div class=\"elementor-element elementor-element-74eb165 elementor-widget elementor-widget-ld_button\" data-id=\"74eb165\" data-element_type=\"widget\" data-widget_type=\"ld_button.default\">\n\t\t\t\t<div class=\"elementor-widget-container\">\n\t\t\t\t\t\n\t\t\t<a\n\t\t\t\thref=\"https:\/\/filtreau.nl\/de\/kontakt\/\"class=\"elementor-button btn btn-solid btn-sm btn-icon-right btn-has-label\"\t\t\t>\n\t\t\t\t\t\t\t\t\t<span data-text=\"Bespreek de mogelijkheden\" class=\"btn-txt\">\n\t\t\t\t\t\tLassen Sie sich zu den M\u00f6glichkeiten beraten\t\t\t\t\t<\/span>\n\t\t\t\t\t\t\t\t\t\t\t\t\t\t<span class=\"btn-icon\">\n\t\t\t\t\t\t\t<i aria-hidden=\"true\" class=\"lqd-icn-ess icon-ion-ios-arrow-forward\"><\/i>\t\t\t\t\t\t<\/span>\n\t\t\t\t\t\t\t\t\t<\/a>\n\t\t\t\t\t\t\t<\/div>\n\t\t\t\t<\/div>\n\t\t\t\t<\/div>\n\t\t\t\t\t<\/div>\n\t\t\t\t<\/div>\n\t\t\t\t<\/div>","protected":false},"excerpt":{"rendered":"<p>Uw eigen merk Private label Onze producten op de markt brengen onder uw eigen merknaam? Dat is mogelijk bij Wim\u00e4ca! Samen kijken we naar uw wensen en kunnen wij onze producten volledig in uw uitstraling gieten. Van uw eigen verpakking en gebruiksaanwijzingen tot aan divers promotiemateriaal voor op beurzen tot aan een website in uw [&hellip;]<\/p>","protected":false},"author":5,"featured_media":0,"parent":0,"menu_order":0,"comment_status":"closed","ping_status":"closed","template":"","meta":{"_acf_changed":false,"footnotes":""},"class_list":["post-3627","page","type-page","status-publish","hentry"],"acf":[],"yoast_head":"<!-- This site is optimized with the Yoast SEO plugin v26.6 - https:\/\/yoast.com\/wordpress\/plugins\/seo\/ -->\n<title>Private label - Filtreau<\/title>\n<meta name=\"robots\" content=\"index, follow, max-snippet:-1, max-image-preview:large, max-video-preview:-1\" \/>\n<link rel=\"canonical\" href=\"https:\/\/filtreau.nl\/de\/eigenmarke\/\" \/>\n<meta property=\"og:locale\" content=\"de_DE\" \/>\n<meta property=\"og:type\" content=\"article\" \/>\n<meta property=\"og:title\" content=\"Private label - Filtreau\" \/>\n<meta property=\"og:description\" content=\"Uw eigen merk Private label Onze producten op de markt brengen onder uw eigen merknaam? Dat is mogelijk bij Wim\u00e4ca! Samen kijken we naar uw wensen en kunnen wij onze producten volledig in uw uitstraling gieten. Van uw eigen verpakking en gebruiksaanwijzingen tot aan divers promotiemateriaal voor op beurzen tot aan een website in uw [&hellip;]\" \/>\n<meta property=\"og:url\" content=\"https:\/\/filtreau.nl\/de\/eigenmarke\/\" \/>\n<meta property=\"og:site_name\" content=\"Filtreau\" \/>\n<meta property=\"article:modified_time\" content=\"2024-12-05T11:10:25+00:00\" \/>\n<meta name=\"twitter:card\" content=\"summary_large_image\" \/>\n<meta name=\"twitter:label1\" content=\"Gesch\u00e4tzte Lesezeit\" \/>\n\t<meta name=\"twitter:data1\" content=\"1\u00a0Minute\" \/>\n<script type=\"application\/ld+json\" class=\"yoast-schema-graph\">{\"@context\":\"https:\/\/schema.org\",\"@graph\":[{\"@type\":\"WebPage\",\"@id\":\"https:\/\/filtreau.nl\/private-label\/\",\"url\":\"https:\/\/filtreau.nl\/private-label\/\",\"name\":\"Private label - Filtreau\",\"isPartOf\":{\"@id\":\"https:\/\/filtreau.nl\/en\/#website\"},\"datePublished\":\"2024-01-18T10:16:40+00:00\",\"dateModified\":\"2024-12-05T11:10:25+00:00\",\"breadcrumb\":{\"@id\":\"https:\/\/filtreau.nl\/private-label\/#breadcrumb\"},\"inLanguage\":\"de\",\"potentialAction\":[{\"@type\":\"ReadAction\",\"target\":[\"https:\/\/filtreau.nl\/private-label\/\"]}]},{\"@type\":\"BreadcrumbList\",\"@id\":\"https:\/\/filtreau.nl\/private-label\/#breadcrumb\",\"itemListElement\":[{\"@type\":\"ListItem\",\"position\":1,\"name\":\"Home\",\"item\":\"https:\/\/filtreau.nl\/\"},{\"@type\":\"ListItem\",\"position\":2,\"name\":\"Private label\"}]},{\"@type\":\"WebSite\",\"@id\":\"https:\/\/filtreau.nl\/en\/#website\",\"url\":\"https:\/\/filtreau.nl\/en\/\",\"name\":\"Filtreau\",\"description\":\"Schoon en helder water voor vijvers en zwembaden\",\"potentialAction\":[{\"@type\":\"SearchAction\",\"target\":{\"@type\":\"EntryPoint\",\"urlTemplate\":\"https:\/\/filtreau.nl\/en\/?s={search_term_string}\"},\"query-input\":{\"@type\":\"PropertyValueSpecification\",\"valueRequired\":true,\"valueName\":\"search_term_string\"}}],\"inLanguage\":\"de\"}]}<\/script>\n<!-- \/ Yoast SEO plugin. -->","yoast_head_json":{"title":"Private label - Filtreau","robots":{"index":"index","follow":"follow","max-snippet":"max-snippet:-1","max-image-preview":"max-image-preview:large","max-video-preview":"max-video-preview:-1"},"canonical":"https:\/\/filtreau.nl\/de\/eigenmarke\/","og_locale":"de_DE","og_type":"article","og_title":"Private label - Filtreau","og_description":"Uw eigen merk Private label Onze producten op de markt brengen onder uw eigen merknaam? Dat is mogelijk bij Wim\u00e4ca! Samen kijken we naar uw wensen en kunnen wij onze producten volledig in uw uitstraling gieten. Van uw eigen verpakking en gebruiksaanwijzingen tot aan divers promotiemateriaal voor op beurzen tot aan een website in uw [&hellip;]","og_url":"https:\/\/filtreau.nl\/de\/eigenmarke\/","og_site_name":"Filtreau","article_modified_time":"2024-12-05T11:10:25+00:00","twitter_card":"summary_large_image","twitter_misc":{"Gesch\u00e4tzte Lesezeit":"1\u00a0Minute"},"schema":{"@context":"https:\/\/schema.org","@graph":[{"@type":"WebPage","@id":"https:\/\/filtreau.nl\/private-label\/","url":"https:\/\/filtreau.nl\/private-label\/","name":"Private label - Filtreau","isPartOf":{"@id":"https:\/\/filtreau.nl\/en\/#website"},"datePublished":"2024-01-18T10:16:40+00:00","dateModified":"2024-12-05T11:10:25+00:00","breadcrumb":{"@id":"https:\/\/filtreau.nl\/private-label\/#breadcrumb"},"inLanguage":"de","potentialAction":[{"@type":"ReadAction","target":["https:\/\/filtreau.nl\/private-label\/"]}]},{"@type":"BreadcrumbList","@id":"https:\/\/filtreau.nl\/private-label\/#breadcrumb","itemListElement":[{"@type":"ListItem","position":1,"name":"Home","item":"https:\/\/filtreau.nl\/"},{"@type":"ListItem","position":2,"name":"Private label"}]},{"@type":"WebSite","@id":"https:\/\/filtreau.nl\/en\/#website","url":"https:\/\/filtreau.nl\/en\/","name":"Filtreau","description":"Schoon en helder water voor vijvers en zwembaden","potentialAction":[{"@type":"SearchAction","target":{"@type":"EntryPoint","urlTemplate":"https:\/\/filtreau.nl\/en\/?s={search_term_string}"},"query-input":{"@type":"PropertyValueSpecification","valueRequired":true,"valueName":"search_term_string"}}],"inLanguage":"de"}]}},"jetpack_sharing_enabled":true,"_links":{"self":[{"href":"https:\/\/filtreau.nl\/de\/wp-json\/wp\/v2\/pages\/3627","targetHints":{"allow":["GET"]}}],"collection":[{"href":"https:\/\/filtreau.nl\/de\/wp-json\/wp\/v2\/pages"}],"about":[{"href":"https:\/\/filtreau.nl\/de\/wp-json\/wp\/v2\/types\/page"}],"author":[{"embeddable":true,"href":"https:\/\/filtreau.nl\/de\/wp-json\/wp\/v2\/users\/5"}],"replies":[{"embeddable":true,"href":"https:\/\/filtreau.nl\/de\/wp-json\/wp\/v2\/comments?post=3627"}],"version-history":[{"count":16,"href":"https:\/\/filtreau.nl\/de\/wp-json\/wp\/v2\/pages\/3627\/revisions"}],"predecessor-version":[{"id":4502,"href":"https:\/\/filtreau.nl\/de\/wp-json\/wp\/v2\/pages\/3627\/revisions\/4502"}],"wp:attachment":[{"href":"https:\/\/filtreau.nl\/de\/wp-json\/wp\/v2\/media?parent=3627"}],"curies":[{"name":"wp","href":"https:\/\/api.w.org\/{rel}","templated":true}]}}