{"id":14822,"date":"2025-10-08T17:11:28","date_gmt":"2025-10-08T17:11:28","guid":{"rendered":"https:\/\/filtreau.nl\/?post_type=product&#038;p=14822"},"modified":"2025-10-08T17:23:48","modified_gmt":"2025-10-08T17:23:48","slug":"bodenablauf-110-eingang","status":"publish","type":"product","link":"https:\/\/filtreau.nl\/de\/produkt\/bodenablauf-110-eingang\/","title":{"rendered":"Bodenablauf 110 mm Eingang"},"content":{"rendered":"<p>Der Filtreau Bodenablauf sorgt f\u00fcr eine optimale Ableitung von Schmutz und Sedimenten zum Filtersystem. Dank des 110 mm Anschlusses bietet dieser Ablauf eine hohe Durchflusskapazit\u00e4t, ideal f\u00fcr Teiche mit leistungsstarken Pumpen oder Trommelfiltern. Hergestellt aus PVC f\u00fcr eine lange Lebensdauer und zuverl\u00e4ssige Funktion unter Wasser. Perfekt kombinierbar mit Filtreau Filtersystemen f\u00fcr kristallklares Teichwasser.<\/p>","protected":false},"excerpt":{"rendered":"<p>WMC85BD<\/p>","protected":false},"featured_media":14823,"template":"","meta":{"_acf_changed":false,"wds_primary_product_brand":0,"wds_primary_product_cat":0},"product_brand":[],"product_cat":[473,210],"product_tag":[],"class_list":{"0":"post-14822","1":"product","2":"type-product","3":"status-publish","4":"has-post-thumbnail","6":"product_cat-filter-onderdelen","7":"product_cat-accessoires","9":"first","10":"instock","11":"product-type-simple"},"acf":{"Maatvoering":"","handleiding":"","test_veld":"","type":"","lengte":"","breedte":"","hoogte":"","trommel":"","max_flow":"","max_vijverinhoud":"","inlaat_in_mm":"","uitlaat_in_mm":"","spoel_pomp_intern":"","motor":"","uv-c_inbouwunit":"","luchtvoorziening":"","controlebox":"","beschrijving":"De Filtreau bodemdrain zorgt voor een optimale afvoer van vuil en bezinksel naar het filtersysteem. Dankzij de 110 mm aansluiting biedt deze drain een hoge doorstroomcapaciteit, ideaal voor vijvers met krachtige pompen of trommelfilters. Gemaakt van PVC voor een lange levensduur en een betrouwbare werking onder water. Perfect te combineren met Filtreau filtersystemen voor kristalhelder vijverwater.","lange-beschrijving":"","beschrijving_2":"","watt":"","rc_stroom_voor_30_mjcm2":"","max_druk":"","diameter":"","diameter_in_outlet":"","behuizing":"","elektronische_belasting":"","maximale_stroom":"","vermogen_lamp":"","levensduur_lamp":"","hoeveelheid_volle_pallet":"","geschikt_voor_vijver":"","geschikt_voor_zwembad":"","lengte_uv":"","lengte_kabel":""},"yoast_head":"<!-- This site is optimized with the Yoast SEO plugin v26.6 - https:\/\/yoast.com\/wordpress\/plugins\/seo\/ -->\n<title>Bodemdrain 110 ingang - Filtreau<\/title>\n<meta name=\"robots\" content=\"index, follow, max-snippet:-1, max-image-preview:large, max-video-preview:-1\" \/>\n<link rel=\"canonical\" href=\"https:\/\/filtreau.nl\/de\/produkt\/bodenablauf-110-eingang\/\" \/>\n<meta property=\"og:locale\" content=\"de_DE\" \/>\n<meta property=\"og:type\" content=\"article\" \/>\n<meta property=\"og:title\" content=\"Bodemdrain 110 ingang - Filtreau\" \/>\n<meta property=\"og:description\" content=\"WMC85BD\" \/>\n<meta property=\"og:url\" content=\"https:\/\/filtreau.nl\/de\/produkt\/bodenablauf-110-eingang\/\" \/>\n<meta property=\"og:site_name\" content=\"Filtreau\" \/>\n<meta property=\"article:modified_time\" content=\"2025-10-08T17:23:48+00:00\" \/>\n<meta property=\"og:image\" content=\"https:\/\/filtreau.nl\/wp-content\/uploads\/2025\/10\/Bodem-drain-1x110-mm-PNG-1-768x768-1.png\" \/>\n\t<meta property=\"og:image:width\" content=\"768\" \/>\n\t<meta property=\"og:image:height\" content=\"768\" \/>\n\t<meta property=\"og:image:type\" content=\"image\/png\" \/>\n<meta name=\"twitter:card\" content=\"summary_large_image\" \/>\n<meta name=\"twitter:label1\" content=\"Gesch\u00e4tzte Lesezeit\" \/>\n\t<meta name=\"twitter:data1\" content=\"1\u00a0Minute\" \/>\n<script type=\"application\/ld+json\" class=\"yoast-schema-graph\">{\"@context\":\"https:\/\/schema.org\",\"@graph\":[{\"@type\":\"WebPage\",\"@id\":\"https:\/\/filtreau.nl\/product\/bodemdrain-110-ingang\/\",\"url\":\"https:\/\/filtreau.nl\/product\/bodemdrain-110-ingang\/\",\"name\":\"Bodemdrain 110 ingang - Filtreau\",\"isPartOf\":{\"@id\":\"https:\/\/filtreau.nl\/en\/#website\"},\"primaryImageOfPage\":{\"@id\":\"https:\/\/filtreau.nl\/product\/bodemdrain-110-ingang\/#primaryimage\"},\"image\":{\"@id\":\"https:\/\/filtreau.nl\/product\/bodemdrain-110-ingang\/#primaryimage\"},\"thumbnailUrl\":\"https:\/\/filtreau.nl\/wp-content\/uploads\/2025\/10\/Bodem-drain-1x110-mm-PNG-1-768x768-1.png\",\"datePublished\":\"2025-10-08T17:11:28+00:00\",\"dateModified\":\"2025-10-08T17:23:48+00:00\",\"breadcrumb\":{\"@id\":\"https:\/\/filtreau.nl\/product\/bodemdrain-110-ingang\/#breadcrumb\"},\"inLanguage\":\"de\",\"potentialAction\":[{\"@type\":\"ReadAction\",\"target\":[\"https:\/\/filtreau.nl\/product\/bodemdrain-110-ingang\/\"]}]},{\"@type\":\"ImageObject\",\"inLanguage\":\"de\",\"@id\":\"https:\/\/filtreau.nl\/product\/bodemdrain-110-ingang\/#primaryimage\",\"url\":\"https:\/\/filtreau.nl\/wp-content\/uploads\/2025\/10\/Bodem-drain-1x110-mm-PNG-1-768x768-1.png\",\"contentUrl\":\"https:\/\/filtreau.nl\/wp-content\/uploads\/2025\/10\/Bodem-drain-1x110-mm-PNG-1-768x768-1.png\",\"width\":768,\"height\":768},{\"@type\":\"BreadcrumbList\",\"@id\":\"https:\/\/filtreau.nl\/product\/bodemdrain-110-ingang\/#breadcrumb\",\"itemListElement\":[{\"@type\":\"ListItem\",\"position\":1,\"name\":\"Home\",\"item\":\"https:\/\/filtreau.nl\/\"},{\"@type\":\"ListItem\",\"position\":2,\"name\":\"Producten\",\"item\":\"https:\/\/filtreau.nl\/shop\/\"},{\"@type\":\"ListItem\",\"position\":3,\"name\":\"Bodemdrain 110 ingang\"}]},{\"@type\":\"WebSite\",\"@id\":\"https:\/\/filtreau.nl\/en\/#website\",\"url\":\"https:\/\/filtreau.nl\/en\/\",\"name\":\"Filtreau\",\"description\":\"Schoon en helder water voor vijvers en zwembaden\",\"potentialAction\":[{\"@type\":\"SearchAction\",\"target\":{\"@type\":\"EntryPoint\",\"urlTemplate\":\"https:\/\/filtreau.nl\/en\/?s={search_term_string}\"},\"query-input\":{\"@type\":\"PropertyValueSpecification\",\"valueRequired\":true,\"valueName\":\"search_term_string\"}}],\"inLanguage\":\"de\"}]}<\/script>\n<!-- \/ Yoast SEO plugin. -->","yoast_head_json":{"title":"Bodemdrain 110 ingang - Filtreau","robots":{"index":"index","follow":"follow","max-snippet":"max-snippet:-1","max-image-preview":"max-image-preview:large","max-video-preview":"max-video-preview:-1"},"canonical":"https:\/\/filtreau.nl\/de\/produkt\/bodenablauf-110-eingang\/","og_locale":"de_DE","og_type":"article","og_title":"Bodemdrain 110 ingang - Filtreau","og_description":"WMC85BD","og_url":"https:\/\/filtreau.nl\/de\/produkt\/bodenablauf-110-eingang\/","og_site_name":"Filtreau","article_modified_time":"2025-10-08T17:23:48+00:00","og_image":[{"width":768,"height":768,"url":"https:\/\/filtreau.nl\/wp-content\/uploads\/2025\/10\/Bodem-drain-1x110-mm-PNG-1-768x768-1.png","type":"image\/png"}],"twitter_card":"summary_large_image","twitter_misc":{"Gesch\u00e4tzte Lesezeit":"1\u00a0Minute"},"schema":{"@context":"https:\/\/schema.org","@graph":[{"@type":"WebPage","@id":"https:\/\/filtreau.nl\/product\/bodemdrain-110-ingang\/","url":"https:\/\/filtreau.nl\/product\/bodemdrain-110-ingang\/","name":"Bodemdrain 110 ingang - Filtreau","isPartOf":{"@id":"https:\/\/filtreau.nl\/en\/#website"},"primaryImageOfPage":{"@id":"https:\/\/filtreau.nl\/product\/bodemdrain-110-ingang\/#primaryimage"},"image":{"@id":"https:\/\/filtreau.nl\/product\/bodemdrain-110-ingang\/#primaryimage"},"thumbnailUrl":"https:\/\/filtreau.nl\/wp-content\/uploads\/2025\/10\/Bodem-drain-1x110-mm-PNG-1-768x768-1.png","datePublished":"2025-10-08T17:11:28+00:00","dateModified":"2025-10-08T17:23:48+00:00","breadcrumb":{"@id":"https:\/\/filtreau.nl\/product\/bodemdrain-110-ingang\/#breadcrumb"},"inLanguage":"de","potentialAction":[{"@type":"ReadAction","target":["https:\/\/filtreau.nl\/product\/bodemdrain-110-ingang\/"]}]},{"@type":"ImageObject","inLanguage":"de","@id":"https:\/\/filtreau.nl\/product\/bodemdrain-110-ingang\/#primaryimage","url":"https:\/\/filtreau.nl\/wp-content\/uploads\/2025\/10\/Bodem-drain-1x110-mm-PNG-1-768x768-1.png","contentUrl":"https:\/\/filtreau.nl\/wp-content\/uploads\/2025\/10\/Bodem-drain-1x110-mm-PNG-1-768x768-1.png","width":768,"height":768},{"@type":"BreadcrumbList","@id":"https:\/\/filtreau.nl\/product\/bodemdrain-110-ingang\/#breadcrumb","itemListElement":[{"@type":"ListItem","position":1,"name":"Home","item":"https:\/\/filtreau.nl\/"},{"@type":"ListItem","position":2,"name":"Producten","item":"https:\/\/filtreau.nl\/shop\/"},{"@type":"ListItem","position":3,"name":"Bodemdrain 110 ingang"}]},{"@type":"WebSite","@id":"https:\/\/filtreau.nl\/en\/#website","url":"https:\/\/filtreau.nl\/en\/","name":"Filtreau","description":"Schoon en helder water voor vijvers en zwembaden","potentialAction":[{"@type":"SearchAction","target":{"@type":"EntryPoint","urlTemplate":"https:\/\/filtreau.nl\/en\/?s={search_term_string}"},"query-input":{"@type":"PropertyValueSpecification","valueRequired":true,"valueName":"search_term_string"}}],"inLanguage":"de"}]}},"jetpack_sharing_enabled":true,"_links":{"self":[{"href":"https:\/\/filtreau.nl\/de\/wp-json\/wp\/v2\/product\/14822","targetHints":{"allow":["GET"]}}],"collection":[{"href":"https:\/\/filtreau.nl\/de\/wp-json\/wp\/v2\/product"}],"about":[{"href":"https:\/\/filtreau.nl\/de\/wp-json\/wp\/v2\/types\/product"}],"version-history":[{"count":2,"href":"https:\/\/filtreau.nl\/de\/wp-json\/wp\/v2\/product\/14822\/revisions"}],"predecessor-version":[{"id":14826,"href":"https:\/\/filtreau.nl\/de\/wp-json\/wp\/v2\/product\/14822\/revisions\/14826"}],"wp:featuredmedia":[{"embeddable":true,"href":"https:\/\/filtreau.nl\/de\/wp-json\/wp\/v2\/media\/14823"}],"wp:attachment":[{"href":"https:\/\/filtreau.nl\/de\/wp-json\/wp\/v2\/media?parent=14822"}],"wp:term":[{"taxonomy":"product_brand","embeddable":true,"href":"https:\/\/filtreau.nl\/de\/wp-json\/wp\/v2\/product_brand?post=14822"},{"taxonomy":"product_cat","embeddable":true,"href":"https:\/\/filtreau.nl\/de\/wp-json\/wp\/v2\/product_cat?post=14822"},{"taxonomy":"product_tag","embeddable":true,"href":"https:\/\/filtreau.nl\/de\/wp-json\/wp\/v2\/product_tag?post=14822"}],"curies":[{"name":"wp","href":"https:\/\/api.w.org\/{rel}","templated":true}]}}