{"id":3681,"date":"2025-06-12T13:26:08","date_gmt":"2025-06-12T13:26:08","guid":{"rendered":"https:\/\/filtreau.nl\/product\/combi-drum-30-45l\/"},"modified":"2026-02-11T16:28:43","modified_gmt":"2026-02-11T16:28:43","slug":"combi-drum-30-45l-gravity","status":"publish","type":"product","link":"https:\/\/filtreau.nl\/de\/produkt\/combi-drum-30-45l-gravity\/","title":{"rendered":"COMBI DRUM 30\/45L GRAVITY"},"content":{"rendered":"<p>F\u00f6rdern Sie die Reinheit und Qualit\u00e4t Ihres Teichwassers mit der COMBI DRUM 30\/45L von Filtreau Excellent. Dieses Filtersystem eignet sich sowohl f\u00fcr die mechanische als auch f\u00fcr die biologische Filterung und tr\u00e4gt garantiert zu einem optimalen Lebensraum f\u00fcr die gesamte Flora und Fauna in Ihrem Teich bei.<\/p>","protected":false},"excerpt":{"rendered":"<p>WMC32ILG<\/p>","protected":false},"featured_media":9931,"template":"","meta":{"_acf_changed":false,"wds_primary_product_brand":0,"wds_primary_product_cat":0},"product_brand":[],"product_cat":[654,453,147],"product_tag":[470],"class_list":{"0":"post-3681","1":"product","2":"type-product","3":"status-publish","4":"has-post-thumbnail","6":"product_cat-excellent-lijn","7":"product_cat-gravity","8":"product_cat-filters","9":"product_tag-combi-drum","11":"first","12":"instock","13":"product-type-variable","14":"has-default-attributes"},"acf":{"Maatvoering":13131,"handleiding":13751,"test_veld":"","type":"Gravity","lengte":"2254mm","breedte":"700mm","hoogte":"1005mm","trommel":"\u00d8 500 x 400mm","max_flow":"50 m3","max_vijverinhoud":"100 m3","inlaat_in_mm":"3 x 110mm","uitlaat_in_mm":"2 x 110mm","spoel_pomp_intern":"RVS 5 bar \/ 600watt 220 volt","motor":"130Nm \/60 watt 220volt","uv-c_inbouwunit":"1 x 80 watt H-O","luchtvoorziening":"4 x 50 x 300mm","controlebox":"inclusief","beschrijving":"Bevorder de helderheid en kwaliteit van uw vijverwater met de COMBI DRUM 30\/45L van Filtreau Excellent. Dit filtersysteem is ideaal voor zowel mechanische als biologische filtratie en draagt gegarandeerd bij aan een optimale leefomgeving voor al uw flora en fauna in uw vijver.","lange-beschrijving":"","beschrijving_2":"","watt":"","rc_stroom_voor_30_mjcm2":"","max_druk":"","diameter":"","diameter_in_outlet":"","behuizing":"","elektronische_belasting":"","maximale_stroom":"","vermogen_lamp":"","levensduur_lamp":"","hoeveelheid_volle_pallet":"","geschikt_voor_vijver":"","geschikt_voor_zwembad":"","lengte_uv":"","lengte_kabel":""},"yoast_head":"<!-- This site is optimized with the Yoast SEO plugin v26.6 - https:\/\/yoast.com\/wordpress\/plugins\/seo\/ -->\n<title>COMBI DRUM 30\/45L GRAVITY - Filtreau<\/title>\n<meta name=\"robots\" content=\"index, follow, max-snippet:-1, max-image-preview:large, max-video-preview:-1\" \/>\n<link rel=\"canonical\" href=\"https:\/\/filtreau.nl\/de\/produkt\/combi-drum-30-45l-gravity\/\" \/>\n<meta property=\"og:locale\" content=\"de_DE\" \/>\n<meta property=\"og:type\" content=\"article\" \/>\n<meta property=\"og:title\" content=\"COMBI DRUM 30\/45L GRAVITY - Filtreau\" \/>\n<meta property=\"og:description\" content=\"WMC32ILG\" \/>\n<meta property=\"og:url\" content=\"https:\/\/filtreau.nl\/de\/produkt\/combi-drum-30-45l-gravity\/\" \/>\n<meta property=\"og:site_name\" content=\"Filtreau\" \/>\n<meta property=\"article:modified_time\" content=\"2026-02-11T16:28:43+00:00\" \/>\n<meta property=\"og:image\" content=\"https:\/\/filtreau.nl\/wp-content\/uploads\/2024\/11\/WMC32ILG-2-filters.png\" \/>\n\t<meta property=\"og:image:width\" content=\"1000\" \/>\n\t<meta property=\"og:image:height\" content=\"1000\" \/>\n\t<meta property=\"og:image:type\" content=\"image\/png\" \/>\n<meta name=\"twitter:card\" content=\"summary_large_image\" \/>\n<meta name=\"twitter:label1\" content=\"Gesch\u00e4tzte Lesezeit\" \/>\n\t<meta name=\"twitter:data1\" content=\"1\u00a0Minute\" \/>\n<script type=\"application\/ld+json\" class=\"yoast-schema-graph\">{\"@context\":\"https:\/\/schema.org\",\"@graph\":[{\"@type\":\"WebPage\",\"@id\":\"https:\/\/filtreau.nl\/product\/combi-drum-30-45l-gravity\/\",\"url\":\"https:\/\/filtreau.nl\/product\/combi-drum-30-45l-gravity\/\",\"name\":\"COMBI DRUM 30\/45L GRAVITY - Filtreau\",\"isPartOf\":{\"@id\":\"https:\/\/filtreau.nl\/en\/#website\"},\"primaryImageOfPage\":{\"@id\":\"https:\/\/filtreau.nl\/product\/combi-drum-30-45l-gravity\/#primaryimage\"},\"image\":{\"@id\":\"https:\/\/filtreau.nl\/product\/combi-drum-30-45l-gravity\/#primaryimage\"},\"thumbnailUrl\":\"https:\/\/filtreau.nl\/wp-content\/uploads\/2024\/11\/WMC32ILG-2-filters.png\",\"datePublished\":\"2025-06-12T13:26:08+00:00\",\"dateModified\":\"2026-02-11T16:28:43+00:00\",\"breadcrumb\":{\"@id\":\"https:\/\/filtreau.nl\/product\/combi-drum-30-45l-gravity\/#breadcrumb\"},\"inLanguage\":\"de\",\"potentialAction\":[{\"@type\":\"ReadAction\",\"target\":[\"https:\/\/filtreau.nl\/product\/combi-drum-30-45l-gravity\/\"]}]},{\"@type\":\"ImageObject\",\"inLanguage\":\"de\",\"@id\":\"https:\/\/filtreau.nl\/product\/combi-drum-30-45l-gravity\/#primaryimage\",\"url\":\"https:\/\/filtreau.nl\/wp-content\/uploads\/2024\/11\/WMC32ILG-2-filters.png\",\"contentUrl\":\"https:\/\/filtreau.nl\/wp-content\/uploads\/2024\/11\/WMC32ILG-2-filters.png\",\"width\":1000,\"height\":1000},{\"@type\":\"BreadcrumbList\",\"@id\":\"https:\/\/filtreau.nl\/product\/combi-drum-30-45l-gravity\/#breadcrumb\",\"itemListElement\":[{\"@type\":\"ListItem\",\"position\":1,\"name\":\"Home\",\"item\":\"https:\/\/filtreau.nl\/\"},{\"@type\":\"ListItem\",\"position\":2,\"name\":\"Producten\",\"item\":\"https:\/\/filtreau.nl\/shop\/\"},{\"@type\":\"ListItem\",\"position\":3,\"name\":\"COMBI DRUM 30\/45L GRAVITY\"}]},{\"@type\":\"WebSite\",\"@id\":\"https:\/\/filtreau.nl\/en\/#website\",\"url\":\"https:\/\/filtreau.nl\/en\/\",\"name\":\"Filtreau\",\"description\":\"Schoon en helder water voor vijvers en zwembaden\",\"potentialAction\":[{\"@type\":\"SearchAction\",\"target\":{\"@type\":\"EntryPoint\",\"urlTemplate\":\"https:\/\/filtreau.nl\/en\/?s={search_term_string}\"},\"query-input\":{\"@type\":\"PropertyValueSpecification\",\"valueRequired\":true,\"valueName\":\"search_term_string\"}}],\"inLanguage\":\"de\"}]}<\/script>\n<!-- \/ Yoast SEO plugin. -->","yoast_head_json":{"title":"COMBI DRUM 30\/45L GRAVITY - Filtreau","robots":{"index":"index","follow":"follow","max-snippet":"max-snippet:-1","max-image-preview":"max-image-preview:large","max-video-preview":"max-video-preview:-1"},"canonical":"https:\/\/filtreau.nl\/de\/produkt\/combi-drum-30-45l-gravity\/","og_locale":"de_DE","og_type":"article","og_title":"COMBI DRUM 30\/45L GRAVITY - Filtreau","og_description":"WMC32ILG","og_url":"https:\/\/filtreau.nl\/de\/produkt\/combi-drum-30-45l-gravity\/","og_site_name":"Filtreau","article_modified_time":"2026-02-11T16:28:43+00:00","og_image":[{"width":1000,"height":1000,"url":"https:\/\/filtreau.nl\/wp-content\/uploads\/2024\/11\/WMC32ILG-2-filters.png","type":"image\/png"}],"twitter_card":"summary_large_image","twitter_misc":{"Gesch\u00e4tzte Lesezeit":"1\u00a0Minute"},"schema":{"@context":"https:\/\/schema.org","@graph":[{"@type":"WebPage","@id":"https:\/\/filtreau.nl\/product\/combi-drum-30-45l-gravity\/","url":"https:\/\/filtreau.nl\/product\/combi-drum-30-45l-gravity\/","name":"COMBI DRUM 30\/45L GRAVITY - Filtreau","isPartOf":{"@id":"https:\/\/filtreau.nl\/en\/#website"},"primaryImageOfPage":{"@id":"https:\/\/filtreau.nl\/product\/combi-drum-30-45l-gravity\/#primaryimage"},"image":{"@id":"https:\/\/filtreau.nl\/product\/combi-drum-30-45l-gravity\/#primaryimage"},"thumbnailUrl":"https:\/\/filtreau.nl\/wp-content\/uploads\/2024\/11\/WMC32ILG-2-filters.png","datePublished":"2025-06-12T13:26:08+00:00","dateModified":"2026-02-11T16:28:43+00:00","breadcrumb":{"@id":"https:\/\/filtreau.nl\/product\/combi-drum-30-45l-gravity\/#breadcrumb"},"inLanguage":"de","potentialAction":[{"@type":"ReadAction","target":["https:\/\/filtreau.nl\/product\/combi-drum-30-45l-gravity\/"]}]},{"@type":"ImageObject","inLanguage":"de","@id":"https:\/\/filtreau.nl\/product\/combi-drum-30-45l-gravity\/#primaryimage","url":"https:\/\/filtreau.nl\/wp-content\/uploads\/2024\/11\/WMC32ILG-2-filters.png","contentUrl":"https:\/\/filtreau.nl\/wp-content\/uploads\/2024\/11\/WMC32ILG-2-filters.png","width":1000,"height":1000},{"@type":"BreadcrumbList","@id":"https:\/\/filtreau.nl\/product\/combi-drum-30-45l-gravity\/#breadcrumb","itemListElement":[{"@type":"ListItem","position":1,"name":"Home","item":"https:\/\/filtreau.nl\/"},{"@type":"ListItem","position":2,"name":"Producten","item":"https:\/\/filtreau.nl\/shop\/"},{"@type":"ListItem","position":3,"name":"COMBI DRUM 30\/45L GRAVITY"}]},{"@type":"WebSite","@id":"https:\/\/filtreau.nl\/en\/#website","url":"https:\/\/filtreau.nl\/en\/","name":"Filtreau","description":"Schoon en helder water voor vijvers en zwembaden","potentialAction":[{"@type":"SearchAction","target":{"@type":"EntryPoint","urlTemplate":"https:\/\/filtreau.nl\/en\/?s={search_term_string}"},"query-input":{"@type":"PropertyValueSpecification","valueRequired":true,"valueName":"search_term_string"}}],"inLanguage":"de"}]}},"_links":{"self":[{"href":"https:\/\/filtreau.nl\/de\/wp-json\/wp\/v2\/product\/3681","targetHints":{"allow":["GET"]}}],"collection":[{"href":"https:\/\/filtreau.nl\/de\/wp-json\/wp\/v2\/product"}],"about":[{"href":"https:\/\/filtreau.nl\/de\/wp-json\/wp\/v2\/types\/product"}],"version-history":[{"count":12,"href":"https:\/\/filtreau.nl\/de\/wp-json\/wp\/v2\/product\/3681\/revisions"}],"predecessor-version":[{"id":15398,"href":"https:\/\/filtreau.nl\/de\/wp-json\/wp\/v2\/product\/3681\/revisions\/15398"}],"wp:featuredmedia":[{"embeddable":true,"href":"https:\/\/filtreau.nl\/de\/wp-json\/wp\/v2\/media\/9931"}],"wp:attachment":[{"href":"https:\/\/filtreau.nl\/de\/wp-json\/wp\/v2\/media?parent=3681"}],"wp:term":[{"taxonomy":"product_brand","embeddable":true,"href":"https:\/\/filtreau.nl\/de\/wp-json\/wp\/v2\/product_brand?post=3681"},{"taxonomy":"product_cat","embeddable":true,"href":"https:\/\/filtreau.nl\/de\/wp-json\/wp\/v2\/product_cat?post=3681"},{"taxonomy":"product_tag","embeddable":true,"href":"https:\/\/filtreau.nl\/de\/wp-json\/wp\/v2\/product_tag?post=3681"}],"curies":[{"name":"wp","href":"https:\/\/api.w.org\/{rel}","templated":true}]}}