{"id":3843,"date":"2025-06-12T13:26:08","date_gmt":"2025-06-12T13:26:08","guid":{"rendered":"https:\/\/filtreau.nl\/product\/combi-drum-80-100-xxl-2\/"},"modified":"2026-03-26T09:17:36","modified_gmt":"2026-03-26T09:17:36","slug":"combi-drum-80-100-xxl-pump","status":"publish","type":"product","link":"https:\/\/filtreau.nl\/de\/produkt\/combi-drum-80-100-xxl-pump\/","title":{"rendered":"COMBI DRUM 80\/100 XXL PUMP"},"content":{"rendered":"<p>F\u00f6rdern Sie die Reinheit und Qualit\u00e4t Ihres Teichwassers mit der COMBI DRUM 80\/100 XXL von Filtreau Excellent. Dieses Filtersystem eignet sich sowohl f\u00fcr die mechanische als auch f\u00fcr die biologische Filterung und tr\u00e4gt garantiert zu einem optimalen Lebensraum f\u00fcr die gesamte Flora und Fauna in Ihrem Teich bei.<\/p>","protected":false},"excerpt":{"rendered":"<p>WMC24CDP<\/p>","protected":false},"featured_media":2534,"template":"","meta":{"_acf_changed":false,"wds_primary_product_brand":0,"wds_primary_product_cat":0},"product_brand":[],"product_cat":[654,454,147],"product_tag":[470],"class_list":{"0":"post-3843","1":"product","2":"type-product","3":"status-publish","4":"has-post-thumbnail","6":"product_cat-excellent-lijn","7":"product_cat-pomp","8":"product_cat-filters","9":"product_tag-combi-drum","11":"first","12":"instock","13":"product-type-variable","14":"has-default-attributes"},"acf":{"Maatvoering":13123,"handleiding":13751,"test_veld":"","type":"Pump","lengte":"2760mm","breedte":"1515mm","hoogte":"1005mm","trommel":"\u00d8 650 x 800mm","max_flow":"70 m3","max_vijverinhoud":"140 m3","inlaat_in_mm":"9 x 110mm","uitlaat_in_mm":"4 x 110mm","spoel_pomp_intern":"RVS 7 bar \/ 900watt 220\/230V","motor":"130Nm \/60 watt 220\/230V","uv-c_inbouwunit":"2 x 80 watt H-O","luchtvoorziening":"8 x 50 x 300mm","controlebox":"inclusief","beschrijving":"Bevorder de helderheid en kwaliteit van uw vijverwater met de COMBI DRUM 50\/70 ROTATE van Filtreau Excellent. Dit filtersysteem is ideaal voor zowel mechanische als biologische filtratie en draagt gegarandeerd bij aan een optimale leefomgeving voor al uw flora en fauna in uw vijver.","lange-beschrijving":"Wanneer de doorstroming van de vijver of zwembad water te laag is schakelt de flowswitch ook automatisch het apparaat uit, hierdoor voorkom je het drooglopen van je UVC apparaat of andere apparaten die je aansluit met de Flow Switch Main. De flowbeveiliging werkt op 230V (wisselstroom). <br><br>De Flow Switch Main is eenvoudig te installeren. Met behulp van de T-fitting kan de stromingsschakelaar eenvoudig worden geplaatst in nieuwe of bestaande leidingen.","beschrijving_2":"","watt":"16W","rc_stroom_voor_30_mjcm2":"","max_druk":"3.0 bar","diameter":"88.9 mm","diameter_in_outlet":"63\/50\/40\/32\/25 mm","behuizing":"SS 304","elektronische_belasting":"230V AC 50\/60 Hz","maximale_stroom":"0,425 A","vermogen_lamp":"16W","levensduur_lamp":"9.000 h","hoeveelheid_volle_pallet":"40","geschikt_voor_vijver":"Ja","geschikt_voor_zwembad":"Nee","lengte_uv":"540 mm","lengte_kabel":"5 meters"},"yoast_head":"<!-- This site is optimized with the Yoast SEO plugin v26.6 - https:\/\/yoast.com\/wordpress\/plugins\/seo\/ -->\n<title>COMBI DRUM 80\/100 XXL PUMP - Filtreau<\/title>\n<meta name=\"description\" content=\"Ontdek de UV-C lampen van Filtreau. Voor iedere vijver een geschikte oplossing. Bestrijd bacteri\u00ebn en algen effici\u00ebnt, zonder chemicali\u00ebn.\" \/>\n<meta name=\"robots\" content=\"index, follow, max-snippet:-1, max-image-preview:large, max-video-preview:-1\" \/>\n<link rel=\"canonical\" href=\"https:\/\/filtreau.nl\/de\/produkt\/combi-drum-80-100-xxl-pump\/\" \/>\n<meta property=\"og:locale\" content=\"de_DE\" \/>\n<meta property=\"og:type\" content=\"article\" \/>\n<meta property=\"og:title\" content=\"COMBI DRUM 80\/100 XXL PUMP - Filtreau\" \/>\n<meta property=\"og:description\" content=\"Ontdek de UV-C lampen van Filtreau. Voor iedere vijver een geschikte oplossing. Bestrijd bacteri\u00ebn en algen effici\u00ebnt, zonder chemicali\u00ebn.\" \/>\n<meta property=\"og:url\" content=\"https:\/\/filtreau.nl\/de\/produkt\/combi-drum-80-100-xxl-pump\/\" \/>\n<meta property=\"og:site_name\" content=\"Filtreau\" \/>\n<meta property=\"article:modified_time\" content=\"2026-03-26T09:17:36+00:00\" \/>\n<meta property=\"og:image\" content=\"https:\/\/filtreau.nl\/wp-content\/uploads\/2024\/01\/WMC24CDG-COMBI-DRUM-80-100-XXL-2-X-FLITER.png\" \/>\n\t<meta property=\"og:image:width\" content=\"1000\" \/>\n\t<meta property=\"og:image:height\" content=\"1000\" \/>\n\t<meta property=\"og:image:type\" content=\"image\/png\" \/>\n<meta name=\"twitter:card\" content=\"summary_large_image\" \/>\n<meta name=\"twitter:label1\" content=\"Gesch\u00e4tzte Lesezeit\" \/>\n\t<meta name=\"twitter:data1\" content=\"1\u00a0Minute\" \/>\n<script type=\"application\/ld+json\" class=\"yoast-schema-graph\">{\"@context\":\"https:\/\/schema.org\",\"@graph\":[{\"@type\":\"WebPage\",\"@id\":\"https:\/\/filtreau.nl\/product\/combi-drum-80-100-xxl-pump\/\",\"url\":\"https:\/\/filtreau.nl\/product\/combi-drum-80-100-xxl-pump\/\",\"name\":\"COMBI DRUM 80\/100 XXL PUMP - Filtreau\",\"isPartOf\":{\"@id\":\"https:\/\/filtreau.nl\/en\/#website\"},\"primaryImageOfPage\":{\"@id\":\"https:\/\/filtreau.nl\/product\/combi-drum-80-100-xxl-pump\/#primaryimage\"},\"image\":{\"@id\":\"https:\/\/filtreau.nl\/product\/combi-drum-80-100-xxl-pump\/#primaryimage\"},\"thumbnailUrl\":\"https:\/\/filtreau.nl\/wp-content\/uploads\/2024\/01\/WMC24CDG-COMBI-DRUM-80-100-XXL-2-X-FLITER.png\",\"datePublished\":\"2025-06-12T13:26:08+00:00\",\"dateModified\":\"2026-03-26T09:17:36+00:00\",\"description\":\"Ontdek de UV-C lampen van Filtreau. Voor iedere vijver een geschikte oplossing. Bestrijd bacteri\u00ebn en algen effici\u00ebnt, zonder chemicali\u00ebn.\",\"breadcrumb\":{\"@id\":\"https:\/\/filtreau.nl\/product\/combi-drum-80-100-xxl-pump\/#breadcrumb\"},\"inLanguage\":\"de\",\"potentialAction\":[{\"@type\":\"ReadAction\",\"target\":[\"https:\/\/filtreau.nl\/product\/combi-drum-80-100-xxl-pump\/\"]}]},{\"@type\":\"ImageObject\",\"inLanguage\":\"de\",\"@id\":\"https:\/\/filtreau.nl\/product\/combi-drum-80-100-xxl-pump\/#primaryimage\",\"url\":\"https:\/\/filtreau.nl\/wp-content\/uploads\/2024\/01\/WMC24CDG-COMBI-DRUM-80-100-XXL-2-X-FLITER.png\",\"contentUrl\":\"https:\/\/filtreau.nl\/wp-content\/uploads\/2024\/01\/WMC24CDG-COMBI-DRUM-80-100-XXL-2-X-FLITER.png\",\"width\":1000,\"height\":1000},{\"@type\":\"BreadcrumbList\",\"@id\":\"https:\/\/filtreau.nl\/product\/combi-drum-80-100-xxl-pump\/#breadcrumb\",\"itemListElement\":[{\"@type\":\"ListItem\",\"position\":1,\"name\":\"Home\",\"item\":\"https:\/\/filtreau.nl\/\"},{\"@type\":\"ListItem\",\"position\":2,\"name\":\"Producten\",\"item\":\"https:\/\/filtreau.nl\/shop\/\"},{\"@type\":\"ListItem\",\"position\":3,\"name\":\"COMBI DRUM 80\/100 XXL PUMP\"}]},{\"@type\":\"WebSite\",\"@id\":\"https:\/\/filtreau.nl\/en\/#website\",\"url\":\"https:\/\/filtreau.nl\/en\/\",\"name\":\"Filtreau\",\"description\":\"Schoon en helder water voor vijvers en zwembaden\",\"potentialAction\":[{\"@type\":\"SearchAction\",\"target\":{\"@type\":\"EntryPoint\",\"urlTemplate\":\"https:\/\/filtreau.nl\/en\/?s={search_term_string}\"},\"query-input\":{\"@type\":\"PropertyValueSpecification\",\"valueRequired\":true,\"valueName\":\"search_term_string\"}}],\"inLanguage\":\"de\"}]}<\/script>\n<!-- \/ Yoast SEO plugin. -->","yoast_head_json":{"title":"COMBI DRUM 80\/100 XXL PUMP - Filtreau","description":"Ontdek de UV-C lampen van Filtreau. Voor iedere vijver een geschikte oplossing. Bestrijd bacteri\u00ebn en algen effici\u00ebnt, zonder chemicali\u00ebn.","robots":{"index":"index","follow":"follow","max-snippet":"max-snippet:-1","max-image-preview":"max-image-preview:large","max-video-preview":"max-video-preview:-1"},"canonical":"https:\/\/filtreau.nl\/de\/produkt\/combi-drum-80-100-xxl-pump\/","og_locale":"de_DE","og_type":"article","og_title":"COMBI DRUM 80\/100 XXL PUMP - Filtreau","og_description":"Ontdek de UV-C lampen van Filtreau. Voor iedere vijver een geschikte oplossing. Bestrijd bacteri\u00ebn en algen effici\u00ebnt, zonder chemicali\u00ebn.","og_url":"https:\/\/filtreau.nl\/de\/produkt\/combi-drum-80-100-xxl-pump\/","og_site_name":"Filtreau","article_modified_time":"2026-03-26T09:17:36+00:00","og_image":[{"width":1000,"height":1000,"url":"https:\/\/filtreau.nl\/wp-content\/uploads\/2024\/01\/WMC24CDG-COMBI-DRUM-80-100-XXL-2-X-FLITER.png","type":"image\/png"}],"twitter_card":"summary_large_image","twitter_misc":{"Gesch\u00e4tzte Lesezeit":"1\u00a0Minute"},"schema":{"@context":"https:\/\/schema.org","@graph":[{"@type":"WebPage","@id":"https:\/\/filtreau.nl\/product\/combi-drum-80-100-xxl-pump\/","url":"https:\/\/filtreau.nl\/product\/combi-drum-80-100-xxl-pump\/","name":"COMBI DRUM 80\/100 XXL PUMP - Filtreau","isPartOf":{"@id":"https:\/\/filtreau.nl\/en\/#website"},"primaryImageOfPage":{"@id":"https:\/\/filtreau.nl\/product\/combi-drum-80-100-xxl-pump\/#primaryimage"},"image":{"@id":"https:\/\/filtreau.nl\/product\/combi-drum-80-100-xxl-pump\/#primaryimage"},"thumbnailUrl":"https:\/\/filtreau.nl\/wp-content\/uploads\/2024\/01\/WMC24CDG-COMBI-DRUM-80-100-XXL-2-X-FLITER.png","datePublished":"2025-06-12T13:26:08+00:00","dateModified":"2026-03-26T09:17:36+00:00","description":"Ontdek de UV-C lampen van Filtreau. Voor iedere vijver een geschikte oplossing. Bestrijd bacteri\u00ebn en algen effici\u00ebnt, zonder chemicali\u00ebn.","breadcrumb":{"@id":"https:\/\/filtreau.nl\/product\/combi-drum-80-100-xxl-pump\/#breadcrumb"},"inLanguage":"de","potentialAction":[{"@type":"ReadAction","target":["https:\/\/filtreau.nl\/product\/combi-drum-80-100-xxl-pump\/"]}]},{"@type":"ImageObject","inLanguage":"de","@id":"https:\/\/filtreau.nl\/product\/combi-drum-80-100-xxl-pump\/#primaryimage","url":"https:\/\/filtreau.nl\/wp-content\/uploads\/2024\/01\/WMC24CDG-COMBI-DRUM-80-100-XXL-2-X-FLITER.png","contentUrl":"https:\/\/filtreau.nl\/wp-content\/uploads\/2024\/01\/WMC24CDG-COMBI-DRUM-80-100-XXL-2-X-FLITER.png","width":1000,"height":1000},{"@type":"BreadcrumbList","@id":"https:\/\/filtreau.nl\/product\/combi-drum-80-100-xxl-pump\/#breadcrumb","itemListElement":[{"@type":"ListItem","position":1,"name":"Home","item":"https:\/\/filtreau.nl\/"},{"@type":"ListItem","position":2,"name":"Producten","item":"https:\/\/filtreau.nl\/shop\/"},{"@type":"ListItem","position":3,"name":"COMBI DRUM 80\/100 XXL PUMP"}]},{"@type":"WebSite","@id":"https:\/\/filtreau.nl\/en\/#website","url":"https:\/\/filtreau.nl\/en\/","name":"Filtreau","description":"Schoon en helder water voor vijvers en zwembaden","potentialAction":[{"@type":"SearchAction","target":{"@type":"EntryPoint","urlTemplate":"https:\/\/filtreau.nl\/en\/?s={search_term_string}"},"query-input":{"@type":"PropertyValueSpecification","valueRequired":true,"valueName":"search_term_string"}}],"inLanguage":"de"}]}},"jetpack_sharing_enabled":true,"_links":{"self":[{"href":"https:\/\/filtreau.nl\/de\/wp-json\/wp\/v2\/product\/3843","targetHints":{"allow":["GET"]}}],"collection":[{"href":"https:\/\/filtreau.nl\/de\/wp-json\/wp\/v2\/product"}],"about":[{"href":"https:\/\/filtreau.nl\/de\/wp-json\/wp\/v2\/types\/product"}],"version-history":[{"count":18,"href":"https:\/\/filtreau.nl\/de\/wp-json\/wp\/v2\/product\/3843\/revisions"}],"predecessor-version":[{"id":16071,"href":"https:\/\/filtreau.nl\/de\/wp-json\/wp\/v2\/product\/3843\/revisions\/16071"}],"wp:featuredmedia":[{"embeddable":true,"href":"https:\/\/filtreau.nl\/de\/wp-json\/wp\/v2\/media\/2534"}],"wp:attachment":[{"href":"https:\/\/filtreau.nl\/de\/wp-json\/wp\/v2\/media?parent=3843"}],"wp:term":[{"taxonomy":"product_brand","embeddable":true,"href":"https:\/\/filtreau.nl\/de\/wp-json\/wp\/v2\/product_brand?post=3843"},{"taxonomy":"product_cat","embeddable":true,"href":"https:\/\/filtreau.nl\/de\/wp-json\/wp\/v2\/product_cat?post=3843"},{"taxonomy":"product_tag","embeddable":true,"href":"https:\/\/filtreau.nl\/de\/wp-json\/wp\/v2\/product_tag?post=3843"}],"curies":[{"name":"wp","href":"https:\/\/api.w.org\/{rel}","templated":true}]}}