{"id":4668,"date":"2025-06-12T14:26:46","date_gmt":"2025-06-12T14:26:46","guid":{"rendered":"https:\/\/filtreau.nl\/product\/combi-50xl-gravity-incl-rinsepump-incl-2x-uv-c\/"},"modified":"2026-02-27T10:17:33","modified_gmt":"2026-02-27T10:17:33","slug":"combi-50xl-gravity-incl-rinsepump-incl-2x-uv-c","status":"publish","type":"product","link":"https:\/\/filtreau.nl\/de\/produkt\/combi-50xl-gravity-incl-rinsepump-incl-2x-uv-c\/","title":{"rendered":"Combi 50XL Gravity\/ incl. rinsepump  incl. 2x UV-C"},"content":{"rendered":"<p>F\u00f6rdern Sie die Reinheit und Qualit\u00e4t Ihres Teichwassers mit der COMBI 50XL von Filtreau Basic. Dieses Filtersystem eignet sich sowohl f\u00fcr die mechanische als auch f\u00fcr die biologische Filterung und tr\u00e4gt garantiert zu einem optimalen Lebensraum f\u00fcr die gesamte Flora und Fauna in Ihrem Teich bei.<\/p>","protected":false},"excerpt":{"rendered":"<p>COM0050IN<\/p>","protected":false},"featured_media":9641,"template":"","meta":{"_acf_changed":false,"wds_primary_product_brand":0,"wds_primary_product_cat":0},"product_brand":[],"product_cat":[490,453,147],"product_tag":[470],"class_list":{"0":"post-4668","1":"product","2":"type-product","3":"status-publish","4":"has-post-thumbnail","6":"product_cat-basic-lijn","7":"product_cat-gravity","8":"product_cat-filters","9":"product_tag-combi-drum","11":"first","12":"instock","13":"product-type-simple"},"acf":{"Maatvoering":13300,"handleiding":"","test_veld":"","type":"Gravity","lengte":"1270mm","breedte":"900mm","hoogte":"1030mm","trommel":"\u00d8 520 x 420mm","max_flow":"40 m3","max_vijverinhoud":"80 m3","inlaat_in_mm":"4 x 110mm","uitlaat_in_mm":"3 x 110mm","spoel_pomp_intern":"RVS 5 bar \/ 750watt 220 volt","motor":"33Nm \/40 watt 220volt","uv-c_inbouwunit":"2 X 40 watt Amalgaam","luchtvoorziening":"1 x Luchtsteen 35cm","controlebox":"inclusief","beschrijving":"Bevorder de helderheid en kwaliteit van uw vijverwater met de betaalbare COMBI 50XL van Filtreau. Dit filtersysteem is ideaal voor zowel mechanische als biologische filtratie en draagt gegarandeerd bij aan een optimale leefomgeving voor al uw flora en fauna in uw vijver.","lange-beschrijving":"","beschrijving_2":"","watt":"","rc_stroom_voor_30_mjcm2":"","max_druk":"","diameter":"","diameter_in_outlet":"","behuizing":"","elektronische_belasting":"","maximale_stroom":"","vermogen_lamp":"","levensduur_lamp":"","hoeveelheid_volle_pallet":"","geschikt_voor_vijver":"","geschikt_voor_zwembad":"","lengte_uv":"","lengte_kabel":""},"yoast_head":"<!-- This site is optimized with the Yoast SEO plugin v26.6 - https:\/\/yoast.com\/wordpress\/plugins\/seo\/ -->\n<title>Combi 50XL Gravity\/ incl. rinsepump incl. 2x UV-C - Filtreau<\/title>\n<meta name=\"robots\" content=\"index, follow, max-snippet:-1, max-image-preview:large, max-video-preview:-1\" \/>\n<link rel=\"canonical\" href=\"https:\/\/filtreau.nl\/de\/produkt\/combi-50xl-gravity-incl-rinsepump-incl-2x-uv-c\/\" \/>\n<meta property=\"og:locale\" content=\"de_DE\" \/>\n<meta property=\"og:type\" content=\"article\" \/>\n<meta property=\"og:title\" content=\"Combi 50XL Gravity\/ incl. rinsepump incl. 2x UV-C - Filtreau\" \/>\n<meta property=\"og:description\" content=\"COM0050IN\" \/>\n<meta property=\"og:url\" content=\"https:\/\/filtreau.nl\/de\/produkt\/combi-50xl-gravity-incl-rinsepump-incl-2x-uv-c\/\" \/>\n<meta property=\"og:site_name\" content=\"Filtreau\" \/>\n<meta property=\"article:modified_time\" content=\"2026-02-27T10:17:33+00:00\" \/>\n<meta property=\"og:image\" content=\"https:\/\/filtreau.nl\/wp-content\/uploads\/2024\/01\/Combi-50-XL.zonder-UVC-lage-bestand-1.png\" \/>\n\t<meta property=\"og:image:width\" content=\"1000\" \/>\n\t<meta property=\"og:image:height\" content=\"1000\" \/>\n\t<meta property=\"og:image:type\" content=\"image\/png\" \/>\n<meta name=\"twitter:card\" content=\"summary_large_image\" \/>\n<meta name=\"twitter:label1\" content=\"Gesch\u00e4tzte Lesezeit\" \/>\n\t<meta name=\"twitter:data1\" content=\"1\u00a0Minute\" \/>\n<script type=\"application\/ld+json\" class=\"yoast-schema-graph\">{\"@context\":\"https:\/\/schema.org\",\"@graph\":[{\"@type\":\"WebPage\",\"@id\":\"https:\/\/filtreau.nl\/product\/combi-50xl-gravity-incl-rinsepump-incl-2x-uv-c\/\",\"url\":\"https:\/\/filtreau.nl\/product\/combi-50xl-gravity-incl-rinsepump-incl-2x-uv-c\/\",\"name\":\"Combi 50XL Gravity\/ incl. rinsepump incl. 2x UV-C - Filtreau\",\"isPartOf\":{\"@id\":\"https:\/\/filtreau.nl\/en\/#website\"},\"primaryImageOfPage\":{\"@id\":\"https:\/\/filtreau.nl\/product\/combi-50xl-gravity-incl-rinsepump-incl-2x-uv-c\/#primaryimage\"},\"image\":{\"@id\":\"https:\/\/filtreau.nl\/product\/combi-50xl-gravity-incl-rinsepump-incl-2x-uv-c\/#primaryimage\"},\"thumbnailUrl\":\"https:\/\/filtreau.nl\/wp-content\/uploads\/2024\/01\/Combi-50-XL.zonder-UVC-lage-bestand-1.png\",\"datePublished\":\"2025-06-12T14:26:46+00:00\",\"dateModified\":\"2026-02-27T10:17:33+00:00\",\"breadcrumb\":{\"@id\":\"https:\/\/filtreau.nl\/product\/combi-50xl-gravity-incl-rinsepump-incl-2x-uv-c\/#breadcrumb\"},\"inLanguage\":\"de\",\"potentialAction\":[{\"@type\":\"ReadAction\",\"target\":[\"https:\/\/filtreau.nl\/product\/combi-50xl-gravity-incl-rinsepump-incl-2x-uv-c\/\"]}]},{\"@type\":\"ImageObject\",\"inLanguage\":\"de\",\"@id\":\"https:\/\/filtreau.nl\/product\/combi-50xl-gravity-incl-rinsepump-incl-2x-uv-c\/#primaryimage\",\"url\":\"https:\/\/filtreau.nl\/wp-content\/uploads\/2024\/01\/Combi-50-XL.zonder-UVC-lage-bestand-1.png\",\"contentUrl\":\"https:\/\/filtreau.nl\/wp-content\/uploads\/2024\/01\/Combi-50-XL.zonder-UVC-lage-bestand-1.png\",\"width\":1000,\"height\":1000},{\"@type\":\"BreadcrumbList\",\"@id\":\"https:\/\/filtreau.nl\/product\/combi-50xl-gravity-incl-rinsepump-incl-2x-uv-c\/#breadcrumb\",\"itemListElement\":[{\"@type\":\"ListItem\",\"position\":1,\"name\":\"Home\",\"item\":\"https:\/\/filtreau.nl\/\"},{\"@type\":\"ListItem\",\"position\":2,\"name\":\"Producten\",\"item\":\"https:\/\/filtreau.nl\/shop\/\"},{\"@type\":\"ListItem\",\"position\":3,\"name\":\"Combi 50XL Gravity\/ incl. rinsepump incl. 2x UV-C\"}]},{\"@type\":\"WebSite\",\"@id\":\"https:\/\/filtreau.nl\/en\/#website\",\"url\":\"https:\/\/filtreau.nl\/en\/\",\"name\":\"Filtreau\",\"description\":\"Schoon en helder water voor vijvers en zwembaden\",\"potentialAction\":[{\"@type\":\"SearchAction\",\"target\":{\"@type\":\"EntryPoint\",\"urlTemplate\":\"https:\/\/filtreau.nl\/en\/?s={search_term_string}\"},\"query-input\":{\"@type\":\"PropertyValueSpecification\",\"valueRequired\":true,\"valueName\":\"search_term_string\"}}],\"inLanguage\":\"de\"}]}<\/script>\n<!-- \/ Yoast SEO plugin. -->","yoast_head_json":{"title":"Combi 50XL Gravity\/ incl. rinsepump incl. 2x UV-C - Filtreau","robots":{"index":"index","follow":"follow","max-snippet":"max-snippet:-1","max-image-preview":"max-image-preview:large","max-video-preview":"max-video-preview:-1"},"canonical":"https:\/\/filtreau.nl\/de\/produkt\/combi-50xl-gravity-incl-rinsepump-incl-2x-uv-c\/","og_locale":"de_DE","og_type":"article","og_title":"Combi 50XL Gravity\/ incl. rinsepump incl. 2x UV-C - Filtreau","og_description":"COM0050IN","og_url":"https:\/\/filtreau.nl\/de\/produkt\/combi-50xl-gravity-incl-rinsepump-incl-2x-uv-c\/","og_site_name":"Filtreau","article_modified_time":"2026-02-27T10:17:33+00:00","og_image":[{"width":1000,"height":1000,"url":"https:\/\/filtreau.nl\/wp-content\/uploads\/2024\/01\/Combi-50-XL.zonder-UVC-lage-bestand-1.png","type":"image\/png"}],"twitter_card":"summary_large_image","twitter_misc":{"Gesch\u00e4tzte Lesezeit":"1\u00a0Minute"},"schema":{"@context":"https:\/\/schema.org","@graph":[{"@type":"WebPage","@id":"https:\/\/filtreau.nl\/product\/combi-50xl-gravity-incl-rinsepump-incl-2x-uv-c\/","url":"https:\/\/filtreau.nl\/product\/combi-50xl-gravity-incl-rinsepump-incl-2x-uv-c\/","name":"Combi 50XL Gravity\/ incl. rinsepump incl. 2x UV-C - Filtreau","isPartOf":{"@id":"https:\/\/filtreau.nl\/en\/#website"},"primaryImageOfPage":{"@id":"https:\/\/filtreau.nl\/product\/combi-50xl-gravity-incl-rinsepump-incl-2x-uv-c\/#primaryimage"},"image":{"@id":"https:\/\/filtreau.nl\/product\/combi-50xl-gravity-incl-rinsepump-incl-2x-uv-c\/#primaryimage"},"thumbnailUrl":"https:\/\/filtreau.nl\/wp-content\/uploads\/2024\/01\/Combi-50-XL.zonder-UVC-lage-bestand-1.png","datePublished":"2025-06-12T14:26:46+00:00","dateModified":"2026-02-27T10:17:33+00:00","breadcrumb":{"@id":"https:\/\/filtreau.nl\/product\/combi-50xl-gravity-incl-rinsepump-incl-2x-uv-c\/#breadcrumb"},"inLanguage":"de","potentialAction":[{"@type":"ReadAction","target":["https:\/\/filtreau.nl\/product\/combi-50xl-gravity-incl-rinsepump-incl-2x-uv-c\/"]}]},{"@type":"ImageObject","inLanguage":"de","@id":"https:\/\/filtreau.nl\/product\/combi-50xl-gravity-incl-rinsepump-incl-2x-uv-c\/#primaryimage","url":"https:\/\/filtreau.nl\/wp-content\/uploads\/2024\/01\/Combi-50-XL.zonder-UVC-lage-bestand-1.png","contentUrl":"https:\/\/filtreau.nl\/wp-content\/uploads\/2024\/01\/Combi-50-XL.zonder-UVC-lage-bestand-1.png","width":1000,"height":1000},{"@type":"BreadcrumbList","@id":"https:\/\/filtreau.nl\/product\/combi-50xl-gravity-incl-rinsepump-incl-2x-uv-c\/#breadcrumb","itemListElement":[{"@type":"ListItem","position":1,"name":"Home","item":"https:\/\/filtreau.nl\/"},{"@type":"ListItem","position":2,"name":"Producten","item":"https:\/\/filtreau.nl\/shop\/"},{"@type":"ListItem","position":3,"name":"Combi 50XL Gravity\/ incl. rinsepump incl. 2x UV-C"}]},{"@type":"WebSite","@id":"https:\/\/filtreau.nl\/en\/#website","url":"https:\/\/filtreau.nl\/en\/","name":"Filtreau","description":"Schoon en helder water voor vijvers en zwembaden","potentialAction":[{"@type":"SearchAction","target":{"@type":"EntryPoint","urlTemplate":"https:\/\/filtreau.nl\/en\/?s={search_term_string}"},"query-input":{"@type":"PropertyValueSpecification","valueRequired":true,"valueName":"search_term_string"}}],"inLanguage":"de"}]}},"_links":{"self":[{"href":"https:\/\/filtreau.nl\/de\/wp-json\/wp\/v2\/product\/4668","targetHints":{"allow":["GET"]}}],"collection":[{"href":"https:\/\/filtreau.nl\/de\/wp-json\/wp\/v2\/product"}],"about":[{"href":"https:\/\/filtreau.nl\/de\/wp-json\/wp\/v2\/types\/product"}],"version-history":[{"count":10,"href":"https:\/\/filtreau.nl\/de\/wp-json\/wp\/v2\/product\/4668\/revisions"}],"predecessor-version":[{"id":15627,"href":"https:\/\/filtreau.nl\/de\/wp-json\/wp\/v2\/product\/4668\/revisions\/15627"}],"wp:featuredmedia":[{"embeddable":true,"href":"https:\/\/filtreau.nl\/de\/wp-json\/wp\/v2\/media\/9641"}],"wp:attachment":[{"href":"https:\/\/filtreau.nl\/de\/wp-json\/wp\/v2\/media?parent=4668"}],"wp:term":[{"taxonomy":"product_brand","embeddable":true,"href":"https:\/\/filtreau.nl\/de\/wp-json\/wp\/v2\/product_brand?post=4668"},{"taxonomy":"product_cat","embeddable":true,"href":"https:\/\/filtreau.nl\/de\/wp-json\/wp\/v2\/product_cat?post=4668"},{"taxonomy":"product_tag","embeddable":true,"href":"https:\/\/filtreau.nl\/de\/wp-json\/wp\/v2\/product_tag?post=4668"}],"curies":[{"name":"wp","href":"https:\/\/api.w.org\/{rel}","templated":true}]}}