{"id":3873,"date":"2025-06-12T13:26:03","date_gmt":"2025-06-12T13:26:03","guid":{"rendered":"https:\/\/filtreau.nl\/product\/bio-drum-60-xl-2\/"},"modified":"2026-02-03T13:36:29","modified_gmt":"2026-02-03T13:36:29","slug":"bio-drum-60-xl-pump","status":"publish","type":"product","link":"https:\/\/filtreau.nl\/es\/producto\/bio-drum-60-xl-pump\/","title":{"rendered":"BIO DRUM 60 XL PUMP"},"content":{"rendered":"<p>Aumente la claridad y la calidad del agua de su estanque con el COMBI DRUM 60 XL de Filtreau Excellent. Este sistema de filtraci\u00f3n, ideal para la filtraci\u00f3n mec\u00e1nica y biol\u00f3gica, garantiza un h\u00e1bitat \u00f3ptimo para toda la flora y fauna de su estanque.<\/p>","protected":false},"excerpt":{"rendered":"<p>WMC03DRP<\/p>","protected":false},"featured_media":2520,"template":"","meta":{"_acf_changed":false,"wds_primary_product_brand":0,"wds_primary_product_cat":0},"product_brand":[],"product_cat":[654,454,147],"product_tag":[],"class_list":{"0":"post-3873","1":"product","2":"type-product","3":"status-publish","4":"has-post-thumbnail","6":"product_cat-excellent-lijn","7":"product_cat-pomp","8":"product_cat-filters","10":"first","11":"instock","12":"product-type-simple"},"acf":{"Maatvoering":13096,"handleiding":13751,"test_veld":"","type":"Pomp","lengte":"1163mm","breedte":"850mm","hoogte":"780mm","trommel":"\u00d8 650 x 400mm","max_flow":"45 m3","max_vijverinhoud":"90 m3","inlaat_in_mm":"7 x 110mm","uitlaat_in_mm":"4 x 110mm","spoel_pomp_intern":"RVS 5 bar \/ 600watt 220 volt","motor":"130Nm \/60 watt 220volt","uv-c_inbouwunit":"80 watt H-O","luchtvoorziening":"2x50x300mm","controlebox":"inclusief","beschrijving":"Bevorder de helderheid en kwaliteit van uw vijverwater met de COMBI DRUM 60 XL van Filtreau Excellent. Dit filtersysteem is ideaal voor zowel mechanische als biologische filtratie en draagt gegarandeerd bij aan een optimale leefomgeving voor al uw flora en fauna in uw vijver.","lange-beschrijving":"","beschrijving_2":"","watt":"","rc_stroom_voor_30_mjcm2":"","max_druk":"","diameter":"","diameter_in_outlet":"","behuizing":"","elektronische_belasting":"","maximale_stroom":"","vermogen_lamp":"","levensduur_lamp":"","hoeveelheid_volle_pallet":"","geschikt_voor_vijver":"","geschikt_voor_zwembad":"","lengte_uv":"","lengte_kabel":""},"yoast_head":"<!-- This site is optimized with the Yoast SEO plugin v26.6 - https:\/\/yoast.com\/wordpress\/plugins\/seo\/ -->\n<title>BIO DRUM 60 XL PUMP - Filtreau<\/title>\n<meta name=\"robots\" content=\"index, follow, max-snippet:-1, max-image-preview:large, max-video-preview:-1\" \/>\n<link rel=\"canonical\" href=\"https:\/\/filtreau.nl\/es\/producto\/bio-drum-60-xl-pump\/\" \/>\n<meta property=\"og:locale\" content=\"es_ES\" \/>\n<meta property=\"og:type\" content=\"article\" \/>\n<meta property=\"og:title\" content=\"BIO DRUM 60 XL PUMP - Filtreau\" \/>\n<meta property=\"og:description\" content=\"WMC03DRP\" \/>\n<meta property=\"og:url\" content=\"https:\/\/filtreau.nl\/es\/producto\/bio-drum-60-xl-pump\/\" \/>\n<meta property=\"og:site_name\" content=\"Filtreau\" \/>\n<meta property=\"article:modified_time\" content=\"2026-02-03T13:36:29+00:00\" \/>\n<meta property=\"og:image\" content=\"https:\/\/filtreau.nl\/wp-content\/uploads\/2024\/01\/WMC03DRG-BIO-DRUM-60-XL-2-X-FILTER.png\" \/>\n\t<meta property=\"og:image:width\" content=\"1000\" \/>\n\t<meta property=\"og:image:height\" content=\"1000\" \/>\n\t<meta property=\"og:image:type\" content=\"image\/png\" \/>\n<meta name=\"twitter:card\" content=\"summary_large_image\" \/>\n<meta name=\"twitter:label1\" content=\"Tiempo de lectura\" \/>\n\t<meta name=\"twitter:data1\" content=\"1 minuto\" \/>\n<script type=\"application\/ld+json\" class=\"yoast-schema-graph\">{\"@context\":\"https:\/\/schema.org\",\"@graph\":[{\"@type\":\"WebPage\",\"@id\":\"https:\/\/filtreau.nl\/product\/bio-drum-60-xl-pump\/\",\"url\":\"https:\/\/filtreau.nl\/product\/bio-drum-60-xl-pump\/\",\"name\":\"BIO DRUM 60 XL PUMP - Filtreau\",\"isPartOf\":{\"@id\":\"https:\/\/filtreau.nl\/en\/#website\"},\"primaryImageOfPage\":{\"@id\":\"https:\/\/filtreau.nl\/product\/bio-drum-60-xl-pump\/#primaryimage\"},\"image\":{\"@id\":\"https:\/\/filtreau.nl\/product\/bio-drum-60-xl-pump\/#primaryimage\"},\"thumbnailUrl\":\"https:\/\/filtreau.nl\/wp-content\/uploads\/2024\/01\/WMC03DRG-BIO-DRUM-60-XL-2-X-FILTER.png\",\"datePublished\":\"2025-06-12T13:26:03+00:00\",\"dateModified\":\"2026-02-03T13:36:29+00:00\",\"breadcrumb\":{\"@id\":\"https:\/\/filtreau.nl\/product\/bio-drum-60-xl-pump\/#breadcrumb\"},\"inLanguage\":\"es\",\"potentialAction\":[{\"@type\":\"ReadAction\",\"target\":[\"https:\/\/filtreau.nl\/product\/bio-drum-60-xl-pump\/\"]}]},{\"@type\":\"ImageObject\",\"inLanguage\":\"es\",\"@id\":\"https:\/\/filtreau.nl\/product\/bio-drum-60-xl-pump\/#primaryimage\",\"url\":\"https:\/\/filtreau.nl\/wp-content\/uploads\/2024\/01\/WMC03DRG-BIO-DRUM-60-XL-2-X-FILTER.png\",\"contentUrl\":\"https:\/\/filtreau.nl\/wp-content\/uploads\/2024\/01\/WMC03DRG-BIO-DRUM-60-XL-2-X-FILTER.png\",\"width\":1000,\"height\":1000},{\"@type\":\"BreadcrumbList\",\"@id\":\"https:\/\/filtreau.nl\/product\/bio-drum-60-xl-pump\/#breadcrumb\",\"itemListElement\":[{\"@type\":\"ListItem\",\"position\":1,\"name\":\"Home\",\"item\":\"https:\/\/filtreau.nl\/\"},{\"@type\":\"ListItem\",\"position\":2,\"name\":\"Producten\",\"item\":\"https:\/\/filtreau.nl\/shop\/\"},{\"@type\":\"ListItem\",\"position\":3,\"name\":\"BIO DRUM 60 XL PUMP\"}]},{\"@type\":\"WebSite\",\"@id\":\"https:\/\/filtreau.nl\/en\/#website\",\"url\":\"https:\/\/filtreau.nl\/en\/\",\"name\":\"Filtreau\",\"description\":\"Schoon en helder water voor vijvers en zwembaden\",\"potentialAction\":[{\"@type\":\"SearchAction\",\"target\":{\"@type\":\"EntryPoint\",\"urlTemplate\":\"https:\/\/filtreau.nl\/en\/?s={search_term_string}\"},\"query-input\":{\"@type\":\"PropertyValueSpecification\",\"valueRequired\":true,\"valueName\":\"search_term_string\"}}],\"inLanguage\":\"es\"}]}<\/script>\n<!-- \/ Yoast SEO plugin. -->","yoast_head_json":{"title":"BIO DRUM 60 XL PUMP - Filtreau","robots":{"index":"index","follow":"follow","max-snippet":"max-snippet:-1","max-image-preview":"max-image-preview:large","max-video-preview":"max-video-preview:-1"},"canonical":"https:\/\/filtreau.nl\/es\/producto\/bio-drum-60-xl-pump\/","og_locale":"es_ES","og_type":"article","og_title":"BIO DRUM 60 XL PUMP - Filtreau","og_description":"WMC03DRP","og_url":"https:\/\/filtreau.nl\/es\/producto\/bio-drum-60-xl-pump\/","og_site_name":"Filtreau","article_modified_time":"2026-02-03T13:36:29+00:00","og_image":[{"width":1000,"height":1000,"url":"https:\/\/filtreau.nl\/wp-content\/uploads\/2024\/01\/WMC03DRG-BIO-DRUM-60-XL-2-X-FILTER.png","type":"image\/png"}],"twitter_card":"summary_large_image","twitter_misc":{"Tiempo de lectura":"1 minuto"},"schema":{"@context":"https:\/\/schema.org","@graph":[{"@type":"WebPage","@id":"https:\/\/filtreau.nl\/product\/bio-drum-60-xl-pump\/","url":"https:\/\/filtreau.nl\/product\/bio-drum-60-xl-pump\/","name":"BIO DRUM 60 XL PUMP - Filtreau","isPartOf":{"@id":"https:\/\/filtreau.nl\/en\/#website"},"primaryImageOfPage":{"@id":"https:\/\/filtreau.nl\/product\/bio-drum-60-xl-pump\/#primaryimage"},"image":{"@id":"https:\/\/filtreau.nl\/product\/bio-drum-60-xl-pump\/#primaryimage"},"thumbnailUrl":"https:\/\/filtreau.nl\/wp-content\/uploads\/2024\/01\/WMC03DRG-BIO-DRUM-60-XL-2-X-FILTER.png","datePublished":"2025-06-12T13:26:03+00:00","dateModified":"2026-02-03T13:36:29+00:00","breadcrumb":{"@id":"https:\/\/filtreau.nl\/product\/bio-drum-60-xl-pump\/#breadcrumb"},"inLanguage":"es","potentialAction":[{"@type":"ReadAction","target":["https:\/\/filtreau.nl\/product\/bio-drum-60-xl-pump\/"]}]},{"@type":"ImageObject","inLanguage":"es","@id":"https:\/\/filtreau.nl\/product\/bio-drum-60-xl-pump\/#primaryimage","url":"https:\/\/filtreau.nl\/wp-content\/uploads\/2024\/01\/WMC03DRG-BIO-DRUM-60-XL-2-X-FILTER.png","contentUrl":"https:\/\/filtreau.nl\/wp-content\/uploads\/2024\/01\/WMC03DRG-BIO-DRUM-60-XL-2-X-FILTER.png","width":1000,"height":1000},{"@type":"BreadcrumbList","@id":"https:\/\/filtreau.nl\/product\/bio-drum-60-xl-pump\/#breadcrumb","itemListElement":[{"@type":"ListItem","position":1,"name":"Home","item":"https:\/\/filtreau.nl\/"},{"@type":"ListItem","position":2,"name":"Producten","item":"https:\/\/filtreau.nl\/shop\/"},{"@type":"ListItem","position":3,"name":"BIO DRUM 60 XL PUMP"}]},{"@type":"WebSite","@id":"https:\/\/filtreau.nl\/en\/#website","url":"https:\/\/filtreau.nl\/en\/","name":"Filtreau","description":"Schoon en helder water voor vijvers en zwembaden","potentialAction":[{"@type":"SearchAction","target":{"@type":"EntryPoint","urlTemplate":"https:\/\/filtreau.nl\/en\/?s={search_term_string}"},"query-input":{"@type":"PropertyValueSpecification","valueRequired":true,"valueName":"search_term_string"}}],"inLanguage":"es"}]}},"_links":{"self":[{"href":"https:\/\/filtreau.nl\/es\/wp-json\/wp\/v2\/product\/3873","targetHints":{"allow":["GET"]}}],"collection":[{"href":"https:\/\/filtreau.nl\/es\/wp-json\/wp\/v2\/product"}],"about":[{"href":"https:\/\/filtreau.nl\/es\/wp-json\/wp\/v2\/types\/product"}],"version-history":[{"count":14,"href":"https:\/\/filtreau.nl\/es\/wp-json\/wp\/v2\/product\/3873\/revisions"}],"predecessor-version":[{"id":15273,"href":"https:\/\/filtreau.nl\/es\/wp-json\/wp\/v2\/product\/3873\/revisions\/15273"}],"wp:featuredmedia":[{"embeddable":true,"href":"https:\/\/filtreau.nl\/es\/wp-json\/wp\/v2\/media\/2520"}],"wp:attachment":[{"href":"https:\/\/filtreau.nl\/es\/wp-json\/wp\/v2\/media?parent=3873"}],"wp:term":[{"taxonomy":"product_brand","embeddable":true,"href":"https:\/\/filtreau.nl\/es\/wp-json\/wp\/v2\/product_brand?post=3873"},{"taxonomy":"product_cat","embeddable":true,"href":"https:\/\/filtreau.nl\/es\/wp-json\/wp\/v2\/product_cat?post=3873"},{"taxonomy":"product_tag","embeddable":true,"href":"https:\/\/filtreau.nl\/es\/wp-json\/wp\/v2\/product_tag?post=3873"}],"curies":[{"name":"wp","href":"https:\/\/api.w.org\/{rel}","templated":true}]}}