{"id":4038,"date":"2025-06-12T14:27:01","date_gmt":"2025-06-12T14:27:01","guid":{"rendered":"https:\/\/filtreau.nl\/product\/filtreau-uv-c-titan-salt-res-120w\/"},"modified":"2026-02-27T12:28:11","modified_gmt":"2026-02-27T12:28:11","slug":"filtreau-uv-c-titan-salt-res-120w","status":"publish","type":"product","link":"https:\/\/filtreau.nl\/es\/producto\/filtreau-uv-c-titan-salt-res-120w\/","title":{"rendered":"Filtreau UV-C Titan (Salt Res.) 120W"},"content":{"rendered":"<p>Door de extra brede DUPLEX-behuizing wordt het doorgevoerde water extra lang in contact gebracht met de UV-C-straling. Deze brede behuizing zorgt ook voor een uiterst minimaal drukverlies tijdens de waterdoorvoer. De behuizing is aan de binnenzijde gepolijst, zodat er zich nauwelijks vuil aan de wanden kan hechten. Dit geheel zorgt ervoor dat de effectiviteit van de UV-C-straling met nog eens 35% wordt vergroot.<\/p>\n<p>Door de intelligente elektronica geeft het apparaat op tijd aan wanneer de lamp niet meer genoeg straling produceert en dus aan vervanging toe is. Zo heeft u ten allen tijde een perfect werkend apparaat.<\/p>\n<p>VOORDELEN FILTREAU UV-C<br \/>\n&#8211; Doodt schimmel, bacteri\u00ebn en algen.<br \/>\n&#8211; Reduceert chloor en overige chemicali\u00ebn tot wel 80%!<br \/>\n&#8211; Energiezuinig en milieuvriendelijk.<br \/>\n&#8211; Extra grote reactor voor langere contacttijd.<br \/>\n&#8211; 35% meer UV-C opbrengst door reflectie.<br \/>\n&#8211; UV-C lamp levensduur; 12,000 uur.<br \/>\n&#8211; Zeer eenvoudige installatie.<br \/>\n&#8211; 2 jaar garantie op fabricagefouten.<\/p>\n<p>El Filtreau UV-C Titan se encarga de que el agua est\u00e9 cristalina. El sofisticado dise\u00f1o y los materiales de alta calidad dan como resultado una alta radiaci\u00f3n UV-C con una longitud de onda de exactamente 253,7 nm. La alta dosis de irradiaci\u00f3n elimina la pr\u00e1ctica totalidad de bacterias, virus y hongos, asegurando as\u00ed un agua clara y limpia. Esto permite reducir hasta en un 80% el uso de productos qu\u00edmicos a\u00f1adidos (como el cloro), lo que garantiza un agua m\u00e1s natural y saludable.<\/p>","protected":false},"excerpt":{"rendered":"<p>UVT0003<\/p>","protected":false},"featured_media":5463,"template":"","meta":{"_acf_changed":false,"wds_primary_product_brand":0,"wds_primary_product_cat":0},"product_brand":[],"product_cat":[656,458,20],"product_tag":[462,465],"class_list":{"0":"post-4038","1":"product","2":"type-product","3":"status-publish","4":"has-post-thumbnail","6":"product_cat-salt-resistant","7":"product_cat-zwembad","8":"product_cat-uv-c","9":"product_tag-120w","10":"product_tag-salt-resistant","12":"first","13":"instock","14":"product-type-simple"},"acf":{"Maatvoering":"","handleiding":13252,"test_veld":"","type":"","lengte":"","breedte":"","hoogte":"","trommel":"","max_flow":"","max_vijverinhoud":"","inlaat_in_mm":"","uitlaat_in_mm":"","spoel_pomp_intern":"","motor":"","uv-c_inbouwunit":"","luchtvoorziening":"","controlebox":"","beschrijving":"Door de extra brede DUPLEX-behuizing wordt het doorgevoerde water extra lang in contact gebracht met de  UV-C-straling. Deze brede behuizing zorgt ook voor een uiterst minimaal drukverlies tijdens de waterdoorvoer.  De behuizing is aan de binnenzijde gepolijst, zodat er zich nauwelijks vuil aan de wanden kan hechten. Dit geheel zorgt ervoor dat de effectiviteit van de UV-C-straling met nog eens 35% wordt vergroot.Door de intelligente elektronica geeft het apparaat op tijd aan wanneer de lamp niet meer genoeg straling produceert en dus aan vervanging toe is. Zo heeft u ten allen tijde een perfect werkend apparaat.VOORDELEN FILTREAU UV-C- Doodt schimmel, bacteri\u00ebn en algen.- Reduceert chloor en overige chemicali\u00ebn tot wel 80%!- Energiezuinig en milieuvriendelijk.- Extra grote reactor voor langere contacttijd.- 35% meer UV-C opbrengst door reflectie.- UV-C lamp levensduur; 12,000 uur.- Zeer eenvoudige installatie.- 2 jaar garantie op fabricagefouten.","lange-beschrijving":"","beschrijving_2":"","watt":"120W","rc_stroom_voor_30_mjcm2":"28 m3\/h","max_druk":"3.0 bar","diameter":"88.9 mm","diameter_in_outlet":"63 mm","behuizing":"Duplex","elektronische_belasting":"","maximale_stroom":"","vermogen_lamp":"120W Amalgam","levensduur_lamp":"12.000 h","hoeveelheid_volle_pallet":"30","geschikt_voor_vijver":"Nee","geschikt_voor_zwembad":"Ja","lengte_uv":"1.000 mm","lengte_kabel":""},"yoast_head":"<!-- This site is optimized with the Yoast SEO plugin v26.6 - https:\/\/yoast.com\/wordpress\/plugins\/seo\/ -->\n<title>Filtreau UV-C Titan (Salt Res.) 120W - Filtreau<\/title>\n<meta name=\"robots\" content=\"index, follow, max-snippet:-1, max-image-preview:large, max-video-preview:-1\" \/>\n<link rel=\"canonical\" href=\"https:\/\/filtreau.nl\/es\/producto\/filtreau-uv-c-titan-salt-res-120w\/\" \/>\n<meta property=\"og:locale\" content=\"es_ES\" \/>\n<meta property=\"og:type\" content=\"article\" \/>\n<meta property=\"og:title\" content=\"Filtreau UV-C Titan (Salt Res.) 120W - Filtreau\" \/>\n<meta property=\"og:description\" content=\"UVT0003\" \/>\n<meta property=\"og:url\" content=\"https:\/\/filtreau.nl\/es\/producto\/filtreau-uv-c-titan-salt-res-120w\/\" \/>\n<meta property=\"og:site_name\" content=\"Filtreau\" \/>\n<meta property=\"article:modified_time\" content=\"2026-02-27T12:28:11+00:00\" \/>\n<meta property=\"og:image\" content=\"https:\/\/filtreau.nl\/wp-content\/uploads\/2024\/01\/Filtreau-UV-C-Titan.png\" \/>\n\t<meta property=\"og:image:width\" content=\"1000\" \/>\n\t<meta property=\"og:image:height\" content=\"1000\" \/>\n\t<meta property=\"og:image:type\" content=\"image\/png\" \/>\n<meta name=\"twitter:card\" content=\"summary_large_image\" \/>\n<meta name=\"twitter:label1\" content=\"Tiempo de lectura\" \/>\n\t<meta name=\"twitter:data1\" content=\"2 minutos\" \/>\n<script type=\"application\/ld+json\" class=\"yoast-schema-graph\">{\"@context\":\"https:\/\/schema.org\",\"@graph\":[{\"@type\":\"WebPage\",\"@id\":\"https:\/\/filtreau.nl\/product\/filtreau-uv-c-titan-salt-res-120w\/\",\"url\":\"https:\/\/filtreau.nl\/product\/filtreau-uv-c-titan-salt-res-120w\/\",\"name\":\"Filtreau UV-C Titan (Salt Res.) 120W - Filtreau\",\"isPartOf\":{\"@id\":\"https:\/\/filtreau.nl\/en\/#website\"},\"primaryImageOfPage\":{\"@id\":\"https:\/\/filtreau.nl\/product\/filtreau-uv-c-titan-salt-res-120w\/#primaryimage\"},\"image\":{\"@id\":\"https:\/\/filtreau.nl\/product\/filtreau-uv-c-titan-salt-res-120w\/#primaryimage\"},\"thumbnailUrl\":\"https:\/\/filtreau.nl\/wp-content\/uploads\/2024\/01\/Filtreau-UV-C-Titan.png\",\"datePublished\":\"2025-06-12T14:27:01+00:00\",\"dateModified\":\"2026-02-27T12:28:11+00:00\",\"breadcrumb\":{\"@id\":\"https:\/\/filtreau.nl\/product\/filtreau-uv-c-titan-salt-res-120w\/#breadcrumb\"},\"inLanguage\":\"es\",\"potentialAction\":[{\"@type\":\"ReadAction\",\"target\":[\"https:\/\/filtreau.nl\/product\/filtreau-uv-c-titan-salt-res-120w\/\"]}]},{\"@type\":\"ImageObject\",\"inLanguage\":\"es\",\"@id\":\"https:\/\/filtreau.nl\/product\/filtreau-uv-c-titan-salt-res-120w\/#primaryimage\",\"url\":\"https:\/\/filtreau.nl\/wp-content\/uploads\/2024\/01\/Filtreau-UV-C-Titan.png\",\"contentUrl\":\"https:\/\/filtreau.nl\/wp-content\/uploads\/2024\/01\/Filtreau-UV-C-Titan.png\",\"width\":1000,\"height\":1000},{\"@type\":\"BreadcrumbList\",\"@id\":\"https:\/\/filtreau.nl\/product\/filtreau-uv-c-titan-salt-res-120w\/#breadcrumb\",\"itemListElement\":[{\"@type\":\"ListItem\",\"position\":1,\"name\":\"Home\",\"item\":\"https:\/\/filtreau.nl\/\"},{\"@type\":\"ListItem\",\"position\":2,\"name\":\"Producten\",\"item\":\"https:\/\/filtreau.nl\/shop\/\"},{\"@type\":\"ListItem\",\"position\":3,\"name\":\"Filtreau UV-C Titan (Salt Res.) 120W\"}]},{\"@type\":\"WebSite\",\"@id\":\"https:\/\/filtreau.nl\/en\/#website\",\"url\":\"https:\/\/filtreau.nl\/en\/\",\"name\":\"Filtreau\",\"description\":\"Schoon en helder water voor vijvers en zwembaden\",\"potentialAction\":[{\"@type\":\"SearchAction\",\"target\":{\"@type\":\"EntryPoint\",\"urlTemplate\":\"https:\/\/filtreau.nl\/en\/?s={search_term_string}\"},\"query-input\":{\"@type\":\"PropertyValueSpecification\",\"valueRequired\":true,\"valueName\":\"search_term_string\"}}],\"inLanguage\":\"es\"}]}<\/script>\n<!-- \/ Yoast SEO plugin. -->","yoast_head_json":{"title":"Filtreau UV-C Titan (Salt Res.) 120W - Filtreau","robots":{"index":"index","follow":"follow","max-snippet":"max-snippet:-1","max-image-preview":"max-image-preview:large","max-video-preview":"max-video-preview:-1"},"canonical":"https:\/\/filtreau.nl\/es\/producto\/filtreau-uv-c-titan-salt-res-120w\/","og_locale":"es_ES","og_type":"article","og_title":"Filtreau UV-C Titan (Salt Res.) 120W - Filtreau","og_description":"UVT0003","og_url":"https:\/\/filtreau.nl\/es\/producto\/filtreau-uv-c-titan-salt-res-120w\/","og_site_name":"Filtreau","article_modified_time":"2026-02-27T12:28:11+00:00","og_image":[{"width":1000,"height":1000,"url":"https:\/\/filtreau.nl\/wp-content\/uploads\/2024\/01\/Filtreau-UV-C-Titan.png","type":"image\/png"}],"twitter_card":"summary_large_image","twitter_misc":{"Tiempo de lectura":"2 minutos"},"schema":{"@context":"https:\/\/schema.org","@graph":[{"@type":"WebPage","@id":"https:\/\/filtreau.nl\/product\/filtreau-uv-c-titan-salt-res-120w\/","url":"https:\/\/filtreau.nl\/product\/filtreau-uv-c-titan-salt-res-120w\/","name":"Filtreau UV-C Titan (Salt Res.) 120W - Filtreau","isPartOf":{"@id":"https:\/\/filtreau.nl\/en\/#website"},"primaryImageOfPage":{"@id":"https:\/\/filtreau.nl\/product\/filtreau-uv-c-titan-salt-res-120w\/#primaryimage"},"image":{"@id":"https:\/\/filtreau.nl\/product\/filtreau-uv-c-titan-salt-res-120w\/#primaryimage"},"thumbnailUrl":"https:\/\/filtreau.nl\/wp-content\/uploads\/2024\/01\/Filtreau-UV-C-Titan.png","datePublished":"2025-06-12T14:27:01+00:00","dateModified":"2026-02-27T12:28:11+00:00","breadcrumb":{"@id":"https:\/\/filtreau.nl\/product\/filtreau-uv-c-titan-salt-res-120w\/#breadcrumb"},"inLanguage":"es","potentialAction":[{"@type":"ReadAction","target":["https:\/\/filtreau.nl\/product\/filtreau-uv-c-titan-salt-res-120w\/"]}]},{"@type":"ImageObject","inLanguage":"es","@id":"https:\/\/filtreau.nl\/product\/filtreau-uv-c-titan-salt-res-120w\/#primaryimage","url":"https:\/\/filtreau.nl\/wp-content\/uploads\/2024\/01\/Filtreau-UV-C-Titan.png","contentUrl":"https:\/\/filtreau.nl\/wp-content\/uploads\/2024\/01\/Filtreau-UV-C-Titan.png","width":1000,"height":1000},{"@type":"BreadcrumbList","@id":"https:\/\/filtreau.nl\/product\/filtreau-uv-c-titan-salt-res-120w\/#breadcrumb","itemListElement":[{"@type":"ListItem","position":1,"name":"Home","item":"https:\/\/filtreau.nl\/"},{"@type":"ListItem","position":2,"name":"Producten","item":"https:\/\/filtreau.nl\/shop\/"},{"@type":"ListItem","position":3,"name":"Filtreau UV-C Titan (Salt Res.) 120W"}]},{"@type":"WebSite","@id":"https:\/\/filtreau.nl\/en\/#website","url":"https:\/\/filtreau.nl\/en\/","name":"Filtreau","description":"Schoon en helder water voor vijvers en zwembaden","potentialAction":[{"@type":"SearchAction","target":{"@type":"EntryPoint","urlTemplate":"https:\/\/filtreau.nl\/en\/?s={search_term_string}"},"query-input":{"@type":"PropertyValueSpecification","valueRequired":true,"valueName":"search_term_string"}}],"inLanguage":"es"}]}},"_links":{"self":[{"href":"https:\/\/filtreau.nl\/es\/wp-json\/wp\/v2\/product\/4038","targetHints":{"allow":["GET"]}}],"collection":[{"href":"https:\/\/filtreau.nl\/es\/wp-json\/wp\/v2\/product"}],"about":[{"href":"https:\/\/filtreau.nl\/es\/wp-json\/wp\/v2\/types\/product"}],"version-history":[{"count":6,"href":"https:\/\/filtreau.nl\/es\/wp-json\/wp\/v2\/product\/4038\/revisions"}],"predecessor-version":[{"id":15743,"href":"https:\/\/filtreau.nl\/es\/wp-json\/wp\/v2\/product\/4038\/revisions\/15743"}],"wp:featuredmedia":[{"embeddable":true,"href":"https:\/\/filtreau.nl\/es\/wp-json\/wp\/v2\/media\/5463"}],"wp:attachment":[{"href":"https:\/\/filtreau.nl\/es\/wp-json\/wp\/v2\/media?parent=4038"}],"wp:term":[{"taxonomy":"product_brand","embeddable":true,"href":"https:\/\/filtreau.nl\/es\/wp-json\/wp\/v2\/product_brand?post=4038"},{"taxonomy":"product_cat","embeddable":true,"href":"https:\/\/filtreau.nl\/es\/wp-json\/wp\/v2\/product_cat?post=4038"},{"taxonomy":"product_tag","embeddable":true,"href":"https:\/\/filtreau.nl\/es\/wp-json\/wp\/v2\/product_tag?post=4038"}],"curies":[{"name":"wp","href":"https:\/\/api.w.org\/{rel}","templated":true}]}}