{"id":4652,"date":"2025-06-12T14:26:50","date_gmt":"2025-06-12T14:26:50","guid":{"rendered":"https:\/\/filtreau.nl\/product\/filtreau-combi-2-spg-xl-gravity-jap-mats-incl-uvc\/"},"modified":"2026-02-27T09:41:11","modified_gmt":"2026-02-27T09:41:11","slug":"filtreau-combi-2-spg-xl-gravity-jap-mats-incl-uvc","status":"publish","type":"product","link":"https:\/\/filtreau.nl\/es\/producto\/filtreau-combi-2-spg-xl-gravity-jap-mats-incl-uvc\/","title":{"rendered":"Filtreau combi-2 SPG XL gravity (Jap. mats) incl. UVC"},"content":{"rendered":"<p>Aumente la claridad y la calidad del agua de su estanque con el COMBI AFTER de Filtreau Basic. Este sistema de filtraci\u00f3n, ideal para la filtraci\u00f3n mec\u00e1nica y biol\u00f3gica, garantiza un h\u00e1bitat \u00f3ptimo para toda la flora y fauna de su estanque.<\/p>","protected":false},"excerpt":{"rendered":"<p>Bevorder de helderheid en kwaliteit van uw vijverwater met de betaalbare COMBI-2 van Filtreau.<\/p>","protected":false},"featured_media":4355,"template":"","meta":{"_acf_changed":false,"wds_primary_product_brand":0,"wds_primary_product_cat":0},"product_brand":[],"product_cat":[490,453,147],"product_tag":[470],"class_list":{"0":"post-4652","1":"product","2":"type-product","3":"status-publish","4":"has-post-thumbnail","6":"product_cat-basic-lijn","7":"product_cat-gravity","8":"product_cat-filters","9":"product_tag-combi-drum","11":"first","12":"instock","13":"product-type-simple"},"acf":{"Maatvoering":4792,"handleiding":"","test_veld":"","type":"Gravity","lengte":"1005mm","breedte":"920mm","hoogte":"555mm","trommel":"\u00d8 400 x 430mm","max_flow":"15 m3","max_vijverinhoud":"30 m3","inlaat_in_mm":"2 x 110mm","uitlaat_in_mm":"1 x 110mm","spoel_pomp_intern":"","motor":"130Nm \/60 watt 220volt","uv-c_inbouwunit":"1 X 40 watt High-Output","luchtvoorziening":"","controlebox":"inclusief","beschrijving":"Bevorder de helderheid en kwaliteit van uw vijverwater met de betaalbare COMBIAFTER van Filtreau. Dit filtersysteem is ideaal voor zowel mechanische als biologische filtratie en draagt gegarandeerd bij aan een optimale leefomgeving voor al uw flora en fauna in uw vijver.","lange-beschrijving":"","beschrijving_2":"","watt":"","rc_stroom_voor_30_mjcm2":"","max_druk":"","diameter":"","diameter_in_outlet":"","behuizing":"","elektronische_belasting":"","maximale_stroom":"","vermogen_lamp":"","levensduur_lamp":"","hoeveelheid_volle_pallet":"","geschikt_voor_vijver":"","geschikt_voor_zwembad":"","lengte_uv":"","lengte_kabel":""},"yoast_head":"<!-- This site is optimized with the Yoast SEO plugin v26.6 - https:\/\/yoast.com\/wordpress\/plugins\/seo\/ -->\n<title>Filtreau combi-2 SPG XL gravity (Jap. mats) incl. UVC - Filtreau<\/title>\n<meta name=\"robots\" content=\"index, follow, max-snippet:-1, max-image-preview:large, max-video-preview:-1\" \/>\n<link rel=\"canonical\" href=\"https:\/\/filtreau.nl\/es\/producto\/filtreau-combi-2-spg-xl-gravity-jap-mats-incl-uvc\/\" \/>\n<meta property=\"og:locale\" content=\"es_ES\" \/>\n<meta property=\"og:type\" content=\"article\" \/>\n<meta property=\"og:title\" content=\"Filtreau combi-2 SPG XL gravity (Jap. mats) incl. UVC - Filtreau\" \/>\n<meta property=\"og:description\" content=\"Bevorder de helderheid en kwaliteit van uw vijverwater met de betaalbare COMBI-2 van Filtreau.\" \/>\n<meta property=\"og:url\" content=\"https:\/\/filtreau.nl\/es\/producto\/filtreau-combi-2-spg-xl-gravity-jap-mats-incl-uvc\/\" \/>\n<meta property=\"og:site_name\" content=\"Filtreau\" \/>\n<meta property=\"article:modified_time\" content=\"2026-02-27T09:41:11+00:00\" \/>\n<meta property=\"og:image\" content=\"https:\/\/filtreau.nl\/wp-content\/uploads\/2024\/01\/Combi-2-main-assembly-verkleind-1.png\" \/>\n\t<meta property=\"og:image:width\" content=\"1000\" \/>\n\t<meta property=\"og:image:height\" content=\"1000\" \/>\n\t<meta property=\"og:image:type\" content=\"image\/png\" \/>\n<meta name=\"twitter:card\" content=\"summary_large_image\" \/>\n<meta name=\"twitter:label1\" content=\"Tiempo de lectura\" \/>\n\t<meta name=\"twitter:data1\" content=\"1 minuto\" \/>\n<script type=\"application\/ld+json\" class=\"yoast-schema-graph\">{\"@context\":\"https:\/\/schema.org\",\"@graph\":[{\"@type\":\"WebPage\",\"@id\":\"https:\/\/filtreau.nl\/product\/filtreau-combi-2-spg-xl-gravity-jap-mats-incl-uvc\/\",\"url\":\"https:\/\/filtreau.nl\/product\/filtreau-combi-2-spg-xl-gravity-jap-mats-incl-uvc\/\",\"name\":\"Filtreau combi-2 SPG XL gravity (Jap. mats) incl. UVC - Filtreau\",\"isPartOf\":{\"@id\":\"https:\/\/filtreau.nl\/en\/#website\"},\"primaryImageOfPage\":{\"@id\":\"https:\/\/filtreau.nl\/product\/filtreau-combi-2-spg-xl-gravity-jap-mats-incl-uvc\/#primaryimage\"},\"image\":{\"@id\":\"https:\/\/filtreau.nl\/product\/filtreau-combi-2-spg-xl-gravity-jap-mats-incl-uvc\/#primaryimage\"},\"thumbnailUrl\":\"https:\/\/filtreau.nl\/wp-content\/uploads\/2024\/01\/Combi-2-main-assembly-verkleind-1.png\",\"datePublished\":\"2025-06-12T14:26:50+00:00\",\"dateModified\":\"2026-02-27T09:41:11+00:00\",\"breadcrumb\":{\"@id\":\"https:\/\/filtreau.nl\/product\/filtreau-combi-2-spg-xl-gravity-jap-mats-incl-uvc\/#breadcrumb\"},\"inLanguage\":\"es\",\"potentialAction\":[{\"@type\":\"ReadAction\",\"target\":[\"https:\/\/filtreau.nl\/product\/filtreau-combi-2-spg-xl-gravity-jap-mats-incl-uvc\/\"]}]},{\"@type\":\"ImageObject\",\"inLanguage\":\"es\",\"@id\":\"https:\/\/filtreau.nl\/product\/filtreau-combi-2-spg-xl-gravity-jap-mats-incl-uvc\/#primaryimage\",\"url\":\"https:\/\/filtreau.nl\/wp-content\/uploads\/2024\/01\/Combi-2-main-assembly-verkleind-1.png\",\"contentUrl\":\"https:\/\/filtreau.nl\/wp-content\/uploads\/2024\/01\/Combi-2-main-assembly-verkleind-1.png\",\"width\":1000,\"height\":1000},{\"@type\":\"BreadcrumbList\",\"@id\":\"https:\/\/filtreau.nl\/product\/filtreau-combi-2-spg-xl-gravity-jap-mats-incl-uvc\/#breadcrumb\",\"itemListElement\":[{\"@type\":\"ListItem\",\"position\":1,\"name\":\"Home\",\"item\":\"https:\/\/filtreau.nl\/\"},{\"@type\":\"ListItem\",\"position\":2,\"name\":\"Producten\",\"item\":\"https:\/\/filtreau.nl\/shop\/\"},{\"@type\":\"ListItem\",\"position\":3,\"name\":\"Filtreau combi-2 SPG XL gravity (Jap. mats) incl. UVC\"}]},{\"@type\":\"WebSite\",\"@id\":\"https:\/\/filtreau.nl\/en\/#website\",\"url\":\"https:\/\/filtreau.nl\/en\/\",\"name\":\"Filtreau\",\"description\":\"Schoon en helder water voor vijvers en zwembaden\",\"potentialAction\":[{\"@type\":\"SearchAction\",\"target\":{\"@type\":\"EntryPoint\",\"urlTemplate\":\"https:\/\/filtreau.nl\/en\/?s={search_term_string}\"},\"query-input\":{\"@type\":\"PropertyValueSpecification\",\"valueRequired\":true,\"valueName\":\"search_term_string\"}}],\"inLanguage\":\"es\"}]}<\/script>\n<!-- \/ Yoast SEO plugin. -->","yoast_head_json":{"title":"Filtreau combi-2 SPG XL gravity (Jap. mats) incl. UVC - Filtreau","robots":{"index":"index","follow":"follow","max-snippet":"max-snippet:-1","max-image-preview":"max-image-preview:large","max-video-preview":"max-video-preview:-1"},"canonical":"https:\/\/filtreau.nl\/es\/producto\/filtreau-combi-2-spg-xl-gravity-jap-mats-incl-uvc\/","og_locale":"es_ES","og_type":"article","og_title":"Filtreau combi-2 SPG XL gravity (Jap. mats) incl. UVC - Filtreau","og_description":"Bevorder de helderheid en kwaliteit van uw vijverwater met de betaalbare COMBI-2 van Filtreau.","og_url":"https:\/\/filtreau.nl\/es\/producto\/filtreau-combi-2-spg-xl-gravity-jap-mats-incl-uvc\/","og_site_name":"Filtreau","article_modified_time":"2026-02-27T09:41:11+00:00","og_image":[{"width":1000,"height":1000,"url":"https:\/\/filtreau.nl\/wp-content\/uploads\/2024\/01\/Combi-2-main-assembly-verkleind-1.png","type":"image\/png"}],"twitter_card":"summary_large_image","twitter_misc":{"Tiempo de lectura":"1 minuto"},"schema":{"@context":"https:\/\/schema.org","@graph":[{"@type":"WebPage","@id":"https:\/\/filtreau.nl\/product\/filtreau-combi-2-spg-xl-gravity-jap-mats-incl-uvc\/","url":"https:\/\/filtreau.nl\/product\/filtreau-combi-2-spg-xl-gravity-jap-mats-incl-uvc\/","name":"Filtreau combi-2 SPG XL gravity (Jap. mats) incl. UVC - Filtreau","isPartOf":{"@id":"https:\/\/filtreau.nl\/en\/#website"},"primaryImageOfPage":{"@id":"https:\/\/filtreau.nl\/product\/filtreau-combi-2-spg-xl-gravity-jap-mats-incl-uvc\/#primaryimage"},"image":{"@id":"https:\/\/filtreau.nl\/product\/filtreau-combi-2-spg-xl-gravity-jap-mats-incl-uvc\/#primaryimage"},"thumbnailUrl":"https:\/\/filtreau.nl\/wp-content\/uploads\/2024\/01\/Combi-2-main-assembly-verkleind-1.png","datePublished":"2025-06-12T14:26:50+00:00","dateModified":"2026-02-27T09:41:11+00:00","breadcrumb":{"@id":"https:\/\/filtreau.nl\/product\/filtreau-combi-2-spg-xl-gravity-jap-mats-incl-uvc\/#breadcrumb"},"inLanguage":"es","potentialAction":[{"@type":"ReadAction","target":["https:\/\/filtreau.nl\/product\/filtreau-combi-2-spg-xl-gravity-jap-mats-incl-uvc\/"]}]},{"@type":"ImageObject","inLanguage":"es","@id":"https:\/\/filtreau.nl\/product\/filtreau-combi-2-spg-xl-gravity-jap-mats-incl-uvc\/#primaryimage","url":"https:\/\/filtreau.nl\/wp-content\/uploads\/2024\/01\/Combi-2-main-assembly-verkleind-1.png","contentUrl":"https:\/\/filtreau.nl\/wp-content\/uploads\/2024\/01\/Combi-2-main-assembly-verkleind-1.png","width":1000,"height":1000},{"@type":"BreadcrumbList","@id":"https:\/\/filtreau.nl\/product\/filtreau-combi-2-spg-xl-gravity-jap-mats-incl-uvc\/#breadcrumb","itemListElement":[{"@type":"ListItem","position":1,"name":"Home","item":"https:\/\/filtreau.nl\/"},{"@type":"ListItem","position":2,"name":"Producten","item":"https:\/\/filtreau.nl\/shop\/"},{"@type":"ListItem","position":3,"name":"Filtreau combi-2 SPG XL gravity (Jap. mats) incl. UVC"}]},{"@type":"WebSite","@id":"https:\/\/filtreau.nl\/en\/#website","url":"https:\/\/filtreau.nl\/en\/","name":"Filtreau","description":"Schoon en helder water voor vijvers en zwembaden","potentialAction":[{"@type":"SearchAction","target":{"@type":"EntryPoint","urlTemplate":"https:\/\/filtreau.nl\/en\/?s={search_term_string}"},"query-input":{"@type":"PropertyValueSpecification","valueRequired":true,"valueName":"search_term_string"}}],"inLanguage":"es"}]}},"jetpack_sharing_enabled":true,"_links":{"self":[{"href":"https:\/\/filtreau.nl\/es\/wp-json\/wp\/v2\/product\/4652","targetHints":{"allow":["GET"]}}],"collection":[{"href":"https:\/\/filtreau.nl\/es\/wp-json\/wp\/v2\/product"}],"about":[{"href":"https:\/\/filtreau.nl\/es\/wp-json\/wp\/v2\/types\/product"}],"version-history":[{"count":5,"href":"https:\/\/filtreau.nl\/es\/wp-json\/wp\/v2\/product\/4652\/revisions"}],"predecessor-version":[{"id":15616,"href":"https:\/\/filtreau.nl\/es\/wp-json\/wp\/v2\/product\/4652\/revisions\/15616"}],"wp:featuredmedia":[{"embeddable":true,"href":"https:\/\/filtreau.nl\/es\/wp-json\/wp\/v2\/media\/4355"}],"wp:attachment":[{"href":"https:\/\/filtreau.nl\/es\/wp-json\/wp\/v2\/media?parent=4652"}],"wp:term":[{"taxonomy":"product_brand","embeddable":true,"href":"https:\/\/filtreau.nl\/es\/wp-json\/wp\/v2\/product_brand?post=4652"},{"taxonomy":"product_cat","embeddable":true,"href":"https:\/\/filtreau.nl\/es\/wp-json\/wp\/v2\/product_cat?post=4652"},{"taxonomy":"product_tag","embeddable":true,"href":"https:\/\/filtreau.nl\/es\/wp-json\/wp\/v2\/product_tag?post=4652"}],"curies":[{"name":"wp","href":"https:\/\/api.w.org\/{rel}","templated":true}]}}