{"id":6007,"date":"2025-06-12T13:26:03","date_gmt":"2025-06-12T13:26:03","guid":{"rendered":"https:\/\/filtreau.nl\/product\/combi-drum-25-30-pump-2\/"},"modified":"2026-02-17T14:08:42","modified_gmt":"2026-02-17T14:08:42","slug":"combi-drum-20-25-pump-small","status":"publish","type":"product","link":"https:\/\/filtreau.nl\/es\/producto\/combi-drum-20-25-pump-small\/","title":{"rendered":"COMBI DRUM 20\/25 PUMP Small"},"content":{"rendered":"<p>Aumente la claridad y la calidad del agua de su estanque con el COMBI DRUM 25\/30 LOW de Filtreau Excellent. Este sistema de filtraci\u00f3n, ideal para la filtraci\u00f3n mec\u00e1nica y biol\u00f3gica, garantiza un h\u00e1bitat \u00f3ptimo para toda la flora y fauna de su estanque.<\/p>","protected":false},"excerpt":{"rendered":"<p>WMC09PPP<\/p>","protected":false},"featured_media":9765,"template":"","meta":{"_acf_changed":false,"wds_primary_product_brand":0,"wds_primary_product_cat":0},"product_brand":[],"product_cat":[654,454,147],"product_tag":[658],"class_list":{"0":"post-6007","1":"product","2":"type-product","3":"status-publish","4":"has-post-thumbnail","6":"product_cat-excellent-lijn","7":"product_cat-pomp","8":"product_cat-filters","9":"product_tag-wmc09ppp","11":"first","12":"instock","13":"product-type-variable","14":"has-default-attributes"},"acf":{"Maatvoering":13102,"handleiding":13751,"test_veld":"","type":"Pomp","lengte":"1200mm","breedte":"750mm","hoogte":"98,5mm","trommel":"\u00af 400 x 400mm","max_flow":"20 m3","max_vijverinhoud":"20 m3","inlaat_in_mm":"3 x 110mm","uitlaat_in_mm":"2 x 110mm","spoel_pomp_intern":"RVS 5 bar \/ 750watt 220 volt","motor":"130Nm \/60 watt 220volt","uv-c_inbouwunit":"2 x 40 watt H-O","luchtvoorziening":"2 x 50 x 300mm","controlebox":"inclusief","beschrijving":"Bevorder de helderheid en kwaliteit van uw vijverwater met de COMBI DRUM 20\/25 van Filtreau Excellent. Dit filtersysteem is ideaal voor zowel mechanische als biologische filtratie en draagt gegarandeerd bij aan een optimale leefomgeving voor al uw flora en fauna in uw vijver.","lange-beschrijving":"","beschrijving_2":"","watt":"","rc_stroom_voor_30_mjcm2":"","max_druk":"","diameter":"","diameter_in_outlet":"","behuizing":"","elektronische_belasting":"","maximale_stroom":"","vermogen_lamp":"","levensduur_lamp":"","hoeveelheid_volle_pallet":"","geschikt_voor_vijver":"","geschikt_voor_zwembad":"","lengte_uv":"","lengte_kabel":""},"yoast_head":"<!-- This site is optimized with the Yoast SEO plugin v26.6 - https:\/\/yoast.com\/wordpress\/plugins\/seo\/ -->\n<title>COMBI DRUM 20\/25 PUMP Small - Filtreau<\/title>\n<meta name=\"robots\" content=\"index, follow, max-snippet:-1, max-image-preview:large, max-video-preview:-1\" \/>\n<link rel=\"canonical\" href=\"https:\/\/filtreau.nl\/es\/producto\/combi-drum-20-25-pump-small\/\" \/>\n<meta property=\"og:locale\" content=\"es_ES\" \/>\n<meta property=\"og:type\" content=\"article\" \/>\n<meta property=\"og:title\" content=\"COMBI DRUM 20\/25 PUMP Small - Filtreau\" \/>\n<meta property=\"og:description\" content=\"WMC09PPP\" \/>\n<meta property=\"og:url\" content=\"https:\/\/filtreau.nl\/es\/producto\/combi-drum-20-25-pump-small\/\" \/>\n<meta property=\"og:site_name\" content=\"Filtreau\" \/>\n<meta property=\"article:modified_time\" content=\"2026-02-17T14:08:42+00:00\" \/>\n<meta property=\"og:image\" content=\"https:\/\/filtreau.nl\/wp-content\/uploads\/2024\/11\/WMC09PPP-2-filters.png\" \/>\n\t<meta property=\"og:image:width\" content=\"1000\" \/>\n\t<meta property=\"og:image:height\" content=\"1000\" \/>\n\t<meta property=\"og:image:type\" content=\"image\/png\" \/>\n<meta name=\"twitter:card\" content=\"summary_large_image\" \/>\n<meta name=\"twitter:label1\" content=\"Tiempo de lectura\" \/>\n\t<meta name=\"twitter:data1\" content=\"1 minuto\" \/>\n<script type=\"application\/ld+json\" class=\"yoast-schema-graph\">{\"@context\":\"https:\/\/schema.org\",\"@graph\":[{\"@type\":\"WebPage\",\"@id\":\"https:\/\/filtreau.nl\/product\/combi-drum-20-25-pump-small\/\",\"url\":\"https:\/\/filtreau.nl\/product\/combi-drum-20-25-pump-small\/\",\"name\":\"COMBI DRUM 20\/25 PUMP Small - Filtreau\",\"isPartOf\":{\"@id\":\"https:\/\/filtreau.nl\/en\/#website\"},\"primaryImageOfPage\":{\"@id\":\"https:\/\/filtreau.nl\/product\/combi-drum-20-25-pump-small\/#primaryimage\"},\"image\":{\"@id\":\"https:\/\/filtreau.nl\/product\/combi-drum-20-25-pump-small\/#primaryimage\"},\"thumbnailUrl\":\"https:\/\/filtreau.nl\/wp-content\/uploads\/2024\/11\/WMC09PPP-2-filters.png\",\"datePublished\":\"2025-06-12T13:26:03+00:00\",\"dateModified\":\"2026-02-17T14:08:42+00:00\",\"breadcrumb\":{\"@id\":\"https:\/\/filtreau.nl\/product\/combi-drum-20-25-pump-small\/#breadcrumb\"},\"inLanguage\":\"es\",\"potentialAction\":[{\"@type\":\"ReadAction\",\"target\":[\"https:\/\/filtreau.nl\/product\/combi-drum-20-25-pump-small\/\"]}]},{\"@type\":\"ImageObject\",\"inLanguage\":\"es\",\"@id\":\"https:\/\/filtreau.nl\/product\/combi-drum-20-25-pump-small\/#primaryimage\",\"url\":\"https:\/\/filtreau.nl\/wp-content\/uploads\/2024\/11\/WMC09PPP-2-filters.png\",\"contentUrl\":\"https:\/\/filtreau.nl\/wp-content\/uploads\/2024\/11\/WMC09PPP-2-filters.png\",\"width\":1000,\"height\":1000},{\"@type\":\"BreadcrumbList\",\"@id\":\"https:\/\/filtreau.nl\/product\/combi-drum-20-25-pump-small\/#breadcrumb\",\"itemListElement\":[{\"@type\":\"ListItem\",\"position\":1,\"name\":\"Home\",\"item\":\"https:\/\/filtreau.nl\/\"},{\"@type\":\"ListItem\",\"position\":2,\"name\":\"Producten\",\"item\":\"https:\/\/filtreau.nl\/shop\/\"},{\"@type\":\"ListItem\",\"position\":3,\"name\":\"COMBI DRUM 20\/25 PUMP Small\"}]},{\"@type\":\"WebSite\",\"@id\":\"https:\/\/filtreau.nl\/en\/#website\",\"url\":\"https:\/\/filtreau.nl\/en\/\",\"name\":\"Filtreau\",\"description\":\"Schoon en helder water voor vijvers en zwembaden\",\"potentialAction\":[{\"@type\":\"SearchAction\",\"target\":{\"@type\":\"EntryPoint\",\"urlTemplate\":\"https:\/\/filtreau.nl\/en\/?s={search_term_string}\"},\"query-input\":{\"@type\":\"PropertyValueSpecification\",\"valueRequired\":true,\"valueName\":\"search_term_string\"}}],\"inLanguage\":\"es\"}]}<\/script>\n<!-- \/ Yoast SEO plugin. -->","yoast_head_json":{"title":"COMBI DRUM 20\/25 PUMP Small - Filtreau","robots":{"index":"index","follow":"follow","max-snippet":"max-snippet:-1","max-image-preview":"max-image-preview:large","max-video-preview":"max-video-preview:-1"},"canonical":"https:\/\/filtreau.nl\/es\/producto\/combi-drum-20-25-pump-small\/","og_locale":"es_ES","og_type":"article","og_title":"COMBI DRUM 20\/25 PUMP Small - Filtreau","og_description":"WMC09PPP","og_url":"https:\/\/filtreau.nl\/es\/producto\/combi-drum-20-25-pump-small\/","og_site_name":"Filtreau","article_modified_time":"2026-02-17T14:08:42+00:00","og_image":[{"width":1000,"height":1000,"url":"https:\/\/filtreau.nl\/wp-content\/uploads\/2024\/11\/WMC09PPP-2-filters.png","type":"image\/png"}],"twitter_card":"summary_large_image","twitter_misc":{"Tiempo de lectura":"1 minuto"},"schema":{"@context":"https:\/\/schema.org","@graph":[{"@type":"WebPage","@id":"https:\/\/filtreau.nl\/product\/combi-drum-20-25-pump-small\/","url":"https:\/\/filtreau.nl\/product\/combi-drum-20-25-pump-small\/","name":"COMBI DRUM 20\/25 PUMP Small - Filtreau","isPartOf":{"@id":"https:\/\/filtreau.nl\/en\/#website"},"primaryImageOfPage":{"@id":"https:\/\/filtreau.nl\/product\/combi-drum-20-25-pump-small\/#primaryimage"},"image":{"@id":"https:\/\/filtreau.nl\/product\/combi-drum-20-25-pump-small\/#primaryimage"},"thumbnailUrl":"https:\/\/filtreau.nl\/wp-content\/uploads\/2024\/11\/WMC09PPP-2-filters.png","datePublished":"2025-06-12T13:26:03+00:00","dateModified":"2026-02-17T14:08:42+00:00","breadcrumb":{"@id":"https:\/\/filtreau.nl\/product\/combi-drum-20-25-pump-small\/#breadcrumb"},"inLanguage":"es","potentialAction":[{"@type":"ReadAction","target":["https:\/\/filtreau.nl\/product\/combi-drum-20-25-pump-small\/"]}]},{"@type":"ImageObject","inLanguage":"es","@id":"https:\/\/filtreau.nl\/product\/combi-drum-20-25-pump-small\/#primaryimage","url":"https:\/\/filtreau.nl\/wp-content\/uploads\/2024\/11\/WMC09PPP-2-filters.png","contentUrl":"https:\/\/filtreau.nl\/wp-content\/uploads\/2024\/11\/WMC09PPP-2-filters.png","width":1000,"height":1000},{"@type":"BreadcrumbList","@id":"https:\/\/filtreau.nl\/product\/combi-drum-20-25-pump-small\/#breadcrumb","itemListElement":[{"@type":"ListItem","position":1,"name":"Home","item":"https:\/\/filtreau.nl\/"},{"@type":"ListItem","position":2,"name":"Producten","item":"https:\/\/filtreau.nl\/shop\/"},{"@type":"ListItem","position":3,"name":"COMBI DRUM 20\/25 PUMP Small"}]},{"@type":"WebSite","@id":"https:\/\/filtreau.nl\/en\/#website","url":"https:\/\/filtreau.nl\/en\/","name":"Filtreau","description":"Schoon en helder water voor vijvers en zwembaden","potentialAction":[{"@type":"SearchAction","target":{"@type":"EntryPoint","urlTemplate":"https:\/\/filtreau.nl\/en\/?s={search_term_string}"},"query-input":{"@type":"PropertyValueSpecification","valueRequired":true,"valueName":"search_term_string"}}],"inLanguage":"es"}]}},"_links":{"self":[{"href":"https:\/\/filtreau.nl\/es\/wp-json\/wp\/v2\/product\/6007","targetHints":{"allow":["GET"]}}],"collection":[{"href":"https:\/\/filtreau.nl\/es\/wp-json\/wp\/v2\/product"}],"about":[{"href":"https:\/\/filtreau.nl\/es\/wp-json\/wp\/v2\/types\/product"}],"version-history":[{"count":18,"href":"https:\/\/filtreau.nl\/es\/wp-json\/wp\/v2\/product\/6007\/revisions"}],"predecessor-version":[{"id":15428,"href":"https:\/\/filtreau.nl\/es\/wp-json\/wp\/v2\/product\/6007\/revisions\/15428"}],"wp:featuredmedia":[{"embeddable":true,"href":"https:\/\/filtreau.nl\/es\/wp-json\/wp\/v2\/media\/9765"}],"wp:attachment":[{"href":"https:\/\/filtreau.nl\/es\/wp-json\/wp\/v2\/media?parent=6007"}],"wp:term":[{"taxonomy":"product_brand","embeddable":true,"href":"https:\/\/filtreau.nl\/es\/wp-json\/wp\/v2\/product_brand?post=6007"},{"taxonomy":"product_cat","embeddable":true,"href":"https:\/\/filtreau.nl\/es\/wp-json\/wp\/v2\/product_cat?post=6007"},{"taxonomy":"product_tag","embeddable":true,"href":"https:\/\/filtreau.nl\/es\/wp-json\/wp\/v2\/product_tag?post=6007"}],"curies":[{"name":"wp","href":"https:\/\/api.w.org\/{rel}","templated":true}]}}