{"id":17,"date":"2024-01-03T18:38:02","date_gmt":"2024-01-03T18:38:02","guid":{"rendered":"https:\/\/filtreau.nl\/my-account\/"},"modified":"2025-08-27T10:17:55","modified_gmt":"2025-08-27T10:17:55","slug":"mon-compte","status":"publish","type":"page","link":"https:\/\/filtreau.nl\/fr\/mon-compte\/","title":{"rendered":"Mon compte"},"content":{"rendered":"<div data-elementor-type=\"wp-page\" data-elementor-id=\"17\" class=\"elementor elementor-17\" data-elementor-post-type=\"page\">\n\t\t\t\t<div class=\"elementor-element elementor-element-8125734 e-flex e-con-boxed e-con e-parent\" data-id=\"8125734\" data-element_type=\"container\">\n\t\t\t\t\t<div class=\"e-con-inner\">\n\t\t<div class=\"elementor-element elementor-element-24b30b6 e-con-full e-flex e-con e-child\" data-id=\"24b30b6\" data-element_type=\"container\">\n\t\t\t\t<div class=\"elementor-element elementor-element-db00988 elementor-widget elementor-widget-text-editor\" data-id=\"db00988\" data-element_type=\"widget\" data-widget_type=\"text-editor.default\">\n\t\t\t\t<div class=\"elementor-widget-container\">\n\t\t\t\t\t\t\t\t\t<p><div class=\"woocommerce\"><\/div><\/p>\n\t\t\t\t\t\t\t\t<\/div>\n\t\t\t\t<\/div>\n\t\t\t\t<\/div>\n\t\t<div class=\"elementor-element elementor-element-164536f e-con-full e-flex e-con e-child\" data-id=\"164536f\" data-element_type=\"container\">\n\t\t<div class=\"elementor-element elementor-element-ceb9e20 e-con-full e-flex e-con e-child\" data-id=\"ceb9e20\" data-element_type=\"container\">\n\t\t<div class=\"elementor-element elementor-element-11cdfd9 e-con-full e-flex e-con e-child\" data-id=\"11cdfd9\" data-element_type=\"container\" data-settings=\"{&quot;background_background&quot;:&quot;classic&quot;}\">\n\t\t\t\t<div class=\"elementor-element elementor-element-951dea9 elementor-widget__width-inherit elementor-widget elementor-widget-hub_fancy_heading\" data-id=\"951dea9\" data-element_type=\"widget\" data-widget_type=\"hub_fancy_heading.default\">\n\t\t\t\t<div class=\"elementor-widget-container\">\n\t\t\t\t\t\n\t\t<div id=\"ld-fancy-heading-69d60bf019c74\" class=\"ld-fancy-heading pos-rel\">\n\t\t\t<h3 class=\"ld-fh-element d-inline-block pos-rel  elementor-heading-title lqd-highlight-classic lqd-highlight-grow-left h3\"  > Devenez revendeur Filtreau<\/h3>\t\t<\/div>\n\n\t\t\t\t\t\t<\/div>\n\t\t\t\t<\/div>\n\t\t\t\t<div class=\"elementor-element elementor-element-300d216 elementor-widget elementor-widget-text-editor\" data-id=\"300d216\" data-element_type=\"widget\" data-widget_type=\"text-editor.default\">\n\t\t\t\t<div class=\"elementor-widget-container\">\n\t\t\t\t\t\t\t\t\t<p>Pour consulter nos prix, vous devez \u00eatre connect\u00e9 avec un compte client v\u00e9rifi\u00e9.<\/p>\n<p>Vous n\u2019avez pas encore de compte\u202f? Demandez simplement un compte client via le formulaire d\u2019inscription. Apr\u00e8s approbation, vous recevrez un acc\u00e8s complet \u00e0 nos informations produit, y compris les prix.<\/p>\t\t\t\t\t\t\t\t<\/div>\n\t\t\t\t<\/div>\n\t\t\t\t<div class=\"elementor-element elementor-element-65568d8 elementor-widget elementor-widget-ld_button\" data-id=\"65568d8\" data-element_type=\"widget\" data-widget_type=\"ld_button.default\">\n\t\t\t\t<div class=\"elementor-widget-container\">\n\t\t\t\t\t\n\t\t\t<a\n\t\t\t\thref=\"#elementor-action%3Aaction%3Dpopup%3Aopen%26settings%3DeyJpZCI6IjQ1MjIiLCJ0b2dnbGUiOmZhbHNlfQ%3D%3D\"class=\"elementor-button btn btn-solid btn-sm btn-icon-right btn-has-label\"\t\t\t>\n\t\t\t\t\t\t\t\t\t<span data-text=\"Start onboarding\" class=\"btn-txt\">\n\t\t\t\t\t\tD\u00e9marrer l\u2019int\u00e9gration\t\t\t\t\t<\/span>\n\t\t\t\t\t\t\t\t\t\t\t\t\t\t<span class=\"btn-icon\">\n\t\t\t\t\t\t\t<i aria-hidden=\"true\" class=\"lqd-icn-ess icon-ion-ios-arrow-forward\"><\/i>\t\t\t\t\t\t<\/span>\n\t\t\t\t\t\t\t\t\t<\/a>\n\t\t\t\t\t\t\t<\/div>\n\t\t\t\t<\/div>\n\t\t\t\t<\/div>\n\t\t\t\t<\/div>\n\t\t\t\t<div class=\"elementor-element elementor-element-bd8d3f8 elementor-widget__width-inherit elementor-widget elementor-widget-hub_fancy_heading\" data-id=\"bd8d3f8\" data-element_type=\"widget\" data-widget_type=\"hub_fancy_heading.default\">\n\t\t\t\t<div class=\"elementor-widget-container\">\n\t\t\t\t\t\n\t\t<div id=\"ld-fancy-heading-69d60bf01a859\" class=\"ld-fancy-heading pos-rel\">\n\t\t\t<h3 class=\"ld-fh-element d-inline-block pos-rel  elementor-heading-title lqd-highlight-classic lqd-highlight-grow-left h3\"  > Besoin d\u2019aide ?<\/h3>\t\t<\/div>\n\n\t\t\t\t\t\t<\/div>\n\t\t\t\t<\/div>\n\t\t\t\t<div class=\"elementor-element elementor-element-6cccc4b elementor-widget elementor-widget-ld_button\" data-id=\"6cccc4b\" data-element_type=\"widget\" data-widget_type=\"ld_button.default\">\n\t\t\t\t<div class=\"elementor-widget-container\">\n\t\t\t\t\t\n\t\t\t<a\n\t\t\t\thref=\"https:\/\/filtreau.nl\/fr\/contact\/\"class=\"elementor-button btn btn-naked btn-icon-right btn-hover-reveal btn-has-label\"\t\t\t>\n\t\t\t\t\t\t\t\t\t<span data-text=\"Klantenservice\" class=\"btn-txt\">\n\t\t\t\t\t\tService \u00e0 la client\u00e8le\t\t\t\t\t<\/span>\n\t\t\t\t\t\t\t\t\t\t\t\t\t\t<span class=\"btn-icon\">\n\t\t\t\t\t\t\t<i aria-hidden=\"true\" class=\"lqd-icn-ess icon-ion-ios-arrow-forward\"><\/i>\t\t\t\t\t\t<\/span>\n\t\t\t\t\t\t\t\t\t<\/a>\n\t\t\t\t\t\t\t<\/div>\n\t\t\t\t<\/div>\n\t\t\t\t<div class=\"elementor-element elementor-element-6fdafab elementor-widget elementor-widget-ld_button\" data-id=\"6fdafab\" data-element_type=\"widget\" data-widget_type=\"ld_button.default\">\n\t\t\t\t<div class=\"elementor-widget-container\">\n\t\t\t\t\t\n\t\t\t<a\n\t\t\t\thref=\"https:\/\/filtreau.nl\/fr\/service-clientele\/\"class=\"elementor-button btn btn-naked btn-icon-right btn-hover-reveal btn-has-label\"\t\t\t>\n\t\t\t\t\t\t\t\t\t<span data-text=\"Veelgestelde vragen\" class=\"btn-txt\">\n\t\t\t\t\t\tQuestions fr\u00e9quemment pos\u00e9es\t\t\t\t\t<\/span>\n\t\t\t\t\t\t\t\t\t\t\t\t\t\t<span class=\"btn-icon\">\n\t\t\t\t\t\t\t<i aria-hidden=\"true\" class=\"lqd-icn-ess icon-ion-ios-arrow-forward\"><\/i>\t\t\t\t\t\t<\/span>\n\t\t\t\t\t\t\t\t\t<\/a>\n\t\t\t\t\t\t\t<\/div>\n\t\t\t\t<\/div>\n\t\t\t\t<\/div>\n\t\t\t\t\t<\/div>\n\t\t\t\t<\/div>\n\t\t<div class=\"elementor-element elementor-element-adf772c e-flex e-con-boxed e-con e-parent\" data-id=\"adf772c\" data-element_type=\"container\">\n\t\t\t\t\t<div class=\"e-con-inner\">\n\t\t\t\t<div class=\"elementor-element elementor-element-59ed09b elementor-widget elementor-widget-heading\" data-id=\"59ed09b\" data-element_type=\"widget\" data-widget_type=\"heading.default\">\n\t\t\t\t<div class=\"elementor-widget-container\">\n\t\t\t\t\t<h2 class=\"elementor-heading-title elementor-size-default\">Qualit\u00e9 et expertise\n<\/h2>\t\t\t\t<\/div>\n\t\t\t\t<\/div>\n\t\t\t\t<div class=\"elementor-element elementor-element-5fdadf5 elementor-widget elementor-widget-text-editor\" data-id=\"5fdadf5\" data-element_type=\"widget\" data-widget_type=\"text-editor.default\">\n\t\t\t\t<div class=\"elementor-widget-container\">\n\t\t\t\t\t\t\t\t\t<p>Filtreau est le principal sp\u00e9cialiste de la technologie UV-C et de la d\u00e9sinfection de l'eau. Avec plus de 40 ans d'exp\u00e9rience, nous sommes votre partenaire id\u00e9al pour tous vos besoins en mati\u00e8re de d\u00e9sinfection de l'eau.<\/p>\t\t\t\t\t\t\t\t<\/div>\n\t\t\t\t<\/div>\n\t\t<div class=\"elementor-element elementor-element-e223ddc e-con-full e-flex e-con e-child\" data-id=\"e223ddc\" data-element_type=\"container\">\n\t\t<div class=\"elementor-element elementor-element-42f9a55 e-con-full e-flex e-con e-child\" data-id=\"42f9a55\" data-element_type=\"container\" data-settings=\"{&quot;background_background&quot;:&quot;classic&quot;}\">\n\t\t\t\t<div class=\"elementor-element elementor-element-1228970 elementor-widget__width-initial elementor-widget elementor-widget-hub_fancy_heading\" data-id=\"1228970\" data-element_type=\"widget\" data-widget_type=\"hub_fancy_heading.default\">\n\t\t\t\t<div class=\"elementor-widget-container\">\n\t\t\t\t\t\n\t\t<div id=\"ld-fancy-heading-69d60bf01c4db\" class=\"ld-fancy-heading pos-rel\">\n\t\t\t<h3 class=\"ld-fh-element d-inline-block pos-rel  elementor-heading-title lqd-highlight-classic lqd-highlight-grow-left h3\"  > Livraison mondiale<\/h3>\t\t<\/div>\n\n\t\t\t\t\t\t<\/div>\n\t\t\t\t<\/div>\n\t\t\t\t<div class=\"elementor-element elementor-element-8233cba elementor-widget elementor-widget-ld_button\" data-id=\"8233cba\" data-element_type=\"widget\" data-widget_type=\"ld_button.default\">\n\t\t\t\t<div class=\"elementor-widget-container\">\n\t\t\t\t\t\n\t\t\t<a\n\t\t\t\thref=\"https:\/\/filtreau.nl\/fr\/sur-filtreau\/\"class=\"elementor-button btn btn-solid btn-sm btn-icon-right btn-has-label\"\t\t\t>\n\t\t\t\t\t\t\t\t\t<span data-text=\"Lees meer\" class=\"btn-txt\">\n\t\t\t\t\t\tEn savoir plus\t\t\t\t\t<\/span>\n\t\t\t\t\t\t\t\t\t\t\t\t\t\t<span class=\"btn-icon\">\n\t\t\t\t\t\t\t<i aria-hidden=\"true\" class=\"lqd-icn-ess icon-ion-ios-arrow-forward\"><\/i>\t\t\t\t\t\t<\/span>\n\t\t\t\t\t\t\t\t\t<\/a>\n\t\t\t\t\t\t\t<\/div>\n\t\t\t\t<\/div>\n\t\t\t\t<div class=\"elementor-element elementor-element-f5a0d8c elementor-widget elementor-widget-text-editor\" data-id=\"f5a0d8c\" data-element_type=\"widget\" data-widget_type=\"text-editor.default\">\n\t\t\t\t<div class=\"elementor-widget-container\">\n\t\t\t\t\t\t\t\t\t<p>Wim\u00e4ca International con\u00e7oit et produit tous ses produits (Filtreau) aux Pays-Bas. Nous servons le march\u00e9 professionnel dans le monde entier et livrons des clients dans plus de 62 pays.<\/p>\t\t\t\t\t\t\t\t<\/div>\n\t\t\t\t<\/div>\n\t\t\t\t<\/div>\n\t\t<div class=\"elementor-element elementor-element-aa16a15 e-con-full e-flex e-con e-child\" data-id=\"aa16a15\" data-element_type=\"container\" data-settings=\"{&quot;background_background&quot;:&quot;classic&quot;}\">\n\t\t\t\t<div class=\"elementor-element elementor-element-0d40f15 elementor-widget__width-initial elementor-widget elementor-widget-hub_fancy_heading\" data-id=\"0d40f15\" data-element_type=\"widget\" data-widget_type=\"hub_fancy_heading.default\">\n\t\t\t\t<div class=\"elementor-widget-container\">\n\t\t\t\t\t\n\t\t<div id=\"ld-fancy-heading-69d60bf01cf9b\" class=\"ld-fancy-heading pos-rel\">\n\t\t\t<h3 class=\"ld-fh-element d-inline-block pos-rel  elementor-heading-title lqd-highlight-classic lqd-highlight-grow-left h3\"  > Marque priv\u00e9<\/h3>\t\t<\/div>\n\n\t\t\t\t\t\t<\/div>\n\t\t\t\t<\/div>\n\t\t\t\t<div class=\"elementor-element elementor-element-38ee673 elementor-widget elementor-widget-text-editor\" data-id=\"38ee673\" data-element_type=\"widget\" data-widget_type=\"text-editor.default\">\n\t\t\t\t<div class=\"elementor-widget-container\">\n\t\t\t\t\t\t\t\t\t<p>Commercialiser nos produits sous votre propre marque ? C'est possible chez Wim\u00e4ca ! Ensemble, nous examinerons vos besoins et nous pourrons mettre nos produits enti\u00e8rement \u00e0 votre image.\u00a0<\/p>\t\t\t\t\t\t\t\t<\/div>\n\t\t\t\t<\/div>\n\t\t\t\t<div class=\"elementor-element elementor-element-d7a03dc elementor-widget elementor-widget-ld_button\" data-id=\"d7a03dc\" data-element_type=\"widget\" data-widget_type=\"ld_button.default\">\n\t\t\t\t<div class=\"elementor-widget-container\">\n\t\t\t\t\t\n\t\t\t<a\n\t\t\t\thref=\"E-mail: info@wimaca.nl\"class=\"elementor-button btn btn-solid btn-sm btn-icon-right btn-has-label\"\t\t\t>\n\t\t\t\t\t\t\t\t\t<span data-text=\"Neem contact op\" class=\"btn-txt\">\n\t\t\t\t\t\tContactez nous\t\t\t\t\t<\/span>\n\t\t\t\t\t\t\t\t\t\t\t\t\t\t<span class=\"btn-icon\">\n\t\t\t\t\t\t\t<i aria-hidden=\"true\" class=\"lqd-icn-ess icon-ion-ios-arrow-forward\"><\/i>\t\t\t\t\t\t<\/span>\n\t\t\t\t\t\t\t\t\t<\/a>\n\t\t\t\t\t\t\t<\/div>\n\t\t\t\t<\/div>\n\t\t\t\t<\/div>\n\t\t<div class=\"elementor-element elementor-element-0112dec e-con-full e-flex e-con e-child\" data-id=\"0112dec\" data-element_type=\"container\" data-settings=\"{&quot;background_background&quot;:&quot;classic&quot;}\">\n\t\t\t\t<div class=\"elementor-element elementor-element-b69b83a elementor-widget__width-initial elementor-widget elementor-widget-hub_fancy_heading\" data-id=\"b69b83a\" data-element_type=\"widget\" data-widget_type=\"hub_fancy_heading.default\">\n\t\t\t\t<div class=\"elementor-widget-container\">\n\t\t\t\t\t\n\t\t<div id=\"ld-fancy-heading-69d60bf01da2b\" class=\"ld-fancy-heading pos-rel\">\n\t\t\t<h3 class=\"ld-fh-element d-inline-block pos-rel  elementor-heading-title lqd-highlight-classic lqd-highlight-grow-left h3\"  > Catalogue 2025<\/h3>\t\t<\/div>\n\n\t\t\t\t\t\t<\/div>\n\t\t\t\t<\/div>\n\t\t\t\t<div class=\"elementor-element elementor-element-07bd7b6 elementor-widget elementor-widget-ld_button\" data-id=\"07bd7b6\" data-element_type=\"widget\" data-widget_type=\"ld_button.default\">\n\t\t\t\t<div class=\"elementor-widget-container\">\n\t\t\t\t\t\n\t\t\t<a\n\t\t\t\thref=\"https:\/\/filtreau.nl\/fr\/download-catalogus\/\"class=\"elementor-button btn btn-solid btn-sm btn-icon-right btn-has-label\"\t\t\t>\n\t\t\t\t\t\t\t\t\t<span data-text=\"Download catalogus\" class=\"btn-txt\">\n\t\t\t\t\t\tT\u00e9l\u00e9charger catalogue\t\t\t\t\t<\/span>\n\t\t\t\t\t\t\t\t\t\t\t\t\t\t<span class=\"btn-icon\">\n\t\t\t\t\t\t\t<i aria-hidden=\"true\" class=\"lqd-icn-ess icon-ion-ios-arrow-forward\"><\/i>\t\t\t\t\t\t<\/span>\n\t\t\t\t\t\t\t\t\t<\/a>\n\t\t\t\t\t\t\t<\/div>\n\t\t\t\t<\/div>\n\t\t\t\t<div class=\"elementor-element elementor-element-e721b8a elementor-widget elementor-widget-text-editor\" data-id=\"e721b8a\" data-element_type=\"widget\" data-widget_type=\"text-editor.default\">\n\t\t\t\t<div class=\"elementor-widget-container\">\n\t\t\t\t\t\t\t\t\t<p>D\u00e9couvrez la gamme compl\u00e8te de Filtreau. Dans le catalogue, vous trouverez tout ce qu\u2019il faut en mati\u00e8re de syst\u00e8mes de filtration, \u00e9clairage UV-C et accessoires pour un \u00e9tang clair et sain.<\/p>\t\t\t\t\t\t\t\t<\/div>\n\t\t\t\t<\/div>\n\t\t\t\t<\/div>\n\t\t\t\t<\/div>\n\t\t\t\t\t<\/div>\n\t\t\t\t<\/div>\n\t\t\t\t<\/div>","protected":false},"excerpt":{"rendered":"<p>Mijn Filtreau We zijn er om te helpen! Hulp nodig? Heb je vragen over onze producten, vragen over een bestelling, of wil je feedback wilt geven over jouw ervaring met Filtreau, we staan klaar om je te helpen. \u00a0We streven ernaar om al je vragen snel en effici\u00ebnt te beantwoorden. Aarzel niet om contact met [&hellip;]<\/p>","protected":false},"author":1,"featured_media":0,"parent":0,"menu_order":0,"comment_status":"closed","ping_status":"closed","template":"","meta":{"_acf_changed":false,"footnotes":""},"class_list":["post-17","page","type-page","status-publish","hentry"],"acf":[],"yoast_head":"<!-- This site is optimized with the Yoast SEO plugin v26.6 - https:\/\/yoast.com\/wordpress\/plugins\/seo\/ -->\n<title>Mijn account - Filtreau<\/title>\n<meta name=\"robots\" content=\"index, follow, max-snippet:-1, max-image-preview:large, max-video-preview:-1\" \/>\n<link rel=\"canonical\" href=\"https:\/\/filtreau.nl\/fr\/mon-compte\/\" \/>\n<meta property=\"og:locale\" content=\"fr_FR\" \/>\n<meta property=\"og:type\" content=\"article\" \/>\n<meta property=\"og:title\" content=\"Mijn account - Filtreau\" \/>\n<meta property=\"og:description\" content=\"Mijn Filtreau We zijn er om te helpen! Hulp nodig? Heb je vragen over onze producten, vragen over een bestelling, of wil je feedback wilt geven over jouw ervaring met Filtreau, we staan klaar om je te helpen. \u00a0We streven ernaar om al je vragen snel en effici\u00ebnt te beantwoorden. Aarzel niet om contact met [&hellip;]\" \/>\n<meta property=\"og:url\" content=\"https:\/\/filtreau.nl\/fr\/mon-compte\/\" \/>\n<meta property=\"og:site_name\" content=\"Filtreau\" \/>\n<meta property=\"article:modified_time\" content=\"2025-08-27T10:17:55+00:00\" \/>\n<meta name=\"twitter:card\" content=\"summary_large_image\" \/>\n<meta name=\"twitter:label1\" content=\"Dur\u00e9e de lecture estim\u00e9e\" \/>\n\t<meta name=\"twitter:data1\" content=\"2 minutes\" \/>\n<script type=\"application\/ld+json\" class=\"yoast-schema-graph\">{\"@context\":\"https:\/\/schema.org\",\"@graph\":[{\"@type\":\"WebPage\",\"@id\":\"https:\/\/filtreau.nl\/my-account\/\",\"url\":\"https:\/\/filtreau.nl\/my-account\/\",\"name\":\"Mijn account - Filtreau\",\"isPartOf\":{\"@id\":\"https:\/\/filtreau.nl\/en\/#website\"},\"datePublished\":\"2024-01-03T18:38:02+00:00\",\"dateModified\":\"2025-08-27T10:17:55+00:00\",\"breadcrumb\":{\"@id\":\"https:\/\/filtreau.nl\/my-account\/#breadcrumb\"},\"inLanguage\":\"fr-FR\",\"potentialAction\":[{\"@type\":\"ReadAction\",\"target\":[\"https:\/\/filtreau.nl\/my-account\/\"]}]},{\"@type\":\"BreadcrumbList\",\"@id\":\"https:\/\/filtreau.nl\/my-account\/#breadcrumb\",\"itemListElement\":[{\"@type\":\"ListItem\",\"position\":1,\"name\":\"Home\",\"item\":\"https:\/\/filtreau.nl\/\"},{\"@type\":\"ListItem\",\"position\":2,\"name\":\"Mijn account\"}]},{\"@type\":\"WebSite\",\"@id\":\"https:\/\/filtreau.nl\/en\/#website\",\"url\":\"https:\/\/filtreau.nl\/en\/\",\"name\":\"Filtreau\",\"description\":\"Schoon en helder water voor vijvers en zwembaden\",\"potentialAction\":[{\"@type\":\"SearchAction\",\"target\":{\"@type\":\"EntryPoint\",\"urlTemplate\":\"https:\/\/filtreau.nl\/en\/?s={search_term_string}\"},\"query-input\":{\"@type\":\"PropertyValueSpecification\",\"valueRequired\":true,\"valueName\":\"search_term_string\"}}],\"inLanguage\":\"fr-FR\"}]}<\/script>\n<!-- \/ Yoast SEO plugin. -->","yoast_head_json":{"title":"Mijn account - Filtreau","robots":{"index":"index","follow":"follow","max-snippet":"max-snippet:-1","max-image-preview":"max-image-preview:large","max-video-preview":"max-video-preview:-1"},"canonical":"https:\/\/filtreau.nl\/fr\/mon-compte\/","og_locale":"fr_FR","og_type":"article","og_title":"Mijn account - Filtreau","og_description":"Mijn Filtreau We zijn er om te helpen! Hulp nodig? Heb je vragen over onze producten, vragen over een bestelling, of wil je feedback wilt geven over jouw ervaring met Filtreau, we staan klaar om je te helpen. \u00a0We streven ernaar om al je vragen snel en effici\u00ebnt te beantwoorden. Aarzel niet om contact met [&hellip;]","og_url":"https:\/\/filtreau.nl\/fr\/mon-compte\/","og_site_name":"Filtreau","article_modified_time":"2025-08-27T10:17:55+00:00","twitter_card":"summary_large_image","twitter_misc":{"Dur\u00e9e de lecture estim\u00e9e":"2 minutes"},"schema":{"@context":"https:\/\/schema.org","@graph":[{"@type":"WebPage","@id":"https:\/\/filtreau.nl\/my-account\/","url":"https:\/\/filtreau.nl\/my-account\/","name":"Mijn account - Filtreau","isPartOf":{"@id":"https:\/\/filtreau.nl\/en\/#website"},"datePublished":"2024-01-03T18:38:02+00:00","dateModified":"2025-08-27T10:17:55+00:00","breadcrumb":{"@id":"https:\/\/filtreau.nl\/my-account\/#breadcrumb"},"inLanguage":"fr-FR","potentialAction":[{"@type":"ReadAction","target":["https:\/\/filtreau.nl\/my-account\/"]}]},{"@type":"BreadcrumbList","@id":"https:\/\/filtreau.nl\/my-account\/#breadcrumb","itemListElement":[{"@type":"ListItem","position":1,"name":"Home","item":"https:\/\/filtreau.nl\/"},{"@type":"ListItem","position":2,"name":"Mijn account"}]},{"@type":"WebSite","@id":"https:\/\/filtreau.nl\/en\/#website","url":"https:\/\/filtreau.nl\/en\/","name":"Filtreau","description":"Schoon en helder water voor vijvers en zwembaden","potentialAction":[{"@type":"SearchAction","target":{"@type":"EntryPoint","urlTemplate":"https:\/\/filtreau.nl\/en\/?s={search_term_string}"},"query-input":{"@type":"PropertyValueSpecification","valueRequired":true,"valueName":"search_term_string"}}],"inLanguage":"fr-FR"}]}},"_links":{"self":[{"href":"https:\/\/filtreau.nl\/fr\/wp-json\/wp\/v2\/pages\/17","targetHints":{"allow":["GET"]}}],"collection":[{"href":"https:\/\/filtreau.nl\/fr\/wp-json\/wp\/v2\/pages"}],"about":[{"href":"https:\/\/filtreau.nl\/fr\/wp-json\/wp\/v2\/types\/page"}],"author":[{"embeddable":true,"href":"https:\/\/filtreau.nl\/fr\/wp-json\/wp\/v2\/users\/1"}],"replies":[{"embeddable":true,"href":"https:\/\/filtreau.nl\/fr\/wp-json\/wp\/v2\/comments?post=17"}],"version-history":[{"count":201,"href":"https:\/\/filtreau.nl\/fr\/wp-json\/wp\/v2\/pages\/17\/revisions"}],"predecessor-version":[{"id":14624,"href":"https:\/\/filtreau.nl\/fr\/wp-json\/wp\/v2\/pages\/17\/revisions\/14624"}],"wp:attachment":[{"href":"https:\/\/filtreau.nl\/fr\/wp-json\/wp\/v2\/media?parent=17"}],"curies":[{"name":"wp","href":"https:\/\/api.w.org\/{rel}","templated":true}]}}