{"id":14827,"date":"2025-10-08T17:21:18","date_gmt":"2025-10-08T17:21:18","guid":{"rendered":"https:\/\/filtreau.nl\/?post_type=product&#038;p=14827"},"modified":"2025-10-08T17:23:18","modified_gmt":"2025-10-08T17:23:18","slug":"bonde-de-fond-entree-110-aeree","status":"publish","type":"product","link":"https:\/\/filtreau.nl\/fr\/produit\/bonde-de-fond-entree-110-aeree\/","title":{"rendered":"Bonde de fond a\u00e9r\u00e9e entr\u00e9e 110 mm"},"content":{"rendered":"<article class=\"text-token-text-primary w-full focus:outline-none scroll-mt-[calc(var(--header-height)+min(200px,max(70px,20svh)))]\" dir=\"auto\" tabindex=\"-1\" data-turn-id=\"request-WEB:b3bfaa4c-35e9-4543-be67-13514f31b7fa-4\" data-testid=\"conversation-turn-4\" data-scroll-anchor=\"true\" data-turn=\"assistant\">\n<div class=\"text-base my-auto mx-auto pb-10 [--thread-content-margin:--spacing(4)] thread-sm:[--thread-content-margin:--spacing(6)] thread-lg:[--thread-content-margin:--spacing(16)] px-(--thread-content-margin)\">\n<div class=\"[--thread-content-max-width:40rem] thread-lg:[--thread-content-max-width:48rem] mx-auto max-w-(--thread-content-max-width) flex-1 group\/turn-messages focus-visible:outline-hidden relative flex w-full min-w-0 flex-col agent-turn\" tabindex=\"-1\">\n<div class=\"flex max-w-full flex-col grow\">\n<div class=\"min-h-8 text-message relative flex w-full flex-col items-end gap-2 text-start break-words whitespace-normal [.text-message+&amp;]:mt-5\" dir=\"auto\" data-message-author-role=\"assistant\" data-message-id=\"c7d96eee-1b54-4672-8525-1bd553d7ae32\" data-message-model-slug=\"gpt-5-instant\">\n<div class=\"flex w-full flex-col gap-1 empty:hidden first:pt-[1px]\">\n<div class=\"markdown prose dark:prose-invert w-full break-words light markdown-new-styling\">\n<p data-start=\"50\" data-end=\"501\" data-is-last-node=\"\" data-is-only-node=\"\">De Filtreau beluchte bodemdrain combineert effici\u00ebnte vuilafvoer met extra zuurstof in de vijver. Via de ingebouwde luchtsteen wordt constant lucht in het water gebracht, wat zorgt voor een betere watercirculatie en gezondere leefomgeving voor vissen. De 110 mm aansluiting garandeert een krachtige doorstroming richting het filtersysteem. Gemaakt van PVC voor een lange levensduur en perfect te combineren met Filtreau filters en luchtpompen.<\/p>\n<\/div>\n<\/div>\n<\/div>\n<\/div>\n<div class=\"z-0 flex min-h-[46px] justify-start\"><\/div>\n<div class=\"mt-3 w-full empty:hidden\">\n<div class=\"text-center\"><\/div>\n<\/div>\n<\/div>\n<\/div>\n<\/article>\n<div class=\"pointer-events-none h-px w-px\" aria-hidden=\"true\" data-edge=\"true\"><\/div>","protected":false},"excerpt":{"rendered":"<p>WMC85BDB<\/p>","protected":false},"featured_media":14824,"template":"","meta":{"_acf_changed":false,"wds_primary_product_brand":0,"wds_primary_product_cat":0},"product_brand":[],"product_cat":[473,210],"product_tag":[],"class_list":{"0":"post-14827","1":"product","2":"type-product","3":"status-publish","4":"has-post-thumbnail","6":"product_cat-filter-onderdelen","7":"product_cat-accessoires","9":"first","10":"instock","11":"product-type-simple"},"acf":{"Maatvoering":"","handleiding":"","test_veld":"","type":"","lengte":"","breedte":"","hoogte":"","trommel":"","max_flow":"","max_vijverinhoud":"","inlaat_in_mm":"","uitlaat_in_mm":"","spoel_pomp_intern":"","motor":"","uv-c_inbouwunit":"","luchtvoorziening":"","controlebox":"","beschrijving":"De Filtreau beluchte bodemdrain combineert effici\u00ebnte vuilafvoer met extra zuurstof in de vijver. Via de ingebouwde luchtsteen wordt constant lucht in het water gebracht, wat zorgt voor een betere watercirculatie en gezondere leefomgeving voor vissen. De 110 mm aansluiting garandeert een krachtige doorstroming richting het filtersysteem. Gemaakt van robuust PVC voor een lange levensduur en perfect te combineren met Filtreau filters en luchtpompen.","lange-beschrijving":"","beschrijving_2":"","watt":"","rc_stroom_voor_30_mjcm2":"","max_druk":"","diameter":"","diameter_in_outlet":"","behuizing":"","elektronische_belasting":"","maximale_stroom":"","vermogen_lamp":"","levensduur_lamp":"","hoeveelheid_volle_pallet":"","geschikt_voor_vijver":"","geschikt_voor_zwembad":"","lengte_uv":"","lengte_kabel":""},"yoast_head":"<!-- This site is optimized with the Yoast SEO plugin v26.6 - https:\/\/yoast.com\/wordpress\/plugins\/seo\/ -->\n<title>Bodemdrain 110 ingang belucht - Filtreau<\/title>\n<meta name=\"robots\" content=\"index, follow, max-snippet:-1, max-image-preview:large, max-video-preview:-1\" \/>\n<link rel=\"canonical\" href=\"https:\/\/filtreau.nl\/fr\/produit\/bonde-de-fond-entree-110-aeree\/\" \/>\n<meta property=\"og:locale\" content=\"fr_FR\" \/>\n<meta property=\"og:type\" content=\"article\" \/>\n<meta property=\"og:title\" content=\"Bodemdrain 110 ingang belucht - Filtreau\" \/>\n<meta property=\"og:description\" content=\"WMC85BDB\" \/>\n<meta property=\"og:url\" content=\"https:\/\/filtreau.nl\/fr\/produit\/bonde-de-fond-entree-110-aeree\/\" \/>\n<meta property=\"og:site_name\" content=\"Filtreau\" \/>\n<meta property=\"article:modified_time\" content=\"2025-10-08T17:23:18+00:00\" \/>\n<meta property=\"og:image\" content=\"https:\/\/filtreau.nl\/wp-content\/uploads\/2025\/10\/Bodem-drain-1x110-mm-PNG-2-768x768-1.png\" \/>\n\t<meta property=\"og:image:width\" content=\"768\" \/>\n\t<meta property=\"og:image:height\" content=\"768\" \/>\n\t<meta property=\"og:image:type\" content=\"image\/png\" \/>\n<meta name=\"twitter:card\" content=\"summary_large_image\" \/>\n<meta name=\"twitter:label1\" content=\"Dur\u00e9e de lecture estim\u00e9e\" \/>\n\t<meta name=\"twitter:data1\" content=\"1 minute\" \/>\n<script type=\"application\/ld+json\" class=\"yoast-schema-graph\">{\"@context\":\"https:\/\/schema.org\",\"@graph\":[{\"@type\":\"WebPage\",\"@id\":\"https:\/\/filtreau.nl\/product\/bodemdrain-110-ingang-belucht\/\",\"url\":\"https:\/\/filtreau.nl\/product\/bodemdrain-110-ingang-belucht\/\",\"name\":\"Bodemdrain 110 ingang belucht - Filtreau\",\"isPartOf\":{\"@id\":\"https:\/\/filtreau.nl\/en\/#website\"},\"primaryImageOfPage\":{\"@id\":\"https:\/\/filtreau.nl\/product\/bodemdrain-110-ingang-belucht\/#primaryimage\"},\"image\":{\"@id\":\"https:\/\/filtreau.nl\/product\/bodemdrain-110-ingang-belucht\/#primaryimage\"},\"thumbnailUrl\":\"https:\/\/filtreau.nl\/wp-content\/uploads\/2025\/10\/Bodem-drain-1x110-mm-PNG-2-768x768-1.png\",\"datePublished\":\"2025-10-08T17:21:18+00:00\",\"dateModified\":\"2025-10-08T17:23:18+00:00\",\"breadcrumb\":{\"@id\":\"https:\/\/filtreau.nl\/product\/bodemdrain-110-ingang-belucht\/#breadcrumb\"},\"inLanguage\":\"fr-FR\",\"potentialAction\":[{\"@type\":\"ReadAction\",\"target\":[\"https:\/\/filtreau.nl\/product\/bodemdrain-110-ingang-belucht\/\"]}]},{\"@type\":\"ImageObject\",\"inLanguage\":\"fr-FR\",\"@id\":\"https:\/\/filtreau.nl\/product\/bodemdrain-110-ingang-belucht\/#primaryimage\",\"url\":\"https:\/\/filtreau.nl\/wp-content\/uploads\/2025\/10\/Bodem-drain-1x110-mm-PNG-2-768x768-1.png\",\"contentUrl\":\"https:\/\/filtreau.nl\/wp-content\/uploads\/2025\/10\/Bodem-drain-1x110-mm-PNG-2-768x768-1.png\",\"width\":768,\"height\":768},{\"@type\":\"BreadcrumbList\",\"@id\":\"https:\/\/filtreau.nl\/product\/bodemdrain-110-ingang-belucht\/#breadcrumb\",\"itemListElement\":[{\"@type\":\"ListItem\",\"position\":1,\"name\":\"Home\",\"item\":\"https:\/\/filtreau.nl\/\"},{\"@type\":\"ListItem\",\"position\":2,\"name\":\"Producten\",\"item\":\"https:\/\/filtreau.nl\/shop\/\"},{\"@type\":\"ListItem\",\"position\":3,\"name\":\"Bodemdrain 110 ingang belucht\"}]},{\"@type\":\"WebSite\",\"@id\":\"https:\/\/filtreau.nl\/en\/#website\",\"url\":\"https:\/\/filtreau.nl\/en\/\",\"name\":\"Filtreau\",\"description\":\"Schoon en helder water voor vijvers en zwembaden\",\"potentialAction\":[{\"@type\":\"SearchAction\",\"target\":{\"@type\":\"EntryPoint\",\"urlTemplate\":\"https:\/\/filtreau.nl\/en\/?s={search_term_string}\"},\"query-input\":{\"@type\":\"PropertyValueSpecification\",\"valueRequired\":true,\"valueName\":\"search_term_string\"}}],\"inLanguage\":\"fr-FR\"}]}<\/script>\n<!-- \/ Yoast SEO plugin. -->","yoast_head_json":{"title":"Bodemdrain 110 ingang belucht - Filtreau","robots":{"index":"index","follow":"follow","max-snippet":"max-snippet:-1","max-image-preview":"max-image-preview:large","max-video-preview":"max-video-preview:-1"},"canonical":"https:\/\/filtreau.nl\/fr\/produit\/bonde-de-fond-entree-110-aeree\/","og_locale":"fr_FR","og_type":"article","og_title":"Bodemdrain 110 ingang belucht - Filtreau","og_description":"WMC85BDB","og_url":"https:\/\/filtreau.nl\/fr\/produit\/bonde-de-fond-entree-110-aeree\/","og_site_name":"Filtreau","article_modified_time":"2025-10-08T17:23:18+00:00","og_image":[{"width":768,"height":768,"url":"https:\/\/filtreau.nl\/wp-content\/uploads\/2025\/10\/Bodem-drain-1x110-mm-PNG-2-768x768-1.png","type":"image\/png"}],"twitter_card":"summary_large_image","twitter_misc":{"Dur\u00e9e de lecture estim\u00e9e":"1 minute"},"schema":{"@context":"https:\/\/schema.org","@graph":[{"@type":"WebPage","@id":"https:\/\/filtreau.nl\/product\/bodemdrain-110-ingang-belucht\/","url":"https:\/\/filtreau.nl\/product\/bodemdrain-110-ingang-belucht\/","name":"Bodemdrain 110 ingang belucht - Filtreau","isPartOf":{"@id":"https:\/\/filtreau.nl\/en\/#website"},"primaryImageOfPage":{"@id":"https:\/\/filtreau.nl\/product\/bodemdrain-110-ingang-belucht\/#primaryimage"},"image":{"@id":"https:\/\/filtreau.nl\/product\/bodemdrain-110-ingang-belucht\/#primaryimage"},"thumbnailUrl":"https:\/\/filtreau.nl\/wp-content\/uploads\/2025\/10\/Bodem-drain-1x110-mm-PNG-2-768x768-1.png","datePublished":"2025-10-08T17:21:18+00:00","dateModified":"2025-10-08T17:23:18+00:00","breadcrumb":{"@id":"https:\/\/filtreau.nl\/product\/bodemdrain-110-ingang-belucht\/#breadcrumb"},"inLanguage":"fr-FR","potentialAction":[{"@type":"ReadAction","target":["https:\/\/filtreau.nl\/product\/bodemdrain-110-ingang-belucht\/"]}]},{"@type":"ImageObject","inLanguage":"fr-FR","@id":"https:\/\/filtreau.nl\/product\/bodemdrain-110-ingang-belucht\/#primaryimage","url":"https:\/\/filtreau.nl\/wp-content\/uploads\/2025\/10\/Bodem-drain-1x110-mm-PNG-2-768x768-1.png","contentUrl":"https:\/\/filtreau.nl\/wp-content\/uploads\/2025\/10\/Bodem-drain-1x110-mm-PNG-2-768x768-1.png","width":768,"height":768},{"@type":"BreadcrumbList","@id":"https:\/\/filtreau.nl\/product\/bodemdrain-110-ingang-belucht\/#breadcrumb","itemListElement":[{"@type":"ListItem","position":1,"name":"Home","item":"https:\/\/filtreau.nl\/"},{"@type":"ListItem","position":2,"name":"Producten","item":"https:\/\/filtreau.nl\/shop\/"},{"@type":"ListItem","position":3,"name":"Bodemdrain 110 ingang belucht"}]},{"@type":"WebSite","@id":"https:\/\/filtreau.nl\/en\/#website","url":"https:\/\/filtreau.nl\/en\/","name":"Filtreau","description":"Schoon en helder water voor vijvers en zwembaden","potentialAction":[{"@type":"SearchAction","target":{"@type":"EntryPoint","urlTemplate":"https:\/\/filtreau.nl\/en\/?s={search_term_string}"},"query-input":{"@type":"PropertyValueSpecification","valueRequired":true,"valueName":"search_term_string"}}],"inLanguage":"fr-FR"}]}},"jetpack_sharing_enabled":true,"_links":{"self":[{"href":"https:\/\/filtreau.nl\/fr\/wp-json\/wp\/v2\/product\/14827","targetHints":{"allow":["GET"]}}],"collection":[{"href":"https:\/\/filtreau.nl\/fr\/wp-json\/wp\/v2\/product"}],"about":[{"href":"https:\/\/filtreau.nl\/fr\/wp-json\/wp\/v2\/types\/product"}],"version-history":[{"count":2,"href":"https:\/\/filtreau.nl\/fr\/wp-json\/wp\/v2\/product\/14827\/revisions"}],"predecessor-version":[{"id":14829,"href":"https:\/\/filtreau.nl\/fr\/wp-json\/wp\/v2\/product\/14827\/revisions\/14829"}],"wp:featuredmedia":[{"embeddable":true,"href":"https:\/\/filtreau.nl\/fr\/wp-json\/wp\/v2\/media\/14824"}],"wp:attachment":[{"href":"https:\/\/filtreau.nl\/fr\/wp-json\/wp\/v2\/media?parent=14827"}],"wp:term":[{"taxonomy":"product_brand","embeddable":true,"href":"https:\/\/filtreau.nl\/fr\/wp-json\/wp\/v2\/product_brand?post=14827"},{"taxonomy":"product_cat","embeddable":true,"href":"https:\/\/filtreau.nl\/fr\/wp-json\/wp\/v2\/product_cat?post=14827"},{"taxonomy":"product_tag","embeddable":true,"href":"https:\/\/filtreau.nl\/fr\/wp-json\/wp\/v2\/product_tag?post=14827"}],"curies":[{"name":"wp","href":"https:\/\/api.w.org\/{rel}","templated":true}]}}