{"id":3861,"date":"2025-06-12T13:26:03","date_gmt":"2025-06-12T13:26:03","guid":{"rendered":"https:\/\/filtreau.nl\/product\/combi-drum-25-30-low-3\/"},"modified":"2026-02-11T17:01:37","modified_gmt":"2026-02-11T17:01:37","slug":"ruisseler-pour-combi-drum-20-30-low","status":"publish","type":"product","link":"https:\/\/filtreau.nl\/fr\/produit\/ruisseler-pour-combi-drum-20-30-low\/","title":{"rendered":"RUISSELER POUR COMBI DRUM 25\/30 FAIBLE"},"content":{"rendered":"<p>D\u00e9couvrez la puissance d'oxyg\u00e9nation moderne et sophistiqu\u00e9e et le caract\u00e8re unique du filtre Trickle de Filtreau Excellent, con\u00e7u exclusivement pour les ko\u00efs et les poissons d'ornement. Le syst\u00e8me Trickle offre d'excellentes performances biologiques, optimisant les niveaux d'oxyg\u00e8ne et assurant une sant\u00e9 optimale de la flore et de la faune ainsi que l'oxyg\u00e9nation du bassin.<\/p>","protected":false},"excerpt":{"rendered":"<p>WMC20CDT<\/p>","protected":false},"featured_media":4980,"template":"","meta":{"_acf_changed":false,"wds_primary_product_brand":0,"wds_primary_product_cat":0},"product_brand":[],"product_cat":[654,455,147],"product_tag":[470,478],"class_list":{"0":"post-3861","1":"product","2":"type-product","3":"status-publish","4":"has-post-thumbnail","6":"product_cat-excellent-lijn","7":"product_cat-trickle","8":"product_cat-filters","9":"product_tag-combi-drum","10":"product_tag-low","12":"first","13":"instock","14":"product-type-simple"},"acf":{"Maatvoering":13112,"handleiding":13751,"test_veld":"","type":"Trickle","lengte":"660mm","breedte":"320mm","hoogte":"822mm","trommel":"","max_flow":"","max_vijverinhoud":"","inlaat_in_mm":"","uitlaat_in_mm":"","spoel_pomp_intern":"","motor":"","uv-c_inbouwunit":"","luchtvoorziening":"","controlebox":"","beschrijving":"Ontdek de moderne verfijnde zuurstofrijke kracht en uniciteit van de Trickle filter van Filtreau Excellent. uitsluitend ontworpen voor koi- en siervissen. Het Trickle systeem biedt een uitstekende biologische werking en optimaliseert de zuurstofniveaus en zorgt voor een optimale gezondheid van de flora en fauna en zuurstofrijke vijver.","lange-beschrijving":"","beschrijving_2":"","watt":"","rc_stroom_voor_30_mjcm2":"","max_druk":"","diameter":"","diameter_in_outlet":"","behuizing":"","elektronische_belasting":"","maximale_stroom":"","vermogen_lamp":"","levensduur_lamp":"","hoeveelheid_volle_pallet":"","geschikt_voor_vijver":"","geschikt_voor_zwembad":"","lengte_uv":"","lengte_kabel":""},"yoast_head":"<!-- This site is optimized with the Yoast SEO plugin v26.6 - https:\/\/yoast.com\/wordpress\/plugins\/seo\/ -->\n<title>TRICKLE VOOR COMBI DRUM 25\/30 LOW - Filtreau<\/title>\n<meta name=\"robots\" content=\"index, follow, max-snippet:-1, max-image-preview:large, max-video-preview:-1\" \/>\n<link rel=\"canonical\" href=\"https:\/\/filtreau.nl\/fr\/produit\/ruisseler-pour-combi-drum-20-30-low\/\" \/>\n<meta property=\"og:locale\" content=\"fr_FR\" \/>\n<meta property=\"og:type\" content=\"article\" \/>\n<meta property=\"og:title\" content=\"TRICKLE VOOR COMBI DRUM 25\/30 LOW - Filtreau\" \/>\n<meta property=\"og:description\" content=\"WMC20CDT\" \/>\n<meta property=\"og:url\" content=\"https:\/\/filtreau.nl\/fr\/produit\/ruisseler-pour-combi-drum-20-30-low\/\" \/>\n<meta property=\"og:site_name\" content=\"Filtreau\" \/>\n<meta property=\"article:modified_time\" content=\"2026-02-11T17:01:37+00:00\" \/>\n<meta property=\"og:image\" content=\"https:\/\/filtreau.nl\/wp-content\/uploads\/2024\/01\/WMC20CDT-COMBI-DRUM-25-30-TRICKLE-2-X-FILTER-Transparant.png\" \/>\n\t<meta property=\"og:image:width\" content=\"1000\" \/>\n\t<meta property=\"og:image:height\" content=\"1000\" \/>\n\t<meta property=\"og:image:type\" content=\"image\/png\" \/>\n<meta name=\"twitter:card\" content=\"summary_large_image\" \/>\n<meta name=\"twitter:label1\" content=\"Dur\u00e9e de lecture estim\u00e9e\" \/>\n\t<meta name=\"twitter:data1\" content=\"1 minute\" \/>\n<script type=\"application\/ld+json\" class=\"yoast-schema-graph\">{\"@context\":\"https:\/\/schema.org\",\"@graph\":[{\"@type\":\"WebPage\",\"@id\":\"https:\/\/filtreau.nl\/product\/trickle-voor-combi-drum-25-30-low\/\",\"url\":\"https:\/\/filtreau.nl\/product\/trickle-voor-combi-drum-25-30-low\/\",\"name\":\"TRICKLE VOOR COMBI DRUM 25\/30 LOW - Filtreau\",\"isPartOf\":{\"@id\":\"https:\/\/filtreau.nl\/en\/#website\"},\"primaryImageOfPage\":{\"@id\":\"https:\/\/filtreau.nl\/product\/trickle-voor-combi-drum-25-30-low\/#primaryimage\"},\"image\":{\"@id\":\"https:\/\/filtreau.nl\/product\/trickle-voor-combi-drum-25-30-low\/#primaryimage\"},\"thumbnailUrl\":\"https:\/\/filtreau.nl\/wp-content\/uploads\/2024\/01\/WMC20CDT-COMBI-DRUM-25-30-TRICKLE-2-X-FILTER-Transparant.png\",\"datePublished\":\"2025-06-12T13:26:03+00:00\",\"dateModified\":\"2026-02-11T17:01:37+00:00\",\"breadcrumb\":{\"@id\":\"https:\/\/filtreau.nl\/product\/trickle-voor-combi-drum-25-30-low\/#breadcrumb\"},\"inLanguage\":\"fr-FR\",\"potentialAction\":[{\"@type\":\"ReadAction\",\"target\":[\"https:\/\/filtreau.nl\/product\/trickle-voor-combi-drum-25-30-low\/\"]}]},{\"@type\":\"ImageObject\",\"inLanguage\":\"fr-FR\",\"@id\":\"https:\/\/filtreau.nl\/product\/trickle-voor-combi-drum-25-30-low\/#primaryimage\",\"url\":\"https:\/\/filtreau.nl\/wp-content\/uploads\/2024\/01\/WMC20CDT-COMBI-DRUM-25-30-TRICKLE-2-X-FILTER-Transparant.png\",\"contentUrl\":\"https:\/\/filtreau.nl\/wp-content\/uploads\/2024\/01\/WMC20CDT-COMBI-DRUM-25-30-TRICKLE-2-X-FILTER-Transparant.png\",\"width\":1000,\"height\":1000},{\"@type\":\"BreadcrumbList\",\"@id\":\"https:\/\/filtreau.nl\/product\/trickle-voor-combi-drum-25-30-low\/#breadcrumb\",\"itemListElement\":[{\"@type\":\"ListItem\",\"position\":1,\"name\":\"Home\",\"item\":\"https:\/\/filtreau.nl\/\"},{\"@type\":\"ListItem\",\"position\":2,\"name\":\"Producten\",\"item\":\"https:\/\/filtreau.nl\/shop\/\"},{\"@type\":\"ListItem\",\"position\":3,\"name\":\"TRICKLE VOOR COMBI DRUM 25\/30 LOW\"}]},{\"@type\":\"WebSite\",\"@id\":\"https:\/\/filtreau.nl\/en\/#website\",\"url\":\"https:\/\/filtreau.nl\/en\/\",\"name\":\"Filtreau\",\"description\":\"Schoon en helder water voor vijvers en zwembaden\",\"potentialAction\":[{\"@type\":\"SearchAction\",\"target\":{\"@type\":\"EntryPoint\",\"urlTemplate\":\"https:\/\/filtreau.nl\/en\/?s={search_term_string}\"},\"query-input\":{\"@type\":\"PropertyValueSpecification\",\"valueRequired\":true,\"valueName\":\"search_term_string\"}}],\"inLanguage\":\"fr-FR\"}]}<\/script>\n<!-- \/ Yoast SEO plugin. -->","yoast_head_json":{"title":"TRICKLE VOOR COMBI DRUM 25\/30 LOW - Filtreau","robots":{"index":"index","follow":"follow","max-snippet":"max-snippet:-1","max-image-preview":"max-image-preview:large","max-video-preview":"max-video-preview:-1"},"canonical":"https:\/\/filtreau.nl\/fr\/produit\/ruisseler-pour-combi-drum-20-30-low\/","og_locale":"fr_FR","og_type":"article","og_title":"TRICKLE VOOR COMBI DRUM 25\/30 LOW - Filtreau","og_description":"WMC20CDT","og_url":"https:\/\/filtreau.nl\/fr\/produit\/ruisseler-pour-combi-drum-20-30-low\/","og_site_name":"Filtreau","article_modified_time":"2026-02-11T17:01:37+00:00","og_image":[{"width":1000,"height":1000,"url":"https:\/\/filtreau.nl\/wp-content\/uploads\/2024\/01\/WMC20CDT-COMBI-DRUM-25-30-TRICKLE-2-X-FILTER-Transparant.png","type":"image\/png"}],"twitter_card":"summary_large_image","twitter_misc":{"Dur\u00e9e de lecture estim\u00e9e":"1 minute"},"schema":{"@context":"https:\/\/schema.org","@graph":[{"@type":"WebPage","@id":"https:\/\/filtreau.nl\/product\/trickle-voor-combi-drum-25-30-low\/","url":"https:\/\/filtreau.nl\/product\/trickle-voor-combi-drum-25-30-low\/","name":"TRICKLE VOOR COMBI DRUM 25\/30 LOW - Filtreau","isPartOf":{"@id":"https:\/\/filtreau.nl\/en\/#website"},"primaryImageOfPage":{"@id":"https:\/\/filtreau.nl\/product\/trickle-voor-combi-drum-25-30-low\/#primaryimage"},"image":{"@id":"https:\/\/filtreau.nl\/product\/trickle-voor-combi-drum-25-30-low\/#primaryimage"},"thumbnailUrl":"https:\/\/filtreau.nl\/wp-content\/uploads\/2024\/01\/WMC20CDT-COMBI-DRUM-25-30-TRICKLE-2-X-FILTER-Transparant.png","datePublished":"2025-06-12T13:26:03+00:00","dateModified":"2026-02-11T17:01:37+00:00","breadcrumb":{"@id":"https:\/\/filtreau.nl\/product\/trickle-voor-combi-drum-25-30-low\/#breadcrumb"},"inLanguage":"fr-FR","potentialAction":[{"@type":"ReadAction","target":["https:\/\/filtreau.nl\/product\/trickle-voor-combi-drum-25-30-low\/"]}]},{"@type":"ImageObject","inLanguage":"fr-FR","@id":"https:\/\/filtreau.nl\/product\/trickle-voor-combi-drum-25-30-low\/#primaryimage","url":"https:\/\/filtreau.nl\/wp-content\/uploads\/2024\/01\/WMC20CDT-COMBI-DRUM-25-30-TRICKLE-2-X-FILTER-Transparant.png","contentUrl":"https:\/\/filtreau.nl\/wp-content\/uploads\/2024\/01\/WMC20CDT-COMBI-DRUM-25-30-TRICKLE-2-X-FILTER-Transparant.png","width":1000,"height":1000},{"@type":"BreadcrumbList","@id":"https:\/\/filtreau.nl\/product\/trickle-voor-combi-drum-25-30-low\/#breadcrumb","itemListElement":[{"@type":"ListItem","position":1,"name":"Home","item":"https:\/\/filtreau.nl\/"},{"@type":"ListItem","position":2,"name":"Producten","item":"https:\/\/filtreau.nl\/shop\/"},{"@type":"ListItem","position":3,"name":"TRICKLE VOOR COMBI DRUM 25\/30 LOW"}]},{"@type":"WebSite","@id":"https:\/\/filtreau.nl\/en\/#website","url":"https:\/\/filtreau.nl\/en\/","name":"Filtreau","description":"Schoon en helder water voor vijvers en zwembaden","potentialAction":[{"@type":"SearchAction","target":{"@type":"EntryPoint","urlTemplate":"https:\/\/filtreau.nl\/en\/?s={search_term_string}"},"query-input":{"@type":"PropertyValueSpecification","valueRequired":true,"valueName":"search_term_string"}}],"inLanguage":"fr-FR"}]}},"_links":{"self":[{"href":"https:\/\/filtreau.nl\/fr\/wp-json\/wp\/v2\/product\/3861","targetHints":{"allow":["GET"]}}],"collection":[{"href":"https:\/\/filtreau.nl\/fr\/wp-json\/wp\/v2\/product"}],"about":[{"href":"https:\/\/filtreau.nl\/fr\/wp-json\/wp\/v2\/types\/product"}],"version-history":[{"count":12,"href":"https:\/\/filtreau.nl\/fr\/wp-json\/wp\/v2\/product\/3861\/revisions"}],"predecessor-version":[{"id":15411,"href":"https:\/\/filtreau.nl\/fr\/wp-json\/wp\/v2\/product\/3861\/revisions\/15411"}],"wp:featuredmedia":[{"embeddable":true,"href":"https:\/\/filtreau.nl\/fr\/wp-json\/wp\/v2\/media\/4980"}],"wp:attachment":[{"href":"https:\/\/filtreau.nl\/fr\/wp-json\/wp\/v2\/media?parent=3861"}],"wp:term":[{"taxonomy":"product_brand","embeddable":true,"href":"https:\/\/filtreau.nl\/fr\/wp-json\/wp\/v2\/product_brand?post=3861"},{"taxonomy":"product_cat","embeddable":true,"href":"https:\/\/filtreau.nl\/fr\/wp-json\/wp\/v2\/product_cat?post=3861"},{"taxonomy":"product_tag","embeddable":true,"href":"https:\/\/filtreau.nl\/fr\/wp-json\/wp\/v2\/product_tag?post=3861"}],"curies":[{"name":"wp","href":"https:\/\/api.w.org\/{rel}","templated":true}]}}