{"id":3863,"date":"2025-06-12T13:26:03","date_gmt":"2025-06-12T13:26:03","guid":{"rendered":"https:\/\/filtreau.nl\/product\/combi-drum-20-25-low-2\/"},"modified":"2026-02-11T15:40:45","modified_gmt":"2026-02-11T15:40:45","slug":"combi-drum-20-25-low-pump","status":"publish","type":"product","link":"https:\/\/filtreau.nl\/fr\/produit\/combi-drum-20-25-low-pump\/","title":{"rendered":"COMBI DRUM 20\/25 LOW PUMP"},"content":{"rendered":"<p>Favorisez la clart\u00e9 et la qualit\u00e9 de l'eau de votre bassin avec le COMBI DRUM 25\/30 de\nFiltreau Excellent. Id\u00e9al pour la filtration m\u00e9canique et biologique, ce syst\u00e8me de filtration contribue\nassur\u00e9ment \u00e0 la cr\u00e9ation d\u2019un milieu de vie optimal pour toute la flore et la faune de votre \u00e9tang.<\/p>","protected":false},"excerpt":{"rendered":"<p>WMC11PPP<\/p>","protected":false},"featured_media":2524,"template":"","meta":{"_acf_changed":false,"wds_primary_product_brand":0,"wds_primary_product_cat":0},"product_brand":[],"product_cat":[654,454,147],"product_tag":[470,478],"class_list":{"0":"post-3863","1":"product","2":"type-product","3":"status-publish","4":"has-post-thumbnail","6":"product_cat-excellent-lijn","7":"product_cat-pomp","8":"product_cat-filters","9":"product_tag-combi-drum","10":"product_tag-low","12":"first","13":"instock","14":"product-type-variable","15":"has-default-attributes"},"acf":{"Maatvoering":13108,"handleiding":13751,"test_veld":"","type":"Pomp","lengte":"1160mm","breedte":"902mm","hoogte":"750mm","trommel":"\u00d8 400 x 400mm","max_flow":"20 m3","max_vijverinhoud":"40 m3","inlaat_in_mm":"3 x 110mm","uitlaat_in_mm":"2 x 110mm","spoel_pomp_intern":"RVS 5 bar \/ 600watt 220 volt","motor":"130Nm \/60 watt 220volt","uv-c_inbouwunit":"1 x 80 watt H-O","luchtvoorziening":"2 x 50 x 300mm","controlebox":"inclusief","beschrijving":"Bevorder de helderheid en kwaliteit van uw vijverwater met de COMBI DRUM 20\/25 van Filtreau Excellent. Dit filtersysteem is ideaal voor zowel mechanische als biologische filtratie en draagt gegarandeerd bij aan een optimale leefomgeving voor al uw flora en fauna in uw vijver.","lange-beschrijving":"","beschrijving_2":"","watt":"","rc_stroom_voor_30_mjcm2":"","max_druk":"","diameter":"","diameter_in_outlet":"","behuizing":"","elektronische_belasting":"","maximale_stroom":"","vermogen_lamp":"","levensduur_lamp":"","hoeveelheid_volle_pallet":"","geschikt_voor_vijver":"","geschikt_voor_zwembad":"","lengte_uv":"","lengte_kabel":""},"yoast_head":"<!-- This site is optimized with the Yoast SEO plugin v26.6 - https:\/\/yoast.com\/wordpress\/plugins\/seo\/ -->\n<title>COMBI DRUM 20\/25 LOW PUMP - Filtreau<\/title>\n<meta name=\"robots\" content=\"index, follow, max-snippet:-1, max-image-preview:large, max-video-preview:-1\" \/>\n<link rel=\"canonical\" href=\"https:\/\/filtreau.nl\/fr\/produit\/combi-drum-20-25-low-pump\/\" \/>\n<meta property=\"og:locale\" content=\"fr_FR\" \/>\n<meta property=\"og:type\" content=\"article\" \/>\n<meta property=\"og:title\" content=\"COMBI DRUM 20\/25 LOW PUMP - Filtreau\" \/>\n<meta property=\"og:description\" content=\"WMC11PPP\" \/>\n<meta property=\"og:url\" content=\"https:\/\/filtreau.nl\/fr\/produit\/combi-drum-20-25-low-pump\/\" \/>\n<meta property=\"og:site_name\" content=\"Filtreau\" \/>\n<meta property=\"article:modified_time\" content=\"2026-02-11T15:40:45+00:00\" \/>\n<meta property=\"og:image\" content=\"https:\/\/filtreau.nl\/wp-content\/uploads\/2024\/01\/WMC11PPG-COMBI-DRUM-20-25-LOW-2-x-FILTER.png\" \/>\n\t<meta property=\"og:image:width\" content=\"1000\" \/>\n\t<meta property=\"og:image:height\" content=\"1000\" \/>\n\t<meta property=\"og:image:type\" content=\"image\/png\" \/>\n<meta name=\"twitter:card\" content=\"summary_large_image\" \/>\n<meta name=\"twitter:label1\" content=\"Dur\u00e9e de lecture estim\u00e9e\" \/>\n\t<meta name=\"twitter:data1\" content=\"1 minute\" \/>\n<script type=\"application\/ld+json\" class=\"yoast-schema-graph\">{\"@context\":\"https:\/\/schema.org\",\"@graph\":[{\"@type\":\"WebPage\",\"@id\":\"https:\/\/filtreau.nl\/product\/combi-drum-20-25-low-pump\/\",\"url\":\"https:\/\/filtreau.nl\/product\/combi-drum-20-25-low-pump\/\",\"name\":\"COMBI DRUM 20\/25 LOW PUMP - Filtreau\",\"isPartOf\":{\"@id\":\"https:\/\/filtreau.nl\/en\/#website\"},\"primaryImageOfPage\":{\"@id\":\"https:\/\/filtreau.nl\/product\/combi-drum-20-25-low-pump\/#primaryimage\"},\"image\":{\"@id\":\"https:\/\/filtreau.nl\/product\/combi-drum-20-25-low-pump\/#primaryimage\"},\"thumbnailUrl\":\"https:\/\/filtreau.nl\/wp-content\/uploads\/2024\/01\/WMC11PPG-COMBI-DRUM-20-25-LOW-2-x-FILTER.png\",\"datePublished\":\"2025-06-12T13:26:03+00:00\",\"dateModified\":\"2026-02-11T15:40:45+00:00\",\"breadcrumb\":{\"@id\":\"https:\/\/filtreau.nl\/product\/combi-drum-20-25-low-pump\/#breadcrumb\"},\"inLanguage\":\"fr-FR\",\"potentialAction\":[{\"@type\":\"ReadAction\",\"target\":[\"https:\/\/filtreau.nl\/product\/combi-drum-20-25-low-pump\/\"]}]},{\"@type\":\"ImageObject\",\"inLanguage\":\"fr-FR\",\"@id\":\"https:\/\/filtreau.nl\/product\/combi-drum-20-25-low-pump\/#primaryimage\",\"url\":\"https:\/\/filtreau.nl\/wp-content\/uploads\/2024\/01\/WMC11PPG-COMBI-DRUM-20-25-LOW-2-x-FILTER.png\",\"contentUrl\":\"https:\/\/filtreau.nl\/wp-content\/uploads\/2024\/01\/WMC11PPG-COMBI-DRUM-20-25-LOW-2-x-FILTER.png\",\"width\":1000,\"height\":1000},{\"@type\":\"BreadcrumbList\",\"@id\":\"https:\/\/filtreau.nl\/product\/combi-drum-20-25-low-pump\/#breadcrumb\",\"itemListElement\":[{\"@type\":\"ListItem\",\"position\":1,\"name\":\"Home\",\"item\":\"https:\/\/filtreau.nl\/\"},{\"@type\":\"ListItem\",\"position\":2,\"name\":\"Producten\",\"item\":\"https:\/\/filtreau.nl\/shop\/\"},{\"@type\":\"ListItem\",\"position\":3,\"name\":\"COMBI DRUM 20\/25 LOW PUMP\"}]},{\"@type\":\"WebSite\",\"@id\":\"https:\/\/filtreau.nl\/en\/#website\",\"url\":\"https:\/\/filtreau.nl\/en\/\",\"name\":\"Filtreau\",\"description\":\"Schoon en helder water voor vijvers en zwembaden\",\"potentialAction\":[{\"@type\":\"SearchAction\",\"target\":{\"@type\":\"EntryPoint\",\"urlTemplate\":\"https:\/\/filtreau.nl\/en\/?s={search_term_string}\"},\"query-input\":{\"@type\":\"PropertyValueSpecification\",\"valueRequired\":true,\"valueName\":\"search_term_string\"}}],\"inLanguage\":\"fr-FR\"}]}<\/script>\n<!-- \/ Yoast SEO plugin. -->","yoast_head_json":{"title":"COMBI DRUM 20\/25 LOW PUMP - Filtreau","robots":{"index":"index","follow":"follow","max-snippet":"max-snippet:-1","max-image-preview":"max-image-preview:large","max-video-preview":"max-video-preview:-1"},"canonical":"https:\/\/filtreau.nl\/fr\/produit\/combi-drum-20-25-low-pump\/","og_locale":"fr_FR","og_type":"article","og_title":"COMBI DRUM 20\/25 LOW PUMP - Filtreau","og_description":"WMC11PPP","og_url":"https:\/\/filtreau.nl\/fr\/produit\/combi-drum-20-25-low-pump\/","og_site_name":"Filtreau","article_modified_time":"2026-02-11T15:40:45+00:00","og_image":[{"width":1000,"height":1000,"url":"https:\/\/filtreau.nl\/wp-content\/uploads\/2024\/01\/WMC11PPG-COMBI-DRUM-20-25-LOW-2-x-FILTER.png","type":"image\/png"}],"twitter_card":"summary_large_image","twitter_misc":{"Dur\u00e9e de lecture estim\u00e9e":"1 minute"},"schema":{"@context":"https:\/\/schema.org","@graph":[{"@type":"WebPage","@id":"https:\/\/filtreau.nl\/product\/combi-drum-20-25-low-pump\/","url":"https:\/\/filtreau.nl\/product\/combi-drum-20-25-low-pump\/","name":"COMBI DRUM 20\/25 LOW PUMP - Filtreau","isPartOf":{"@id":"https:\/\/filtreau.nl\/en\/#website"},"primaryImageOfPage":{"@id":"https:\/\/filtreau.nl\/product\/combi-drum-20-25-low-pump\/#primaryimage"},"image":{"@id":"https:\/\/filtreau.nl\/product\/combi-drum-20-25-low-pump\/#primaryimage"},"thumbnailUrl":"https:\/\/filtreau.nl\/wp-content\/uploads\/2024\/01\/WMC11PPG-COMBI-DRUM-20-25-LOW-2-x-FILTER.png","datePublished":"2025-06-12T13:26:03+00:00","dateModified":"2026-02-11T15:40:45+00:00","breadcrumb":{"@id":"https:\/\/filtreau.nl\/product\/combi-drum-20-25-low-pump\/#breadcrumb"},"inLanguage":"fr-FR","potentialAction":[{"@type":"ReadAction","target":["https:\/\/filtreau.nl\/product\/combi-drum-20-25-low-pump\/"]}]},{"@type":"ImageObject","inLanguage":"fr-FR","@id":"https:\/\/filtreau.nl\/product\/combi-drum-20-25-low-pump\/#primaryimage","url":"https:\/\/filtreau.nl\/wp-content\/uploads\/2024\/01\/WMC11PPG-COMBI-DRUM-20-25-LOW-2-x-FILTER.png","contentUrl":"https:\/\/filtreau.nl\/wp-content\/uploads\/2024\/01\/WMC11PPG-COMBI-DRUM-20-25-LOW-2-x-FILTER.png","width":1000,"height":1000},{"@type":"BreadcrumbList","@id":"https:\/\/filtreau.nl\/product\/combi-drum-20-25-low-pump\/#breadcrumb","itemListElement":[{"@type":"ListItem","position":1,"name":"Home","item":"https:\/\/filtreau.nl\/"},{"@type":"ListItem","position":2,"name":"Producten","item":"https:\/\/filtreau.nl\/shop\/"},{"@type":"ListItem","position":3,"name":"COMBI DRUM 20\/25 LOW PUMP"}]},{"@type":"WebSite","@id":"https:\/\/filtreau.nl\/en\/#website","url":"https:\/\/filtreau.nl\/en\/","name":"Filtreau","description":"Schoon en helder water voor vijvers en zwembaden","potentialAction":[{"@type":"SearchAction","target":{"@type":"EntryPoint","urlTemplate":"https:\/\/filtreau.nl\/en\/?s={search_term_string}"},"query-input":{"@type":"PropertyValueSpecification","valueRequired":true,"valueName":"search_term_string"}}],"inLanguage":"fr-FR"}]}},"_links":{"self":[{"href":"https:\/\/filtreau.nl\/fr\/wp-json\/wp\/v2\/product\/3863","targetHints":{"allow":["GET"]}}],"collection":[{"href":"https:\/\/filtreau.nl\/fr\/wp-json\/wp\/v2\/product"}],"about":[{"href":"https:\/\/filtreau.nl\/fr\/wp-json\/wp\/v2\/types\/product"}],"version-history":[{"count":13,"href":"https:\/\/filtreau.nl\/fr\/wp-json\/wp\/v2\/product\/3863\/revisions"}],"predecessor-version":[{"id":15383,"href":"https:\/\/filtreau.nl\/fr\/wp-json\/wp\/v2\/product\/3863\/revisions\/15383"}],"wp:featuredmedia":[{"embeddable":true,"href":"https:\/\/filtreau.nl\/fr\/wp-json\/wp\/v2\/media\/2524"}],"wp:attachment":[{"href":"https:\/\/filtreau.nl\/fr\/wp-json\/wp\/v2\/media?parent=3863"}],"wp:term":[{"taxonomy":"product_brand","embeddable":true,"href":"https:\/\/filtreau.nl\/fr\/wp-json\/wp\/v2\/product_brand?post=3863"},{"taxonomy":"product_cat","embeddable":true,"href":"https:\/\/filtreau.nl\/fr\/wp-json\/wp\/v2\/product_cat?post=3863"},{"taxonomy":"product_tag","embeddable":true,"href":"https:\/\/filtreau.nl\/fr\/wp-json\/wp\/v2\/product_tag?post=3863"}],"curies":[{"name":"wp","href":"https:\/\/api.w.org\/{rel}","templated":true}]}}