{"id":4038,"date":"2025-06-12T14:27:01","date_gmt":"2025-06-12T14:27:01","guid":{"rendered":"https:\/\/filtreau.nl\/product\/filtreau-uv-c-titan-salt-res-120w\/"},"modified":"2026-02-27T12:28:11","modified_gmt":"2026-02-27T12:28:11","slug":"filtreau-uv-c-titan-salt-res-120w","status":"publish","type":"product","link":"https:\/\/filtreau.nl\/fr\/produit\/filtreau-uv-c-titan-salt-res-120w\/","title":{"rendered":"Filtreau UV-C Titan (Salt Res.) 120W"},"content":{"rendered":"<p>Door de extra brede DUPLEX-behuizing wordt het doorgevoerde water extra lang in contact gebracht met de UV-C-straling. Deze brede behuizing zorgt ook voor een uiterst minimaal drukverlies tijdens de waterdoorvoer. De behuizing is aan de binnenzijde gepolijst, zodat er zich nauwelijks vuil aan de wanden kan hechten. Dit geheel zorgt ervoor dat de effectiviteit van de UV-C-straling met nog eens 35% wordt vergroot.<\/p>\n<p>Door de intelligente elektronica geeft het apparaat op tijd aan wanneer de lamp niet meer genoeg straling produceert en dus aan vervanging toe is. Zo heeft u ten allen tijde een perfect werkend apparaat.<\/p>\n<p>VOORDELEN FILTREAU UV-C<br \/>\n&#8211; Doodt schimmel, bacteri\u00ebn en algen.<br \/>\n&#8211; Reduceert chloor en overige chemicali\u00ebn tot wel 80%!<br \/>\n&#8211; Energiezuinig en milieuvriendelijk.<br \/>\n&#8211; Extra grote reactor voor langere contacttijd.<br \/>\n&#8211; 35% meer UV-C opbrengst door reflectie.<br \/>\n&#8211; UV-C lamp levensduur; 12,000 uur.<br \/>\n&#8211; Zeer eenvoudige installatie.<br \/>\n&#8211; 2 jaar garantie op fabricagefouten.<\/p>\n<p>Le Filtreau UV-C Titan garantit une eau cristalline. La conception ing\u00e9nieuse et les mat\u00e9riaux de\nqualit\u00e9 sup\u00e9rieure d\u00e9bouchent sur un rayonnement UV-C \u00e9lev\u00e9 d\u2019une longueur d\u2019onde de\npr\u00e9cis\u00e9ment 253,7 nm. La dose de rayonnement \u00e9lev\u00e9e tue pratiquement toutes les bact\u00e9ries, virus\net moisissures, ce qui donne une eau toujours limpide et propre.\n<br>\nAinsi, la quantit\u00e9 de produits chimiques ajout\u00e9s (comme le chlore par exemple) peut \u00eatre r\u00e9duite\njusqu\u2019\u00e0 80%, ce qui assure une eau plus naturelle et plus saine.<\/p>","protected":false},"excerpt":{"rendered":"<p>UVT0003<\/p>","protected":false},"featured_media":5463,"template":"","meta":{"_acf_changed":false,"wds_primary_product_brand":0,"wds_primary_product_cat":0},"product_brand":[],"product_cat":[656,458,20],"product_tag":[462,465],"class_list":{"0":"post-4038","1":"product","2":"type-product","3":"status-publish","4":"has-post-thumbnail","6":"product_cat-salt-resistant","7":"product_cat-zwembad","8":"product_cat-uv-c","9":"product_tag-120w","10":"product_tag-salt-resistant","12":"first","13":"instock","14":"product-type-simple"},"acf":{"Maatvoering":"","handleiding":13252,"test_veld":"","type":"","lengte":"","breedte":"","hoogte":"","trommel":"","max_flow":"","max_vijverinhoud":"","inlaat_in_mm":"","uitlaat_in_mm":"","spoel_pomp_intern":"","motor":"","uv-c_inbouwunit":"","luchtvoorziening":"","controlebox":"","beschrijving":"Door de extra brede DUPLEX-behuizing wordt het doorgevoerde water extra lang in contact gebracht met de  UV-C-straling. Deze brede behuizing zorgt ook voor een uiterst minimaal drukverlies tijdens de waterdoorvoer.  De behuizing is aan de binnenzijde gepolijst, zodat er zich nauwelijks vuil aan de wanden kan hechten. Dit geheel zorgt ervoor dat de effectiviteit van de UV-C-straling met nog eens 35% wordt vergroot.Door de intelligente elektronica geeft het apparaat op tijd aan wanneer de lamp niet meer genoeg straling produceert en dus aan vervanging toe is. Zo heeft u ten allen tijde een perfect werkend apparaat.VOORDELEN FILTREAU UV-C- Doodt schimmel, bacteri\u00ebn en algen.- Reduceert chloor en overige chemicali\u00ebn tot wel 80%!- Energiezuinig en milieuvriendelijk.- Extra grote reactor voor langere contacttijd.- 35% meer UV-C opbrengst door reflectie.- UV-C lamp levensduur; 12,000 uur.- Zeer eenvoudige installatie.- 2 jaar garantie op fabricagefouten.","lange-beschrijving":"","beschrijving_2":"","watt":"120W","rc_stroom_voor_30_mjcm2":"28 m3\/h","max_druk":"3.0 bar","diameter":"88.9 mm","diameter_in_outlet":"63 mm","behuizing":"Duplex","elektronische_belasting":"","maximale_stroom":"","vermogen_lamp":"120W Amalgam","levensduur_lamp":"12.000 h","hoeveelheid_volle_pallet":"30","geschikt_voor_vijver":"Nee","geschikt_voor_zwembad":"Ja","lengte_uv":"1.000 mm","lengte_kabel":""},"yoast_head":"<!-- This site is optimized with the Yoast SEO plugin v26.6 - https:\/\/yoast.com\/wordpress\/plugins\/seo\/ -->\n<title>Filtreau UV-C Titan (Salt Res.) 120W - Filtreau<\/title>\n<meta name=\"robots\" content=\"index, follow, max-snippet:-1, max-image-preview:large, max-video-preview:-1\" \/>\n<link rel=\"canonical\" href=\"https:\/\/filtreau.nl\/fr\/produit\/filtreau-uv-c-titan-salt-res-120w\/\" \/>\n<meta property=\"og:locale\" content=\"fr_FR\" \/>\n<meta property=\"og:type\" content=\"article\" \/>\n<meta property=\"og:title\" content=\"Filtreau UV-C Titan (Salt Res.) 120W - Filtreau\" \/>\n<meta property=\"og:description\" content=\"UVT0003\" \/>\n<meta property=\"og:url\" content=\"https:\/\/filtreau.nl\/fr\/produit\/filtreau-uv-c-titan-salt-res-120w\/\" \/>\n<meta property=\"og:site_name\" content=\"Filtreau\" \/>\n<meta property=\"article:modified_time\" content=\"2026-02-27T12:28:11+00:00\" \/>\n<meta property=\"og:image\" content=\"https:\/\/filtreau.nl\/wp-content\/uploads\/2024\/01\/Filtreau-UV-C-Titan.png\" \/>\n\t<meta property=\"og:image:width\" content=\"1000\" \/>\n\t<meta property=\"og:image:height\" content=\"1000\" \/>\n\t<meta property=\"og:image:type\" content=\"image\/png\" \/>\n<meta name=\"twitter:card\" content=\"summary_large_image\" \/>\n<meta name=\"twitter:label1\" content=\"Dur\u00e9e de lecture estim\u00e9e\" \/>\n\t<meta name=\"twitter:data1\" content=\"2 minutes\" \/>\n<script type=\"application\/ld+json\" class=\"yoast-schema-graph\">{\"@context\":\"https:\/\/schema.org\",\"@graph\":[{\"@type\":\"WebPage\",\"@id\":\"https:\/\/filtreau.nl\/product\/filtreau-uv-c-titan-salt-res-120w\/\",\"url\":\"https:\/\/filtreau.nl\/product\/filtreau-uv-c-titan-salt-res-120w\/\",\"name\":\"Filtreau UV-C Titan (Salt Res.) 120W - Filtreau\",\"isPartOf\":{\"@id\":\"https:\/\/filtreau.nl\/en\/#website\"},\"primaryImageOfPage\":{\"@id\":\"https:\/\/filtreau.nl\/product\/filtreau-uv-c-titan-salt-res-120w\/#primaryimage\"},\"image\":{\"@id\":\"https:\/\/filtreau.nl\/product\/filtreau-uv-c-titan-salt-res-120w\/#primaryimage\"},\"thumbnailUrl\":\"https:\/\/filtreau.nl\/wp-content\/uploads\/2024\/01\/Filtreau-UV-C-Titan.png\",\"datePublished\":\"2025-06-12T14:27:01+00:00\",\"dateModified\":\"2026-02-27T12:28:11+00:00\",\"breadcrumb\":{\"@id\":\"https:\/\/filtreau.nl\/product\/filtreau-uv-c-titan-salt-res-120w\/#breadcrumb\"},\"inLanguage\":\"fr-FR\",\"potentialAction\":[{\"@type\":\"ReadAction\",\"target\":[\"https:\/\/filtreau.nl\/product\/filtreau-uv-c-titan-salt-res-120w\/\"]}]},{\"@type\":\"ImageObject\",\"inLanguage\":\"fr-FR\",\"@id\":\"https:\/\/filtreau.nl\/product\/filtreau-uv-c-titan-salt-res-120w\/#primaryimage\",\"url\":\"https:\/\/filtreau.nl\/wp-content\/uploads\/2024\/01\/Filtreau-UV-C-Titan.png\",\"contentUrl\":\"https:\/\/filtreau.nl\/wp-content\/uploads\/2024\/01\/Filtreau-UV-C-Titan.png\",\"width\":1000,\"height\":1000},{\"@type\":\"BreadcrumbList\",\"@id\":\"https:\/\/filtreau.nl\/product\/filtreau-uv-c-titan-salt-res-120w\/#breadcrumb\",\"itemListElement\":[{\"@type\":\"ListItem\",\"position\":1,\"name\":\"Home\",\"item\":\"https:\/\/filtreau.nl\/\"},{\"@type\":\"ListItem\",\"position\":2,\"name\":\"Producten\",\"item\":\"https:\/\/filtreau.nl\/shop\/\"},{\"@type\":\"ListItem\",\"position\":3,\"name\":\"Filtreau UV-C Titan (Salt Res.) 120W\"}]},{\"@type\":\"WebSite\",\"@id\":\"https:\/\/filtreau.nl\/en\/#website\",\"url\":\"https:\/\/filtreau.nl\/en\/\",\"name\":\"Filtreau\",\"description\":\"Schoon en helder water voor vijvers en zwembaden\",\"potentialAction\":[{\"@type\":\"SearchAction\",\"target\":{\"@type\":\"EntryPoint\",\"urlTemplate\":\"https:\/\/filtreau.nl\/en\/?s={search_term_string}\"},\"query-input\":{\"@type\":\"PropertyValueSpecification\",\"valueRequired\":true,\"valueName\":\"search_term_string\"}}],\"inLanguage\":\"fr-FR\"}]}<\/script>\n<!-- \/ Yoast SEO plugin. -->","yoast_head_json":{"title":"Filtreau UV-C Titan (Salt Res.) 120W - Filtreau","robots":{"index":"index","follow":"follow","max-snippet":"max-snippet:-1","max-image-preview":"max-image-preview:large","max-video-preview":"max-video-preview:-1"},"canonical":"https:\/\/filtreau.nl\/fr\/produit\/filtreau-uv-c-titan-salt-res-120w\/","og_locale":"fr_FR","og_type":"article","og_title":"Filtreau UV-C Titan (Salt Res.) 120W - Filtreau","og_description":"UVT0003","og_url":"https:\/\/filtreau.nl\/fr\/produit\/filtreau-uv-c-titan-salt-res-120w\/","og_site_name":"Filtreau","article_modified_time":"2026-02-27T12:28:11+00:00","og_image":[{"width":1000,"height":1000,"url":"https:\/\/filtreau.nl\/wp-content\/uploads\/2024\/01\/Filtreau-UV-C-Titan.png","type":"image\/png"}],"twitter_card":"summary_large_image","twitter_misc":{"Dur\u00e9e de lecture estim\u00e9e":"2 minutes"},"schema":{"@context":"https:\/\/schema.org","@graph":[{"@type":"WebPage","@id":"https:\/\/filtreau.nl\/product\/filtreau-uv-c-titan-salt-res-120w\/","url":"https:\/\/filtreau.nl\/product\/filtreau-uv-c-titan-salt-res-120w\/","name":"Filtreau UV-C Titan (Salt Res.) 120W - Filtreau","isPartOf":{"@id":"https:\/\/filtreau.nl\/en\/#website"},"primaryImageOfPage":{"@id":"https:\/\/filtreau.nl\/product\/filtreau-uv-c-titan-salt-res-120w\/#primaryimage"},"image":{"@id":"https:\/\/filtreau.nl\/product\/filtreau-uv-c-titan-salt-res-120w\/#primaryimage"},"thumbnailUrl":"https:\/\/filtreau.nl\/wp-content\/uploads\/2024\/01\/Filtreau-UV-C-Titan.png","datePublished":"2025-06-12T14:27:01+00:00","dateModified":"2026-02-27T12:28:11+00:00","breadcrumb":{"@id":"https:\/\/filtreau.nl\/product\/filtreau-uv-c-titan-salt-res-120w\/#breadcrumb"},"inLanguage":"fr-FR","potentialAction":[{"@type":"ReadAction","target":["https:\/\/filtreau.nl\/product\/filtreau-uv-c-titan-salt-res-120w\/"]}]},{"@type":"ImageObject","inLanguage":"fr-FR","@id":"https:\/\/filtreau.nl\/product\/filtreau-uv-c-titan-salt-res-120w\/#primaryimage","url":"https:\/\/filtreau.nl\/wp-content\/uploads\/2024\/01\/Filtreau-UV-C-Titan.png","contentUrl":"https:\/\/filtreau.nl\/wp-content\/uploads\/2024\/01\/Filtreau-UV-C-Titan.png","width":1000,"height":1000},{"@type":"BreadcrumbList","@id":"https:\/\/filtreau.nl\/product\/filtreau-uv-c-titan-salt-res-120w\/#breadcrumb","itemListElement":[{"@type":"ListItem","position":1,"name":"Home","item":"https:\/\/filtreau.nl\/"},{"@type":"ListItem","position":2,"name":"Producten","item":"https:\/\/filtreau.nl\/shop\/"},{"@type":"ListItem","position":3,"name":"Filtreau UV-C Titan (Salt Res.) 120W"}]},{"@type":"WebSite","@id":"https:\/\/filtreau.nl\/en\/#website","url":"https:\/\/filtreau.nl\/en\/","name":"Filtreau","description":"Schoon en helder water voor vijvers en zwembaden","potentialAction":[{"@type":"SearchAction","target":{"@type":"EntryPoint","urlTemplate":"https:\/\/filtreau.nl\/en\/?s={search_term_string}"},"query-input":{"@type":"PropertyValueSpecification","valueRequired":true,"valueName":"search_term_string"}}],"inLanguage":"fr-FR"}]}},"_links":{"self":[{"href":"https:\/\/filtreau.nl\/fr\/wp-json\/wp\/v2\/product\/4038","targetHints":{"allow":["GET"]}}],"collection":[{"href":"https:\/\/filtreau.nl\/fr\/wp-json\/wp\/v2\/product"}],"about":[{"href":"https:\/\/filtreau.nl\/fr\/wp-json\/wp\/v2\/types\/product"}],"version-history":[{"count":6,"href":"https:\/\/filtreau.nl\/fr\/wp-json\/wp\/v2\/product\/4038\/revisions"}],"predecessor-version":[{"id":15743,"href":"https:\/\/filtreau.nl\/fr\/wp-json\/wp\/v2\/product\/4038\/revisions\/15743"}],"wp:featuredmedia":[{"embeddable":true,"href":"https:\/\/filtreau.nl\/fr\/wp-json\/wp\/v2\/media\/5463"}],"wp:attachment":[{"href":"https:\/\/filtreau.nl\/fr\/wp-json\/wp\/v2\/media?parent=4038"}],"wp:term":[{"taxonomy":"product_brand","embeddable":true,"href":"https:\/\/filtreau.nl\/fr\/wp-json\/wp\/v2\/product_brand?post=4038"},{"taxonomy":"product_cat","embeddable":true,"href":"https:\/\/filtreau.nl\/fr\/wp-json\/wp\/v2\/product_cat?post=4038"},{"taxonomy":"product_tag","embeddable":true,"href":"https:\/\/filtreau.nl\/fr\/wp-json\/wp\/v2\/product_tag?post=4038"}],"curies":[{"name":"wp","href":"https:\/\/api.w.org\/{rel}","templated":true}]}}