{"id":4072,"date":"2025-06-12T14:26:57","date_gmt":"2025-06-12T14:26:57","guid":{"rendered":"https:\/\/filtreau.nl\/product\/filtreau-uv-c-module-high-output-80w\/"},"modified":"2026-02-27T09:02:07","modified_gmt":"2026-02-27T09:02:07","slug":"filtreau-uv-c-module-high-output-80w","status":"publish","type":"product","link":"https:\/\/filtreau.nl\/fr\/produit\/filtreau-uv-c-module-high-output-80w\/","title":{"rendered":"Filtreau UV-C Module High Output 80W"},"content":{"rendered":"","protected":false},"excerpt":{"rendered":"<p>Le Filtreau UV-C Module garantit une eau cristalline. La conception ing\u00e9nieuse et les mat\u00e9riaux de\nqualit\u00e9 sup\u00e9rieure d\u00e9bouchent sur un rayonnement UV-C \u00e9lev\u00e9 d\u2019une longueur d\u2019onde de\npr\u00e9cis\u00e9ment 253,7 nm. La dose de rayonnement \u00e9lev\u00e9e tue pratiquement toutes les bact\u00e9ries, virus\net moisissures, ce qui donne une eau toujours limpide et propre.\nAinsi, la quantit\u00e9 de produits chimiques ajout\u00e9s (comme le chlore par exemple) peut \u00eatre r\u00e9duite\njusqu\u2019\u00e0 80%, ce qui assure une eau plus naturelle et plus saine.<\/p>","protected":false},"featured_media":5439,"template":"","meta":{"_acf_changed":false,"wds_primary_product_brand":0,"wds_primary_product_cat":0},"product_brand":[],"product_cat":[457,20],"product_tag":[461],"class_list":{"0":"post-4072","1":"product","2":"type-product","3":"status-publish","4":"has-post-thumbnail","6":"product_cat-vijver","7":"product_cat-uv-c","8":"product_tag-80w","10":"first","11":"instock","12":"product-type-simple"},"acf":{"Maatvoering":"","handleiding":13249,"test_veld":"","type":"","lengte":"","breedte":"","hoogte":"","trommel":"","max_flow":"","max_vijverinhoud":"","inlaat_in_mm":"","uitlaat_in_mm":"","spoel_pomp_intern":"","motor":"","uv-c_inbouwunit":"","luchtvoorziening":"","controlebox":"","beschrijving":"","lange-beschrijving":"","beschrijving_2":"","watt":"80W","rc_stroom_voor_30_mjcm2":"22 m3\/h","max_druk":"3.0 bar","diameter":"","diameter_in_outlet":"","behuizing":"","elektronische_belasting":"230V AC 50\/60 Hz","maximale_stroom":"0,8 A","vermogen_lamp":"80W High-Output","levensduur_lamp":"12.000 h","hoeveelheid_volle_pallet":"40","geschikt_voor_vijver":"Ja","geschikt_voor_zwembad":"Nee","lengte_uv":"660 mm","lengte_kabel":"5 meters"},"yoast_head":"<!-- This site is optimized with the Yoast SEO plugin v26.6 - https:\/\/yoast.com\/wordpress\/plugins\/seo\/ -->\n<title>Filtreau UV-C Module High Output 80W - Filtreau<\/title>\n<meta name=\"robots\" content=\"index, follow, max-snippet:-1, max-image-preview:large, max-video-preview:-1\" \/>\n<link rel=\"canonical\" href=\"https:\/\/filtreau.nl\/fr\/produit\/filtreau-uv-c-module-high-output-80w\/\" \/>\n<meta property=\"og:locale\" content=\"fr_FR\" \/>\n<meta property=\"og:type\" content=\"article\" \/>\n<meta property=\"og:title\" content=\"Filtreau UV-C Module High Output 80W - Filtreau\" \/>\n<meta property=\"og:description\" content=\"De Filtreau UV-C Module zorgt voor kristalhelder water. Het uitgekiende ontwerp en de hoogwaardige materialen resulteren in een hoge UV-C-straling met een golflengte van precies 253,7 nm. De hoge bestralingsdosis doodt vrijwel alle bacteri\u00ebn, virussen en ook schimmels en levert aldus helder en schoon water. Hierdoor kunnen eventueel de toegevoegde chemicali\u00ebn (bijv. chloor) met tot wel 80% worden gereduceerd, wat zorgt voor een natuurlijker, gezond water!\" \/>\n<meta property=\"og:url\" content=\"https:\/\/filtreau.nl\/fr\/produit\/filtreau-uv-c-module-high-output-80w\/\" \/>\n<meta property=\"og:site_name\" content=\"Filtreau\" \/>\n<meta property=\"article:modified_time\" content=\"2026-02-27T09:02:07+00:00\" \/>\n<meta property=\"og:image\" content=\"https:\/\/filtreau.nl\/wp-content\/uploads\/2024\/01\/Filtreau-UV-C-Module-High-Output.png\" \/>\n\t<meta property=\"og:image:width\" content=\"1000\" \/>\n\t<meta property=\"og:image:height\" content=\"1000\" \/>\n\t<meta property=\"og:image:type\" content=\"image\/png\" \/>\n<meta name=\"twitter:card\" content=\"summary_large_image\" \/>\n<meta name=\"twitter:label1\" content=\"Dur\u00e9e de lecture estim\u00e9e\" \/>\n\t<meta name=\"twitter:data1\" content=\"1 minute\" \/>\n<script type=\"application\/ld+json\" class=\"yoast-schema-graph\">{\"@context\":\"https:\/\/schema.org\",\"@graph\":[{\"@type\":\"WebPage\",\"@id\":\"https:\/\/filtreau.nl\/product\/filtreau-uv-c-module-high-output-80w\/\",\"url\":\"https:\/\/filtreau.nl\/product\/filtreau-uv-c-module-high-output-80w\/\",\"name\":\"Filtreau UV-C Module High Output 80W - Filtreau\",\"isPartOf\":{\"@id\":\"https:\/\/filtreau.nl\/en\/#website\"},\"primaryImageOfPage\":{\"@id\":\"https:\/\/filtreau.nl\/product\/filtreau-uv-c-module-high-output-80w\/#primaryimage\"},\"image\":{\"@id\":\"https:\/\/filtreau.nl\/product\/filtreau-uv-c-module-high-output-80w\/#primaryimage\"},\"thumbnailUrl\":\"https:\/\/filtreau.nl\/wp-content\/uploads\/2024\/01\/Filtreau-UV-C-Module-High-Output.png\",\"datePublished\":\"2025-06-12T14:26:57+00:00\",\"dateModified\":\"2026-02-27T09:02:07+00:00\",\"breadcrumb\":{\"@id\":\"https:\/\/filtreau.nl\/product\/filtreau-uv-c-module-high-output-80w\/#breadcrumb\"},\"inLanguage\":\"fr-FR\",\"potentialAction\":[{\"@type\":\"ReadAction\",\"target\":[\"https:\/\/filtreau.nl\/product\/filtreau-uv-c-module-high-output-80w\/\"]}]},{\"@type\":\"ImageObject\",\"inLanguage\":\"fr-FR\",\"@id\":\"https:\/\/filtreau.nl\/product\/filtreau-uv-c-module-high-output-80w\/#primaryimage\",\"url\":\"https:\/\/filtreau.nl\/wp-content\/uploads\/2024\/01\/Filtreau-UV-C-Module-High-Output.png\",\"contentUrl\":\"https:\/\/filtreau.nl\/wp-content\/uploads\/2024\/01\/Filtreau-UV-C-Module-High-Output.png\",\"width\":1000,\"height\":1000},{\"@type\":\"BreadcrumbList\",\"@id\":\"https:\/\/filtreau.nl\/product\/filtreau-uv-c-module-high-output-80w\/#breadcrumb\",\"itemListElement\":[{\"@type\":\"ListItem\",\"position\":1,\"name\":\"Home\",\"item\":\"https:\/\/filtreau.nl\/\"},{\"@type\":\"ListItem\",\"position\":2,\"name\":\"Producten\",\"item\":\"https:\/\/filtreau.nl\/shop\/\"},{\"@type\":\"ListItem\",\"position\":3,\"name\":\"Filtreau UV-C Module High Output 80W\"}]},{\"@type\":\"WebSite\",\"@id\":\"https:\/\/filtreau.nl\/en\/#website\",\"url\":\"https:\/\/filtreau.nl\/en\/\",\"name\":\"Filtreau\",\"description\":\"Schoon en helder water voor vijvers en zwembaden\",\"potentialAction\":[{\"@type\":\"SearchAction\",\"target\":{\"@type\":\"EntryPoint\",\"urlTemplate\":\"https:\/\/filtreau.nl\/en\/?s={search_term_string}\"},\"query-input\":{\"@type\":\"PropertyValueSpecification\",\"valueRequired\":true,\"valueName\":\"search_term_string\"}}],\"inLanguage\":\"fr-FR\"}]}<\/script>\n<!-- \/ Yoast SEO plugin. -->","yoast_head_json":{"title":"Filtreau UV-C Module High Output 80W - Filtreau","robots":{"index":"index","follow":"follow","max-snippet":"max-snippet:-1","max-image-preview":"max-image-preview:large","max-video-preview":"max-video-preview:-1"},"canonical":"https:\/\/filtreau.nl\/fr\/produit\/filtreau-uv-c-module-high-output-80w\/","og_locale":"fr_FR","og_type":"article","og_title":"Filtreau UV-C Module High Output 80W - Filtreau","og_description":"De Filtreau UV-C Module zorgt voor kristalhelder water. Het uitgekiende ontwerp en de hoogwaardige materialen resulteren in een hoge UV-C-straling met een golflengte van precies 253,7 nm. De hoge bestralingsdosis doodt vrijwel alle bacteri\u00ebn, virussen en ook schimmels en levert aldus helder en schoon water. Hierdoor kunnen eventueel de toegevoegde chemicali\u00ebn (bijv. chloor) met tot wel 80% worden gereduceerd, wat zorgt voor een natuurlijker, gezond water!","og_url":"https:\/\/filtreau.nl\/fr\/produit\/filtreau-uv-c-module-high-output-80w\/","og_site_name":"Filtreau","article_modified_time":"2026-02-27T09:02:07+00:00","og_image":[{"width":1000,"height":1000,"url":"https:\/\/filtreau.nl\/wp-content\/uploads\/2024\/01\/Filtreau-UV-C-Module-High-Output.png","type":"image\/png"}],"twitter_card":"summary_large_image","twitter_misc":{"Dur\u00e9e de lecture estim\u00e9e":"1 minute"},"schema":{"@context":"https:\/\/schema.org","@graph":[{"@type":"WebPage","@id":"https:\/\/filtreau.nl\/product\/filtreau-uv-c-module-high-output-80w\/","url":"https:\/\/filtreau.nl\/product\/filtreau-uv-c-module-high-output-80w\/","name":"Filtreau UV-C Module High Output 80W - Filtreau","isPartOf":{"@id":"https:\/\/filtreau.nl\/en\/#website"},"primaryImageOfPage":{"@id":"https:\/\/filtreau.nl\/product\/filtreau-uv-c-module-high-output-80w\/#primaryimage"},"image":{"@id":"https:\/\/filtreau.nl\/product\/filtreau-uv-c-module-high-output-80w\/#primaryimage"},"thumbnailUrl":"https:\/\/filtreau.nl\/wp-content\/uploads\/2024\/01\/Filtreau-UV-C-Module-High-Output.png","datePublished":"2025-06-12T14:26:57+00:00","dateModified":"2026-02-27T09:02:07+00:00","breadcrumb":{"@id":"https:\/\/filtreau.nl\/product\/filtreau-uv-c-module-high-output-80w\/#breadcrumb"},"inLanguage":"fr-FR","potentialAction":[{"@type":"ReadAction","target":["https:\/\/filtreau.nl\/product\/filtreau-uv-c-module-high-output-80w\/"]}]},{"@type":"ImageObject","inLanguage":"fr-FR","@id":"https:\/\/filtreau.nl\/product\/filtreau-uv-c-module-high-output-80w\/#primaryimage","url":"https:\/\/filtreau.nl\/wp-content\/uploads\/2024\/01\/Filtreau-UV-C-Module-High-Output.png","contentUrl":"https:\/\/filtreau.nl\/wp-content\/uploads\/2024\/01\/Filtreau-UV-C-Module-High-Output.png","width":1000,"height":1000},{"@type":"BreadcrumbList","@id":"https:\/\/filtreau.nl\/product\/filtreau-uv-c-module-high-output-80w\/#breadcrumb","itemListElement":[{"@type":"ListItem","position":1,"name":"Home","item":"https:\/\/filtreau.nl\/"},{"@type":"ListItem","position":2,"name":"Producten","item":"https:\/\/filtreau.nl\/shop\/"},{"@type":"ListItem","position":3,"name":"Filtreau UV-C Module High Output 80W"}]},{"@type":"WebSite","@id":"https:\/\/filtreau.nl\/en\/#website","url":"https:\/\/filtreau.nl\/en\/","name":"Filtreau","description":"Schoon en helder water voor vijvers en zwembaden","potentialAction":[{"@type":"SearchAction","target":{"@type":"EntryPoint","urlTemplate":"https:\/\/filtreau.nl\/en\/?s={search_term_string}"},"query-input":{"@type":"PropertyValueSpecification","valueRequired":true,"valueName":"search_term_string"}}],"inLanguage":"fr-FR"}]}},"_links":{"self":[{"href":"https:\/\/filtreau.nl\/fr\/wp-json\/wp\/v2\/product\/4072","targetHints":{"allow":["GET"]}}],"collection":[{"href":"https:\/\/filtreau.nl\/fr\/wp-json\/wp\/v2\/product"}],"about":[{"href":"https:\/\/filtreau.nl\/fr\/wp-json\/wp\/v2\/types\/product"}],"version-history":[{"count":3,"href":"https:\/\/filtreau.nl\/fr\/wp-json\/wp\/v2\/product\/4072\/revisions"}],"predecessor-version":[{"id":15575,"href":"https:\/\/filtreau.nl\/fr\/wp-json\/wp\/v2\/product\/4072\/revisions\/15575"}],"wp:featuredmedia":[{"embeddable":true,"href":"https:\/\/filtreau.nl\/fr\/wp-json\/wp\/v2\/media\/5439"}],"wp:attachment":[{"href":"https:\/\/filtreau.nl\/fr\/wp-json\/wp\/v2\/media?parent=4072"}],"wp:term":[{"taxonomy":"product_brand","embeddable":true,"href":"https:\/\/filtreau.nl\/fr\/wp-json\/wp\/v2\/product_brand?post=4072"},{"taxonomy":"product_cat","embeddable":true,"href":"https:\/\/filtreau.nl\/fr\/wp-json\/wp\/v2\/product_cat?post=4072"},{"taxonomy":"product_tag","embeddable":true,"href":"https:\/\/filtreau.nl\/fr\/wp-json\/wp\/v2\/product_tag?post=4072"}],"curies":[{"name":"wp","href":"https:\/\/api.w.org\/{rel}","templated":true}]}}