{"id":4683,"date":"2025-06-12T14:26:54","date_gmt":"2025-06-12T14:26:54","guid":{"rendered":"https:\/\/filtreau.nl\/product\/trickle-filter-waterfall\/"},"modified":"2026-02-27T10:26:45","modified_gmt":"2026-02-27T10:26:45","slug":"trickle-waterval-filter","status":"publish","type":"product","link":"https:\/\/filtreau.nl\/fr\/produit\/trickle-waterval-filter\/","title":{"rendered":"Filtre de ruissellement chute d'eau"},"content":{"rendered":"<p>D\u00e9couvrez la puissance d'oxyg\u00e9nation moderne et sophistiqu\u00e9e et le caract\u00e8re unique du filtre Trickle avec cascade de Filtreau, con\u00e7u exclusivement pour les ko\u00efs et les poissons d'ornement. Le syst\u00e8me Trickle offre d'excellentes performances biologiques, optimisant les niveaux d'oxyg\u00e8ne et assurant une sant\u00e9 optimale de la flore et de la faune ainsi que l'oxyg\u00e9nation du bassin.<\/p>","protected":false},"excerpt":{"rendered":"<p>TRI0001<\/p>","protected":false},"featured_media":5336,"template":"","meta":{"_acf_changed":false,"wds_primary_product_brand":0,"wds_primary_product_cat":0},"product_brand":[],"product_cat":[490,455,147],"product_tag":[],"class_list":{"0":"post-4683","1":"product","2":"type-product","3":"status-publish","4":"has-post-thumbnail","6":"product_cat-basic-lijn","7":"product_cat-trickle","8":"product_cat-filters","10":"first","11":"instock","12":"product-type-simple"},"acf":{"Maatvoering":"","handleiding":"","test_veld":"","type":"Trickle","lengte":"935mm","breedte":"460mm","hoogte":"1170mm","trommel":"","max_flow":"","max_vijverinhoud":"20 m3","inlaat_in_mm":"1 x 63mm 2\"","uitlaat_in_mm":"1 x 63mm 2\"","spoel_pomp_intern":"","motor":"","uv-c_inbouwunit":"","luchtvoorziening":"","controlebox":"","beschrijving":"Ontdek de moderne verfijnde zuurstofrijke kracht en uniciteit van de betaalbare Trickle filter met waterval van Filtreau. uitsluitend ontworpen voor koi- en siervissen. Het Trickle systeem biedt een uitstekende biologische werking en optimaliseert de zuurstofniveaus en zorgt voor een optimale gezondheid van de flora en fauna en zuurstofrijke vijver.","lange-beschrijving":"","beschrijving_2":"","watt":"","rc_stroom_voor_30_mjcm2":"","max_druk":"","diameter":"","diameter_in_outlet":"","behuizing":"","elektronische_belasting":"","maximale_stroom":"","vermogen_lamp":"","levensduur_lamp":"","hoeveelheid_volle_pallet":"","geschikt_voor_vijver":"","geschikt_voor_zwembad":"","lengte_uv":"","lengte_kabel":""},"yoast_head":"<!-- This site is optimized with the Yoast SEO plugin v26.6 - https:\/\/yoast.com\/wordpress\/plugins\/seo\/ -->\n<title>Trickle Waterval filter - Filtreau<\/title>\n<meta name=\"robots\" content=\"index, follow, max-snippet:-1, max-image-preview:large, max-video-preview:-1\" \/>\n<link rel=\"canonical\" href=\"https:\/\/filtreau.nl\/fr\/produit\/trickle-waterval-filter\/\" \/>\n<meta property=\"og:locale\" content=\"fr_FR\" \/>\n<meta property=\"og:type\" content=\"article\" \/>\n<meta property=\"og:title\" content=\"Trickle Waterval filter - Filtreau\" \/>\n<meta property=\"og:description\" content=\"TRI0001\" \/>\n<meta property=\"og:url\" content=\"https:\/\/filtreau.nl\/fr\/produit\/trickle-waterval-filter\/\" \/>\n<meta property=\"og:site_name\" content=\"Filtreau\" \/>\n<meta property=\"article:modified_time\" content=\"2026-02-27T10:26:45+00:00\" \/>\n<meta property=\"og:image\" content=\"https:\/\/filtreau.nl\/wp-content\/uploads\/2024\/01\/Trickle-groot-brievenbus-nr1-2024-02-18-21562100000.png\" \/>\n\t<meta property=\"og:image:width\" content=\"1000\" \/>\n\t<meta property=\"og:image:height\" content=\"1000\" \/>\n\t<meta property=\"og:image:type\" content=\"image\/png\" \/>\n<meta name=\"twitter:card\" content=\"summary_large_image\" \/>\n<meta name=\"twitter:label1\" content=\"Dur\u00e9e de lecture estim\u00e9e\" \/>\n\t<meta name=\"twitter:data1\" content=\"1 minute\" \/>\n<script type=\"application\/ld+json\" class=\"yoast-schema-graph\">{\"@context\":\"https:\/\/schema.org\",\"@graph\":[{\"@type\":\"WebPage\",\"@id\":\"https:\/\/filtreau.nl\/product\/trickle-waterval-filter\/\",\"url\":\"https:\/\/filtreau.nl\/product\/trickle-waterval-filter\/\",\"name\":\"Trickle Waterval filter - Filtreau\",\"isPartOf\":{\"@id\":\"https:\/\/filtreau.nl\/en\/#website\"},\"primaryImageOfPage\":{\"@id\":\"https:\/\/filtreau.nl\/product\/trickle-waterval-filter\/#primaryimage\"},\"image\":{\"@id\":\"https:\/\/filtreau.nl\/product\/trickle-waterval-filter\/#primaryimage\"},\"thumbnailUrl\":\"https:\/\/filtreau.nl\/wp-content\/uploads\/2024\/01\/Trickle-groot-brievenbus-nr1-2024-02-18-21562100000.png\",\"datePublished\":\"2025-06-12T14:26:54+00:00\",\"dateModified\":\"2026-02-27T10:26:45+00:00\",\"breadcrumb\":{\"@id\":\"https:\/\/filtreau.nl\/product\/trickle-waterval-filter\/#breadcrumb\"},\"inLanguage\":\"fr-FR\",\"potentialAction\":[{\"@type\":\"ReadAction\",\"target\":[\"https:\/\/filtreau.nl\/product\/trickle-waterval-filter\/\"]}]},{\"@type\":\"ImageObject\",\"inLanguage\":\"fr-FR\",\"@id\":\"https:\/\/filtreau.nl\/product\/trickle-waterval-filter\/#primaryimage\",\"url\":\"https:\/\/filtreau.nl\/wp-content\/uploads\/2024\/01\/Trickle-groot-brievenbus-nr1-2024-02-18-21562100000.png\",\"contentUrl\":\"https:\/\/filtreau.nl\/wp-content\/uploads\/2024\/01\/Trickle-groot-brievenbus-nr1-2024-02-18-21562100000.png\",\"width\":1000,\"height\":1000},{\"@type\":\"BreadcrumbList\",\"@id\":\"https:\/\/filtreau.nl\/product\/trickle-waterval-filter\/#breadcrumb\",\"itemListElement\":[{\"@type\":\"ListItem\",\"position\":1,\"name\":\"Home\",\"item\":\"https:\/\/filtreau.nl\/\"},{\"@type\":\"ListItem\",\"position\":2,\"name\":\"Producten\",\"item\":\"https:\/\/filtreau.nl\/shop\/\"},{\"@type\":\"ListItem\",\"position\":3,\"name\":\"Trickle Waterval filter\"}]},{\"@type\":\"WebSite\",\"@id\":\"https:\/\/filtreau.nl\/en\/#website\",\"url\":\"https:\/\/filtreau.nl\/en\/\",\"name\":\"Filtreau\",\"description\":\"Schoon en helder water voor vijvers en zwembaden\",\"potentialAction\":[{\"@type\":\"SearchAction\",\"target\":{\"@type\":\"EntryPoint\",\"urlTemplate\":\"https:\/\/filtreau.nl\/en\/?s={search_term_string}\"},\"query-input\":{\"@type\":\"PropertyValueSpecification\",\"valueRequired\":true,\"valueName\":\"search_term_string\"}}],\"inLanguage\":\"fr-FR\"}]}<\/script>\n<!-- \/ Yoast SEO plugin. -->","yoast_head_json":{"title":"Trickle Waterval filter - Filtreau","robots":{"index":"index","follow":"follow","max-snippet":"max-snippet:-1","max-image-preview":"max-image-preview:large","max-video-preview":"max-video-preview:-1"},"canonical":"https:\/\/filtreau.nl\/fr\/produit\/trickle-waterval-filter\/","og_locale":"fr_FR","og_type":"article","og_title":"Trickle Waterval filter - Filtreau","og_description":"TRI0001","og_url":"https:\/\/filtreau.nl\/fr\/produit\/trickle-waterval-filter\/","og_site_name":"Filtreau","article_modified_time":"2026-02-27T10:26:45+00:00","og_image":[{"width":1000,"height":1000,"url":"https:\/\/filtreau.nl\/wp-content\/uploads\/2024\/01\/Trickle-groot-brievenbus-nr1-2024-02-18-21562100000.png","type":"image\/png"}],"twitter_card":"summary_large_image","twitter_misc":{"Dur\u00e9e de lecture estim\u00e9e":"1 minute"},"schema":{"@context":"https:\/\/schema.org","@graph":[{"@type":"WebPage","@id":"https:\/\/filtreau.nl\/product\/trickle-waterval-filter\/","url":"https:\/\/filtreau.nl\/product\/trickle-waterval-filter\/","name":"Trickle Waterval filter - Filtreau","isPartOf":{"@id":"https:\/\/filtreau.nl\/en\/#website"},"primaryImageOfPage":{"@id":"https:\/\/filtreau.nl\/product\/trickle-waterval-filter\/#primaryimage"},"image":{"@id":"https:\/\/filtreau.nl\/product\/trickle-waterval-filter\/#primaryimage"},"thumbnailUrl":"https:\/\/filtreau.nl\/wp-content\/uploads\/2024\/01\/Trickle-groot-brievenbus-nr1-2024-02-18-21562100000.png","datePublished":"2025-06-12T14:26:54+00:00","dateModified":"2026-02-27T10:26:45+00:00","breadcrumb":{"@id":"https:\/\/filtreau.nl\/product\/trickle-waterval-filter\/#breadcrumb"},"inLanguage":"fr-FR","potentialAction":[{"@type":"ReadAction","target":["https:\/\/filtreau.nl\/product\/trickle-waterval-filter\/"]}]},{"@type":"ImageObject","inLanguage":"fr-FR","@id":"https:\/\/filtreau.nl\/product\/trickle-waterval-filter\/#primaryimage","url":"https:\/\/filtreau.nl\/wp-content\/uploads\/2024\/01\/Trickle-groot-brievenbus-nr1-2024-02-18-21562100000.png","contentUrl":"https:\/\/filtreau.nl\/wp-content\/uploads\/2024\/01\/Trickle-groot-brievenbus-nr1-2024-02-18-21562100000.png","width":1000,"height":1000},{"@type":"BreadcrumbList","@id":"https:\/\/filtreau.nl\/product\/trickle-waterval-filter\/#breadcrumb","itemListElement":[{"@type":"ListItem","position":1,"name":"Home","item":"https:\/\/filtreau.nl\/"},{"@type":"ListItem","position":2,"name":"Producten","item":"https:\/\/filtreau.nl\/shop\/"},{"@type":"ListItem","position":3,"name":"Trickle Waterval filter"}]},{"@type":"WebSite","@id":"https:\/\/filtreau.nl\/en\/#website","url":"https:\/\/filtreau.nl\/en\/","name":"Filtreau","description":"Schoon en helder water voor vijvers en zwembaden","potentialAction":[{"@type":"SearchAction","target":{"@type":"EntryPoint","urlTemplate":"https:\/\/filtreau.nl\/en\/?s={search_term_string}"},"query-input":{"@type":"PropertyValueSpecification","valueRequired":true,"valueName":"search_term_string"}}],"inLanguage":"fr-FR"}]}},"jetpack_sharing_enabled":true,"_links":{"self":[{"href":"https:\/\/filtreau.nl\/fr\/wp-json\/wp\/v2\/product\/4683","targetHints":{"allow":["GET"]}}],"collection":[{"href":"https:\/\/filtreau.nl\/fr\/wp-json\/wp\/v2\/product"}],"about":[{"href":"https:\/\/filtreau.nl\/fr\/wp-json\/wp\/v2\/types\/product"}],"version-history":[{"count":4,"href":"https:\/\/filtreau.nl\/fr\/wp-json\/wp\/v2\/product\/4683\/revisions"}],"predecessor-version":[{"id":15635,"href":"https:\/\/filtreau.nl\/fr\/wp-json\/wp\/v2\/product\/4683\/revisions\/15635"}],"wp:featuredmedia":[{"embeddable":true,"href":"https:\/\/filtreau.nl\/fr\/wp-json\/wp\/v2\/media\/5336"}],"wp:attachment":[{"href":"https:\/\/filtreau.nl\/fr\/wp-json\/wp\/v2\/media?parent=4683"}],"wp:term":[{"taxonomy":"product_brand","embeddable":true,"href":"https:\/\/filtreau.nl\/fr\/wp-json\/wp\/v2\/product_brand?post=4683"},{"taxonomy":"product_cat","embeddable":true,"href":"https:\/\/filtreau.nl\/fr\/wp-json\/wp\/v2\/product_cat?post=4683"},{"taxonomy":"product_tag","embeddable":true,"href":"https:\/\/filtreau.nl\/fr\/wp-json\/wp\/v2\/product_tag?post=4683"}],"curies":[{"name":"wp","href":"https:\/\/api.w.org\/{rel}","templated":true}]}}