{"id":5909,"date":"2025-06-12T13:26:12","date_gmt":"2025-06-12T13:26:12","guid":{"rendered":"https:\/\/filtreau.nl\/?post_type=product&#038;p=5909"},"modified":"2026-02-27T15:06:19","modified_gmt":"2026-02-27T15:06:19","slug":"automatische-waterniveau-regelaar","status":"publish","type":"product","link":"https:\/\/filtreau.nl\/fr\/produit\/automatische-waterniveau-regelaar\/","title":{"rendered":"R\u00e9gulateur automatique du niveau d'eau"},"content":{"rendered":"<p>Un contr\u00f4leur de niveau d'eau qui r\u00e9gule le niveau d'eau sans commutation manuelle. \nConvient \u00e0 des temp\u00e9ratures comprises entre 0 et 100 degr\u00e9s Celsius et fonctionne avec une pression d'eau comprise entre 10 et 150 psi. Pour garantir la s\u00e9curit\u00e9 de l'eau, le robinet \u00e0 flotteur est en PP.\nLes r\u00e9gulateurs de niveau d'eau ont un taux de d\u00e9faillance relativement faible et une longue dur\u00e9e de vie. La vanne de contr\u00f4le du r\u00e9gulateur automatique de niveau d'eau augmente efficacement la quantit\u00e9 d'eau, elle est petite et permet d'\u00e9conomiser de l'espace.<\/p>\n<p>Attention ! En cas d\u2019utilisation en int\u00e9rieur, vous devez toujours pr\u00e9voir un syst\u00e8me de d\u00e9bordement d'urgence afin d'\u00e9viter les inondations. En outre, le r\u00e9gulateur automatique de niveau d'eau ne convient qu'aux filtres \u00e0 tambour r\u00e9gl\u00e9s par gravit\u00e9.<\/p>","protected":false},"excerpt":{"rendered":"<p>WMC80WLC<\/p>","protected":false},"featured_media":11679,"template":"","meta":{"_acf_changed":false,"wds_primary_product_brand":0,"wds_primary_product_cat":0},"product_brand":[],"product_cat":[475,210],"product_tag":[],"class_list":{"0":"post-5909","1":"product","2":"type-product","3":"status-publish","4":"has-post-thumbnail","6":"product_cat-diversen","7":"product_cat-accessoires","9":"first","10":"instock","11":"product-type-simple"},"acf":{"Maatvoering":5940,"handleiding":"","test_veld":"","type":"","lengte":"133mm","breedte":"59mm","hoogte":"77mm","trommel":"","max_flow":"","max_vijverinhoud":"","inlaat_in_mm":"","uitlaat_in_mm":"","spoel_pomp_intern":"","motor":"","uv-c_inbouwunit":"","luchtvoorziening":"","controlebox":"","beschrijving":"Een water niveau controller die het waterniveau reguleert zonder handmatig te hoeven schakelen. Geschikt voor temperaturen van 0 tot 70 graden Celsius en is werkzaam met druk van water tussen 10psi en 150psi. Om de veiligheid van het water te waarborgen is de vlotterafsluiter PP gemaakt. De waterniveauregelaars hebben een relatief laag storingspercentage en hebben een lange levensduur. De regelklep van de automatische waterniveauregelaar verhoogt effectief de hoeveelheid water, is klein en bespaart ruimte. <br><br> Let op! Bij gebruik binnenshuis dien je te alle tijden te zorgen voor een nood overloopsysteem om overstromingen te voorkomen. Daarnaast is de Automatische waterniveau regelaar uitsluitend geschikt voor trommelfilters die gravity staan.","lange-beschrijving":"","beschrijving_2":"","watt":"","rc_stroom_voor_30_mjcm2":"","max_druk":"","diameter":"","diameter_in_outlet":"","behuizing":"","elektronische_belasting":"","maximale_stroom":"","vermogen_lamp":"","levensduur_lamp":"","hoeveelheid_volle_pallet":"","geschikt_voor_vijver":"","geschikt_voor_zwembad":"","lengte_uv":"","lengte_kabel":""},"yoast_head":"<!-- This site is optimized with the Yoast SEO plugin v26.6 - https:\/\/yoast.com\/wordpress\/plugins\/seo\/ -->\n<title>Automatische waterniveau regelaar - Filtreau<\/title>\n<meta name=\"robots\" content=\"index, follow, max-snippet:-1, max-image-preview:large, max-video-preview:-1\" \/>\n<link rel=\"canonical\" href=\"https:\/\/filtreau.nl\/fr\/produit\/automatische-waterniveau-regelaar\/\" \/>\n<meta property=\"og:locale\" content=\"fr_FR\" \/>\n<meta property=\"og:type\" content=\"article\" \/>\n<meta property=\"og:title\" content=\"Automatische waterniveau regelaar - Filtreau\" \/>\n<meta property=\"og:description\" content=\"WMC80WLC\" \/>\n<meta property=\"og:url\" content=\"https:\/\/filtreau.nl\/fr\/produit\/automatische-waterniveau-regelaar\/\" \/>\n<meta property=\"og:site_name\" content=\"Filtreau\" \/>\n<meta property=\"article:modified_time\" content=\"2026-02-27T15:06:19+00:00\" \/>\n<meta property=\"og:image\" content=\"https:\/\/filtreau.nl\/wp-content\/uploads\/2024\/07\/Waterlevel-Controller-1.webp\" \/>\n\t<meta property=\"og:image:width\" content=\"1080\" \/>\n\t<meta property=\"og:image:height\" content=\"1080\" \/>\n\t<meta property=\"og:image:type\" content=\"image\/webp\" \/>\n<meta name=\"twitter:card\" content=\"summary_large_image\" \/>\n<meta name=\"twitter:label1\" content=\"Dur\u00e9e de lecture estim\u00e9e\" \/>\n\t<meta name=\"twitter:data1\" content=\"1 minute\" \/>\n<script type=\"application\/ld+json\" class=\"yoast-schema-graph\">{\"@context\":\"https:\/\/schema.org\",\"@graph\":[{\"@type\":\"WebPage\",\"@id\":\"https:\/\/filtreau.nl\/product\/automatische-waterniveau-regelaar\/\",\"url\":\"https:\/\/filtreau.nl\/product\/automatische-waterniveau-regelaar\/\",\"name\":\"Automatische waterniveau regelaar - Filtreau\",\"isPartOf\":{\"@id\":\"https:\/\/filtreau.nl\/en\/#website\"},\"primaryImageOfPage\":{\"@id\":\"https:\/\/filtreau.nl\/product\/automatische-waterniveau-regelaar\/#primaryimage\"},\"image\":{\"@id\":\"https:\/\/filtreau.nl\/product\/automatische-waterniveau-regelaar\/#primaryimage\"},\"thumbnailUrl\":\"https:\/\/filtreau.nl\/wp-content\/uploads\/2024\/07\/Waterlevel-Controller-1.webp\",\"datePublished\":\"2025-06-12T13:26:12+00:00\",\"dateModified\":\"2026-02-27T15:06:19+00:00\",\"breadcrumb\":{\"@id\":\"https:\/\/filtreau.nl\/product\/automatische-waterniveau-regelaar\/#breadcrumb\"},\"inLanguage\":\"fr-FR\",\"potentialAction\":[{\"@type\":\"ReadAction\",\"target\":[\"https:\/\/filtreau.nl\/product\/automatische-waterniveau-regelaar\/\"]}]},{\"@type\":\"ImageObject\",\"inLanguage\":\"fr-FR\",\"@id\":\"https:\/\/filtreau.nl\/product\/automatische-waterniveau-regelaar\/#primaryimage\",\"url\":\"https:\/\/filtreau.nl\/wp-content\/uploads\/2024\/07\/Waterlevel-Controller-1.webp\",\"contentUrl\":\"https:\/\/filtreau.nl\/wp-content\/uploads\/2024\/07\/Waterlevel-Controller-1.webp\",\"width\":1080,\"height\":1080},{\"@type\":\"BreadcrumbList\",\"@id\":\"https:\/\/filtreau.nl\/product\/automatische-waterniveau-regelaar\/#breadcrumb\",\"itemListElement\":[{\"@type\":\"ListItem\",\"position\":1,\"name\":\"Home\",\"item\":\"https:\/\/filtreau.nl\/\"},{\"@type\":\"ListItem\",\"position\":2,\"name\":\"Producten\",\"item\":\"https:\/\/filtreau.nl\/shop\/\"},{\"@type\":\"ListItem\",\"position\":3,\"name\":\"Automatische waterniveau regelaar\"}]},{\"@type\":\"WebSite\",\"@id\":\"https:\/\/filtreau.nl\/en\/#website\",\"url\":\"https:\/\/filtreau.nl\/en\/\",\"name\":\"Filtreau\",\"description\":\"Schoon en helder water voor vijvers en zwembaden\",\"potentialAction\":[{\"@type\":\"SearchAction\",\"target\":{\"@type\":\"EntryPoint\",\"urlTemplate\":\"https:\/\/filtreau.nl\/en\/?s={search_term_string}\"},\"query-input\":{\"@type\":\"PropertyValueSpecification\",\"valueRequired\":true,\"valueName\":\"search_term_string\"}}],\"inLanguage\":\"fr-FR\"}]}<\/script>\n<!-- \/ Yoast SEO plugin. -->","yoast_head_json":{"title":"Automatische waterniveau regelaar - Filtreau","robots":{"index":"index","follow":"follow","max-snippet":"max-snippet:-1","max-image-preview":"max-image-preview:large","max-video-preview":"max-video-preview:-1"},"canonical":"https:\/\/filtreau.nl\/fr\/produit\/automatische-waterniveau-regelaar\/","og_locale":"fr_FR","og_type":"article","og_title":"Automatische waterniveau regelaar - Filtreau","og_description":"WMC80WLC","og_url":"https:\/\/filtreau.nl\/fr\/produit\/automatische-waterniveau-regelaar\/","og_site_name":"Filtreau","article_modified_time":"2026-02-27T15:06:19+00:00","og_image":[{"width":1080,"height":1080,"url":"https:\/\/filtreau.nl\/wp-content\/uploads\/2024\/07\/Waterlevel-Controller-1.webp","type":"image\/webp"}],"twitter_card":"summary_large_image","twitter_misc":{"Dur\u00e9e de lecture estim\u00e9e":"1 minute"},"schema":{"@context":"https:\/\/schema.org","@graph":[{"@type":"WebPage","@id":"https:\/\/filtreau.nl\/product\/automatische-waterniveau-regelaar\/","url":"https:\/\/filtreau.nl\/product\/automatische-waterniveau-regelaar\/","name":"Automatische waterniveau regelaar - Filtreau","isPartOf":{"@id":"https:\/\/filtreau.nl\/en\/#website"},"primaryImageOfPage":{"@id":"https:\/\/filtreau.nl\/product\/automatische-waterniveau-regelaar\/#primaryimage"},"image":{"@id":"https:\/\/filtreau.nl\/product\/automatische-waterniveau-regelaar\/#primaryimage"},"thumbnailUrl":"https:\/\/filtreau.nl\/wp-content\/uploads\/2024\/07\/Waterlevel-Controller-1.webp","datePublished":"2025-06-12T13:26:12+00:00","dateModified":"2026-02-27T15:06:19+00:00","breadcrumb":{"@id":"https:\/\/filtreau.nl\/product\/automatische-waterniveau-regelaar\/#breadcrumb"},"inLanguage":"fr-FR","potentialAction":[{"@type":"ReadAction","target":["https:\/\/filtreau.nl\/product\/automatische-waterniveau-regelaar\/"]}]},{"@type":"ImageObject","inLanguage":"fr-FR","@id":"https:\/\/filtreau.nl\/product\/automatische-waterniveau-regelaar\/#primaryimage","url":"https:\/\/filtreau.nl\/wp-content\/uploads\/2024\/07\/Waterlevel-Controller-1.webp","contentUrl":"https:\/\/filtreau.nl\/wp-content\/uploads\/2024\/07\/Waterlevel-Controller-1.webp","width":1080,"height":1080},{"@type":"BreadcrumbList","@id":"https:\/\/filtreau.nl\/product\/automatische-waterniveau-regelaar\/#breadcrumb","itemListElement":[{"@type":"ListItem","position":1,"name":"Home","item":"https:\/\/filtreau.nl\/"},{"@type":"ListItem","position":2,"name":"Producten","item":"https:\/\/filtreau.nl\/shop\/"},{"@type":"ListItem","position":3,"name":"Automatische waterniveau regelaar"}]},{"@type":"WebSite","@id":"https:\/\/filtreau.nl\/en\/#website","url":"https:\/\/filtreau.nl\/en\/","name":"Filtreau","description":"Schoon en helder water voor vijvers en zwembaden","potentialAction":[{"@type":"SearchAction","target":{"@type":"EntryPoint","urlTemplate":"https:\/\/filtreau.nl\/en\/?s={search_term_string}"},"query-input":{"@type":"PropertyValueSpecification","valueRequired":true,"valueName":"search_term_string"}}],"inLanguage":"fr-FR"}]}},"jetpack_sharing_enabled":true,"_links":{"self":[{"href":"https:\/\/filtreau.nl\/fr\/wp-json\/wp\/v2\/product\/5909","targetHints":{"allow":["GET"]}}],"collection":[{"href":"https:\/\/filtreau.nl\/fr\/wp-json\/wp\/v2\/product"}],"about":[{"href":"https:\/\/filtreau.nl\/fr\/wp-json\/wp\/v2\/types\/product"}],"version-history":[{"count":19,"href":"https:\/\/filtreau.nl\/fr\/wp-json\/wp\/v2\/product\/5909\/revisions"}],"predecessor-version":[{"id":15854,"href":"https:\/\/filtreau.nl\/fr\/wp-json\/wp\/v2\/product\/5909\/revisions\/15854"}],"wp:featuredmedia":[{"embeddable":true,"href":"https:\/\/filtreau.nl\/fr\/wp-json\/wp\/v2\/media\/11679"}],"wp:attachment":[{"href":"https:\/\/filtreau.nl\/fr\/wp-json\/wp\/v2\/media?parent=5909"}],"wp:term":[{"taxonomy":"product_brand","embeddable":true,"href":"https:\/\/filtreau.nl\/fr\/wp-json\/wp\/v2\/product_brand?post=5909"},{"taxonomy":"product_cat","embeddable":true,"href":"https:\/\/filtreau.nl\/fr\/wp-json\/wp\/v2\/product_cat?post=5909"},{"taxonomy":"product_tag","embeddable":true,"href":"https:\/\/filtreau.nl\/fr\/wp-json\/wp\/v2\/product_tag?post=5909"}],"curies":[{"name":"wp","href":"https:\/\/api.w.org\/{rel}","templated":true}]}}