{"id":10363,"date":"2025-04-15T11:08:42","date_gmt":"2025-04-15T11:08:42","guid":{"rendered":"https:\/\/filtreau.nl\/?page_id=10363"},"modified":"2025-05-19T08:23:16","modified_gmt":"2025-05-19T08:23:16","slug":"european-koi-show","status":"publish","type":"page","link":"https:\/\/filtreau.nl\/pl\/european-koi-show\/","title":{"rendered":"European Koi Show"},"content":{"rendered":"<div data-elementor-type=\"wp-page\" data-elementor-id=\"10363\" class=\"elementor elementor-10363\" data-elementor-post-type=\"page\">\n\t\t\t\t<div class=\"elementor-element elementor-element-30293054 e-flex e-con-boxed e-con e-parent\" data-id=\"30293054\" data-element_type=\"container\">\n\t\t\t\t\t<div class=\"e-con-inner\">\n\t\t<div class=\"elementor-element elementor-element-6a8a5a18 e-con-full e-flex e-con e-child\" data-id=\"6a8a5a18\" data-element_type=\"container\" data-settings=\"{&quot;background_background&quot;:&quot;classic&quot;}\">\n\t\t\t\t<div class=\"elementor-element elementor-element-2c37b14f elementor-widget elementor-widget-hub_fancy_heading\" data-id=\"2c37b14f\" data-element_type=\"widget\" data-widget_type=\"hub_fancy_heading.default\">\n\t\t\t\t<div class=\"elementor-widget-container\">\n\t\t\t\t\t\n\t\t<div id=\"ld-fancy-heading-69e42da281bca\" class=\"ld-fancy-heading pos-rel\">\n\t\t\t<h3 class=\"ld-fh-element d-inline-block pos-rel  elementor-heading-title lqd-highlight-classic lqd-highlight-grow-left h3\"  > European Koi Show<\/h3>\t\t<\/div>\n\n\t\t\t\t\t\t<\/div>\n\t\t\t\t<\/div>\n\t\t\t\t<div class=\"elementor-element elementor-element-218d22c1 elementor-widget elementor-widget-hub_fancy_heading\" data-id=\"218d22c1\" data-element_type=\"widget\" data-widget_type=\"hub_fancy_heading.default\">\n\t\t\t\t<div class=\"elementor-widget-container\">\n\t\t\t\t\t\n\t\t<div id=\"ld-fancy-heading-69e42da28208e\" class=\"ld-fancy-heading pos-rel\">\n\t\t\t<h3 class=\"ld-fh-element d-inline-block pos-rel  elementor-heading-title lqd-highlight-classic lqd-highlight-grow-left h3\"  > Zarejestruj si\u0119 po bezp\u0142atne bilety<\/h3>\t\t<\/div>\n\n\t\t\t\t\t\t<\/div>\n\t\t\t\t<\/div>\n\t\t\t\t<div class=\"elementor-element elementor-element-7b2ccd72 elementor-widget elementor-widget-text-editor\" data-id=\"7b2ccd72\" data-element_type=\"widget\" data-widget_type=\"text-editor.default\">\n\t\t\t\t<div class=\"elementor-widget-container\">\n\t\t\t\t\t\t\t\t\t<p>Jako dumny g\u0142\u00f3wny sponsor, ponownie b\u0119dziemy obecni na European Koi Show 2025! Wype\u0142nij poni\u017cszy formularz i odbierz bezp\u0142atne bilety na wydarzenie w dniach 24 i 25 maja 2025 roku!<\/p>\t\t\t\t\t\t\t\t<\/div>\n\t\t\t\t<\/div>\n\t\t\t\t<div class=\"elementor-element elementor-element-be1a98b elementor-widget elementor-widget-shortcode\" data-id=\"be1a98b\" data-element_type=\"widget\" data-widget_type=\"shortcode.default\">\n\t\t\t\t<div class=\"elementor-widget-container\">\n\t\t\t\t\t\t\t<div class=\"elementor-shortcode\"><div class=\"forminator-ui forminator-custom-form forminator-custom-form-10375 forminator-design--flat  forminator_ajax\" data-forminator-render=\"0\" data-form=\"forminator-module-10375\" data-uid=\"69e42da2827b2\"><br\/><\/div><form\r\n\t\t\t\tid=\"forminator-module-10375\"\r\n\t\t\t\tclass=\"forminator-ui forminator-custom-form forminator-custom-form-10375 forminator-design--flat  forminator_ajax\"\r\n\t\t\t\tmethod=\"post\"\r\n\t\t\t\tdata-forminator-render=\"0\"\r\n\t\t\t\tdata-form-id=\"10375\"\r\n\t\t\t\t\r\n\t\t\t\tdata-design=\"flat\"\r\n\t\t\t\t\r\n\t\t\t\t\r\n\t\t\t\t\r\n\t\t\t\tdata-grid=\"open\"\r\n\t\t\t\t\r\n\t\t\t\t\r\n\t\t\t\tstyle=\"display: none;\"\r\n\t\t\t\t\r\n\t\t\t\tdata-uid=\"69e42da2827b2\" action=\"\"\r\n\t\t\t><div role=\"alert\" aria-live=\"polite\" class=\"forminator-response-message forminator-error\" aria-hidden=\"true\"><\/div><div class=\"forminator-row\"><div id=\"name-1\" class=\"forminator-field-name forminator-col forminator-col-12\"><div class=\"forminator-field\"><label for=\"forminator-field-name-1_69e42da2827b2\" id=\"forminator-field-name-1_69e42da2827b2-label\" class=\"forminator-label\">Imi\u0119 i nazwisko <span class=\"forminator-required\">*<\/span><\/label><input type=\"text\" name=\"name-1\" value=\"\" placeholder=\"Bijv. John Doe\" id=\"forminator-field-name-1_69e42da2827b2\" class=\"forminator-input forminator-name--field\" aria-required=\"true\" \/><\/div><\/div><\/div><div class=\"forminator-row\"><div id=\"name-2\" class=\"forminator-field-name forminator-col forminator-col-12\"><div class=\"forminator-field\"><label for=\"forminator-field-name-2_69e42da2827b2\" id=\"forminator-field-name-2_69e42da2827b2-label\" class=\"forminator-label\">Nazwa Firmy <span class=\"forminator-required\">*<\/span><\/label><input type=\"text\" name=\"name-2\" value=\"\" placeholder=\"np. Filtreau\" id=\"forminator-field-name-2_69e42da2827b2\" class=\"forminator-input forminator-name--field\" aria-required=\"true\" \/><\/div><\/div><\/div><div class=\"forminator-row\"><div id=\"email-1\" class=\"forminator-field-email forminator-col forminator-col-12\"><div class=\"forminator-field\"><label for=\"forminator-field-email-1_69e42da2827b2\" id=\"forminator-field-email-1_69e42da2827b2-label\" class=\"forminator-label\">Adres E-mail <span class=\"forminator-required\">*<\/span><\/label><input type=\"email\" name=\"email-1\" value=\"\" placeholder=\"ep. john@doe.com\" id=\"forminator-field-email-1_69e42da2827b2\" class=\"forminator-input forminator-email--field\" data-required=\"1\" aria-required=\"true\" \/><\/div><\/div><\/div><div class=\"forminator-row\"><div id=\"captcha-1\" class=\"forminator-field-captcha forminator-col forminator-col-12\"><div class=\"forminator-captcha-left forminator-g-recaptcha recaptcha-invisible\" data-theme=\"light\" data-badge=\"inline\" data-sitekey=\"6LfmS5UpAAAAAJsoOvm-67gdWiJx_4OdWGu11xCJ\" data-size=\"invisible\"><\/div> <\/div><\/div><input type=\"hidden\" name=\"referer_url\" value=\"\" \/><div class=\"forminator-row forminator-row-last\"><div class=\"forminator-col\"><div class=\"forminator-field\"><button class=\"forminator-button forminator-button-submit\">Zarejestruj si\u0119<\/button><\/div><\/div><\/div><input type=\"hidden\" id=\"forminator_nonce\" name=\"forminator_nonce\" value=\"16aa3ecba4\" \/><input type=\"hidden\" name=\"_wp_http_referer\" value=\"\/pl\/wp-json\/wp\/v2\/pages\/10363\" \/><input type=\"hidden\" name=\"form_id\" value=\"10375\"><input type=\"hidden\" name=\"page_id\" value=\"10363\"><input type=\"hidden\" name=\"form_type\" value=\"default\"><input type=\"hidden\" name=\"current_url\" value=\"https:\/\/filtreau.nl\/pl\/european-koi-show\/\"><input type=\"hidden\" name=\"render_id\" value=\"0\"><input type=\"hidden\" name=\"action\" value=\"forminator_submit_form_custom-forms\"><label for=\"input_4\" class=\"forminator-hidden\" aria-hidden=\"true\">Please do not fill in this field. <input id=\"input_4\" type=\"text\" name=\"input_4\" value=\"\" autocomplete=\"off\"><\/label><input type=\"hidden\" name=\"trp-form-language\" value=\"pl\"\/><\/form><\/div>\n\t\t\t\t\t\t<\/div>\n\t\t\t\t<\/div>\n\t\t\t\t<\/div>\n\t\t<div class=\"elementor-element elementor-element-1131b2e3 e-con-full e-flex e-con e-child\" data-id=\"1131b2e3\" data-element_type=\"container\" data-settings=\"{&quot;background_background&quot;:&quot;classic&quot;}\">\n\t\t\t\t<div class=\"elementor-element elementor-element-44bbb167 elementor-widget elementor-widget-spacer\" data-id=\"44bbb167\" data-element_type=\"widget\" data-widget_type=\"spacer.default\">\n\t\t\t\t<div class=\"elementor-widget-container\">\n\t\t\t\t\t\t\t<div class=\"elementor-spacer\">\n\t\t\t<div class=\"elementor-spacer-inner\"><\/div>\n\t\t<\/div>\n\t\t\t\t\t\t<\/div>\n\t\t\t\t<\/div>\n\t\t\t\t<div class=\"elementor-element elementor-element-2dc38c5 elementor-widget elementor-widget-image\" data-id=\"2dc38c5\" data-element_type=\"widget\" data-widget_type=\"image.default\">\n\t\t\t\t<div class=\"elementor-widget-container\">\n\t\t\t\t\t\t\t\t\t\t\t\t\t\t\t<img fetchpriority=\"high\" decoding=\"async\" width=\"728\" height=\"1024\" src=\"data:image\/svg+xml;charset=utf-8,%3Csvg xmlns%3D&#039;http%3A%2F%2Fwww.w3.org%2F2000%2Fsvg&#039; viewBox%3D&#039;0 0 728 1024&#039;%2F%3E\" class=\"attachment-large size-large wp-image-10390 ld-lazyload\" alt=\"\" data-src=\"https:\/\/filtreau.nl\/wp-content\/uploads\/2025\/04\/European-koi-show-Filtreau-hoofdsponsor.webp\" data-srcset=\"https:\/\/filtreau.nl\/wp-content\/uploads\/2025\/04\/European-koi-show-Filtreau-hoofdsponsor.webp 728w, https:\/\/filtreau.nl\/wp-content\/uploads\/2025\/04\/European-koi-show-Filtreau-hoofdsponsor-213x300.webp 213w, https:\/\/filtreau.nl\/wp-content\/uploads\/2025\/04\/European-koi-show-Filtreau-hoofdsponsor-9x12.webp 9w, https:\/\/filtreau.nl\/wp-content\/uploads\/2025\/04\/European-koi-show-Filtreau-hoofdsponsor-600x844.webp 600w\" data-sizes=\"(max-width: 728px) 100vw, 728px\" data-aspect=\"0.7109375\" \/>\t\t\t\t\t\t\t\t\t\t\t\t\t\t\t<\/div>\n\t\t\t\t<\/div>\n\t\t\t\t<\/div>\n\t\t\t\t\t<\/div>\n\t\t\t\t<\/div>\n\t\t\t\t<\/div>","protected":false},"excerpt":{"rendered":"<p>European Koi Show Meld je aan voor gratis kaarten Als trotse hoofdsponsor zijn wij ook dit jaar weer aanwezig op de European Koi Show 2025! Vul onderstaande gegevens in en ontvang gratis kaarten voor de European Koi Show op 24 en 25 mei 2025!<\/p>","protected":false},"author":3,"featured_media":0,"parent":0,"menu_order":0,"comment_status":"closed","ping_status":"closed","template":"","meta":{"_acf_changed":false,"footnotes":""},"class_list":["post-10363","page","type-page","status-publish","hentry"],"acf":[],"yoast_head":"<!-- This site is optimized with the Yoast SEO plugin v26.6 - https:\/\/yoast.com\/wordpress\/plugins\/seo\/ -->\n<title>European Koi Show - Filtreau<\/title>\n<meta name=\"robots\" content=\"index, follow, max-snippet:-1, max-image-preview:large, max-video-preview:-1\" \/>\n<link rel=\"canonical\" href=\"https:\/\/filtreau.nl\/pl\/european-koi-show\/\" \/>\n<meta property=\"og:locale\" content=\"pl_PL\" \/>\n<meta property=\"og:type\" content=\"article\" \/>\n<meta property=\"og:title\" content=\"European Koi Show - Filtreau\" \/>\n<meta property=\"og:description\" content=\"European Koi Show Meld je aan voor gratis kaarten Als trotse hoofdsponsor zijn wij ook dit jaar weer aanwezig op de European Koi Show 2025! Vul onderstaande gegevens in en ontvang gratis kaarten voor de European Koi Show op 24 en 25 mei 2025!\" \/>\n<meta property=\"og:url\" content=\"https:\/\/filtreau.nl\/pl\/european-koi-show\/\" \/>\n<meta property=\"og:site_name\" content=\"Filtreau\" \/>\n<meta property=\"article:modified_time\" content=\"2025-05-19T08:23:16+00:00\" \/>\n<meta property=\"og:image\" content=\"https:\/\/filtreau.nl\/wp-content\/uploads\/2025\/04\/European-koi-show-Filtreau-hoofdsponsor.webp\" \/>\n\t<meta property=\"og:image:width\" content=\"728\" \/>\n\t<meta property=\"og:image:height\" content=\"1024\" \/>\n\t<meta property=\"og:image:type\" content=\"image\/webp\" \/>\n<meta name=\"twitter:card\" content=\"summary_large_image\" \/>\n<meta name=\"twitter:label1\" content=\"Szacowany czas czytania\" \/>\n\t<meta name=\"twitter:data1\" content=\"1 minuta\" \/>\n<script type=\"application\/ld+json\" class=\"yoast-schema-graph\">{\"@context\":\"https:\/\/schema.org\",\"@graph\":[{\"@type\":\"WebPage\",\"@id\":\"https:\/\/filtreau.nl\/european-koi-show\/\",\"url\":\"https:\/\/filtreau.nl\/european-koi-show\/\",\"name\":\"European Koi Show - Filtreau\",\"isPartOf\":{\"@id\":\"https:\/\/filtreau.nl\/en\/#website\"},\"primaryImageOfPage\":{\"@id\":\"https:\/\/filtreau.nl\/european-koi-show\/#primaryimage\"},\"image\":{\"@id\":\"https:\/\/filtreau.nl\/european-koi-show\/#primaryimage\"},\"thumbnailUrl\":\"https:\/\/filtreau.nl\/wp-content\/uploads\/2025\/04\/European-koi-show-Filtreau-hoofdsponsor.webp\",\"datePublished\":\"2025-04-15T11:08:42+00:00\",\"dateModified\":\"2025-05-19T08:23:16+00:00\",\"breadcrumb\":{\"@id\":\"https:\/\/filtreau.nl\/european-koi-show\/#breadcrumb\"},\"inLanguage\":\"pl-PL\",\"potentialAction\":[{\"@type\":\"ReadAction\",\"target\":[\"https:\/\/filtreau.nl\/european-koi-show\/\"]}]},{\"@type\":\"ImageObject\",\"inLanguage\":\"pl-PL\",\"@id\":\"https:\/\/filtreau.nl\/european-koi-show\/#primaryimage\",\"url\":\"https:\/\/filtreau.nl\/wp-content\/uploads\/2025\/04\/European-koi-show-Filtreau-hoofdsponsor.webp\",\"contentUrl\":\"https:\/\/filtreau.nl\/wp-content\/uploads\/2025\/04\/European-koi-show-Filtreau-hoofdsponsor.webp\"},{\"@type\":\"BreadcrumbList\",\"@id\":\"https:\/\/filtreau.nl\/european-koi-show\/#breadcrumb\",\"itemListElement\":[{\"@type\":\"ListItem\",\"position\":1,\"name\":\"Home\",\"item\":\"https:\/\/filtreau.nl\/\"},{\"@type\":\"ListItem\",\"position\":2,\"name\":\"European Koi Show\"}]},{\"@type\":\"WebSite\",\"@id\":\"https:\/\/filtreau.nl\/en\/#website\",\"url\":\"https:\/\/filtreau.nl\/en\/\",\"name\":\"Filtreau\",\"description\":\"Schoon en helder water voor vijvers en zwembaden\",\"potentialAction\":[{\"@type\":\"SearchAction\",\"target\":{\"@type\":\"EntryPoint\",\"urlTemplate\":\"https:\/\/filtreau.nl\/en\/?s={search_term_string}\"},\"query-input\":{\"@type\":\"PropertyValueSpecification\",\"valueRequired\":true,\"valueName\":\"search_term_string\"}}],\"inLanguage\":\"pl-PL\"}]}<\/script>\n<!-- \/ Yoast SEO plugin. -->","yoast_head_json":{"title":"European Koi Show - Filtreau","robots":{"index":"index","follow":"follow","max-snippet":"max-snippet:-1","max-image-preview":"max-image-preview:large","max-video-preview":"max-video-preview:-1"},"canonical":"https:\/\/filtreau.nl\/pl\/european-koi-show\/","og_locale":"pl_PL","og_type":"article","og_title":"European Koi Show - Filtreau","og_description":"European Koi Show Meld je aan voor gratis kaarten Als trotse hoofdsponsor zijn wij ook dit jaar weer aanwezig op de European Koi Show 2025! Vul onderstaande gegevens in en ontvang gratis kaarten voor de European Koi Show op 24 en 25 mei 2025!","og_url":"https:\/\/filtreau.nl\/pl\/european-koi-show\/","og_site_name":"Filtreau","article_modified_time":"2025-05-19T08:23:16+00:00","og_image":[{"width":728,"height":1024,"url":"https:\/\/filtreau.nl\/wp-content\/uploads\/2025\/04\/European-koi-show-Filtreau-hoofdsponsor.webp","type":"image\/webp"}],"twitter_card":"summary_large_image","twitter_misc":{"Szacowany czas czytania":"1 minuta"},"schema":{"@context":"https:\/\/schema.org","@graph":[{"@type":"WebPage","@id":"https:\/\/filtreau.nl\/european-koi-show\/","url":"https:\/\/filtreau.nl\/european-koi-show\/","name":"European Koi Show - Filtreau","isPartOf":{"@id":"https:\/\/filtreau.nl\/en\/#website"},"primaryImageOfPage":{"@id":"https:\/\/filtreau.nl\/european-koi-show\/#primaryimage"},"image":{"@id":"https:\/\/filtreau.nl\/european-koi-show\/#primaryimage"},"thumbnailUrl":"https:\/\/filtreau.nl\/wp-content\/uploads\/2025\/04\/European-koi-show-Filtreau-hoofdsponsor.webp","datePublished":"2025-04-15T11:08:42+00:00","dateModified":"2025-05-19T08:23:16+00:00","breadcrumb":{"@id":"https:\/\/filtreau.nl\/european-koi-show\/#breadcrumb"},"inLanguage":"pl-PL","potentialAction":[{"@type":"ReadAction","target":["https:\/\/filtreau.nl\/european-koi-show\/"]}]},{"@type":"ImageObject","inLanguage":"pl-PL","@id":"https:\/\/filtreau.nl\/european-koi-show\/#primaryimage","url":"https:\/\/filtreau.nl\/wp-content\/uploads\/2025\/04\/European-koi-show-Filtreau-hoofdsponsor.webp","contentUrl":"https:\/\/filtreau.nl\/wp-content\/uploads\/2025\/04\/European-koi-show-Filtreau-hoofdsponsor.webp"},{"@type":"BreadcrumbList","@id":"https:\/\/filtreau.nl\/european-koi-show\/#breadcrumb","itemListElement":[{"@type":"ListItem","position":1,"name":"Home","item":"https:\/\/filtreau.nl\/"},{"@type":"ListItem","position":2,"name":"European Koi Show"}]},{"@type":"WebSite","@id":"https:\/\/filtreau.nl\/en\/#website","url":"https:\/\/filtreau.nl\/en\/","name":"Filtreau","description":"Schoon en helder water voor vijvers en zwembaden","potentialAction":[{"@type":"SearchAction","target":{"@type":"EntryPoint","urlTemplate":"https:\/\/filtreau.nl\/en\/?s={search_term_string}"},"query-input":{"@type":"PropertyValueSpecification","valueRequired":true,"valueName":"search_term_string"}}],"inLanguage":"pl-PL"}]}},"jetpack_sharing_enabled":true,"_links":{"self":[{"href":"https:\/\/filtreau.nl\/pl\/wp-json\/wp\/v2\/pages\/10363","targetHints":{"allow":["GET"]}}],"collection":[{"href":"https:\/\/filtreau.nl\/pl\/wp-json\/wp\/v2\/pages"}],"about":[{"href":"https:\/\/filtreau.nl\/pl\/wp-json\/wp\/v2\/types\/page"}],"author":[{"embeddable":true,"href":"https:\/\/filtreau.nl\/pl\/wp-json\/wp\/v2\/users\/3"}],"replies":[{"embeddable":true,"href":"https:\/\/filtreau.nl\/pl\/wp-json\/wp\/v2\/comments?post=10363"}],"version-history":[{"count":40,"href":"https:\/\/filtreau.nl\/pl\/wp-json\/wp\/v2\/pages\/10363\/revisions"}],"predecessor-version":[{"id":11697,"href":"https:\/\/filtreau.nl\/pl\/wp-json\/wp\/v2\/pages\/10363\/revisions\/11697"}],"wp:attachment":[{"href":"https:\/\/filtreau.nl\/pl\/wp-json\/wp\/v2\/media?parent=10363"}],"curies":[{"name":"wp","href":"https:\/\/api.w.org\/{rel}","templated":true}]}}