{"id":17,"date":"2024-01-03T18:38:02","date_gmt":"2024-01-03T18:38:02","guid":{"rendered":"https:\/\/filtreau.nl\/my-account\/"},"modified":"2025-08-27T10:17:55","modified_gmt":"2025-08-27T10:17:55","slug":"moje-konto","status":"publish","type":"page","link":"https:\/\/filtreau.nl\/pl\/moje-konto\/","title":{"rendered":"Moje konto"},"content":{"rendered":"<div data-elementor-type=\"wp-page\" data-elementor-id=\"17\" class=\"elementor elementor-17\" data-elementor-post-type=\"page\">\n\t\t\t\t<div class=\"elementor-element elementor-element-8125734 e-flex e-con-boxed e-con e-parent\" data-id=\"8125734\" data-element_type=\"container\">\n\t\t\t\t\t<div class=\"e-con-inner\">\n\t\t<div class=\"elementor-element elementor-element-24b30b6 e-con-full e-flex e-con e-child\" data-id=\"24b30b6\" data-element_type=\"container\">\n\t\t\t\t<div class=\"elementor-element elementor-element-db00988 elementor-widget elementor-widget-text-editor\" data-id=\"db00988\" data-element_type=\"widget\" data-widget_type=\"text-editor.default\">\n\t\t\t\t<div class=\"elementor-widget-container\">\n\t\t\t\t\t\t\t\t\t<p><div class=\"woocommerce\"><\/div><\/p>\n\t\t\t\t\t\t\t\t<\/div>\n\t\t\t\t<\/div>\n\t\t\t\t<\/div>\n\t\t<div class=\"elementor-element elementor-element-164536f e-con-full e-flex e-con e-child\" data-id=\"164536f\" data-element_type=\"container\">\n\t\t<div class=\"elementor-element elementor-element-ceb9e20 e-con-full e-flex e-con e-child\" data-id=\"ceb9e20\" data-element_type=\"container\">\n\t\t<div class=\"elementor-element elementor-element-11cdfd9 e-con-full e-flex e-con e-child\" data-id=\"11cdfd9\" data-element_type=\"container\" data-settings=\"{&quot;background_background&quot;:&quot;classic&quot;}\">\n\t\t\t\t<div class=\"elementor-element elementor-element-951dea9 elementor-widget__width-inherit elementor-widget elementor-widget-hub_fancy_heading\" data-id=\"951dea9\" data-element_type=\"widget\" data-widget_type=\"hub_fancy_heading.default\">\n\t\t\t\t<div class=\"elementor-widget-container\">\n\t\t\t\t\t\n\t\t<div id=\"ld-fancy-heading-69d60c350eb66\" class=\"ld-fancy-heading pos-rel\">\n\t\t\t<h3 class=\"ld-fh-element d-inline-block pos-rel  elementor-heading-title lqd-highlight-classic lqd-highlight-grow-left h3\"  > Zosta\u0144 dealerem Filtreau<\/h3>\t\t<\/div>\n\n\t\t\t\t\t\t<\/div>\n\t\t\t\t<\/div>\n\t\t\t\t<div class=\"elementor-element elementor-element-300d216 elementor-widget elementor-widget-text-editor\" data-id=\"300d216\" data-element_type=\"widget\" data-widget_type=\"text-editor.default\">\n\t\t\t\t<div class=\"elementor-widget-container\">\n\t\t\t\t\t\t\t\t\t<p>Aby zobaczy\u0107 nasze ceny, musisz by\u0107 zalogowany na zweryfikowane konto klienta.<\/p>\n<p>Nie masz jeszcze konta? Wystarczy, \u017ce wype\u0142nisz formularz rejestracyjny, aby za\u0142o\u017cy\u0107 konto klienta. Po zatwierdzeniu otrzymasz dost\u0119p do pe\u0142nych informacji o produktach, w tym cen.<\/p>\t\t\t\t\t\t\t\t<\/div>\n\t\t\t\t<\/div>\n\t\t\t\t<div class=\"elementor-element elementor-element-65568d8 elementor-widget elementor-widget-ld_button\" data-id=\"65568d8\" data-element_type=\"widget\" data-widget_type=\"ld_button.default\">\n\t\t\t\t<div class=\"elementor-widget-container\">\n\t\t\t\t\t\n\t\t\t<a\n\t\t\t\thref=\"#elementor-action%3Aaction%3Dpopup%3Aopen%26settings%3DeyJpZCI6IjQ1MjIiLCJ0b2dnbGUiOmZhbHNlfQ%3D%3D\"class=\"elementor-button btn btn-solid btn-sm btn-icon-right btn-has-label\"\t\t\t>\n\t\t\t\t\t\t\t\t\t<span data-text=\"Start onboarding\" class=\"btn-txt\">\n\t\t\t\t\t\tRozpocznij onboarding\t\t\t\t\t<\/span>\n\t\t\t\t\t\t\t\t\t\t\t\t\t\t<span class=\"btn-icon\">\n\t\t\t\t\t\t\t<i aria-hidden=\"true\" class=\"lqd-icn-ess icon-ion-ios-arrow-forward\"><\/i>\t\t\t\t\t\t<\/span>\n\t\t\t\t\t\t\t\t\t<\/a>\n\t\t\t\t\t\t\t<\/div>\n\t\t\t\t<\/div>\n\t\t\t\t<\/div>\n\t\t\t\t<\/div>\n\t\t\t\t<div class=\"elementor-element elementor-element-bd8d3f8 elementor-widget__width-inherit elementor-widget elementor-widget-hub_fancy_heading\" data-id=\"bd8d3f8\" data-element_type=\"widget\" data-widget_type=\"hub_fancy_heading.default\">\n\t\t\t\t<div class=\"elementor-widget-container\">\n\t\t\t\t\t\n\t\t<div id=\"ld-fancy-heading-69d60c350f6ed\" class=\"ld-fancy-heading pos-rel\">\n\t\t\t<h3 class=\"ld-fh-element d-inline-block pos-rel  elementor-heading-title lqd-highlight-classic lqd-highlight-grow-left h3\"  > Potrzebujesz pomocy?<\/h3>\t\t<\/div>\n\n\t\t\t\t\t\t<\/div>\n\t\t\t\t<\/div>\n\t\t\t\t<div class=\"elementor-element elementor-element-6cccc4b elementor-widget elementor-widget-ld_button\" data-id=\"6cccc4b\" data-element_type=\"widget\" data-widget_type=\"ld_button.default\">\n\t\t\t\t<div class=\"elementor-widget-container\">\n\t\t\t\t\t\n\t\t\t<a\n\t\t\t\thref=\"https:\/\/filtreau.nl\/pl\/kontakt\/\"class=\"elementor-button btn btn-naked btn-icon-right btn-hover-reveal btn-has-label\"\t\t\t>\n\t\t\t\t\t\t\t\t\t<span data-text=\"Klantenservice\" class=\"btn-txt\">\n\t\t\t\t\t\tObs\u0142uga klienta\t\t\t\t\t<\/span>\n\t\t\t\t\t\t\t\t\t\t\t\t\t\t<span class=\"btn-icon\">\n\t\t\t\t\t\t\t<i aria-hidden=\"true\" class=\"lqd-icn-ess icon-ion-ios-arrow-forward\"><\/i>\t\t\t\t\t\t<\/span>\n\t\t\t\t\t\t\t\t\t<\/a>\n\t\t\t\t\t\t\t<\/div>\n\t\t\t\t<\/div>\n\t\t\t\t<div class=\"elementor-element elementor-element-6fdafab elementor-widget elementor-widget-ld_button\" data-id=\"6fdafab\" data-element_type=\"widget\" data-widget_type=\"ld_button.default\">\n\t\t\t\t<div class=\"elementor-widget-container\">\n\t\t\t\t\t\n\t\t\t<a\n\t\t\t\thref=\"https:\/\/filtreau.nl\/pl\/klantenservice\/\"class=\"elementor-button btn btn-naked btn-icon-right btn-hover-reveal btn-has-label\"\t\t\t>\n\t\t\t\t\t\t\t\t\t<span data-text=\"Veelgestelde vragen\" class=\"btn-txt\">\n\t\t\t\t\t\tNajcz\u0119\u015bciej zadawane pytania\t\t\t\t\t<\/span>\n\t\t\t\t\t\t\t\t\t\t\t\t\t\t<span class=\"btn-icon\">\n\t\t\t\t\t\t\t<i aria-hidden=\"true\" class=\"lqd-icn-ess icon-ion-ios-arrow-forward\"><\/i>\t\t\t\t\t\t<\/span>\n\t\t\t\t\t\t\t\t\t<\/a>\n\t\t\t\t\t\t\t<\/div>\n\t\t\t\t<\/div>\n\t\t\t\t<\/div>\n\t\t\t\t\t<\/div>\n\t\t\t\t<\/div>\n\t\t<div class=\"elementor-element elementor-element-adf772c e-flex e-con-boxed e-con e-parent\" data-id=\"adf772c\" data-element_type=\"container\">\n\t\t\t\t\t<div class=\"e-con-inner\">\n\t\t\t\t<div class=\"elementor-element elementor-element-59ed09b elementor-widget elementor-widget-heading\" data-id=\"59ed09b\" data-element_type=\"widget\" data-widget_type=\"heading.default\">\n\t\t\t\t<div class=\"elementor-widget-container\">\n\t\t\t\t\t<h2 class=\"elementor-heading-title elementor-size-default\">Jako\u015b\u0107 i fachowo\u015b\u0107\n<\/h2>\t\t\t\t<\/div>\n\t\t\t\t<\/div>\n\t\t\t\t<div class=\"elementor-element elementor-element-5fdadf5 elementor-widget elementor-widget-text-editor\" data-id=\"5fdadf5\" data-element_type=\"widget\" data-widget_type=\"text-editor.default\">\n\t\t\t\t<div class=\"elementor-widget-container\">\n\t\t\t\t\t\t\t\t\t<p>Filtreau to wiod\u0105cy specjalista w dziedzinie technologii UV-C i dezynfekcji wody. Z ponad 40-letnim do\u015bwiadczeniem jeste\u015bmy idealnym partnerem do wszystkich potrzeb zwi\u0105zanych z dezynfekcj\u0105 wody.<\/p>\t\t\t\t\t\t\t\t<\/div>\n\t\t\t\t<\/div>\n\t\t<div class=\"elementor-element elementor-element-e223ddc e-con-full e-flex e-con e-child\" data-id=\"e223ddc\" data-element_type=\"container\">\n\t\t<div class=\"elementor-element elementor-element-42f9a55 e-con-full e-flex e-con e-child\" data-id=\"42f9a55\" data-element_type=\"container\" data-settings=\"{&quot;background_background&quot;:&quot;classic&quot;}\">\n\t\t\t\t<div class=\"elementor-element elementor-element-1228970 elementor-widget__width-initial elementor-widget elementor-widget-hub_fancy_heading\" data-id=\"1228970\" data-element_type=\"widget\" data-widget_type=\"hub_fancy_heading.default\">\n\t\t\t\t<div class=\"elementor-widget-container\">\n\t\t\t\t\t\n\t\t<div id=\"ld-fancy-heading-69d60c35112aa\" class=\"ld-fancy-heading pos-rel\">\n\t\t\t<h3 class=\"ld-fh-element d-inline-block pos-rel  elementor-heading-title lqd-highlight-classic lqd-highlight-grow-left h3\"  > Dostawa na ca\u0142ym \u015bwiecie<\/h3>\t\t<\/div>\n\n\t\t\t\t\t\t<\/div>\n\t\t\t\t<\/div>\n\t\t\t\t<div class=\"elementor-element elementor-element-8233cba elementor-widget elementor-widget-ld_button\" data-id=\"8233cba\" data-element_type=\"widget\" data-widget_type=\"ld_button.default\">\n\t\t\t\t<div class=\"elementor-widget-container\">\n\t\t\t\t\t\n\t\t\t<a\n\t\t\t\thref=\"https:\/\/filtreau.nl\/pl\/over-filtreau\/\"class=\"elementor-button btn btn-solid btn-sm btn-icon-right btn-has-label\"\t\t\t>\n\t\t\t\t\t\t\t\t\t<span data-text=\"Lees meer\" class=\"btn-txt\">\n\t\t\t\t\t\tCzytaj wi\u0119cej\t\t\t\t\t<\/span>\n\t\t\t\t\t\t\t\t\t\t\t\t\t\t<span class=\"btn-icon\">\n\t\t\t\t\t\t\t<i aria-hidden=\"true\" class=\"lqd-icn-ess icon-ion-ios-arrow-forward\"><\/i>\t\t\t\t\t\t<\/span>\n\t\t\t\t\t\t\t\t\t<\/a>\n\t\t\t\t\t\t\t<\/div>\n\t\t\t\t<\/div>\n\t\t\t\t<div class=\"elementor-element elementor-element-f5a0d8c elementor-widget elementor-widget-text-editor\" data-id=\"f5a0d8c\" data-element_type=\"widget\" data-widget_type=\"text-editor.default\">\n\t\t\t\t<div class=\"elementor-widget-container\">\n\t\t\t\t\t\t\t\t\t<p>Wim\u00e4ca International opracowuje i produkuje wszystkie swoje produkty (Filtreau) w Holandii. Obs\u0142ugujemy rynek biznesowy na ca\u0142ym \u015bwiecie i dostarczamy produkty do klient\u00f3w w ponad 62 krajach.<\/p>\t\t\t\t\t\t\t\t<\/div>\n\t\t\t\t<\/div>\n\t\t\t\t<\/div>\n\t\t<div class=\"elementor-element elementor-element-aa16a15 e-con-full e-flex e-con e-child\" data-id=\"aa16a15\" data-element_type=\"container\" data-settings=\"{&quot;background_background&quot;:&quot;classic&quot;}\">\n\t\t\t\t<div class=\"elementor-element elementor-element-0d40f15 elementor-widget__width-initial elementor-widget elementor-widget-hub_fancy_heading\" data-id=\"0d40f15\" data-element_type=\"widget\" data-widget_type=\"hub_fancy_heading.default\">\n\t\t\t\t<div class=\"elementor-widget-container\">\n\t\t\t\t\t\n\t\t<div id=\"ld-fancy-heading-69d60c3511d9e\" class=\"ld-fancy-heading pos-rel\">\n\t\t\t<h3 class=\"ld-fh-element d-inline-block pos-rel  elementor-heading-title lqd-highlight-classic lqd-highlight-grow-left h3\"  > Marka w\u0142asna<\/h3>\t\t<\/div>\n\n\t\t\t\t\t\t<\/div>\n\t\t\t\t<\/div>\n\t\t\t\t<div class=\"elementor-element elementor-element-38ee673 elementor-widget elementor-widget-text-editor\" data-id=\"38ee673\" data-element_type=\"widget\" data-widget_type=\"text-editor.default\">\n\t\t\t\t<div class=\"elementor-widget-container\">\n\t\t\t\t\t\t\t\t\t<p>Chcesz wprowadza\u0107 nasze produkty na rynek pod w\u0142asn\u0105 mark\u0105? Z Wim\u00e4ca to mo\u017cliwe! Wsp\u00f3lnie om\u00f3wimy Twoje potrzeby i w pe\u0142ni dostosujemy nasze produkty do identyfikacji wizualnej Twojej marki.\u00a0<\/p>\t\t\t\t\t\t\t\t<\/div>\n\t\t\t\t<\/div>\n\t\t\t\t<div class=\"elementor-element elementor-element-d7a03dc elementor-widget elementor-widget-ld_button\" data-id=\"d7a03dc\" data-element_type=\"widget\" data-widget_type=\"ld_button.default\">\n\t\t\t\t<div class=\"elementor-widget-container\">\n\t\t\t\t\t\n\t\t\t<a\n\t\t\t\thref=\"mailto:info@wimaca.nl\"class=\"elementor-button btn btn-solid btn-sm btn-icon-right btn-has-label\"\t\t\t>\n\t\t\t\t\t\t\t\t\t<span data-text=\"Neem contact op\" class=\"btn-txt\">\n\t\t\t\t\t\tSkontaktuj si\u0119 z nami\t\t\t\t\t<\/span>\n\t\t\t\t\t\t\t\t\t\t\t\t\t\t<span class=\"btn-icon\">\n\t\t\t\t\t\t\t<i aria-hidden=\"true\" class=\"lqd-icn-ess icon-ion-ios-arrow-forward\"><\/i>\t\t\t\t\t\t<\/span>\n\t\t\t\t\t\t\t\t\t<\/a>\n\t\t\t\t\t\t\t<\/div>\n\t\t\t\t<\/div>\n\t\t\t\t<\/div>\n\t\t<div class=\"elementor-element elementor-element-0112dec e-con-full e-flex e-con e-child\" data-id=\"0112dec\" data-element_type=\"container\" data-settings=\"{&quot;background_background&quot;:&quot;classic&quot;}\">\n\t\t\t\t<div class=\"elementor-element elementor-element-b69b83a elementor-widget__width-initial elementor-widget elementor-widget-hub_fancy_heading\" data-id=\"b69b83a\" data-element_type=\"widget\" data-widget_type=\"hub_fancy_heading.default\">\n\t\t\t\t<div class=\"elementor-widget-container\">\n\t\t\t\t\t\n\t\t<div id=\"ld-fancy-heading-69d60c35128d0\" class=\"ld-fancy-heading pos-rel\">\n\t\t\t<h3 class=\"ld-fh-element d-inline-block pos-rel  elementor-heading-title lqd-highlight-classic lqd-highlight-grow-left h3\"  > Katalog 2025<\/h3>\t\t<\/div>\n\n\t\t\t\t\t\t<\/div>\n\t\t\t\t<\/div>\n\t\t\t\t<div class=\"elementor-element elementor-element-07bd7b6 elementor-widget elementor-widget-ld_button\" data-id=\"07bd7b6\" data-element_type=\"widget\" data-widget_type=\"ld_button.default\">\n\t\t\t\t<div class=\"elementor-widget-container\">\n\t\t\t\t\t\n\t\t\t<a\n\t\t\t\thref=\"https:\/\/filtreau.nl\/pl\/download-catalogus\/\"class=\"elementor-button btn btn-solid btn-sm btn-icon-right btn-has-label\"\t\t\t>\n\t\t\t\t\t\t\t\t\t<span data-text=\"Download catalogus\" class=\"btn-txt\">\n\t\t\t\t\t\tPobierz katalog\t\t\t\t\t<\/span>\n\t\t\t\t\t\t\t\t\t\t\t\t\t\t<span class=\"btn-icon\">\n\t\t\t\t\t\t\t<i aria-hidden=\"true\" class=\"lqd-icn-ess icon-ion-ios-arrow-forward\"><\/i>\t\t\t\t\t\t<\/span>\n\t\t\t\t\t\t\t\t\t<\/a>\n\t\t\t\t\t\t\t<\/div>\n\t\t\t\t<\/div>\n\t\t\t\t<div class=\"elementor-element elementor-element-e721b8a elementor-widget elementor-widget-text-editor\" data-id=\"e721b8a\" data-element_type=\"widget\" data-widget_type=\"text-editor.default\">\n\t\t\t\t<div class=\"elementor-widget-container\">\n\t\t\t\t\t\t\t\t\t<p>Poznaj pe\u0142n\u0105 ofert\u0119 Filtreau. W katalogu znajdziesz wszystko na temat system\u00f3w filtracyjnych, o\u015bwietlenia UV-C i akcesori\u00f3w do przejrzystego i zdrowego stawu.<\/p>\t\t\t\t\t\t\t\t<\/div>\n\t\t\t\t<\/div>\n\t\t\t\t<\/div>\n\t\t\t\t<\/div>\n\t\t\t\t\t<\/div>\n\t\t\t\t<\/div>\n\t\t\t\t<\/div>","protected":false},"excerpt":{"rendered":"<p>Mijn Filtreau We zijn er om te helpen! Hulp nodig? Heb je vragen over onze producten, vragen over een bestelling, of wil je feedback wilt geven over jouw ervaring met Filtreau, we staan klaar om je te helpen. \u00a0We streven ernaar om al je vragen snel en effici\u00ebnt te beantwoorden. Aarzel niet om contact met [&hellip;]<\/p>","protected":false},"author":1,"featured_media":0,"parent":0,"menu_order":0,"comment_status":"closed","ping_status":"closed","template":"","meta":{"_acf_changed":false,"footnotes":""},"class_list":["post-17","page","type-page","status-publish","hentry"],"acf":[],"yoast_head":"<!-- This site is optimized with the Yoast SEO plugin v26.6 - https:\/\/yoast.com\/wordpress\/plugins\/seo\/ -->\n<title>Mijn account - Filtreau<\/title>\n<meta name=\"robots\" content=\"index, follow, max-snippet:-1, max-image-preview:large, max-video-preview:-1\" \/>\n<link rel=\"canonical\" href=\"https:\/\/filtreau.nl\/pl\/moje-konto\/\" \/>\n<meta property=\"og:locale\" content=\"pl_PL\" \/>\n<meta property=\"og:type\" content=\"article\" \/>\n<meta property=\"og:title\" content=\"Mijn account - Filtreau\" \/>\n<meta property=\"og:description\" content=\"Mijn Filtreau We zijn er om te helpen! Hulp nodig? Heb je vragen over onze producten, vragen over een bestelling, of wil je feedback wilt geven over jouw ervaring met Filtreau, we staan klaar om je te helpen. \u00a0We streven ernaar om al je vragen snel en effici\u00ebnt te beantwoorden. Aarzel niet om contact met [&hellip;]\" \/>\n<meta property=\"og:url\" content=\"https:\/\/filtreau.nl\/pl\/moje-konto\/\" \/>\n<meta property=\"og:site_name\" content=\"Filtreau\" \/>\n<meta property=\"article:modified_time\" content=\"2025-08-27T10:17:55+00:00\" \/>\n<meta name=\"twitter:card\" content=\"summary_large_image\" \/>\n<meta name=\"twitter:label1\" content=\"Szacowany czas czytania\" \/>\n\t<meta name=\"twitter:data1\" content=\"2 minuty\" \/>\n<script type=\"application\/ld+json\" class=\"yoast-schema-graph\">{\"@context\":\"https:\/\/schema.org\",\"@graph\":[{\"@type\":\"WebPage\",\"@id\":\"https:\/\/filtreau.nl\/my-account\/\",\"url\":\"https:\/\/filtreau.nl\/my-account\/\",\"name\":\"Mijn account - Filtreau\",\"isPartOf\":{\"@id\":\"https:\/\/filtreau.nl\/en\/#website\"},\"datePublished\":\"2024-01-03T18:38:02+00:00\",\"dateModified\":\"2025-08-27T10:17:55+00:00\",\"breadcrumb\":{\"@id\":\"https:\/\/filtreau.nl\/my-account\/#breadcrumb\"},\"inLanguage\":\"pl-PL\",\"potentialAction\":[{\"@type\":\"ReadAction\",\"target\":[\"https:\/\/filtreau.nl\/my-account\/\"]}]},{\"@type\":\"BreadcrumbList\",\"@id\":\"https:\/\/filtreau.nl\/my-account\/#breadcrumb\",\"itemListElement\":[{\"@type\":\"ListItem\",\"position\":1,\"name\":\"Home\",\"item\":\"https:\/\/filtreau.nl\/\"},{\"@type\":\"ListItem\",\"position\":2,\"name\":\"Mijn account\"}]},{\"@type\":\"WebSite\",\"@id\":\"https:\/\/filtreau.nl\/en\/#website\",\"url\":\"https:\/\/filtreau.nl\/en\/\",\"name\":\"Filtreau\",\"description\":\"Schoon en helder water voor vijvers en zwembaden\",\"potentialAction\":[{\"@type\":\"SearchAction\",\"target\":{\"@type\":\"EntryPoint\",\"urlTemplate\":\"https:\/\/filtreau.nl\/en\/?s={search_term_string}\"},\"query-input\":{\"@type\":\"PropertyValueSpecification\",\"valueRequired\":true,\"valueName\":\"search_term_string\"}}],\"inLanguage\":\"pl-PL\"}]}<\/script>\n<!-- \/ Yoast SEO plugin. -->","yoast_head_json":{"title":"Mijn account - Filtreau","robots":{"index":"index","follow":"follow","max-snippet":"max-snippet:-1","max-image-preview":"max-image-preview:large","max-video-preview":"max-video-preview:-1"},"canonical":"https:\/\/filtreau.nl\/pl\/moje-konto\/","og_locale":"pl_PL","og_type":"article","og_title":"Mijn account - Filtreau","og_description":"Mijn Filtreau We zijn er om te helpen! Hulp nodig? Heb je vragen over onze producten, vragen over een bestelling, of wil je feedback wilt geven over jouw ervaring met Filtreau, we staan klaar om je te helpen. \u00a0We streven ernaar om al je vragen snel en effici\u00ebnt te beantwoorden. Aarzel niet om contact met [&hellip;]","og_url":"https:\/\/filtreau.nl\/pl\/moje-konto\/","og_site_name":"Filtreau","article_modified_time":"2025-08-27T10:17:55+00:00","twitter_card":"summary_large_image","twitter_misc":{"Szacowany czas czytania":"2 minuty"},"schema":{"@context":"https:\/\/schema.org","@graph":[{"@type":"WebPage","@id":"https:\/\/filtreau.nl\/my-account\/","url":"https:\/\/filtreau.nl\/my-account\/","name":"Mijn account - Filtreau","isPartOf":{"@id":"https:\/\/filtreau.nl\/en\/#website"},"datePublished":"2024-01-03T18:38:02+00:00","dateModified":"2025-08-27T10:17:55+00:00","breadcrumb":{"@id":"https:\/\/filtreau.nl\/my-account\/#breadcrumb"},"inLanguage":"pl-PL","potentialAction":[{"@type":"ReadAction","target":["https:\/\/filtreau.nl\/my-account\/"]}]},{"@type":"BreadcrumbList","@id":"https:\/\/filtreau.nl\/my-account\/#breadcrumb","itemListElement":[{"@type":"ListItem","position":1,"name":"Home","item":"https:\/\/filtreau.nl\/"},{"@type":"ListItem","position":2,"name":"Mijn account"}]},{"@type":"WebSite","@id":"https:\/\/filtreau.nl\/en\/#website","url":"https:\/\/filtreau.nl\/en\/","name":"Filtreau","description":"Schoon en helder water voor vijvers en zwembaden","potentialAction":[{"@type":"SearchAction","target":{"@type":"EntryPoint","urlTemplate":"https:\/\/filtreau.nl\/en\/?s={search_term_string}"},"query-input":{"@type":"PropertyValueSpecification","valueRequired":true,"valueName":"search_term_string"}}],"inLanguage":"pl-PL"}]}},"_links":{"self":[{"href":"https:\/\/filtreau.nl\/pl\/wp-json\/wp\/v2\/pages\/17","targetHints":{"allow":["GET"]}}],"collection":[{"href":"https:\/\/filtreau.nl\/pl\/wp-json\/wp\/v2\/pages"}],"about":[{"href":"https:\/\/filtreau.nl\/pl\/wp-json\/wp\/v2\/types\/page"}],"author":[{"embeddable":true,"href":"https:\/\/filtreau.nl\/pl\/wp-json\/wp\/v2\/users\/1"}],"replies":[{"embeddable":true,"href":"https:\/\/filtreau.nl\/pl\/wp-json\/wp\/v2\/comments?post=17"}],"version-history":[{"count":201,"href":"https:\/\/filtreau.nl\/pl\/wp-json\/wp\/v2\/pages\/17\/revisions"}],"predecessor-version":[{"id":14624,"href":"https:\/\/filtreau.nl\/pl\/wp-json\/wp\/v2\/pages\/17\/revisions\/14624"}],"wp:attachment":[{"href":"https:\/\/filtreau.nl\/pl\/wp-json\/wp\/v2\/media?parent=17"}],"curies":[{"name":"wp","href":"https:\/\/api.w.org\/{rel}","templated":true}]}}