{"id":10331,"date":"2025-06-12T13:26:12","date_gmt":"2025-06-12T13:26:12","guid":{"rendered":"https:\/\/filtreau.nl\/?post_type=product&#038;p=10331"},"modified":"2026-02-27T14:59:54","modified_gmt":"2026-02-27T14:59:54","slug":"combi-drum-80-100-xxl-mountain-tree","status":"publish","type":"product","link":"https:\/\/filtreau.nl\/pl\/product\/combi-drum-80-100-xxl-mountain-tree\/","title":{"rendered":"COMBI DRUM 80\/100 XXL Mountain Tree"},"content":{"rendered":"<p>Popraw przejrzysto\u015b\u0107 i jako\u015b\u0107 wody w stawie dzi\u0119ki COMBI DRUM 80\/100 XXL z Mountain Tree od Filtreau Excellent. Ten system filtracji jest idealny do filtracji mechanicznej i biologicznej, zapewniaj\u0105c optymalne \u015brodowisko dla ca\u0142ej flory i fauny w Twoim stawie.<\/p>","protected":false},"excerpt":{"rendered":"<p>WMC47MTG<\/p>","protected":false},"featured_media":10345,"template":"","meta":{"_acf_changed":false,"wds_primary_product_brand":0,"wds_primary_product_cat":0},"product_brand":[],"product_cat":[654,659,454,147],"product_tag":[470,660],"class_list":{"0":"post-10331","1":"product","2":"type-product","3":"status-publish","4":"has-post-thumbnail","6":"product_cat-excellent-lijn","7":"product_cat-assortiment-filters-excellent-lijn-mountain-tree","8":"product_cat-pomp","9":"product_cat-filters","10":"product_tag-combi-drum","11":"product_tag-mountain-tree","13":"first","14":"instock","15":"product-type-simple"},"acf":{"Maatvoering":13148,"handleiding":13751,"test_veld":"","type":"Gravity","lengte":"2760mm","breedte":"1515mm","hoogte":"1005mm","trommel":"\u00d8 650 x 800mm","max_flow":"80 m3","max_vijverinhoud":"160 m3","inlaat_in_mm":"7 x 110mm","uitlaat_in_mm":"3 x 110mm","spoel_pomp_intern":"RVS 5 bar \/ 750watt 220 volt","motor":"2 x130Nm \/60 watt 220volt","uv-c_inbouwunit":"2 x 80 watt H-O","luchtvoorziening":"6x50x300mm","controlebox":"inclusief","beschrijving":"Bevorder de helderheid en kwaliteit van uw vijverwater met de COMBI DRUM 80\/100 XXL met Mountain Tree van Filtreau Excellent. Dit filtersysteem is ideaal voor zowel mechanische als biologische filtratie en draagt gegarandeerd bij aan een optimale leefomgeving voor al uw flora en fauna in uw vijver.","lange-beschrijving":"","beschrijving_2":"","watt":"","rc_stroom_voor_30_mjcm2":"","max_druk":"","diameter":"","diameter_in_outlet":"","behuizing":"","elektronische_belasting":"","maximale_stroom":"","vermogen_lamp":"","levensduur_lamp":"","hoeveelheid_volle_pallet":"","geschikt_voor_vijver":"","geschikt_voor_zwembad":"","lengte_uv":"","lengte_kabel":""},"yoast_head":"<!-- This site is optimized with the Yoast SEO plugin v26.6 - https:\/\/yoast.com\/wordpress\/plugins\/seo\/ -->\n<title>COMBI DRUM 80\/100 XXL Mountain Tree - Filtreau<\/title>\n<meta name=\"description\" content=\"Verbeter de waterkwaliteit in uw vijver met de COMBI DRUM Mountain Tree van Filtreau Excellent. Voor effici\u00ebnte filtratie en helder water.\" \/>\n<meta name=\"robots\" content=\"index, follow, max-snippet:-1, max-image-preview:large, max-video-preview:-1\" \/>\n<link rel=\"canonical\" href=\"https:\/\/filtreau.nl\/pl\/product\/combi-drum-80-100-xxl-mountain-tree\/\" \/>\n<meta property=\"og:locale\" content=\"pl_PL\" \/>\n<meta property=\"og:type\" content=\"article\" \/>\n<meta property=\"og:title\" content=\"COMBI DRUM 80\/100 XXL Mountain Tree - Filtreau\" \/>\n<meta property=\"og:description\" content=\"Verbeter de waterkwaliteit in uw vijver met de COMBI DRUM Mountain Tree van Filtreau Excellent. Voor effici\u00ebnte filtratie en helder water.\" \/>\n<meta property=\"og:url\" content=\"https:\/\/filtreau.nl\/pl\/product\/combi-drum-80-100-xxl-mountain-tree\/\" \/>\n<meta property=\"og:site_name\" content=\"Filtreau\" \/>\n<meta property=\"article:modified_time\" content=\"2026-02-27T14:59:54+00:00\" \/>\n<meta property=\"og:image\" content=\"https:\/\/filtreau.nl\/wp-content\/uploads\/2025\/03\/WMC47MTG-Combi-drum-80-100-XXL-mountain-tree-2-filters-website-1.png\" \/>\n\t<meta property=\"og:image:width\" content=\"1000\" \/>\n\t<meta property=\"og:image:height\" content=\"1000\" \/>\n\t<meta property=\"og:image:type\" content=\"image\/png\" \/>\n<meta name=\"twitter:card\" content=\"summary_large_image\" \/>\n<meta name=\"twitter:label1\" content=\"Szacowany czas czytania\" \/>\n\t<meta name=\"twitter:data1\" content=\"1 minuta\" \/>\n<script type=\"application\/ld+json\" class=\"yoast-schema-graph\">{\"@context\":\"https:\/\/schema.org\",\"@graph\":[{\"@type\":\"WebPage\",\"@id\":\"https:\/\/filtreau.nl\/product\/combi-drum-80-100-xxl-mountain-tree\/\",\"url\":\"https:\/\/filtreau.nl\/product\/combi-drum-80-100-xxl-mountain-tree\/\",\"name\":\"COMBI DRUM 80\/100 XXL Mountain Tree - Filtreau\",\"isPartOf\":{\"@id\":\"https:\/\/filtreau.nl\/en\/#website\"},\"primaryImageOfPage\":{\"@id\":\"https:\/\/filtreau.nl\/product\/combi-drum-80-100-xxl-mountain-tree\/#primaryimage\"},\"image\":{\"@id\":\"https:\/\/filtreau.nl\/product\/combi-drum-80-100-xxl-mountain-tree\/#primaryimage\"},\"thumbnailUrl\":\"https:\/\/filtreau.nl\/wp-content\/uploads\/2025\/03\/WMC47MTG-Combi-drum-80-100-XXL-mountain-tree-2-filters-website-1.png\",\"datePublished\":\"2025-06-12T13:26:12+00:00\",\"dateModified\":\"2026-02-27T14:59:54+00:00\",\"description\":\"Verbeter de waterkwaliteit in uw vijver met de COMBI DRUM Mountain Tree van Filtreau Excellent. Voor effici\u00ebnte filtratie en helder water.\",\"breadcrumb\":{\"@id\":\"https:\/\/filtreau.nl\/product\/combi-drum-80-100-xxl-mountain-tree\/#breadcrumb\"},\"inLanguage\":\"pl-PL\",\"potentialAction\":[{\"@type\":\"ReadAction\",\"target\":[\"https:\/\/filtreau.nl\/product\/combi-drum-80-100-xxl-mountain-tree\/\"]}]},{\"@type\":\"ImageObject\",\"inLanguage\":\"pl-PL\",\"@id\":\"https:\/\/filtreau.nl\/product\/combi-drum-80-100-xxl-mountain-tree\/#primaryimage\",\"url\":\"https:\/\/filtreau.nl\/wp-content\/uploads\/2025\/03\/WMC47MTG-Combi-drum-80-100-XXL-mountain-tree-2-filters-website-1.png\",\"contentUrl\":\"https:\/\/filtreau.nl\/wp-content\/uploads\/2025\/03\/WMC47MTG-Combi-drum-80-100-XXL-mountain-tree-2-filters-website-1.png\",\"width\":1000,\"height\":1000,\"caption\":\"WMC47MTG Combi drum 80-100 XXL mountain tree\"},{\"@type\":\"BreadcrumbList\",\"@id\":\"https:\/\/filtreau.nl\/product\/combi-drum-80-100-xxl-mountain-tree\/#breadcrumb\",\"itemListElement\":[{\"@type\":\"ListItem\",\"position\":1,\"name\":\"Home\",\"item\":\"https:\/\/filtreau.nl\/\"},{\"@type\":\"ListItem\",\"position\":2,\"name\":\"Producten\",\"item\":\"https:\/\/filtreau.nl\/shop\/\"},{\"@type\":\"ListItem\",\"position\":3,\"name\":\"COMBI DRUM 80\/100 XXL Mountain Tree\"}]},{\"@type\":\"WebSite\",\"@id\":\"https:\/\/filtreau.nl\/en\/#website\",\"url\":\"https:\/\/filtreau.nl\/en\/\",\"name\":\"Filtreau\",\"description\":\"Schoon en helder water voor vijvers en zwembaden\",\"potentialAction\":[{\"@type\":\"SearchAction\",\"target\":{\"@type\":\"EntryPoint\",\"urlTemplate\":\"https:\/\/filtreau.nl\/en\/?s={search_term_string}\"},\"query-input\":{\"@type\":\"PropertyValueSpecification\",\"valueRequired\":true,\"valueName\":\"search_term_string\"}}],\"inLanguage\":\"pl-PL\"}]}<\/script>\n<!-- \/ Yoast SEO plugin. -->","yoast_head_json":{"title":"COMBI DRUM 80\/100 XXL Mountain Tree - Filtreau","description":"Popraw jako\u015b\u0107 wody w swoim stawie za pomoc\u0105 COMBI DRUM Mountain Tree od Filtreau Excellent. Efektywna filtracja i czysta woda.","robots":{"index":"index","follow":"follow","max-snippet":"max-snippet:-1","max-image-preview":"max-image-preview:large","max-video-preview":"max-video-preview:-1"},"canonical":"https:\/\/filtreau.nl\/pl\/product\/combi-drum-80-100-xxl-mountain-tree\/","og_locale":"pl_PL","og_type":"article","og_title":"COMBI DRUM 80\/100 XXL Mountain Tree - Filtreau","og_description":"Verbeter de waterkwaliteit in uw vijver met de COMBI DRUM Mountain Tree van Filtreau Excellent. Voor effici\u00ebnte filtratie en helder water.","og_url":"https:\/\/filtreau.nl\/pl\/product\/combi-drum-80-100-xxl-mountain-tree\/","og_site_name":"Filtreau","article_modified_time":"2026-02-27T14:59:54+00:00","og_image":[{"width":1000,"height":1000,"url":"https:\/\/filtreau.nl\/wp-content\/uploads\/2025\/03\/WMC47MTG-Combi-drum-80-100-XXL-mountain-tree-2-filters-website-1.png","type":"image\/png"}],"twitter_card":"summary_large_image","twitter_misc":{"Szacowany czas czytania":"1 minuta"},"schema":{"@context":"https:\/\/schema.org","@graph":[{"@type":"WebPage","@id":"https:\/\/filtreau.nl\/product\/combi-drum-80-100-xxl-mountain-tree\/","url":"https:\/\/filtreau.nl\/product\/combi-drum-80-100-xxl-mountain-tree\/","name":"COMBI DRUM 80\/100 XXL Mountain Tree - Filtreau","isPartOf":{"@id":"https:\/\/filtreau.nl\/en\/#website"},"primaryImageOfPage":{"@id":"https:\/\/filtreau.nl\/product\/combi-drum-80-100-xxl-mountain-tree\/#primaryimage"},"image":{"@id":"https:\/\/filtreau.nl\/product\/combi-drum-80-100-xxl-mountain-tree\/#primaryimage"},"thumbnailUrl":"https:\/\/filtreau.nl\/wp-content\/uploads\/2025\/03\/WMC47MTG-Combi-drum-80-100-XXL-mountain-tree-2-filters-website-1.png","datePublished":"2025-06-12T13:26:12+00:00","dateModified":"2026-02-27T14:59:54+00:00","description":"Popraw jako\u015b\u0107 wody w swoim stawie za pomoc\u0105 COMBI DRUM Mountain Tree od Filtreau Excellent. Efektywna filtracja i czysta woda.","breadcrumb":{"@id":"https:\/\/filtreau.nl\/product\/combi-drum-80-100-xxl-mountain-tree\/#breadcrumb"},"inLanguage":"pl-PL","potentialAction":[{"@type":"ReadAction","target":["https:\/\/filtreau.nl\/product\/combi-drum-80-100-xxl-mountain-tree\/"]}]},{"@type":"ImageObject","inLanguage":"pl-PL","@id":"https:\/\/filtreau.nl\/product\/combi-drum-80-100-xxl-mountain-tree\/#primaryimage","url":"https:\/\/filtreau.nl\/wp-content\/uploads\/2025\/03\/WMC47MTG-Combi-drum-80-100-XXL-mountain-tree-2-filters-website-1.png","contentUrl":"https:\/\/filtreau.nl\/wp-content\/uploads\/2025\/03\/WMC47MTG-Combi-drum-80-100-XXL-mountain-tree-2-filters-website-1.png","width":1000,"height":1000,"caption":"WMC47MTG Combi drum 80-100 XXL mountain tree"},{"@type":"BreadcrumbList","@id":"https:\/\/filtreau.nl\/product\/combi-drum-80-100-xxl-mountain-tree\/#breadcrumb","itemListElement":[{"@type":"ListItem","position":1,"name":"Home","item":"https:\/\/filtreau.nl\/"},{"@type":"ListItem","position":2,"name":"Producten","item":"https:\/\/filtreau.nl\/shop\/"},{"@type":"ListItem","position":3,"name":"COMBI DRUM 80\/100 XXL Mountain Tree"}]},{"@type":"WebSite","@id":"https:\/\/filtreau.nl\/en\/#website","url":"https:\/\/filtreau.nl\/en\/","name":"Filtreau","description":"Schoon en helder water voor vijvers en zwembaden","potentialAction":[{"@type":"SearchAction","target":{"@type":"EntryPoint","urlTemplate":"https:\/\/filtreau.nl\/en\/?s={search_term_string}"},"query-input":{"@type":"PropertyValueSpecification","valueRequired":true,"valueName":"search_term_string"}}],"inLanguage":"pl-PL"}]}},"_links":{"self":[{"href":"https:\/\/filtreau.nl\/pl\/wp-json\/wp\/v2\/product\/10331","targetHints":{"allow":["GET"]}}],"collection":[{"href":"https:\/\/filtreau.nl\/pl\/wp-json\/wp\/v2\/product"}],"about":[{"href":"https:\/\/filtreau.nl\/pl\/wp-json\/wp\/v2\/types\/product"}],"version-history":[{"count":12,"href":"https:\/\/filtreau.nl\/pl\/wp-json\/wp\/v2\/product\/10331\/revisions"}],"predecessor-version":[{"id":15848,"href":"https:\/\/filtreau.nl\/pl\/wp-json\/wp\/v2\/product\/10331\/revisions\/15848"}],"wp:featuredmedia":[{"embeddable":true,"href":"https:\/\/filtreau.nl\/pl\/wp-json\/wp\/v2\/media\/10345"}],"wp:attachment":[{"href":"https:\/\/filtreau.nl\/pl\/wp-json\/wp\/v2\/media?parent=10331"}],"wp:term":[{"taxonomy":"product_brand","embeddable":true,"href":"https:\/\/filtreau.nl\/pl\/wp-json\/wp\/v2\/product_brand?post=10331"},{"taxonomy":"product_cat","embeddable":true,"href":"https:\/\/filtreau.nl\/pl\/wp-json\/wp\/v2\/product_cat?post=10331"},{"taxonomy":"product_tag","embeddable":true,"href":"https:\/\/filtreau.nl\/pl\/wp-json\/wp\/v2\/product_tag?post=10331"}],"curies":[{"name":"wp","href":"https:\/\/api.w.org\/{rel}","templated":true}]}}