{"id":14721,"date":"2025-09-18T20:07:49","date_gmt":"2025-09-18T20:07:49","guid":{"rendered":"https:\/\/filtreau.nl\/?post_type=product&#038;p=14721"},"modified":"2025-09-23T09:21:52","modified_gmt":"2025-09-23T09:21:52","slug":"combi-50xl-low-pump-incl-2x-uv-c-1x-spg-xl","status":"publish","type":"product","link":"https:\/\/filtreau.nl\/pl\/product\/combi-50xl-low-pump-incl-2x-uv-c-1x-spg-xl\/","title":{"rendered":"COMBI 50XL LOW Pump incl. 2x UV-C 1x SPG XL"},"content":{"rendered":"<p>Zadbaj o czysto\u015b\u0107 i jako\u015b\u0107 wody w swoim stawie z COMBI 50XL LOW od Filtreau. Ten przyst\u0119pny cenowo system filtracyjny \u0142\u0105czy filtracj\u0119 mechaniczn\u0105 i biologiczn\u0105, zapewniaj\u0105c idealne warunki dla flory i fauny.<\/p>","protected":false},"excerpt":{"rendered":"<p>COMLOW01INPF<\/p>","protected":false},"featured_media":14731,"template":"","meta":{"_acf_changed":false,"wds_primary_product_brand":0,"wds_primary_product_cat":0},"product_brand":[],"product_cat":[490,454,147],"product_tag":[],"class_list":{"0":"post-14721","1":"product","2":"type-product","3":"status-publish","4":"has-post-thumbnail","6":"product_cat-basic-lijn","7":"product_cat-pomp","8":"product_cat-filters","10":"first","11":"instock","12":"product-type-simple"},"acf":{"Maatvoering":14779,"handleiding":"","test_veld":"","type":"Pomp","lengte":"1430mm","breedte":"930mm","hoogte":"750mm","trommel":"\u00d8 520 x 420mm \/ \u00d8 540 x 540mm","max_flow":"35 m3","max_vijverinhoud":"70 m3","inlaat_in_mm":"4 x 110mm","uitlaat_in_mm":"3 x 110mm","spoel_pomp_intern":"RVS 5 bar \/ 750watt 220 volt","motor":"130Nm \/60 watt 220volt","uv-c_inbouwunit":"2 x 40 watt Amalgaam","luchtvoorziening":"1 x Luchtschotel diffuser 9\"","controlebox":"inclusief","beschrijving":"Bevorder de helderheid en kwaliteit van uw vijverwater met de betaalbare COMBI 50XL LOW van Filtreau. Dit filtersysteem is ideaal voor zowel mechanische als biologische filtratie en draagt gegarandeerd bij aan een optimale leefomgeving voor al uw flora en fauna in uw vijver.","lange-beschrijving":"","beschrijving_2":"","watt":"","rc_stroom_voor_30_mjcm2":"","max_druk":"","diameter":"","diameter_in_outlet":"","behuizing":"","elektronische_belasting":"","maximale_stroom":"","vermogen_lamp":"","levensduur_lamp":"","hoeveelheid_volle_pallet":"","geschikt_voor_vijver":"","geschikt_voor_zwembad":"","lengte_uv":"","lengte_kabel":""},"yoast_head":"<!-- This site is optimized with the Yoast SEO plugin v26.6 - https:\/\/yoast.com\/wordpress\/plugins\/seo\/ -->\n<title>COMBI 50XL LOW Pump incl. 2x UV-C 1x SPG XL - Filtreau<\/title>\n<meta name=\"robots\" content=\"index, follow, max-snippet:-1, max-image-preview:large, max-video-preview:-1\" \/>\n<link rel=\"canonical\" href=\"https:\/\/filtreau.nl\/pl\/product\/combi-50xl-low-pump-incl-2x-uv-c-1x-spg-xl\/\" \/>\n<meta property=\"og:locale\" content=\"pl_PL\" \/>\n<meta property=\"og:type\" content=\"article\" \/>\n<meta property=\"og:title\" content=\"COMBI 50XL LOW Pump incl. 2x UV-C 1x SPG XL - Filtreau\" \/>\n<meta property=\"og:description\" content=\"COMLOW01INPF\" \/>\n<meta property=\"og:url\" content=\"https:\/\/filtreau.nl\/pl\/product\/combi-50xl-low-pump-incl-2x-uv-c-1x-spg-xl\/\" \/>\n<meta property=\"og:site_name\" content=\"Filtreau\" \/>\n<meta property=\"article:modified_time\" content=\"2025-09-23T09:21:52+00:00\" \/>\n<meta property=\"og:image\" content=\"https:\/\/filtreau.nl\/wp-content\/uploads\/2025\/09\/COMLOW01INPF-1.png\" \/>\n\t<meta property=\"og:image:width\" content=\"1080\" \/>\n\t<meta property=\"og:image:height\" content=\"1080\" \/>\n\t<meta property=\"og:image:type\" content=\"image\/png\" \/>\n<meta name=\"twitter:card\" content=\"summary_large_image\" \/>\n<meta name=\"twitter:label1\" content=\"Szacowany czas czytania\" \/>\n\t<meta name=\"twitter:data1\" content=\"1 minuta\" \/>\n<script type=\"application\/ld+json\" class=\"yoast-schema-graph\">{\"@context\":\"https:\/\/schema.org\",\"@graph\":[{\"@type\":\"WebPage\",\"@id\":\"https:\/\/filtreau.nl\/product\/combi-50xl-low-pump-incl-2x-uv-c-1x-spg-xl\/\",\"url\":\"https:\/\/filtreau.nl\/product\/combi-50xl-low-pump-incl-2x-uv-c-1x-spg-xl\/\",\"name\":\"COMBI 50XL LOW Pump incl. 2x UV-C 1x SPG XL - Filtreau\",\"isPartOf\":{\"@id\":\"https:\/\/filtreau.nl\/en\/#website\"},\"primaryImageOfPage\":{\"@id\":\"https:\/\/filtreau.nl\/product\/combi-50xl-low-pump-incl-2x-uv-c-1x-spg-xl\/#primaryimage\"},\"image\":{\"@id\":\"https:\/\/filtreau.nl\/product\/combi-50xl-low-pump-incl-2x-uv-c-1x-spg-xl\/#primaryimage\"},\"thumbnailUrl\":\"https:\/\/filtreau.nl\/wp-content\/uploads\/2025\/09\/COMLOW01INPF-1.png\",\"datePublished\":\"2025-09-18T20:07:49+00:00\",\"dateModified\":\"2025-09-23T09:21:52+00:00\",\"breadcrumb\":{\"@id\":\"https:\/\/filtreau.nl\/product\/combi-50xl-low-pump-incl-2x-uv-c-1x-spg-xl\/#breadcrumb\"},\"inLanguage\":\"pl-PL\",\"potentialAction\":[{\"@type\":\"ReadAction\",\"target\":[\"https:\/\/filtreau.nl\/product\/combi-50xl-low-pump-incl-2x-uv-c-1x-spg-xl\/\"]}]},{\"@type\":\"ImageObject\",\"inLanguage\":\"pl-PL\",\"@id\":\"https:\/\/filtreau.nl\/product\/combi-50xl-low-pump-incl-2x-uv-c-1x-spg-xl\/#primaryimage\",\"url\":\"https:\/\/filtreau.nl\/wp-content\/uploads\/2025\/09\/COMLOW01INPF-1.png\",\"contentUrl\":\"https:\/\/filtreau.nl\/wp-content\/uploads\/2025\/09\/COMLOW01INPF-1.png\",\"width\":1080,\"height\":1080,\"caption\":\"COMBI 50XL LOW Pump incl. 2x UV-C 1x SPG XL\"},{\"@type\":\"BreadcrumbList\",\"@id\":\"https:\/\/filtreau.nl\/product\/combi-50xl-low-pump-incl-2x-uv-c-1x-spg-xl\/#breadcrumb\",\"itemListElement\":[{\"@type\":\"ListItem\",\"position\":1,\"name\":\"Home\",\"item\":\"https:\/\/filtreau.nl\/\"},{\"@type\":\"ListItem\",\"position\":2,\"name\":\"Producten\",\"item\":\"https:\/\/filtreau.nl\/shop\/\"},{\"@type\":\"ListItem\",\"position\":3,\"name\":\"COMBI 50XL LOW Pump incl. 2x UV-C 1x SPG XL\"}]},{\"@type\":\"WebSite\",\"@id\":\"https:\/\/filtreau.nl\/en\/#website\",\"url\":\"https:\/\/filtreau.nl\/en\/\",\"name\":\"Filtreau\",\"description\":\"Schoon en helder water voor vijvers en zwembaden\",\"potentialAction\":[{\"@type\":\"SearchAction\",\"target\":{\"@type\":\"EntryPoint\",\"urlTemplate\":\"https:\/\/filtreau.nl\/en\/?s={search_term_string}\"},\"query-input\":{\"@type\":\"PropertyValueSpecification\",\"valueRequired\":true,\"valueName\":\"search_term_string\"}}],\"inLanguage\":\"pl-PL\"}]}<\/script>\n<!-- \/ Yoast SEO plugin. -->","yoast_head_json":{"title":"COMBI 50XL LOW Pump incl. 2x UV-C 1x SPG XL - Filtreau","robots":{"index":"index","follow":"follow","max-snippet":"max-snippet:-1","max-image-preview":"max-image-preview:large","max-video-preview":"max-video-preview:-1"},"canonical":"https:\/\/filtreau.nl\/pl\/product\/combi-50xl-low-pump-incl-2x-uv-c-1x-spg-xl\/","og_locale":"pl_PL","og_type":"article","og_title":"COMBI 50XL LOW Pump incl. 2x UV-C 1x SPG XL - Filtreau","og_description":"COMLOW01INPF","og_url":"https:\/\/filtreau.nl\/pl\/product\/combi-50xl-low-pump-incl-2x-uv-c-1x-spg-xl\/","og_site_name":"Filtreau","article_modified_time":"2025-09-23T09:21:52+00:00","og_image":[{"width":1080,"height":1080,"url":"https:\/\/filtreau.nl\/wp-content\/uploads\/2025\/09\/COMLOW01INPF-1.png","type":"image\/png"}],"twitter_card":"summary_large_image","twitter_misc":{"Szacowany czas czytania":"1 minuta"},"schema":{"@context":"https:\/\/schema.org","@graph":[{"@type":"WebPage","@id":"https:\/\/filtreau.nl\/product\/combi-50xl-low-pump-incl-2x-uv-c-1x-spg-xl\/","url":"https:\/\/filtreau.nl\/product\/combi-50xl-low-pump-incl-2x-uv-c-1x-spg-xl\/","name":"COMBI 50XL LOW Pump incl. 2x UV-C 1x SPG XL - Filtreau","isPartOf":{"@id":"https:\/\/filtreau.nl\/en\/#website"},"primaryImageOfPage":{"@id":"https:\/\/filtreau.nl\/product\/combi-50xl-low-pump-incl-2x-uv-c-1x-spg-xl\/#primaryimage"},"image":{"@id":"https:\/\/filtreau.nl\/product\/combi-50xl-low-pump-incl-2x-uv-c-1x-spg-xl\/#primaryimage"},"thumbnailUrl":"https:\/\/filtreau.nl\/wp-content\/uploads\/2025\/09\/COMLOW01INPF-1.png","datePublished":"2025-09-18T20:07:49+00:00","dateModified":"2025-09-23T09:21:52+00:00","breadcrumb":{"@id":"https:\/\/filtreau.nl\/product\/combi-50xl-low-pump-incl-2x-uv-c-1x-spg-xl\/#breadcrumb"},"inLanguage":"pl-PL","potentialAction":[{"@type":"ReadAction","target":["https:\/\/filtreau.nl\/product\/combi-50xl-low-pump-incl-2x-uv-c-1x-spg-xl\/"]}]},{"@type":"ImageObject","inLanguage":"pl-PL","@id":"https:\/\/filtreau.nl\/product\/combi-50xl-low-pump-incl-2x-uv-c-1x-spg-xl\/#primaryimage","url":"https:\/\/filtreau.nl\/wp-content\/uploads\/2025\/09\/COMLOW01INPF-1.png","contentUrl":"https:\/\/filtreau.nl\/wp-content\/uploads\/2025\/09\/COMLOW01INPF-1.png","width":1080,"height":1080,"caption":"COMBI 50XL LOW Pump incl. 2x UV-C 1x SPG XL"},{"@type":"BreadcrumbList","@id":"https:\/\/filtreau.nl\/product\/combi-50xl-low-pump-incl-2x-uv-c-1x-spg-xl\/#breadcrumb","itemListElement":[{"@type":"ListItem","position":1,"name":"Home","item":"https:\/\/filtreau.nl\/"},{"@type":"ListItem","position":2,"name":"Producten","item":"https:\/\/filtreau.nl\/shop\/"},{"@type":"ListItem","position":3,"name":"COMBI 50XL LOW Pump incl. 2x UV-C 1x SPG XL"}]},{"@type":"WebSite","@id":"https:\/\/filtreau.nl\/en\/#website","url":"https:\/\/filtreau.nl\/en\/","name":"Filtreau","description":"Schoon en helder water voor vijvers en zwembaden","potentialAction":[{"@type":"SearchAction","target":{"@type":"EntryPoint","urlTemplate":"https:\/\/filtreau.nl\/en\/?s={search_term_string}"},"query-input":{"@type":"PropertyValueSpecification","valueRequired":true,"valueName":"search_term_string"}}],"inLanguage":"pl-PL"}]}},"jetpack_sharing_enabled":true,"_links":{"self":[{"href":"https:\/\/filtreau.nl\/pl\/wp-json\/wp\/v2\/product\/14721","targetHints":{"allow":["GET"]}}],"collection":[{"href":"https:\/\/filtreau.nl\/pl\/wp-json\/wp\/v2\/product"}],"about":[{"href":"https:\/\/filtreau.nl\/pl\/wp-json\/wp\/v2\/types\/product"}],"version-history":[{"count":7,"href":"https:\/\/filtreau.nl\/pl\/wp-json\/wp\/v2\/product\/14721\/revisions"}],"predecessor-version":[{"id":14782,"href":"https:\/\/filtreau.nl\/pl\/wp-json\/wp\/v2\/product\/14721\/revisions\/14782"}],"wp:featuredmedia":[{"embeddable":true,"href":"https:\/\/filtreau.nl\/pl\/wp-json\/wp\/v2\/media\/14731"}],"wp:attachment":[{"href":"https:\/\/filtreau.nl\/pl\/wp-json\/wp\/v2\/media?parent=14721"}],"wp:term":[{"taxonomy":"product_brand","embeddable":true,"href":"https:\/\/filtreau.nl\/pl\/wp-json\/wp\/v2\/product_brand?post=14721"},{"taxonomy":"product_cat","embeddable":true,"href":"https:\/\/filtreau.nl\/pl\/wp-json\/wp\/v2\/product_cat?post=14721"},{"taxonomy":"product_tag","embeddable":true,"href":"https:\/\/filtreau.nl\/pl\/wp-json\/wp\/v2\/product_tag?post=14721"}],"curies":[{"name":"wp","href":"https:\/\/api.w.org\/{rel}","templated":true}]}}