{"id":3865,"date":"2025-06-12T13:26:03","date_gmt":"2025-06-12T13:26:03","guid":{"rendered":"https:\/\/filtreau.nl\/product\/combi-drum-20-25-low-3\/"},"modified":"2026-02-11T17:01:07","modified_gmt":"2026-02-11T17:01:07","slug":"trickle-voor-combi-drum-20-25-low","status":"publish","type":"product","link":"https:\/\/filtreau.nl\/pl\/product\/trickle-voor-combi-drum-20-25-low\/","title":{"rendered":"TRICKLE VOOR COMBI DRUM 20\/25 LOW"},"content":{"rendered":"<p>Odkryj nowoczesn\u0105, wydajn\u0105 filtracj\u0119 i unikalne w\u0142a\u015bciwo\u015bci filtra Trickle od Filtreau Excellent, zaprojektowanego specjalnie dla karpi KOI i innych ryb ozdobnych.<\/p>","protected":false},"excerpt":{"rendered":"<p>WMC11PPT<\/p>","protected":false},"featured_media":4958,"template":"","meta":{"_acf_changed":false,"wds_primary_product_brand":0,"wds_primary_product_cat":0},"product_brand":[],"product_cat":[654,455,147],"product_tag":[470,478],"class_list":{"0":"post-3865","1":"product","2":"type-product","3":"status-publish","4":"has-post-thumbnail","6":"product_cat-excellent-lijn","7":"product_cat-trickle","8":"product_cat-filters","9":"product_tag-combi-drum","10":"product_tag-low","12":"first","13":"instock","14":"product-type-simple"},"acf":{"Maatvoering":13109,"handleiding":13751,"test_veld":"","type":"Trickle","lengte":"660mm","breedte":"320mm","hoogte":"822mm","trommel":"","max_flow":"","max_vijverinhoud":"","inlaat_in_mm":"","uitlaat_in_mm":"","spoel_pomp_intern":"","motor":"","uv-c_inbouwunit":"","luchtvoorziening":"","controlebox":"","beschrijving":"Ontdek de moderne verfijnde zuurstofrijke kracht en uniciteit van de Trickle filter van Filtreau Excellent. uitsluitend ontworpen voor koi- en siervissen. Het Trickle systeem biedt een uitstekende biologische werking en optimaliseert de zuurstofniveaus en zorgt voor een optimale gezondheid van de flora en fauna en zuurstofrijke vijver.","lange-beschrijving":"","beschrijving_2":"","watt":"","rc_stroom_voor_30_mjcm2":"","max_druk":"","diameter":"","diameter_in_outlet":"","behuizing":"","elektronische_belasting":"","maximale_stroom":"","vermogen_lamp":"","levensduur_lamp":"","hoeveelheid_volle_pallet":"","geschikt_voor_vijver":"","geschikt_voor_zwembad":"","lengte_uv":"","lengte_kabel":""},"yoast_head":"<!-- This site is optimized with the Yoast SEO plugin v26.6 - https:\/\/yoast.com\/wordpress\/plugins\/seo\/ -->\n<title>TRICKLE VOOR COMBI DRUM 20\/25 LOW - Filtreau<\/title>\n<meta name=\"robots\" content=\"index, follow, max-snippet:-1, max-image-preview:large, max-video-preview:-1\" \/>\n<link rel=\"canonical\" href=\"https:\/\/filtreau.nl\/pl\/product\/trickle-voor-combi-drum-20-25-low\/\" \/>\n<meta property=\"og:locale\" content=\"pl_PL\" \/>\n<meta property=\"og:type\" content=\"article\" \/>\n<meta property=\"og:title\" content=\"TRICKLE VOOR COMBI DRUM 20\/25 LOW - Filtreau\" \/>\n<meta property=\"og:description\" content=\"WMC11PPT\" \/>\n<meta property=\"og:url\" content=\"https:\/\/filtreau.nl\/pl\/product\/trickle-voor-combi-drum-20-25-low\/\" \/>\n<meta property=\"og:site_name\" content=\"Filtreau\" \/>\n<meta property=\"article:modified_time\" content=\"2026-02-11T17:01:07+00:00\" \/>\n<meta property=\"og:image\" content=\"https:\/\/filtreau.nl\/wp-content\/uploads\/2024\/01\/WMC11PPT-COMBI-DRUM-20-25-LOW-TRICKLE-2-X-FILTER-Transparant.png\" \/>\n\t<meta property=\"og:image:width\" content=\"1000\" \/>\n\t<meta property=\"og:image:height\" content=\"1000\" \/>\n\t<meta property=\"og:image:type\" content=\"image\/png\" \/>\n<meta name=\"twitter:card\" content=\"summary_large_image\" \/>\n<meta name=\"twitter:label1\" content=\"Szacowany czas czytania\" \/>\n\t<meta name=\"twitter:data1\" content=\"1 minuta\" \/>\n<script type=\"application\/ld+json\" class=\"yoast-schema-graph\">{\"@context\":\"https:\/\/schema.org\",\"@graph\":[{\"@type\":\"WebPage\",\"@id\":\"https:\/\/filtreau.nl\/product\/trickle-voor-combi-drum-20-25-low\/\",\"url\":\"https:\/\/filtreau.nl\/product\/trickle-voor-combi-drum-20-25-low\/\",\"name\":\"TRICKLE VOOR COMBI DRUM 20\/25 LOW - Filtreau\",\"isPartOf\":{\"@id\":\"https:\/\/filtreau.nl\/en\/#website\"},\"primaryImageOfPage\":{\"@id\":\"https:\/\/filtreau.nl\/product\/trickle-voor-combi-drum-20-25-low\/#primaryimage\"},\"image\":{\"@id\":\"https:\/\/filtreau.nl\/product\/trickle-voor-combi-drum-20-25-low\/#primaryimage\"},\"thumbnailUrl\":\"https:\/\/filtreau.nl\/wp-content\/uploads\/2024\/01\/WMC11PPT-COMBI-DRUM-20-25-LOW-TRICKLE-2-X-FILTER-Transparant.png\",\"datePublished\":\"2025-06-12T13:26:03+00:00\",\"dateModified\":\"2026-02-11T17:01:07+00:00\",\"breadcrumb\":{\"@id\":\"https:\/\/filtreau.nl\/product\/trickle-voor-combi-drum-20-25-low\/#breadcrumb\"},\"inLanguage\":\"pl-PL\",\"potentialAction\":[{\"@type\":\"ReadAction\",\"target\":[\"https:\/\/filtreau.nl\/product\/trickle-voor-combi-drum-20-25-low\/\"]}]},{\"@type\":\"ImageObject\",\"inLanguage\":\"pl-PL\",\"@id\":\"https:\/\/filtreau.nl\/product\/trickle-voor-combi-drum-20-25-low\/#primaryimage\",\"url\":\"https:\/\/filtreau.nl\/wp-content\/uploads\/2024\/01\/WMC11PPT-COMBI-DRUM-20-25-LOW-TRICKLE-2-X-FILTER-Transparant.png\",\"contentUrl\":\"https:\/\/filtreau.nl\/wp-content\/uploads\/2024\/01\/WMC11PPT-COMBI-DRUM-20-25-LOW-TRICKLE-2-X-FILTER-Transparant.png\",\"width\":1000,\"height\":1000},{\"@type\":\"BreadcrumbList\",\"@id\":\"https:\/\/filtreau.nl\/product\/trickle-voor-combi-drum-20-25-low\/#breadcrumb\",\"itemListElement\":[{\"@type\":\"ListItem\",\"position\":1,\"name\":\"Home\",\"item\":\"https:\/\/filtreau.nl\/\"},{\"@type\":\"ListItem\",\"position\":2,\"name\":\"Producten\",\"item\":\"https:\/\/filtreau.nl\/shop\/\"},{\"@type\":\"ListItem\",\"position\":3,\"name\":\"TRICKLE VOOR COMBI DRUM 20\/25 LOW\"}]},{\"@type\":\"WebSite\",\"@id\":\"https:\/\/filtreau.nl\/en\/#website\",\"url\":\"https:\/\/filtreau.nl\/en\/\",\"name\":\"Filtreau\",\"description\":\"Schoon en helder water voor vijvers en zwembaden\",\"potentialAction\":[{\"@type\":\"SearchAction\",\"target\":{\"@type\":\"EntryPoint\",\"urlTemplate\":\"https:\/\/filtreau.nl\/en\/?s={search_term_string}\"},\"query-input\":{\"@type\":\"PropertyValueSpecification\",\"valueRequired\":true,\"valueName\":\"search_term_string\"}}],\"inLanguage\":\"pl-PL\"}]}<\/script>\n<!-- \/ Yoast SEO plugin. -->","yoast_head_json":{"title":"TRICKLE VOOR COMBI DRUM 20\/25 LOW - Filtreau","robots":{"index":"index","follow":"follow","max-snippet":"max-snippet:-1","max-image-preview":"max-image-preview:large","max-video-preview":"max-video-preview:-1"},"canonical":"https:\/\/filtreau.nl\/pl\/product\/trickle-voor-combi-drum-20-25-low\/","og_locale":"pl_PL","og_type":"article","og_title":"TRICKLE VOOR COMBI DRUM 20\/25 LOW - Filtreau","og_description":"WMC11PPT","og_url":"https:\/\/filtreau.nl\/pl\/product\/trickle-voor-combi-drum-20-25-low\/","og_site_name":"Filtreau","article_modified_time":"2026-02-11T17:01:07+00:00","og_image":[{"width":1000,"height":1000,"url":"https:\/\/filtreau.nl\/wp-content\/uploads\/2024\/01\/WMC11PPT-COMBI-DRUM-20-25-LOW-TRICKLE-2-X-FILTER-Transparant.png","type":"image\/png"}],"twitter_card":"summary_large_image","twitter_misc":{"Szacowany czas czytania":"1 minuta"},"schema":{"@context":"https:\/\/schema.org","@graph":[{"@type":"WebPage","@id":"https:\/\/filtreau.nl\/product\/trickle-voor-combi-drum-20-25-low\/","url":"https:\/\/filtreau.nl\/product\/trickle-voor-combi-drum-20-25-low\/","name":"TRICKLE VOOR COMBI DRUM 20\/25 LOW - Filtreau","isPartOf":{"@id":"https:\/\/filtreau.nl\/en\/#website"},"primaryImageOfPage":{"@id":"https:\/\/filtreau.nl\/product\/trickle-voor-combi-drum-20-25-low\/#primaryimage"},"image":{"@id":"https:\/\/filtreau.nl\/product\/trickle-voor-combi-drum-20-25-low\/#primaryimage"},"thumbnailUrl":"https:\/\/filtreau.nl\/wp-content\/uploads\/2024\/01\/WMC11PPT-COMBI-DRUM-20-25-LOW-TRICKLE-2-X-FILTER-Transparant.png","datePublished":"2025-06-12T13:26:03+00:00","dateModified":"2026-02-11T17:01:07+00:00","breadcrumb":{"@id":"https:\/\/filtreau.nl\/product\/trickle-voor-combi-drum-20-25-low\/#breadcrumb"},"inLanguage":"pl-PL","potentialAction":[{"@type":"ReadAction","target":["https:\/\/filtreau.nl\/product\/trickle-voor-combi-drum-20-25-low\/"]}]},{"@type":"ImageObject","inLanguage":"pl-PL","@id":"https:\/\/filtreau.nl\/product\/trickle-voor-combi-drum-20-25-low\/#primaryimage","url":"https:\/\/filtreau.nl\/wp-content\/uploads\/2024\/01\/WMC11PPT-COMBI-DRUM-20-25-LOW-TRICKLE-2-X-FILTER-Transparant.png","contentUrl":"https:\/\/filtreau.nl\/wp-content\/uploads\/2024\/01\/WMC11PPT-COMBI-DRUM-20-25-LOW-TRICKLE-2-X-FILTER-Transparant.png","width":1000,"height":1000},{"@type":"BreadcrumbList","@id":"https:\/\/filtreau.nl\/product\/trickle-voor-combi-drum-20-25-low\/#breadcrumb","itemListElement":[{"@type":"ListItem","position":1,"name":"Home","item":"https:\/\/filtreau.nl\/"},{"@type":"ListItem","position":2,"name":"Producten","item":"https:\/\/filtreau.nl\/shop\/"},{"@type":"ListItem","position":3,"name":"TRICKLE VOOR COMBI DRUM 20\/25 LOW"}]},{"@type":"WebSite","@id":"https:\/\/filtreau.nl\/en\/#website","url":"https:\/\/filtreau.nl\/en\/","name":"Filtreau","description":"Schoon en helder water voor vijvers en zwembaden","potentialAction":[{"@type":"SearchAction","target":{"@type":"EntryPoint","urlTemplate":"https:\/\/filtreau.nl\/en\/?s={search_term_string}"},"query-input":{"@type":"PropertyValueSpecification","valueRequired":true,"valueName":"search_term_string"}}],"inLanguage":"pl-PL"}]}},"_links":{"self":[{"href":"https:\/\/filtreau.nl\/pl\/wp-json\/wp\/v2\/product\/3865","targetHints":{"allow":["GET"]}}],"collection":[{"href":"https:\/\/filtreau.nl\/pl\/wp-json\/wp\/v2\/product"}],"about":[{"href":"https:\/\/filtreau.nl\/pl\/wp-json\/wp\/v2\/types\/product"}],"version-history":[{"count":13,"href":"https:\/\/filtreau.nl\/pl\/wp-json\/wp\/v2\/product\/3865\/revisions"}],"predecessor-version":[{"id":15410,"href":"https:\/\/filtreau.nl\/pl\/wp-json\/wp\/v2\/product\/3865\/revisions\/15410"}],"wp:featuredmedia":[{"embeddable":true,"href":"https:\/\/filtreau.nl\/pl\/wp-json\/wp\/v2\/media\/4958"}],"wp:attachment":[{"href":"https:\/\/filtreau.nl\/pl\/wp-json\/wp\/v2\/media?parent=3865"}],"wp:term":[{"taxonomy":"product_brand","embeddable":true,"href":"https:\/\/filtreau.nl\/pl\/wp-json\/wp\/v2\/product_brand?post=3865"},{"taxonomy":"product_cat","embeddable":true,"href":"https:\/\/filtreau.nl\/pl\/wp-json\/wp\/v2\/product_cat?post=3865"},{"taxonomy":"product_tag","embeddable":true,"href":"https:\/\/filtreau.nl\/pl\/wp-json\/wp\/v2\/product_tag?post=3865"}],"curies":[{"name":"wp","href":"https:\/\/api.w.org\/{rel}","templated":true}]}}