{"id":4672,"date":"2025-06-12T14:26:50","date_gmt":"2025-06-12T14:26:50","guid":{"rendered":"https:\/\/filtreau.nl\/product\/rotate-biofilter-gravity-incl-2x-uv-c-2x-spg-xl\/"},"modified":"2026-02-27T10:23:55","modified_gmt":"2026-02-27T10:23:55","slug":"rotate-biofilter-gravity-incl-2x-uv-c-2x-spg-xl","status":"publish","type":"product","link":"https:\/\/filtreau.nl\/pl\/product\/rotate-biofilter-gravity-incl-2x-uv-c-2x-spg-xl\/","title":{"rendered":"Rotate BioFilter Gravity incl. 2x UV-C 2x SPG XL"},"content":{"rendered":"<p>Zadbaj o czysto\u015b\u0107 i jako\u015b\u0107 wody w swoim stawie z COMBI 50XL od Filtreau. Ten przyst\u0119pny cenowo system filtracyjny \u0142\u0105czy filtracj\u0119 mechaniczn\u0105 i biologiczn\u0105, zapewniaj\u0105c idealne warunki dla flory i fauny.<\/p>","protected":false},"excerpt":{"rendered":"<p>RO00001IN<\/p>","protected":false},"featured_media":4315,"template":"","meta":{"_acf_changed":false,"wds_primary_product_brand":0,"wds_primary_product_cat":0},"product_brand":[],"product_cat":[490,453,147],"product_tag":[],"class_list":{"0":"post-4672","1":"product","2":"type-product","3":"status-publish","4":"has-post-thumbnail","6":"product_cat-basic-lijn","7":"product_cat-gravity","8":"product_cat-filters","10":"first","11":"instock","12":"product-type-simple"},"acf":{"Maatvoering":4887,"handleiding":"","test_veld":"","type":"Gravity","lengte":"1430mm","breedte":"930mm","hoogte":"750mm","trommel":"\u00d8 520 x 420mm \/ \u00d8 540 x 540mm","max_flow":"50 m3","max_vijverinhoud":"100 m3","inlaat_in_mm":"4 x 110mm","uitlaat_in_mm":"3 x 110mm","spoel_pomp_intern":"RVS 5 bar \/ 750watt 220 volt","motor":"130Nm \/60 watt 220volt","uv-c_inbouwunit":"2 x 40 watt Amalgaam","luchtvoorziening":"1 x Luchtschotel diffuser 9\"","controlebox":"inclusief","beschrijving":"Bevorder de helderheid en kwaliteit van uw vijverwater met de betaalbare COMBI 50XL van Filtreau. Dit filtersysteem is ideaal voor zowel mechanische als biologische filtratie en draagt gegarandeerd bij aan een optimale leefomgeving voor al uw flora en fauna in uw vijver.","lange-beschrijving":"","beschrijving_2":"","watt":"","rc_stroom_voor_30_mjcm2":"","max_druk":"","diameter":"","diameter_in_outlet":"","behuizing":"","elektronische_belasting":"","maximale_stroom":"","vermogen_lamp":"","levensduur_lamp":"","hoeveelheid_volle_pallet":"","geschikt_voor_vijver":"","geschikt_voor_zwembad":"","lengte_uv":"","lengte_kabel":""},"yoast_head":"<!-- This site is optimized with the Yoast SEO plugin v26.6 - https:\/\/yoast.com\/wordpress\/plugins\/seo\/ -->\n<title>Rotate BioFilter Gravity incl. 2x UV-C 2x SPG XL - Filtreau<\/title>\n<meta name=\"robots\" content=\"index, follow, max-snippet:-1, max-image-preview:large, max-video-preview:-1\" \/>\n<link rel=\"canonical\" href=\"https:\/\/filtreau.nl\/pl\/product\/rotate-biofilter-gravity-incl-2x-uv-c-2x-spg-xl\/\" \/>\n<meta property=\"og:locale\" content=\"pl_PL\" \/>\n<meta property=\"og:type\" content=\"article\" \/>\n<meta property=\"og:title\" content=\"Rotate BioFilter Gravity incl. 2x UV-C 2x SPG XL - Filtreau\" \/>\n<meta property=\"og:description\" content=\"RO00001IN\" \/>\n<meta property=\"og:url\" content=\"https:\/\/filtreau.nl\/pl\/product\/rotate-biofilter-gravity-incl-2x-uv-c-2x-spg-xl\/\" \/>\n<meta property=\"og:site_name\" content=\"Filtreau\" \/>\n<meta property=\"article:modified_time\" content=\"2026-02-27T10:23:55+00:00\" \/>\n<meta property=\"og:image\" content=\"https:\/\/filtreau.nl\/wp-content\/uploads\/2024\/01\/Rotate-bio-verkleind-1.png\" \/>\n\t<meta property=\"og:image:width\" content=\"1000\" \/>\n\t<meta property=\"og:image:height\" content=\"1000\" \/>\n\t<meta property=\"og:image:type\" content=\"image\/png\" \/>\n<meta name=\"twitter:card\" content=\"summary_large_image\" \/>\n<meta name=\"twitter:label1\" content=\"Szacowany czas czytania\" \/>\n\t<meta name=\"twitter:data1\" content=\"1 minuta\" \/>\n<script type=\"application\/ld+json\" class=\"yoast-schema-graph\">{\"@context\":\"https:\/\/schema.org\",\"@graph\":[{\"@type\":\"WebPage\",\"@id\":\"https:\/\/filtreau.nl\/product\/rotate-biofilter-gravity-incl-2x-uv-c-2x-spg-xl\/\",\"url\":\"https:\/\/filtreau.nl\/product\/rotate-biofilter-gravity-incl-2x-uv-c-2x-spg-xl\/\",\"name\":\"Rotate BioFilter Gravity incl. 2x UV-C 2x SPG XL - Filtreau\",\"isPartOf\":{\"@id\":\"https:\/\/filtreau.nl\/en\/#website\"},\"primaryImageOfPage\":{\"@id\":\"https:\/\/filtreau.nl\/product\/rotate-biofilter-gravity-incl-2x-uv-c-2x-spg-xl\/#primaryimage\"},\"image\":{\"@id\":\"https:\/\/filtreau.nl\/product\/rotate-biofilter-gravity-incl-2x-uv-c-2x-spg-xl\/#primaryimage\"},\"thumbnailUrl\":\"https:\/\/filtreau.nl\/wp-content\/uploads\/2024\/01\/Rotate-bio-verkleind-1.png\",\"datePublished\":\"2025-06-12T14:26:50+00:00\",\"dateModified\":\"2026-02-27T10:23:55+00:00\",\"breadcrumb\":{\"@id\":\"https:\/\/filtreau.nl\/product\/rotate-biofilter-gravity-incl-2x-uv-c-2x-spg-xl\/#breadcrumb\"},\"inLanguage\":\"pl-PL\",\"potentialAction\":[{\"@type\":\"ReadAction\",\"target\":[\"https:\/\/filtreau.nl\/product\/rotate-biofilter-gravity-incl-2x-uv-c-2x-spg-xl\/\"]}]},{\"@type\":\"ImageObject\",\"inLanguage\":\"pl-PL\",\"@id\":\"https:\/\/filtreau.nl\/product\/rotate-biofilter-gravity-incl-2x-uv-c-2x-spg-xl\/#primaryimage\",\"url\":\"https:\/\/filtreau.nl\/wp-content\/uploads\/2024\/01\/Rotate-bio-verkleind-1.png\",\"contentUrl\":\"https:\/\/filtreau.nl\/wp-content\/uploads\/2024\/01\/Rotate-bio-verkleind-1.png\",\"width\":1000,\"height\":1000},{\"@type\":\"BreadcrumbList\",\"@id\":\"https:\/\/filtreau.nl\/product\/rotate-biofilter-gravity-incl-2x-uv-c-2x-spg-xl\/#breadcrumb\",\"itemListElement\":[{\"@type\":\"ListItem\",\"position\":1,\"name\":\"Home\",\"item\":\"https:\/\/filtreau.nl\/\"},{\"@type\":\"ListItem\",\"position\":2,\"name\":\"Producten\",\"item\":\"https:\/\/filtreau.nl\/shop\/\"},{\"@type\":\"ListItem\",\"position\":3,\"name\":\"Rotate BioFilter Gravity incl. 2x UV-C 2x SPG XL\"}]},{\"@type\":\"WebSite\",\"@id\":\"https:\/\/filtreau.nl\/en\/#website\",\"url\":\"https:\/\/filtreau.nl\/en\/\",\"name\":\"Filtreau\",\"description\":\"Schoon en helder water voor vijvers en zwembaden\",\"potentialAction\":[{\"@type\":\"SearchAction\",\"target\":{\"@type\":\"EntryPoint\",\"urlTemplate\":\"https:\/\/filtreau.nl\/en\/?s={search_term_string}\"},\"query-input\":{\"@type\":\"PropertyValueSpecification\",\"valueRequired\":true,\"valueName\":\"search_term_string\"}}],\"inLanguage\":\"pl-PL\"}]}<\/script>\n<!-- \/ Yoast SEO plugin. -->","yoast_head_json":{"title":"Rotate BioFilter Gravity incl. 2x UV-C 2x SPG XL - Filtreau","robots":{"index":"index","follow":"follow","max-snippet":"max-snippet:-1","max-image-preview":"max-image-preview:large","max-video-preview":"max-video-preview:-1"},"canonical":"https:\/\/filtreau.nl\/pl\/product\/rotate-biofilter-gravity-incl-2x-uv-c-2x-spg-xl\/","og_locale":"pl_PL","og_type":"article","og_title":"Rotate BioFilter Gravity incl. 2x UV-C 2x SPG XL - Filtreau","og_description":"RO00001IN","og_url":"https:\/\/filtreau.nl\/pl\/product\/rotate-biofilter-gravity-incl-2x-uv-c-2x-spg-xl\/","og_site_name":"Filtreau","article_modified_time":"2026-02-27T10:23:55+00:00","og_image":[{"width":1000,"height":1000,"url":"https:\/\/filtreau.nl\/wp-content\/uploads\/2024\/01\/Rotate-bio-verkleind-1.png","type":"image\/png"}],"twitter_card":"summary_large_image","twitter_misc":{"Szacowany czas czytania":"1 minuta"},"schema":{"@context":"https:\/\/schema.org","@graph":[{"@type":"WebPage","@id":"https:\/\/filtreau.nl\/product\/rotate-biofilter-gravity-incl-2x-uv-c-2x-spg-xl\/","url":"https:\/\/filtreau.nl\/product\/rotate-biofilter-gravity-incl-2x-uv-c-2x-spg-xl\/","name":"Rotate BioFilter Gravity incl. 2x UV-C 2x SPG XL - Filtreau","isPartOf":{"@id":"https:\/\/filtreau.nl\/en\/#website"},"primaryImageOfPage":{"@id":"https:\/\/filtreau.nl\/product\/rotate-biofilter-gravity-incl-2x-uv-c-2x-spg-xl\/#primaryimage"},"image":{"@id":"https:\/\/filtreau.nl\/product\/rotate-biofilter-gravity-incl-2x-uv-c-2x-spg-xl\/#primaryimage"},"thumbnailUrl":"https:\/\/filtreau.nl\/wp-content\/uploads\/2024\/01\/Rotate-bio-verkleind-1.png","datePublished":"2025-06-12T14:26:50+00:00","dateModified":"2026-02-27T10:23:55+00:00","breadcrumb":{"@id":"https:\/\/filtreau.nl\/product\/rotate-biofilter-gravity-incl-2x-uv-c-2x-spg-xl\/#breadcrumb"},"inLanguage":"pl-PL","potentialAction":[{"@type":"ReadAction","target":["https:\/\/filtreau.nl\/product\/rotate-biofilter-gravity-incl-2x-uv-c-2x-spg-xl\/"]}]},{"@type":"ImageObject","inLanguage":"pl-PL","@id":"https:\/\/filtreau.nl\/product\/rotate-biofilter-gravity-incl-2x-uv-c-2x-spg-xl\/#primaryimage","url":"https:\/\/filtreau.nl\/wp-content\/uploads\/2024\/01\/Rotate-bio-verkleind-1.png","contentUrl":"https:\/\/filtreau.nl\/wp-content\/uploads\/2024\/01\/Rotate-bio-verkleind-1.png","width":1000,"height":1000},{"@type":"BreadcrumbList","@id":"https:\/\/filtreau.nl\/product\/rotate-biofilter-gravity-incl-2x-uv-c-2x-spg-xl\/#breadcrumb","itemListElement":[{"@type":"ListItem","position":1,"name":"Home","item":"https:\/\/filtreau.nl\/"},{"@type":"ListItem","position":2,"name":"Producten","item":"https:\/\/filtreau.nl\/shop\/"},{"@type":"ListItem","position":3,"name":"Rotate BioFilter Gravity incl. 2x UV-C 2x SPG XL"}]},{"@type":"WebSite","@id":"https:\/\/filtreau.nl\/en\/#website","url":"https:\/\/filtreau.nl\/en\/","name":"Filtreau","description":"Schoon en helder water voor vijvers en zwembaden","potentialAction":[{"@type":"SearchAction","target":{"@type":"EntryPoint","urlTemplate":"https:\/\/filtreau.nl\/en\/?s={search_term_string}"},"query-input":{"@type":"PropertyValueSpecification","valueRequired":true,"valueName":"search_term_string"}}],"inLanguage":"pl-PL"}]}},"jetpack_sharing_enabled":true,"_links":{"self":[{"href":"https:\/\/filtreau.nl\/pl\/wp-json\/wp\/v2\/product\/4672","targetHints":{"allow":["GET"]}}],"collection":[{"href":"https:\/\/filtreau.nl\/pl\/wp-json\/wp\/v2\/product"}],"about":[{"href":"https:\/\/filtreau.nl\/pl\/wp-json\/wp\/v2\/types\/product"}],"version-history":[{"count":6,"href":"https:\/\/filtreau.nl\/pl\/wp-json\/wp\/v2\/product\/4672\/revisions"}],"predecessor-version":[{"id":15630,"href":"https:\/\/filtreau.nl\/pl\/wp-json\/wp\/v2\/product\/4672\/revisions\/15630"}],"wp:featuredmedia":[{"embeddable":true,"href":"https:\/\/filtreau.nl\/pl\/wp-json\/wp\/v2\/media\/4315"}],"wp:attachment":[{"href":"https:\/\/filtreau.nl\/pl\/wp-json\/wp\/v2\/media?parent=4672"}],"wp:term":[{"taxonomy":"product_brand","embeddable":true,"href":"https:\/\/filtreau.nl\/pl\/wp-json\/wp\/v2\/product_brand?post=4672"},{"taxonomy":"product_cat","embeddable":true,"href":"https:\/\/filtreau.nl\/pl\/wp-json\/wp\/v2\/product_cat?post=4672"},{"taxonomy":"product_tag","embeddable":true,"href":"https:\/\/filtreau.nl\/pl\/wp-json\/wp\/v2\/product_tag?post=4672"}],"curies":[{"name":"wp","href":"https:\/\/api.w.org\/{rel}","templated":true}]}}