{"id":4010,"date":"2025-06-12T14:26:54","date_gmt":"2025-06-12T14:26:54","guid":{"rendered":"https:\/\/filtreau.nl\/product\/filtreau-uv-c-pond-basic-16w-philips\/"},"modified":"2026-02-27T09:06:31","modified_gmt":"2026-02-27T09:06:31","slug":"filtreau-uv-c-pond-basic-16w-philips","status":"publish","type":"product","link":"https:\/\/filtreau.nl\/pt\/produto\/filtreau-uv-c-pond-basic-16w-philips\/","title":{"rendered":"Filtreau UV-C Pond Basic 16W PHILIPS"},"content":{"rendered":"<p>Door de extra brede RVS304-behuizing wordt het doorgevoerde water extra lang in contact gebracht met de UV-C-straling. Deze brede behuizing zorgt ook voor een uiterst minimaal drukverlies tijdens de waterdoorvoer.<br \/>\nDe behuizing is aan de binnenzijde gepolijst, zodat er zich nauwelijks vuil aan de wanden kan hechten. Dit geheel zorgt ervoor dat de effectiviteit van de UV-C-straling met nog eens 35% wordt vergroot.<\/p>\n<p>VOORDELEN FILTREAU UV-C<br \/>\n&#8211; Doodt schimmel, bacteri\u00ebn en algen.<br \/>\n&#8211; Reduceert chloor en overige chemicali\u00ebn tot wel 80%!<br \/>\n&#8211; Energiezuinig en milieuvriendelijk.<br \/>\n&#8211; Extra grote reactor voor langere contacttijd.<br \/>\n&#8211; 35% meer UV-C opbrengst door reflectie.<br \/>\n&#8211; UV-C lamp levensduur; 8.000 uur.<br \/>\n&#8211; Zeer eenvoudige installatie.<br \/>\n&#8211; 2 jaar garantie op fabricagefouten.<\/p>","protected":false},"excerpt":{"rendered":"<p>O Filtreau UV-C Pond Basic garante uma \u00e1gua cristalina. O design sofisticado e os materiais de alta qualidade resultam numa elevada radia\u00e7\u00e3o UV-C com um comprimento de onda de exatamente 253,7 nm. A elevada dose de irradia\u00e7\u00e3o mata quase todas as bact\u00e9rias, v\u00edrus e tamb\u00e9m fungos, proporcionando assim uma \u00e1gua clara e limpa.<\/p>","protected":false},"featured_media":5454,"template":"","meta":{"_acf_changed":false,"wds_primary_product_brand":0,"wds_primary_product_cat":0},"product_brand":[],"product_cat":[457,20],"product_tag":[456],"class_list":{"0":"post-4010","1":"product","2":"type-product","3":"status-publish","4":"has-post-thumbnail","6":"product_cat-vijver","7":"product_cat-uv-c","8":"product_tag-16w","10":"first","11":"instock","12":"product-type-simple"},"acf":{"Maatvoering":"","handleiding":13250,"test_veld":"","type":"","lengte":"","breedte":"","hoogte":"","trommel":"","max_flow":"","max_vijverinhoud":"","inlaat_in_mm":"","uitlaat_in_mm":"","spoel_pomp_intern":"","motor":"","uv-c_inbouwunit":"","luchtvoorziening":"","controlebox":"","beschrijving":"Door de extra brede RVS304-behuizing wordt het doorgevoerde water extra lang in contact gebracht met de UV-C-straling. Deze brede behuizing zorgt ook voor een uiterst minimaal drukverlies tijdens de waterdoorvoer.De behuizing is aan de binnenzijde gepolijst, zodat er zich nauwelijks vuil aan de wanden kan hechten. Dit geheel zorgt ervoor dat de effectiviteit van de UV-C-straling met nog eens 35% wordt vergroot.VOORDELEN FILTREAU UV-C- Doodt schimmel, bacteri\u00ebn en algen.- Reduceert chloor en overige chemicali\u00ebn tot wel 80%!- Energiezuinig en milieuvriendelijk.- Extra grote reactor voor langere contacttijd.- 35% meer UV-C opbrengst door reflectie.- UV-C lamp levensduur; 8.000 uur.- Zeer eenvoudige installatie.- 2 jaar garantie op fabricagefouten.","lange-beschrijving":"Voordelen van de Filtreau UV-C<br> - Doodt schimmel, bacteri\u00ebn en algen.<br> - Reduceert chloor en overige chemicali\u00ebn tot wel 80%!<br> - Energiezuinig en milieuvriendelijk.<br> - Extra grote reactor voor langere contacttijd.<br> - 35% meer UV-C opbrengst door reflectie.<br> - UV-C lamp levensduur; 8.000 uur.<br> - Zeer eenvoudige installatie.<br> - 2 jaar garantie op fabricagefouten.<br>","beschrijving_2":"","watt":"16W","rc_stroom_voor_30_mjcm2":"12 m3\/h","max_druk":"3.0 bar","diameter":"88.9 mm","diameter_in_outlet":"63\/50\/40\/32\/25 mm","behuizing":"SS 304","elektronische_belasting":"230V AC 50\/60 Hz","maximale_stroom":"0,425 A","vermogen_lamp":"16W","levensduur_lamp":"9.000 h","hoeveelheid_volle_pallet":"40","geschikt_voor_vijver":"Ja","geschikt_voor_zwembad":"Nee","lengte_uv":"540 mm","lengte_kabel":""},"yoast_head":"<!-- This site is optimized with the Yoast SEO plugin v26.6 - https:\/\/yoast.com\/wordpress\/plugins\/seo\/ -->\n<title>Filtreau UV-C Pond Basic 16W PHILIPS - Filtreau<\/title>\n<meta name=\"robots\" content=\"index, follow, max-snippet:-1, max-image-preview:large, max-video-preview:-1\" \/>\n<link rel=\"canonical\" href=\"https:\/\/filtreau.nl\/pt\/produto\/filtreau-uv-c-pond-basic-16w-philips\/\" \/>\n<meta property=\"og:locale\" content=\"pt_PT\" \/>\n<meta property=\"og:type\" content=\"article\" \/>\n<meta property=\"og:title\" content=\"Filtreau UV-C Pond Basic 16W PHILIPS - Filtreau\" \/>\n<meta property=\"og:description\" content=\"De Filtreau UV-C Pond Basic zorgt voor kristalhelder water. Het uitgekiende ontwerp en de hoogwaardige materialen resulteren in een hoge UV-C-straling met een golflengte van precies 253,7 nm. De hoge bestralingsdosis doodt vrijwel alle bacteri\u00ebn, virussen en ook schimmels en levert aldus helder en schoon water.\" \/>\n<meta property=\"og:url\" content=\"https:\/\/filtreau.nl\/pt\/produto\/filtreau-uv-c-pond-basic-16w-philips\/\" \/>\n<meta property=\"og:site_name\" content=\"Filtreau\" \/>\n<meta property=\"article:modified_time\" content=\"2026-02-27T09:06:31+00:00\" \/>\n<meta property=\"og:image\" content=\"https:\/\/filtreau.nl\/wp-content\/uploads\/2024\/01\/filtreau-uvc-pond-basic.1280x0.png\" \/>\n\t<meta property=\"og:image:width\" content=\"1000\" \/>\n\t<meta property=\"og:image:height\" content=\"1000\" \/>\n\t<meta property=\"og:image:type\" content=\"image\/png\" \/>\n<meta name=\"twitter:card\" content=\"summary_large_image\" \/>\n<meta name=\"twitter:label1\" content=\"Tempo estimado de leitura\" \/>\n\t<meta name=\"twitter:data1\" content=\"1 minuto\" \/>\n<script type=\"application\/ld+json\" class=\"yoast-schema-graph\">{\"@context\":\"https:\/\/schema.org\",\"@graph\":[{\"@type\":\"WebPage\",\"@id\":\"https:\/\/filtreau.nl\/product\/filtreau-uv-c-pond-basic-16w-philips\/\",\"url\":\"https:\/\/filtreau.nl\/product\/filtreau-uv-c-pond-basic-16w-philips\/\",\"name\":\"Filtreau UV-C Pond Basic 16W PHILIPS - Filtreau\",\"isPartOf\":{\"@id\":\"https:\/\/filtreau.nl\/en\/#website\"},\"primaryImageOfPage\":{\"@id\":\"https:\/\/filtreau.nl\/product\/filtreau-uv-c-pond-basic-16w-philips\/#primaryimage\"},\"image\":{\"@id\":\"https:\/\/filtreau.nl\/product\/filtreau-uv-c-pond-basic-16w-philips\/#primaryimage\"},\"thumbnailUrl\":\"https:\/\/filtreau.nl\/wp-content\/uploads\/2024\/01\/filtreau-uvc-pond-basic.1280x0.png\",\"datePublished\":\"2025-06-12T14:26:54+00:00\",\"dateModified\":\"2026-02-27T09:06:31+00:00\",\"breadcrumb\":{\"@id\":\"https:\/\/filtreau.nl\/product\/filtreau-uv-c-pond-basic-16w-philips\/#breadcrumb\"},\"inLanguage\":\"pt-PT\",\"potentialAction\":[{\"@type\":\"ReadAction\",\"target\":[\"https:\/\/filtreau.nl\/product\/filtreau-uv-c-pond-basic-16w-philips\/\"]}]},{\"@type\":\"ImageObject\",\"inLanguage\":\"pt-PT\",\"@id\":\"https:\/\/filtreau.nl\/product\/filtreau-uv-c-pond-basic-16w-philips\/#primaryimage\",\"url\":\"https:\/\/filtreau.nl\/wp-content\/uploads\/2024\/01\/filtreau-uvc-pond-basic.1280x0.png\",\"contentUrl\":\"https:\/\/filtreau.nl\/wp-content\/uploads\/2024\/01\/filtreau-uvc-pond-basic.1280x0.png\",\"width\":1000,\"height\":1000},{\"@type\":\"BreadcrumbList\",\"@id\":\"https:\/\/filtreau.nl\/product\/filtreau-uv-c-pond-basic-16w-philips\/#breadcrumb\",\"itemListElement\":[{\"@type\":\"ListItem\",\"position\":1,\"name\":\"Home\",\"item\":\"https:\/\/filtreau.nl\/\"},{\"@type\":\"ListItem\",\"position\":2,\"name\":\"Producten\",\"item\":\"https:\/\/filtreau.nl\/shop\/\"},{\"@type\":\"ListItem\",\"position\":3,\"name\":\"Filtreau UV-C Pond Basic 16W PHILIPS\"}]},{\"@type\":\"WebSite\",\"@id\":\"https:\/\/filtreau.nl\/en\/#website\",\"url\":\"https:\/\/filtreau.nl\/en\/\",\"name\":\"Filtreau\",\"description\":\"Schoon en helder water voor vijvers en zwembaden\",\"potentialAction\":[{\"@type\":\"SearchAction\",\"target\":{\"@type\":\"EntryPoint\",\"urlTemplate\":\"https:\/\/filtreau.nl\/en\/?s={search_term_string}\"},\"query-input\":{\"@type\":\"PropertyValueSpecification\",\"valueRequired\":true,\"valueName\":\"search_term_string\"}}],\"inLanguage\":\"pt-PT\"}]}<\/script>\n<!-- \/ Yoast SEO plugin. -->","yoast_head_json":{"title":"Filtreau UV-C Pond Basic 16W PHILIPS - Filtreau","robots":{"index":"index","follow":"follow","max-snippet":"max-snippet:-1","max-image-preview":"max-image-preview:large","max-video-preview":"max-video-preview:-1"},"canonical":"https:\/\/filtreau.nl\/pt\/produto\/filtreau-uv-c-pond-basic-16w-philips\/","og_locale":"pt_PT","og_type":"article","og_title":"Filtreau UV-C Pond Basic 16W PHILIPS - Filtreau","og_description":"De Filtreau UV-C Pond Basic zorgt voor kristalhelder water. Het uitgekiende ontwerp en de hoogwaardige materialen resulteren in een hoge UV-C-straling met een golflengte van precies 253,7 nm. De hoge bestralingsdosis doodt vrijwel alle bacteri\u00ebn, virussen en ook schimmels en levert aldus helder en schoon water.","og_url":"https:\/\/filtreau.nl\/pt\/produto\/filtreau-uv-c-pond-basic-16w-philips\/","og_site_name":"Filtreau","article_modified_time":"2026-02-27T09:06:31+00:00","og_image":[{"width":1000,"height":1000,"url":"https:\/\/filtreau.nl\/wp-content\/uploads\/2024\/01\/filtreau-uvc-pond-basic.1280x0.png","type":"image\/png"}],"twitter_card":"summary_large_image","twitter_misc":{"Tempo estimado de leitura":"1 minuto"},"schema":{"@context":"https:\/\/schema.org","@graph":[{"@type":"WebPage","@id":"https:\/\/filtreau.nl\/product\/filtreau-uv-c-pond-basic-16w-philips\/","url":"https:\/\/filtreau.nl\/product\/filtreau-uv-c-pond-basic-16w-philips\/","name":"Filtreau UV-C Pond Basic 16W PHILIPS - Filtreau","isPartOf":{"@id":"https:\/\/filtreau.nl\/en\/#website"},"primaryImageOfPage":{"@id":"https:\/\/filtreau.nl\/product\/filtreau-uv-c-pond-basic-16w-philips\/#primaryimage"},"image":{"@id":"https:\/\/filtreau.nl\/product\/filtreau-uv-c-pond-basic-16w-philips\/#primaryimage"},"thumbnailUrl":"https:\/\/filtreau.nl\/wp-content\/uploads\/2024\/01\/filtreau-uvc-pond-basic.1280x0.png","datePublished":"2025-06-12T14:26:54+00:00","dateModified":"2026-02-27T09:06:31+00:00","breadcrumb":{"@id":"https:\/\/filtreau.nl\/product\/filtreau-uv-c-pond-basic-16w-philips\/#breadcrumb"},"inLanguage":"pt-PT","potentialAction":[{"@type":"ReadAction","target":["https:\/\/filtreau.nl\/product\/filtreau-uv-c-pond-basic-16w-philips\/"]}]},{"@type":"ImageObject","inLanguage":"pt-PT","@id":"https:\/\/filtreau.nl\/product\/filtreau-uv-c-pond-basic-16w-philips\/#primaryimage","url":"https:\/\/filtreau.nl\/wp-content\/uploads\/2024\/01\/filtreau-uvc-pond-basic.1280x0.png","contentUrl":"https:\/\/filtreau.nl\/wp-content\/uploads\/2024\/01\/filtreau-uvc-pond-basic.1280x0.png","width":1000,"height":1000},{"@type":"BreadcrumbList","@id":"https:\/\/filtreau.nl\/product\/filtreau-uv-c-pond-basic-16w-philips\/#breadcrumb","itemListElement":[{"@type":"ListItem","position":1,"name":"Home","item":"https:\/\/filtreau.nl\/"},{"@type":"ListItem","position":2,"name":"Producten","item":"https:\/\/filtreau.nl\/shop\/"},{"@type":"ListItem","position":3,"name":"Filtreau UV-C Pond Basic 16W PHILIPS"}]},{"@type":"WebSite","@id":"https:\/\/filtreau.nl\/en\/#website","url":"https:\/\/filtreau.nl\/en\/","name":"Filtreau","description":"Schoon en helder water voor vijvers en zwembaden","potentialAction":[{"@type":"SearchAction","target":{"@type":"EntryPoint","urlTemplate":"https:\/\/filtreau.nl\/en\/?s={search_term_string}"},"query-input":{"@type":"PropertyValueSpecification","valueRequired":true,"valueName":"search_term_string"}}],"inLanguage":"pt-PT"}]}},"jetpack_sharing_enabled":true,"_links":{"self":[{"href":"https:\/\/filtreau.nl\/pt\/wp-json\/wp\/v2\/product\/4010","targetHints":{"allow":["GET"]}}],"collection":[{"href":"https:\/\/filtreau.nl\/pt\/wp-json\/wp\/v2\/product"}],"about":[{"href":"https:\/\/filtreau.nl\/pt\/wp-json\/wp\/v2\/types\/product"}],"version-history":[{"count":6,"href":"https:\/\/filtreau.nl\/pt\/wp-json\/wp\/v2\/product\/4010\/revisions"}],"predecessor-version":[{"id":15580,"href":"https:\/\/filtreau.nl\/pt\/wp-json\/wp\/v2\/product\/4010\/revisions\/15580"}],"wp:featuredmedia":[{"embeddable":true,"href":"https:\/\/filtreau.nl\/pt\/wp-json\/wp\/v2\/media\/5454"}],"wp:attachment":[{"href":"https:\/\/filtreau.nl\/pt\/wp-json\/wp\/v2\/media?parent=4010"}],"wp:term":[{"taxonomy":"product_brand","embeddable":true,"href":"https:\/\/filtreau.nl\/pt\/wp-json\/wp\/v2\/product_brand?post=4010"},{"taxonomy":"product_cat","embeddable":true,"href":"https:\/\/filtreau.nl\/pt\/wp-json\/wp\/v2\/product_cat?post=4010"},{"taxonomy":"product_tag","embeddable":true,"href":"https:\/\/filtreau.nl\/pt\/wp-json\/wp\/v2\/product_tag?post=4010"}],"curies":[{"name":"wp","href":"https:\/\/api.w.org\/{rel}","templated":true}]}}