{"id":4614,"date":"2025-06-12T14:26:46","date_gmt":"2025-06-12T14:26:46","guid":{"rendered":"https:\/\/filtreau.nl\/product\/filtreau-pf20-combi-filter-pump-fed-pp\/"},"modified":"2026-02-27T09:29:23","modified_gmt":"2026-02-27T09:29:23","slug":"filtreau-pf20-combi-filter-pump-fed-pp","status":"publish","type":"product","link":"https:\/\/filtreau.nl\/pt\/produto\/filtreau-pf20-combi-filter-pump-fed-pp\/","title":{"rendered":"Filtreau PF20 combi-filter (Pump-fed) PP"},"content":{"rendered":"<p>Promova a clareza e a qualidade da \u00e1gua do seu lago com o econ\u00f3mico COMBIFILTER PF20 da Filtreau. Ideal para a filtragem mec\u00e2nica e biol\u00f3gica, este sistema de filtragem contribui garantidamente para um habitat \u00f3timo para toda a flora e fauna do seu lago.<\/p>","protected":false},"excerpt":{"rendered":"<p>COM0001<\/p>","protected":false},"featured_media":4325,"template":"","meta":{"_acf_changed":false,"wds_primary_product_brand":0,"wds_primary_product_cat":0},"product_brand":[],"product_cat":[490,454,147],"product_tag":[470],"class_list":{"0":"post-4614","1":"product","2":"type-product","3":"status-publish","4":"has-post-thumbnail","6":"product_cat-basic-lijn","7":"product_cat-pomp","8":"product_cat-filters","9":"product_tag-combi-drum","11":"first","12":"instock","13":"product-type-simple"},"acf":{"Maatvoering":13296,"handleiding":"","test_veld":"","type":"Pomp","lengte":"890mm","breedte":"460mm","hoogte":"515mm","trommel":"\u00d8 400 x 430mm","max_flow":"20 m3","max_vijverinhoud":"40 m3","inlaat_in_mm":"1 x 110mm","uitlaat_in_mm":"2 x 110mm","spoel_pomp_intern":"","motor":"33Nm \/40 watt 220volt","uv-c_inbouwunit":"","luchtvoorziening":"1 x Luchtsteen 35cm","controlebox":"inclusief","beschrijving":"Bevorder de helderheid en kwaliteit van uw vijverwater met de betaalbare COMBIFILTER PF20 van Filtreau. Dit filtersysteem is ideaal voor zowel mechanische als biologische filtratie en draagt gegarandeerd bij aan een optimale leefomgeving voor al uw flora en fauna in uw vijver.","lange-beschrijving":"","beschrijving_2":"","watt":"","rc_stroom_voor_30_mjcm2":"","max_druk":"","diameter":"","diameter_in_outlet":"","behuizing":"","elektronische_belasting":"","maximale_stroom":"","vermogen_lamp":"","levensduur_lamp":"","hoeveelheid_volle_pallet":"","geschikt_voor_vijver":"","geschikt_voor_zwembad":"","lengte_uv":"","lengte_kabel":""},"yoast_head":"<!-- This site is optimized with the Yoast SEO plugin v26.6 - https:\/\/yoast.com\/wordpress\/plugins\/seo\/ -->\n<title>Filtreau PF20 combi-filter (Pump-fed) PP - Filtreau<\/title>\n<meta name=\"robots\" content=\"index, follow, max-snippet:-1, max-image-preview:large, max-video-preview:-1\" \/>\n<link rel=\"canonical\" href=\"https:\/\/filtreau.nl\/pt\/produto\/filtreau-pf20-combi-filter-pump-fed-pp\/\" \/>\n<meta property=\"og:locale\" content=\"pt_PT\" \/>\n<meta property=\"og:type\" content=\"article\" \/>\n<meta property=\"og:title\" content=\"Filtreau PF20 combi-filter (Pump-fed) PP - Filtreau\" \/>\n<meta property=\"og:description\" content=\"COM0001\" \/>\n<meta property=\"og:url\" content=\"https:\/\/filtreau.nl\/pt\/produto\/filtreau-pf20-combi-filter-pump-fed-pp\/\" \/>\n<meta property=\"og:site_name\" content=\"Filtreau\" \/>\n<meta property=\"article:modified_time\" content=\"2026-02-27T09:29:23+00:00\" \/>\n<meta property=\"og:image\" content=\"https:\/\/filtreau.nl\/wp-content\/uploads\/2024\/01\/Combi-PF-20-verkleind-1.png\" \/>\n\t<meta property=\"og:image:width\" content=\"1000\" \/>\n\t<meta property=\"og:image:height\" content=\"1000\" \/>\n\t<meta property=\"og:image:type\" content=\"image\/png\" \/>\n<meta name=\"twitter:card\" content=\"summary_large_image\" \/>\n<meta name=\"twitter:label1\" content=\"Tempo estimado de leitura\" \/>\n\t<meta name=\"twitter:data1\" content=\"1 minuto\" \/>\n<script type=\"application\/ld+json\" class=\"yoast-schema-graph\">{\"@context\":\"https:\/\/schema.org\",\"@graph\":[{\"@type\":\"WebPage\",\"@id\":\"https:\/\/filtreau.nl\/product\/filtreau-pf20-combi-filter-pump-fed-pp\/\",\"url\":\"https:\/\/filtreau.nl\/product\/filtreau-pf20-combi-filter-pump-fed-pp\/\",\"name\":\"Filtreau PF20 combi-filter (Pump-fed) PP - Filtreau\",\"isPartOf\":{\"@id\":\"https:\/\/filtreau.nl\/en\/#website\"},\"primaryImageOfPage\":{\"@id\":\"https:\/\/filtreau.nl\/product\/filtreau-pf20-combi-filter-pump-fed-pp\/#primaryimage\"},\"image\":{\"@id\":\"https:\/\/filtreau.nl\/product\/filtreau-pf20-combi-filter-pump-fed-pp\/#primaryimage\"},\"thumbnailUrl\":\"https:\/\/filtreau.nl\/wp-content\/uploads\/2024\/01\/Combi-PF-20-verkleind-1.png\",\"datePublished\":\"2025-06-12T14:26:46+00:00\",\"dateModified\":\"2026-02-27T09:29:23+00:00\",\"breadcrumb\":{\"@id\":\"https:\/\/filtreau.nl\/product\/filtreau-pf20-combi-filter-pump-fed-pp\/#breadcrumb\"},\"inLanguage\":\"pt-PT\",\"potentialAction\":[{\"@type\":\"ReadAction\",\"target\":[\"https:\/\/filtreau.nl\/product\/filtreau-pf20-combi-filter-pump-fed-pp\/\"]}]},{\"@type\":\"ImageObject\",\"inLanguage\":\"pt-PT\",\"@id\":\"https:\/\/filtreau.nl\/product\/filtreau-pf20-combi-filter-pump-fed-pp\/#primaryimage\",\"url\":\"https:\/\/filtreau.nl\/wp-content\/uploads\/2024\/01\/Combi-PF-20-verkleind-1.png\",\"contentUrl\":\"https:\/\/filtreau.nl\/wp-content\/uploads\/2024\/01\/Combi-PF-20-verkleind-1.png\",\"width\":1000,\"height\":1000},{\"@type\":\"BreadcrumbList\",\"@id\":\"https:\/\/filtreau.nl\/product\/filtreau-pf20-combi-filter-pump-fed-pp\/#breadcrumb\",\"itemListElement\":[{\"@type\":\"ListItem\",\"position\":1,\"name\":\"Home\",\"item\":\"https:\/\/filtreau.nl\/\"},{\"@type\":\"ListItem\",\"position\":2,\"name\":\"Producten\",\"item\":\"https:\/\/filtreau.nl\/shop\/\"},{\"@type\":\"ListItem\",\"position\":3,\"name\":\"Filtreau PF20 combi-filter (Pump-fed) PP\"}]},{\"@type\":\"WebSite\",\"@id\":\"https:\/\/filtreau.nl\/en\/#website\",\"url\":\"https:\/\/filtreau.nl\/en\/\",\"name\":\"Filtreau\",\"description\":\"Schoon en helder water voor vijvers en zwembaden\",\"potentialAction\":[{\"@type\":\"SearchAction\",\"target\":{\"@type\":\"EntryPoint\",\"urlTemplate\":\"https:\/\/filtreau.nl\/en\/?s={search_term_string}\"},\"query-input\":{\"@type\":\"PropertyValueSpecification\",\"valueRequired\":true,\"valueName\":\"search_term_string\"}}],\"inLanguage\":\"pt-PT\"}]}<\/script>\n<!-- \/ Yoast SEO plugin. -->","yoast_head_json":{"title":"Filtreau PF20 combi-filter (Pump-fed) PP - Filtreau","robots":{"index":"index","follow":"follow","max-snippet":"max-snippet:-1","max-image-preview":"max-image-preview:large","max-video-preview":"max-video-preview:-1"},"canonical":"https:\/\/filtreau.nl\/pt\/produto\/filtreau-pf20-combi-filter-pump-fed-pp\/","og_locale":"pt_PT","og_type":"article","og_title":"Filtreau PF20 combi-filter (Pump-fed) PP - Filtreau","og_description":"COM0001","og_url":"https:\/\/filtreau.nl\/pt\/produto\/filtreau-pf20-combi-filter-pump-fed-pp\/","og_site_name":"Filtreau","article_modified_time":"2026-02-27T09:29:23+00:00","og_image":[{"width":1000,"height":1000,"url":"https:\/\/filtreau.nl\/wp-content\/uploads\/2024\/01\/Combi-PF-20-verkleind-1.png","type":"image\/png"}],"twitter_card":"summary_large_image","twitter_misc":{"Tempo estimado de leitura":"1 minuto"},"schema":{"@context":"https:\/\/schema.org","@graph":[{"@type":"WebPage","@id":"https:\/\/filtreau.nl\/product\/filtreau-pf20-combi-filter-pump-fed-pp\/","url":"https:\/\/filtreau.nl\/product\/filtreau-pf20-combi-filter-pump-fed-pp\/","name":"Filtreau PF20 combi-filter (Pump-fed) PP - Filtreau","isPartOf":{"@id":"https:\/\/filtreau.nl\/en\/#website"},"primaryImageOfPage":{"@id":"https:\/\/filtreau.nl\/product\/filtreau-pf20-combi-filter-pump-fed-pp\/#primaryimage"},"image":{"@id":"https:\/\/filtreau.nl\/product\/filtreau-pf20-combi-filter-pump-fed-pp\/#primaryimage"},"thumbnailUrl":"https:\/\/filtreau.nl\/wp-content\/uploads\/2024\/01\/Combi-PF-20-verkleind-1.png","datePublished":"2025-06-12T14:26:46+00:00","dateModified":"2026-02-27T09:29:23+00:00","breadcrumb":{"@id":"https:\/\/filtreau.nl\/product\/filtreau-pf20-combi-filter-pump-fed-pp\/#breadcrumb"},"inLanguage":"pt-PT","potentialAction":[{"@type":"ReadAction","target":["https:\/\/filtreau.nl\/product\/filtreau-pf20-combi-filter-pump-fed-pp\/"]}]},{"@type":"ImageObject","inLanguage":"pt-PT","@id":"https:\/\/filtreau.nl\/product\/filtreau-pf20-combi-filter-pump-fed-pp\/#primaryimage","url":"https:\/\/filtreau.nl\/wp-content\/uploads\/2024\/01\/Combi-PF-20-verkleind-1.png","contentUrl":"https:\/\/filtreau.nl\/wp-content\/uploads\/2024\/01\/Combi-PF-20-verkleind-1.png","width":1000,"height":1000},{"@type":"BreadcrumbList","@id":"https:\/\/filtreau.nl\/product\/filtreau-pf20-combi-filter-pump-fed-pp\/#breadcrumb","itemListElement":[{"@type":"ListItem","position":1,"name":"Home","item":"https:\/\/filtreau.nl\/"},{"@type":"ListItem","position":2,"name":"Producten","item":"https:\/\/filtreau.nl\/shop\/"},{"@type":"ListItem","position":3,"name":"Filtreau PF20 combi-filter (Pump-fed) PP"}]},{"@type":"WebSite","@id":"https:\/\/filtreau.nl\/en\/#website","url":"https:\/\/filtreau.nl\/en\/","name":"Filtreau","description":"Schoon en helder water voor vijvers en zwembaden","potentialAction":[{"@type":"SearchAction","target":{"@type":"EntryPoint","urlTemplate":"https:\/\/filtreau.nl\/en\/?s={search_term_string}"},"query-input":{"@type":"PropertyValueSpecification","valueRequired":true,"valueName":"search_term_string"}}],"inLanguage":"pt-PT"}]}},"jetpack_sharing_enabled":true,"_links":{"self":[{"href":"https:\/\/filtreau.nl\/pt\/wp-json\/wp\/v2\/product\/4614","targetHints":{"allow":["GET"]}}],"collection":[{"href":"https:\/\/filtreau.nl\/pt\/wp-json\/wp\/v2\/product"}],"about":[{"href":"https:\/\/filtreau.nl\/pt\/wp-json\/wp\/v2\/types\/product"}],"version-history":[{"count":7,"href":"https:\/\/filtreau.nl\/pt\/wp-json\/wp\/v2\/product\/4614\/revisions"}],"predecessor-version":[{"id":15598,"href":"https:\/\/filtreau.nl\/pt\/wp-json\/wp\/v2\/product\/4614\/revisions\/15598"}],"wp:featuredmedia":[{"embeddable":true,"href":"https:\/\/filtreau.nl\/pt\/wp-json\/wp\/v2\/media\/4325"}],"wp:attachment":[{"href":"https:\/\/filtreau.nl\/pt\/wp-json\/wp\/v2\/media?parent=4614"}],"wp:term":[{"taxonomy":"product_brand","embeddable":true,"href":"https:\/\/filtreau.nl\/pt\/wp-json\/wp\/v2\/product_brand?post=4614"},{"taxonomy":"product_cat","embeddable":true,"href":"https:\/\/filtreau.nl\/pt\/wp-json\/wp\/v2\/product_cat?post=4614"},{"taxonomy":"product_tag","embeddable":true,"href":"https:\/\/filtreau.nl\/pt\/wp-json\/wp\/v2\/product_tag?post=4614"}],"curies":[{"name":"wp","href":"https:\/\/api.w.org\/{rel}","templated":true}]}}