{"id":4642,"date":"2025-06-12T14:26:46","date_gmt":"2025-06-12T14:26:46","guid":{"rendered":"https:\/\/filtreau.nl\/product\/filtreau-combi-2-gravity-moving-bed-incl-uvc-pumpfed\/"},"modified":"2026-02-27T09:38:15","modified_gmt":"2026-02-27T09:38:15","slug":"filtreau-combi-2-gravity-moving-bed-incl-uvc-pumpfed","status":"publish","type":"product","link":"https:\/\/filtreau.nl\/pt\/produto\/filtreau-combi-2-gravity-moving-bed-incl-uvc-pumpfed\/","title":{"rendered":"Filtreau combi-2 gravity (moving-bed) incl. UVC (pumpfed)"},"content":{"rendered":"<p>Promova a clareza e a qualidade da \u00e1gua do seu lago com o econ\u00f3mico COMBIAFTER da Filtreau. Ideal para a filtragem mec\u00e2nica e biol\u00f3gica, este sistema de filtragem contribui garantidamente para um habitat \u00f3timo para toda a flora e fauna do seu lago.<\/p>","protected":false},"excerpt":{"rendered":"<p>Bevorder de helderheid en kwaliteit van uw vijverwater met de betaalbare COMBI-2 van Filtreau.<\/p>","protected":false},"featured_media":4355,"template":"","meta":{"_acf_changed":false,"wds_primary_product_brand":0,"wds_primary_product_cat":0},"product_brand":[],"product_cat":[490,454,147],"product_tag":[470],"class_list":{"0":"post-4642","1":"product","2":"type-product","3":"status-publish","4":"has-post-thumbnail","6":"product_cat-basic-lijn","7":"product_cat-pomp","8":"product_cat-filters","9":"product_tag-combi-drum","11":"first","12":"instock","13":"product-type-simple"},"acf":{"Maatvoering":13299,"handleiding":"","test_veld":"","type":"Pomp\/Bewegend bed","lengte":"1005mm","breedte":"920mm","hoogte":"555mm","trommel":"\u00d8 400 x 430mm","max_flow":"10 m3","max_vijverinhoud":"20 m3","inlaat_in_mm":"2 x 110mm","uitlaat_in_mm":"1 x 110mm","spoel_pomp_intern":"","motor":"33Nm \/40 watt 220volt","uv-c_inbouwunit":"1 X 40 watt High-Output","luchtvoorziening":"1 x Luchtschotel diffuser 9\"","controlebox":"inclusief","beschrijving":"Bevorder de helderheid en kwaliteit van uw vijverwater met de betaalbare COMBIAFTER van Filtreau. Dit filtersysteem is ideaal voor zowel mechanische als biologische filtratie en draagt gegarandeerd bij aan een optimale leefomgeving voor al uw flora en fauna in uw vijver.","lange-beschrijving":"","beschrijving_2":"","watt":"","rc_stroom_voor_30_mjcm2":"","max_druk":"","diameter":"","diameter_in_outlet":"","behuizing":"","elektronische_belasting":"","maximale_stroom":"","vermogen_lamp":"","levensduur_lamp":"","hoeveelheid_volle_pallet":"","geschikt_voor_vijver":"","geschikt_voor_zwembad":"","lengte_uv":"","lengte_kabel":""},"yoast_head":"<!-- This site is optimized with the Yoast SEO plugin v26.6 - https:\/\/yoast.com\/wordpress\/plugins\/seo\/ -->\n<title>Filtreau combi-2 gravity (moving-bed) incl. UVC (pumpfed) - Filtreau<\/title>\n<meta name=\"robots\" content=\"index, follow, max-snippet:-1, max-image-preview:large, max-video-preview:-1\" \/>\n<link rel=\"canonical\" href=\"https:\/\/filtreau.nl\/pt\/produto\/filtreau-combi-2-gravity-moving-bed-incl-uvc-pumpfed\/\" \/>\n<meta property=\"og:locale\" content=\"pt_PT\" \/>\n<meta property=\"og:type\" content=\"article\" \/>\n<meta property=\"og:title\" content=\"Filtreau combi-2 gravity (moving-bed) incl. UVC (pumpfed) - Filtreau\" \/>\n<meta property=\"og:description\" content=\"Bevorder de helderheid en kwaliteit van uw vijverwater met de betaalbare COMBI-2 van Filtreau.\" \/>\n<meta property=\"og:url\" content=\"https:\/\/filtreau.nl\/pt\/produto\/filtreau-combi-2-gravity-moving-bed-incl-uvc-pumpfed\/\" \/>\n<meta property=\"og:site_name\" content=\"Filtreau\" \/>\n<meta property=\"article:modified_time\" content=\"2026-02-27T09:38:15+00:00\" \/>\n<meta property=\"og:image\" content=\"https:\/\/filtreau.nl\/wp-content\/uploads\/2024\/01\/Combi-2-main-assembly-verkleind-1.png\" \/>\n\t<meta property=\"og:image:width\" content=\"1000\" \/>\n\t<meta property=\"og:image:height\" content=\"1000\" \/>\n\t<meta property=\"og:image:type\" content=\"image\/png\" \/>\n<meta name=\"twitter:card\" content=\"summary_large_image\" \/>\n<meta name=\"twitter:label1\" content=\"Tempo estimado de leitura\" \/>\n\t<meta name=\"twitter:data1\" content=\"1 minuto\" \/>\n<script type=\"application\/ld+json\" class=\"yoast-schema-graph\">{\"@context\":\"https:\/\/schema.org\",\"@graph\":[{\"@type\":\"WebPage\",\"@id\":\"https:\/\/filtreau.nl\/product\/filtreau-combi-2-gravity-moving-bed-incl-uvc-pumpfed\/\",\"url\":\"https:\/\/filtreau.nl\/product\/filtreau-combi-2-gravity-moving-bed-incl-uvc-pumpfed\/\",\"name\":\"Filtreau combi-2 gravity (moving-bed) incl. UVC (pumpfed) - Filtreau\",\"isPartOf\":{\"@id\":\"https:\/\/filtreau.nl\/en\/#website\"},\"primaryImageOfPage\":{\"@id\":\"https:\/\/filtreau.nl\/product\/filtreau-combi-2-gravity-moving-bed-incl-uvc-pumpfed\/#primaryimage\"},\"image\":{\"@id\":\"https:\/\/filtreau.nl\/product\/filtreau-combi-2-gravity-moving-bed-incl-uvc-pumpfed\/#primaryimage\"},\"thumbnailUrl\":\"https:\/\/filtreau.nl\/wp-content\/uploads\/2024\/01\/Combi-2-main-assembly-verkleind-1.png\",\"datePublished\":\"2025-06-12T14:26:46+00:00\",\"dateModified\":\"2026-02-27T09:38:15+00:00\",\"breadcrumb\":{\"@id\":\"https:\/\/filtreau.nl\/product\/filtreau-combi-2-gravity-moving-bed-incl-uvc-pumpfed\/#breadcrumb\"},\"inLanguage\":\"pt-PT\",\"potentialAction\":[{\"@type\":\"ReadAction\",\"target\":[\"https:\/\/filtreau.nl\/product\/filtreau-combi-2-gravity-moving-bed-incl-uvc-pumpfed\/\"]}]},{\"@type\":\"ImageObject\",\"inLanguage\":\"pt-PT\",\"@id\":\"https:\/\/filtreau.nl\/product\/filtreau-combi-2-gravity-moving-bed-incl-uvc-pumpfed\/#primaryimage\",\"url\":\"https:\/\/filtreau.nl\/wp-content\/uploads\/2024\/01\/Combi-2-main-assembly-verkleind-1.png\",\"contentUrl\":\"https:\/\/filtreau.nl\/wp-content\/uploads\/2024\/01\/Combi-2-main-assembly-verkleind-1.png\",\"width\":1000,\"height\":1000},{\"@type\":\"BreadcrumbList\",\"@id\":\"https:\/\/filtreau.nl\/product\/filtreau-combi-2-gravity-moving-bed-incl-uvc-pumpfed\/#breadcrumb\",\"itemListElement\":[{\"@type\":\"ListItem\",\"position\":1,\"name\":\"Home\",\"item\":\"https:\/\/filtreau.nl\/\"},{\"@type\":\"ListItem\",\"position\":2,\"name\":\"Producten\",\"item\":\"https:\/\/filtreau.nl\/shop\/\"},{\"@type\":\"ListItem\",\"position\":3,\"name\":\"Filtreau combi-2 gravity (moving-bed) incl. UVC (pumpfed)\"}]},{\"@type\":\"WebSite\",\"@id\":\"https:\/\/filtreau.nl\/en\/#website\",\"url\":\"https:\/\/filtreau.nl\/en\/\",\"name\":\"Filtreau\",\"description\":\"Schoon en helder water voor vijvers en zwembaden\",\"potentialAction\":[{\"@type\":\"SearchAction\",\"target\":{\"@type\":\"EntryPoint\",\"urlTemplate\":\"https:\/\/filtreau.nl\/en\/?s={search_term_string}\"},\"query-input\":{\"@type\":\"PropertyValueSpecification\",\"valueRequired\":true,\"valueName\":\"search_term_string\"}}],\"inLanguage\":\"pt-PT\"}]}<\/script>\n<!-- \/ Yoast SEO plugin. -->","yoast_head_json":{"title":"Filtreau combi-2 gravity (moving-bed) incl. UVC (pumpfed) - Filtreau","robots":{"index":"index","follow":"follow","max-snippet":"max-snippet:-1","max-image-preview":"max-image-preview:large","max-video-preview":"max-video-preview:-1"},"canonical":"https:\/\/filtreau.nl\/pt\/produto\/filtreau-combi-2-gravity-moving-bed-incl-uvc-pumpfed\/","og_locale":"pt_PT","og_type":"article","og_title":"Filtreau combi-2 gravity (moving-bed) incl. UVC (pumpfed) - Filtreau","og_description":"Bevorder de helderheid en kwaliteit van uw vijverwater met de betaalbare COMBI-2 van Filtreau.","og_url":"https:\/\/filtreau.nl\/pt\/produto\/filtreau-combi-2-gravity-moving-bed-incl-uvc-pumpfed\/","og_site_name":"Filtreau","article_modified_time":"2026-02-27T09:38:15+00:00","og_image":[{"width":1000,"height":1000,"url":"https:\/\/filtreau.nl\/wp-content\/uploads\/2024\/01\/Combi-2-main-assembly-verkleind-1.png","type":"image\/png"}],"twitter_card":"summary_large_image","twitter_misc":{"Tempo estimado de leitura":"1 minuto"},"schema":{"@context":"https:\/\/schema.org","@graph":[{"@type":"WebPage","@id":"https:\/\/filtreau.nl\/product\/filtreau-combi-2-gravity-moving-bed-incl-uvc-pumpfed\/","url":"https:\/\/filtreau.nl\/product\/filtreau-combi-2-gravity-moving-bed-incl-uvc-pumpfed\/","name":"Filtreau combi-2 gravity (moving-bed) incl. UVC (pumpfed) - Filtreau","isPartOf":{"@id":"https:\/\/filtreau.nl\/en\/#website"},"primaryImageOfPage":{"@id":"https:\/\/filtreau.nl\/product\/filtreau-combi-2-gravity-moving-bed-incl-uvc-pumpfed\/#primaryimage"},"image":{"@id":"https:\/\/filtreau.nl\/product\/filtreau-combi-2-gravity-moving-bed-incl-uvc-pumpfed\/#primaryimage"},"thumbnailUrl":"https:\/\/filtreau.nl\/wp-content\/uploads\/2024\/01\/Combi-2-main-assembly-verkleind-1.png","datePublished":"2025-06-12T14:26:46+00:00","dateModified":"2026-02-27T09:38:15+00:00","breadcrumb":{"@id":"https:\/\/filtreau.nl\/product\/filtreau-combi-2-gravity-moving-bed-incl-uvc-pumpfed\/#breadcrumb"},"inLanguage":"pt-PT","potentialAction":[{"@type":"ReadAction","target":["https:\/\/filtreau.nl\/product\/filtreau-combi-2-gravity-moving-bed-incl-uvc-pumpfed\/"]}]},{"@type":"ImageObject","inLanguage":"pt-PT","@id":"https:\/\/filtreau.nl\/product\/filtreau-combi-2-gravity-moving-bed-incl-uvc-pumpfed\/#primaryimage","url":"https:\/\/filtreau.nl\/wp-content\/uploads\/2024\/01\/Combi-2-main-assembly-verkleind-1.png","contentUrl":"https:\/\/filtreau.nl\/wp-content\/uploads\/2024\/01\/Combi-2-main-assembly-verkleind-1.png","width":1000,"height":1000},{"@type":"BreadcrumbList","@id":"https:\/\/filtreau.nl\/product\/filtreau-combi-2-gravity-moving-bed-incl-uvc-pumpfed\/#breadcrumb","itemListElement":[{"@type":"ListItem","position":1,"name":"Home","item":"https:\/\/filtreau.nl\/"},{"@type":"ListItem","position":2,"name":"Producten","item":"https:\/\/filtreau.nl\/shop\/"},{"@type":"ListItem","position":3,"name":"Filtreau combi-2 gravity (moving-bed) incl. UVC (pumpfed)"}]},{"@type":"WebSite","@id":"https:\/\/filtreau.nl\/en\/#website","url":"https:\/\/filtreau.nl\/en\/","name":"Filtreau","description":"Schoon en helder water voor vijvers en zwembaden","potentialAction":[{"@type":"SearchAction","target":{"@type":"EntryPoint","urlTemplate":"https:\/\/filtreau.nl\/en\/?s={search_term_string}"},"query-input":{"@type":"PropertyValueSpecification","valueRequired":true,"valueName":"search_term_string"}}],"inLanguage":"pt-PT"}]}},"jetpack_sharing_enabled":true,"_links":{"self":[{"href":"https:\/\/filtreau.nl\/pt\/wp-json\/wp\/v2\/product\/4642","targetHints":{"allow":["GET"]}}],"collection":[{"href":"https:\/\/filtreau.nl\/pt\/wp-json\/wp\/v2\/product"}],"about":[{"href":"https:\/\/filtreau.nl\/pt\/wp-json\/wp\/v2\/types\/product"}],"version-history":[{"count":6,"href":"https:\/\/filtreau.nl\/pt\/wp-json\/wp\/v2\/product\/4642\/revisions"}],"predecessor-version":[{"id":15612,"href":"https:\/\/filtreau.nl\/pt\/wp-json\/wp\/v2\/product\/4642\/revisions\/15612"}],"wp:featuredmedia":[{"embeddable":true,"href":"https:\/\/filtreau.nl\/pt\/wp-json\/wp\/v2\/media\/4355"}],"wp:attachment":[{"href":"https:\/\/filtreau.nl\/pt\/wp-json\/wp\/v2\/media?parent=4642"}],"wp:term":[{"taxonomy":"product_brand","embeddable":true,"href":"https:\/\/filtreau.nl\/pt\/wp-json\/wp\/v2\/product_brand?post=4642"},{"taxonomy":"product_cat","embeddable":true,"href":"https:\/\/filtreau.nl\/pt\/wp-json\/wp\/v2\/product_cat?post=4642"},{"taxonomy":"product_tag","embeddable":true,"href":"https:\/\/filtreau.nl\/pt\/wp-json\/wp\/v2\/product_tag?post=4642"}],"curies":[{"name":"wp","href":"https:\/\/api.w.org\/{rel}","templated":true}]}}