{"id":4678,"date":"2025-06-12T14:26:54","date_gmt":"2025-06-12T14:26:54","guid":{"rendered":"https:\/\/filtreau.nl\/product\/50xl-drum-pump-fed-incl-2x-uv-c-spg-xl\/"},"modified":"2026-02-27T10:26:13","modified_gmt":"2026-02-27T10:26:13","slug":"50xl-drum-pump-fed-incl-2x-uv-c-spg-xl","status":"publish","type":"product","link":"https:\/\/filtreau.nl\/pt\/produto\/50xl-drum-pump-fed-incl-2x-uv-c-spg-xl\/","title":{"rendered":"50XL drum Pump-fed  incl. 2x UV-C SPG XL"},"content":{"rendered":"<p>Promova a clareza e a qualidade da \u00e1gua do seu lago com o econ\u00f3mico MAIN 50XL DRUM da Filtreau. Ideal para a filtragem mec\u00e2nica e biol\u00f3gica, este sistema de filtragem contribui garantidamente para um habitat \u00f3timo para toda a flora e fauna do seu lago.<\/p>","protected":false},"excerpt":{"rendered":"<p>TR00014<\/p>","protected":false},"featured_media":4345,"template":"","meta":{"_acf_changed":false,"wds_primary_product_brand":0,"wds_primary_product_cat":0},"product_brand":[],"product_cat":[490,454,147],"product_tag":[],"class_list":{"0":"post-4678","1":"product","2":"type-product","3":"status-publish","4":"has-post-thumbnail","6":"product_cat-basic-lijn","7":"product_cat-pomp","8":"product_cat-filters","10":"first","11":"instock","12":"product-type-simple"},"acf":{"Maatvoering":8340,"handleiding":"","test_veld":"","type":"Pomp","lengte":"710mm","breedte":"790mm","hoogte":"790mm","trommel":"\u00d8 520 x 420mm","max_flow":"30 m3","max_vijverinhoud":"60 m3","inlaat_in_mm":"4 x 110mm","uitlaat_in_mm":"3 x 110mm","spoel_pomp_intern":"","motor":"130Nm \/60 watt 220volt","uv-c_inbouwunit":"2 x 40 watt Amalgaam","luchtvoorziening":"1 x Luchtsteen 35cm","controlebox":"inclusief","beschrijving":"Bevorder de helderheid en kwaliteit van uw vijverwater met de betaalbare MAIN 50XL DRUM van Filtreau. Dit filtersysteem is ideaal voor zowel mechanische als biologische filtratie en draagt gegarandeerd bij aan een optimale leefomgeving voor al uw flora en fauna in uw vijver.","lange-beschrijving":"","beschrijving_2":"","watt":"","rc_stroom_voor_30_mjcm2":"","max_druk":"","diameter":"","diameter_in_outlet":"","behuizing":"","elektronische_belasting":"","maximale_stroom":"","vermogen_lamp":"","levensduur_lamp":"","hoeveelheid_volle_pallet":"","geschikt_voor_vijver":"","geschikt_voor_zwembad":"","lengte_uv":"","lengte_kabel":""},"yoast_head":"<!-- This site is optimized with the Yoast SEO plugin v26.6 - https:\/\/yoast.com\/wordpress\/plugins\/seo\/ -->\n<title>50XL drum Pump-fed incl. 2x UV-C SPG XL - Filtreau<\/title>\n<meta name=\"robots\" content=\"index, follow, max-snippet:-1, max-image-preview:large, max-video-preview:-1\" \/>\n<link rel=\"canonical\" href=\"https:\/\/filtreau.nl\/pt\/produto\/50xl-drum-pump-fed-incl-2x-uv-c-spg-xl\/\" \/>\n<meta property=\"og:locale\" content=\"pt_PT\" \/>\n<meta property=\"og:type\" content=\"article\" \/>\n<meta property=\"og:title\" content=\"50XL drum Pump-fed incl. 2x UV-C SPG XL - Filtreau\" \/>\n<meta property=\"og:description\" content=\"TR00014\" \/>\n<meta property=\"og:url\" content=\"https:\/\/filtreau.nl\/pt\/produto\/50xl-drum-pump-fed-incl-2x-uv-c-spg-xl\/\" \/>\n<meta property=\"og:site_name\" content=\"Filtreau\" \/>\n<meta property=\"article:modified_time\" content=\"2026-02-27T10:26:13+00:00\" \/>\n<meta property=\"og:image\" content=\"https:\/\/filtreau.nl\/wp-content\/uploads\/2024\/01\/Drum-50-XL-verkleind-1.png\" \/>\n\t<meta property=\"og:image:width\" content=\"1000\" \/>\n\t<meta property=\"og:image:height\" content=\"1000\" \/>\n\t<meta property=\"og:image:type\" content=\"image\/png\" \/>\n<meta name=\"twitter:card\" content=\"summary_large_image\" \/>\n<meta name=\"twitter:label1\" content=\"Tempo estimado de leitura\" \/>\n\t<meta name=\"twitter:data1\" content=\"1 minuto\" \/>\n<script type=\"application\/ld+json\" class=\"yoast-schema-graph\">{\"@context\":\"https:\/\/schema.org\",\"@graph\":[{\"@type\":\"WebPage\",\"@id\":\"https:\/\/filtreau.nl\/product\/50xl-drum-pump-fed-incl-2x-uv-c-spg-xl\/\",\"url\":\"https:\/\/filtreau.nl\/product\/50xl-drum-pump-fed-incl-2x-uv-c-spg-xl\/\",\"name\":\"50XL drum Pump-fed incl. 2x UV-C SPG XL - Filtreau\",\"isPartOf\":{\"@id\":\"https:\/\/filtreau.nl\/en\/#website\"},\"primaryImageOfPage\":{\"@id\":\"https:\/\/filtreau.nl\/product\/50xl-drum-pump-fed-incl-2x-uv-c-spg-xl\/#primaryimage\"},\"image\":{\"@id\":\"https:\/\/filtreau.nl\/product\/50xl-drum-pump-fed-incl-2x-uv-c-spg-xl\/#primaryimage\"},\"thumbnailUrl\":\"https:\/\/filtreau.nl\/wp-content\/uploads\/2024\/01\/Drum-50-XL-verkleind-1.png\",\"datePublished\":\"2025-06-12T14:26:54+00:00\",\"dateModified\":\"2026-02-27T10:26:13+00:00\",\"breadcrumb\":{\"@id\":\"https:\/\/filtreau.nl\/product\/50xl-drum-pump-fed-incl-2x-uv-c-spg-xl\/#breadcrumb\"},\"inLanguage\":\"pt-PT\",\"potentialAction\":[{\"@type\":\"ReadAction\",\"target\":[\"https:\/\/filtreau.nl\/product\/50xl-drum-pump-fed-incl-2x-uv-c-spg-xl\/\"]}]},{\"@type\":\"ImageObject\",\"inLanguage\":\"pt-PT\",\"@id\":\"https:\/\/filtreau.nl\/product\/50xl-drum-pump-fed-incl-2x-uv-c-spg-xl\/#primaryimage\",\"url\":\"https:\/\/filtreau.nl\/wp-content\/uploads\/2024\/01\/Drum-50-XL-verkleind-1.png\",\"contentUrl\":\"https:\/\/filtreau.nl\/wp-content\/uploads\/2024\/01\/Drum-50-XL-verkleind-1.png\",\"width\":1000,\"height\":1000},{\"@type\":\"BreadcrumbList\",\"@id\":\"https:\/\/filtreau.nl\/product\/50xl-drum-pump-fed-incl-2x-uv-c-spg-xl\/#breadcrumb\",\"itemListElement\":[{\"@type\":\"ListItem\",\"position\":1,\"name\":\"Home\",\"item\":\"https:\/\/filtreau.nl\/\"},{\"@type\":\"ListItem\",\"position\":2,\"name\":\"Producten\",\"item\":\"https:\/\/filtreau.nl\/shop\/\"},{\"@type\":\"ListItem\",\"position\":3,\"name\":\"50XL drum Pump-fed incl. 2x UV-C SPG XL\"}]},{\"@type\":\"WebSite\",\"@id\":\"https:\/\/filtreau.nl\/en\/#website\",\"url\":\"https:\/\/filtreau.nl\/en\/\",\"name\":\"Filtreau\",\"description\":\"Schoon en helder water voor vijvers en zwembaden\",\"potentialAction\":[{\"@type\":\"SearchAction\",\"target\":{\"@type\":\"EntryPoint\",\"urlTemplate\":\"https:\/\/filtreau.nl\/en\/?s={search_term_string}\"},\"query-input\":{\"@type\":\"PropertyValueSpecification\",\"valueRequired\":true,\"valueName\":\"search_term_string\"}}],\"inLanguage\":\"pt-PT\"}]}<\/script>\n<!-- \/ Yoast SEO plugin. -->","yoast_head_json":{"title":"50XL drum Pump-fed incl. 2x UV-C SPG XL - Filtreau","robots":{"index":"index","follow":"follow","max-snippet":"max-snippet:-1","max-image-preview":"max-image-preview:large","max-video-preview":"max-video-preview:-1"},"canonical":"https:\/\/filtreau.nl\/pt\/produto\/50xl-drum-pump-fed-incl-2x-uv-c-spg-xl\/","og_locale":"pt_PT","og_type":"article","og_title":"50XL drum Pump-fed incl. 2x UV-C SPG XL - Filtreau","og_description":"TR00014","og_url":"https:\/\/filtreau.nl\/pt\/produto\/50xl-drum-pump-fed-incl-2x-uv-c-spg-xl\/","og_site_name":"Filtreau","article_modified_time":"2026-02-27T10:26:13+00:00","og_image":[{"width":1000,"height":1000,"url":"https:\/\/filtreau.nl\/wp-content\/uploads\/2024\/01\/Drum-50-XL-verkleind-1.png","type":"image\/png"}],"twitter_card":"summary_large_image","twitter_misc":{"Tempo estimado de leitura":"1 minuto"},"schema":{"@context":"https:\/\/schema.org","@graph":[{"@type":"WebPage","@id":"https:\/\/filtreau.nl\/product\/50xl-drum-pump-fed-incl-2x-uv-c-spg-xl\/","url":"https:\/\/filtreau.nl\/product\/50xl-drum-pump-fed-incl-2x-uv-c-spg-xl\/","name":"50XL drum Pump-fed incl. 2x UV-C SPG XL - Filtreau","isPartOf":{"@id":"https:\/\/filtreau.nl\/en\/#website"},"primaryImageOfPage":{"@id":"https:\/\/filtreau.nl\/product\/50xl-drum-pump-fed-incl-2x-uv-c-spg-xl\/#primaryimage"},"image":{"@id":"https:\/\/filtreau.nl\/product\/50xl-drum-pump-fed-incl-2x-uv-c-spg-xl\/#primaryimage"},"thumbnailUrl":"https:\/\/filtreau.nl\/wp-content\/uploads\/2024\/01\/Drum-50-XL-verkleind-1.png","datePublished":"2025-06-12T14:26:54+00:00","dateModified":"2026-02-27T10:26:13+00:00","breadcrumb":{"@id":"https:\/\/filtreau.nl\/product\/50xl-drum-pump-fed-incl-2x-uv-c-spg-xl\/#breadcrumb"},"inLanguage":"pt-PT","potentialAction":[{"@type":"ReadAction","target":["https:\/\/filtreau.nl\/product\/50xl-drum-pump-fed-incl-2x-uv-c-spg-xl\/"]}]},{"@type":"ImageObject","inLanguage":"pt-PT","@id":"https:\/\/filtreau.nl\/product\/50xl-drum-pump-fed-incl-2x-uv-c-spg-xl\/#primaryimage","url":"https:\/\/filtreau.nl\/wp-content\/uploads\/2024\/01\/Drum-50-XL-verkleind-1.png","contentUrl":"https:\/\/filtreau.nl\/wp-content\/uploads\/2024\/01\/Drum-50-XL-verkleind-1.png","width":1000,"height":1000},{"@type":"BreadcrumbList","@id":"https:\/\/filtreau.nl\/product\/50xl-drum-pump-fed-incl-2x-uv-c-spg-xl\/#breadcrumb","itemListElement":[{"@type":"ListItem","position":1,"name":"Home","item":"https:\/\/filtreau.nl\/"},{"@type":"ListItem","position":2,"name":"Producten","item":"https:\/\/filtreau.nl\/shop\/"},{"@type":"ListItem","position":3,"name":"50XL drum Pump-fed incl. 2x UV-C SPG XL"}]},{"@type":"WebSite","@id":"https:\/\/filtreau.nl\/en\/#website","url":"https:\/\/filtreau.nl\/en\/","name":"Filtreau","description":"Schoon en helder water voor vijvers en zwembaden","potentialAction":[{"@type":"SearchAction","target":{"@type":"EntryPoint","urlTemplate":"https:\/\/filtreau.nl\/en\/?s={search_term_string}"},"query-input":{"@type":"PropertyValueSpecification","valueRequired":true,"valueName":"search_term_string"}}],"inLanguage":"pt-PT"}]}},"_links":{"self":[{"href":"https:\/\/filtreau.nl\/pt\/wp-json\/wp\/v2\/product\/4678","targetHints":{"allow":["GET"]}}],"collection":[{"href":"https:\/\/filtreau.nl\/pt\/wp-json\/wp\/v2\/product"}],"about":[{"href":"https:\/\/filtreau.nl\/pt\/wp-json\/wp\/v2\/types\/product"}],"version-history":[{"count":6,"href":"https:\/\/filtreau.nl\/pt\/wp-json\/wp\/v2\/product\/4678\/revisions"}],"predecessor-version":[{"id":15634,"href":"https:\/\/filtreau.nl\/pt\/wp-json\/wp\/v2\/product\/4678\/revisions\/15634"}],"wp:featuredmedia":[{"embeddable":true,"href":"https:\/\/filtreau.nl\/pt\/wp-json\/wp\/v2\/media\/4345"}],"wp:attachment":[{"href":"https:\/\/filtreau.nl\/pt\/wp-json\/wp\/v2\/media?parent=4678"}],"wp:term":[{"taxonomy":"product_brand","embeddable":true,"href":"https:\/\/filtreau.nl\/pt\/wp-json\/wp\/v2\/product_brand?post=4678"},{"taxonomy":"product_cat","embeddable":true,"href":"https:\/\/filtreau.nl\/pt\/wp-json\/wp\/v2\/product_cat?post=4678"},{"taxonomy":"product_tag","embeddable":true,"href":"https:\/\/filtreau.nl\/pt\/wp-json\/wp\/v2\/product_tag?post=4678"}],"curies":[{"name":"wp","href":"https:\/\/api.w.org\/{rel}","templated":true}]}}